{"id":1513,"date":"2020-03-03T22:31:14","date_gmt":"2020-03-04T01:31:14","guid":{"rendered":"http:\/\/sites.usp.br\/leea\/?page_id=1513"},"modified":"2020-03-03T22:34:20","modified_gmt":"2020-03-04T01:34:20","slug":"eletroquimica-ambiental","status":"publish","type":"page","link":"https:\/\/sites.usp.br\/leea\/eletroquimica-ambiental\/","title":{"rendered":"Eletroqu\u00edmica Ambiental"},"content":{"rendered":"<p><div id=\"attachment_1560\" style=\"width: 510px\" class=\"wp-caption aligncenter\"><img loading=\"lazy\" decoding=\"async\" aria-describedby=\"caption-attachment-1560\" class=\"wp-image-1560 size-medium\" src=\"https:\/\/sites.usp.br\/leea\/wp-content\/uploads\/sites\/144\/2020\/03\/Esquema-Erica-500x310.png\" alt=\"\" width=\"500\" height=\"310\" data-id=\"1560\" srcset=\"https:\/\/sites.usp.br\/leea\/wp-content\/uploads\/sites\/144\/2020\/03\/Esquema-Erica-500x310.png 500w, https:\/\/sites.usp.br\/leea\/wp-content\/uploads\/sites\/144\/2020\/03\/Esquema-Erica-768x477.png 768w, https:\/\/sites.usp.br\/leea\/wp-content\/uploads\/sites\/144\/2020\/03\/Esquema-Erica-400x248.png 400w, https:\/\/sites.usp.br\/leea\/wp-content\/uploads\/sites\/144\/2020\/03\/Esquema-Erica.png 791w\" sizes=\"auto, (max-width: 500px) 100vw, 500px\" \/><p id=\"caption-attachment-1560\" class=\"wp-caption-text\">Sistema eletroqu\u00edmico. (A) c\u00e9lula filtro prensa, (B) bomba perist\u00e1ltica, (C) solu\u00e7\u00e3o a ser tratada e (D) reservat\u00f3rio composto por tubos de quartzo.<\/p><\/div><\/p>\n<p>&nbsp;<\/p>\n<p>A necessidade de adequa\u00e7\u00f5es do Brasil as legisla\u00e7\u00f5es ambientais nacionais e internacionais, para exporta\u00e7\u00e3o de seus produtos, envolve um completo controle da linha de produ\u00e7\u00e3o, incluindo o tratamento dos res\u00edduos gerados em cada processo, sendo necess\u00e1rio o monitoramento adequado desses compostos quanto \u00e0 toxicidade, mutagenicidade, biodisponibilidade e durabilidade da natureza. Diante desse cen\u00e1rio, o LEEA faz parte de uma rede de laborat\u00f3rios que s\u00e3o vinculados ao <a href=\"http:\/\/inct-datrem.iq.unesp.br\/\" target=\"_blank\" rel=\"noopener noreferrer\">INCT-DATREM<\/a>, que visa a detec\u00e7\u00e3o e estudos de poluentes emergentes que tem despertado preocupa\u00e7\u00e3o de toda comunidade cient\u00edfica.<\/p>\n<p>No \u00e2mbito da Eletroqu\u00edmica Ambiental, o LEEA investiga a degrada\u00e7\u00e3o de compostos poluentes presentes em \u00e1guas residuais industriais, como corantes, pesticidas e demais compostos org\u00e2nicos, pela utiliza\u00e7\u00e3o de processos oxidativos avan\u00e7ados associados ou n\u00e3o a outros m\u00e9todos de degrada\u00e7\u00e3o, como processos fotoqu\u00edmicos, microbiol\u00f3gicos e enzim\u00e1ticos.<\/p>","protected":false},"excerpt":{"rendered":"<p>&nbsp; A necessidade de adequa\u00e7\u00f5es do Brasil as legisla\u00e7\u00f5es ambientais nacionais e internacionais, para exporta\u00e7\u00e3o de seus produtos, envolve um completo controle da linha de produ\u00e7\u00e3o, incluindo o tratamento dos res\u00edduos gerados em cada&#46;&#46;&#46;<\/p>\n","protected":false},"author":1163,"featured_media":0,"parent":0,"menu_order":0,"comment_status":"closed","ping_status":"closed","template":"","meta":{"footnotes":"","_links_to":"","_links_to_target":""},"class_list":["post-1513","page","type-page","status-publish","hentry"],"_links":{"self":[{"href":"https:\/\/sites.usp.br\/leea\/wp-json\/wp\/v2\/pages\/1513","targetHints":{"allow":["GET"]}}],"collection":[{"href":"https:\/\/sites.usp.br\/leea\/wp-json\/wp\/v2\/pages"}],"about":[{"href":"https:\/\/sites.usp.br\/leea\/wp-json\/wp\/v2\/types\/page"}],"author":[{"embeddable":true,"href":"https:\/\/sites.usp.br\/leea\/wp-json\/wp\/v2\/users\/1163"}],"replies":[{"embeddable":true,"href":"https:\/\/sites.usp.br\/leea\/wp-json\/wp\/v2\/comments?post=1513"}],"version-history":[{"count":4,"href":"https:\/\/sites.usp.br\/leea\/wp-json\/wp\/v2\/pages\/1513\/revisions"}],"predecessor-version":[{"id":1568,"href":"https:\/\/sites.usp.br\/leea\/wp-json\/wp\/v2\/pages\/1513\/revisions\/1568"}],"wp:attachment":[{"href":"https:\/\/sites.usp.br\/leea\/wp-json\/wp\/v2\/media?parent=1513"}],"curies":[{"name":"wp","href":"https:\/\/api.w.org\/{rel}","templated":true}]}}