{"id":817,"date":"2016-07-06T20:54:29","date_gmt":"2016-07-06T23:54:29","guid":{"rendered":"http:\/\/sites.usp.br\/leea\/?page_id=817"},"modified":"2016-07-25T14:55:00","modified_gmt":"2016-07-25T17:55:00","slug":"apresentacao","status":"publish","type":"page","link":"https:\/\/sites.usp.br\/leea\/apresentacao\/","title":{"rendered":"Apresenta\u00e7\u00e3o"},"content":{"rendered":"<p><\/p>\n<p style=\"text-align: left\"><a href=\"http:\/\/sites.usp.br\/leea\/wp-content\/uploads\/sites\/144\/2016\/07\/2016-05-18-17.03.16-HDR-2.jpg\"><img loading=\"lazy\" decoding=\"async\" class=\"  wp-image-835 alignleft\" src=\"http:\/\/sites.usp.br\/leea\/wp-content\/uploads\/sites\/144\/2016\/07\/2016-05-18-17.03.16-HDR-2-150x150.jpg\" alt=\"2016-05-18 17.03.16 HDR-2\" width=\"269\" height=\"269\" srcset=\"https:\/\/sites.usp.br\/leea\/wp-content\/uploads\/sites\/144\/2016\/07\/2016-05-18-17.03.16-HDR-2-150x150.jpg 150w, https:\/\/sites.usp.br\/leea\/wp-content\/uploads\/sites\/144\/2016\/07\/2016-05-18-17.03.16-HDR-2-45x45.jpg 45w, https:\/\/sites.usp.br\/leea\/wp-content\/uploads\/sites\/144\/2016\/07\/2016-05-18-17.03.16-HDR-2-200x200.jpg 200w\" sizes=\"auto, (max-width: 269px) 100vw, 269px\" \/><\/a><\/p>\n<p style=\"text-align: justify\">O LEEA\u00a0\u00e9 um dos laborat\u00f3rios de Pesquisa do Departamento de Qu\u00edmica da Faculdade de\u00a0Filosofia, Ci\u00eancias e Letras de Ribeir\u00e3o Preto, USP. \u00a0O seu objetivo principal \u00e9 a investiga\u00e7\u00e3o de processos eletroqu\u00edmicos que ocorrem na interface eletrodo\/solu\u00e7\u00e3o e o papel dos materiais\u00a0eletr\u00f3dicos nestes processos. As linhas de pesquisa desenvolvidas no LEEA abrangem principalmente a Eletrocat\u00e1lise e a Eletroqu\u00edmica Ambiental. Na \u00e1rea de Eletrocat\u00e1lise s\u00e3o estudadas rea\u00e7\u00f5es de eletrooxida\u00e7\u00e3o de mol\u00e9culas org\u00e2nicas e a rea\u00e7\u00e3o de redu\u00e7\u00e3o de oxig\u00eanio visando o entendimento dos processos eletr\u00f3dicos e o \u00a0desenvolvimento de eletrodos eficientes para a aplica\u00e7\u00e3o em c\u00e9lulas a combust\u00edvel. Tamb\u00e9m \u00e9 objetivo do LEEA estudar e desenvolver materiais eletr\u00f3dicos para a aplica\u00e7\u00e3o na degrada\u00e7\u00e3o de compostos t\u00f3xicos presentes em diversos tipos de efluentes industriais.<\/p>\n<p><\/p>","protected":false},"excerpt":{"rendered":"<p>O LEEA\u00a0\u00e9 um dos laborat\u00f3rios de Pesquisa do Departamento de Qu\u00edmica da Faculdade de\u00a0Filosofia, Ci\u00eancias e Letras de Ribeir\u00e3o Preto, USP. \u00a0O seu objetivo principal \u00e9 a investiga\u00e7\u00e3o de processos eletroqu\u00edmicos que ocorrem na&#46;&#46;&#46;<\/p>\n","protected":false},"author":257,"featured_media":0,"parent":0,"menu_order":0,"comment_status":"closed","ping_status":"closed","template":"","meta":{"footnotes":"","_links_to":"","_links_to_target":""},"class_list":["post-817","page","type-page","status-publish","hentry"],"_links":{"self":[{"href":"https:\/\/sites.usp.br\/leea\/wp-json\/wp\/v2\/pages\/817","targetHints":{"allow":["GET"]}}],"collection":[{"href":"https:\/\/sites.usp.br\/leea\/wp-json\/wp\/v2\/pages"}],"about":[{"href":"https:\/\/sites.usp.br\/leea\/wp-json\/wp\/v2\/types\/page"}],"author":[{"embeddable":true,"href":"https:\/\/sites.usp.br\/leea\/wp-json\/wp\/v2\/users\/257"}],"replies":[{"embeddable":true,"href":"https:\/\/sites.usp.br\/leea\/wp-json\/wp\/v2\/comments?post=817"}],"version-history":[{"count":6,"href":"https:\/\/sites.usp.br\/leea\/wp-json\/wp\/v2\/pages\/817\/revisions"}],"predecessor-version":[{"id":1070,"href":"https:\/\/sites.usp.br\/leea\/wp-json\/wp\/v2\/pages\/817\/revisions\/1070"}],"wp:attachment":[{"href":"https:\/\/sites.usp.br\/leea\/wp-json\/wp\/v2\/media?parent=817"}],"curies":[{"name":"wp","href":"https:\/\/api.w.org\/{rel}","templated":true}]}}