{"id":820,"date":"2016-07-06T21:02:00","date_gmt":"2016-07-07T00:02:00","guid":{"rendered":"http:\/\/sites.usp.br\/leea\/?page_id=820"},"modified":"2024-03-18T13:31:07","modified_gmt":"2024-03-18T16:31:07","slug":"membros","status":"publish","type":"page","link":"https:\/\/sites.usp.br\/leea\/membros\/","title":{"rendered":"Membros Atuais"},"content":{"rendered":"<p>&nbsp;<\/p>\n<p>&nbsp;<\/p>\n<p>&nbsp;<\/p>\n<table style=\"width: 825px; height: 879px;\">\n<tbody>\n<tr>\n<td><b><a href=\"http:\/\/lattes.cnpq.br\/9455696839848884\" target=\"_blank\" rel=\"noopener noreferrer\">Profa. Dra. Adalgisa Rodrigues de Andrade<\/a><\/b><\/td>\n<td>Respons\u00e1vel<\/td>\n<td><a style=\"font-family: inherit; font-size: inherit;\" href=\"http:\/\/sites.usp.br\/leea\/wp-content\/uploads\/sites\/144\/2016\/07\/FotoGisa.jpg\"><img loading=\"lazy\" decoding=\"async\" class=\"alignright wp-image-1160\" src=\"http:\/\/sites.usp.br\/leea\/wp-content\/uploads\/sites\/144\/2016\/07\/FotoGisa-200x200.jpg\" alt=\"FotoGisa\" width=\"80\" height=\"85\" srcset=\"https:\/\/sites.usp.br\/leea\/wp-content\/uploads\/sites\/144\/2016\/07\/FotoGisa-470x500.jpg 470w, https:\/\/sites.usp.br\/leea\/wp-content\/uploads\/sites\/144\/2016\/07\/FotoGisa-400x426.jpg 400w, https:\/\/sites.usp.br\/leea\/wp-content\/uploads\/sites\/144\/2016\/07\/FotoGisa.jpg 937w\" sizes=\"auto, (max-width: 80px) 100vw, 80px\" \/><\/a><\/td>\n<\/tr>\n<tr>\n<td><b><a href=\"http:\/\/lattes.cnpq.br\/6651874052252669\" target=\"_blank\" rel=\"noopener noreferrer\">Prof. Dr. Paulo Olivi<\/a><\/b><\/td>\n<td>Respons\u00e1vel<\/td>\n<td><img loading=\"lazy\" decoding=\"async\" class=\"alignright wp-image-854\" src=\"http:\/\/sites.usp.br\/leea\/wp-content\/uploads\/sites\/144\/2016\/07\/po.jpg\" alt=\"po\" width=\"80\" height=\"100\" \/><\/td>\n<\/tr>\n<tr>\n<td><a href=\"https:\/\/www.ffclrp.usp.br\/funcionarios\/func.php?cusp=2545287\" target=\"_blank\" rel=\"noopener noreferrer\">Mercia Virginia Carlos<\/a><\/td>\n<td>T\u00e9cnica de laborat\u00f3rio<\/td>\n<td>\u00a0<img loading=\"lazy\" decoding=\"async\" class=\"alignright wp-image-1391\" src=\"https:\/\/sites.usp.br\/leea\/wp-content\/uploads\/sites\/144\/2019\/09\/MerciaTecLab.jpg\" alt=\"\" width=\"80\" height=\"78\" srcset=\"https:\/\/sites.usp.br\/leea\/wp-content\/uploads\/sites\/144\/2019\/09\/MerciaTecLab.jpg 172w, https:\/\/sites.usp.br\/leea\/wp-content\/uploads\/sites\/144\/2019\/09\/MerciaTecLab-45x45.jpg 45w\" sizes=\"auto, (max-width: 80px) 100vw, 80px\" \/><\/td>\n<\/tr>\n<tr>\n<td><a href=\"http:\/\/lattes.cnpq.br\/4363168270703282\" target=\"_blank\" rel=\"noopener noreferrer\">Jo\u00e3o Carlos de Souza<\/a><\/td>\n<td>P\u00f3s-doutor<\/td>\n<td>\u00a0<img loading=\"lazy\" decoding=\"async\" class=\"wp-image-1941 alignright\" src=\"https:\/\/sites.usp.br\/leea\/wp-content\/uploads\/sites\/144\/2023\/08\/1Joao.jpg\" alt=\"\" width=\"80\" height=\"107\" srcset=\"https:\/\/sites.usp.br\/leea\/wp-content\/uploads\/sites\/144\/2023\/08\/1Joao.jpg 720w, https:\/\/sites.usp.br\/leea\/wp-content\/uploads\/sites\/144\/2023\/08\/1Joao-375x500.jpg 375w, https:\/\/sites.usp.br\/leea\/wp-content\/uploads\/sites\/144\/2023\/08\/1Joao-400x533.jpg 400w\" sizes=\"auto, (max-width: 80px) 100vw, 80px\" \/><\/td>\n<\/tr>\n<tr>\n<td><a href=\"http:\/\/lattes.cnpq.br\/5715733705780662\" target=\"_blank\" rel=\"noopener noreferrer\">Fabiano dos Santos Cursi<\/a><\/td>\n<td>Doutorando<\/td>\n<td><img loading=\"lazy\" decoding=\"async\" class=\"alignright wp-image-1331\" src=\"https:\/\/sites.usp.br\/leea\/wp-content\/uploads\/sites\/144\/2019\/09\/FabianoSCursi-500x429.jpg\" alt=\"\" width=\"80\" height=\"69\" srcset=\"https:\/\/sites.usp.br\/leea\/wp-content\/uploads\/sites\/144\/2019\/09\/FabianoSCursi-500x429.jpg 500w, https:\/\/sites.usp.br\/leea\/wp-content\/uploads\/sites\/144\/2019\/09\/FabianoSCursi-768x658.jpg 768w, https:\/\/sites.usp.br\/leea\/wp-content\/uploads\/sites\/144\/2019\/09\/FabianoSCursi-1024x878.jpg 1024w, https:\/\/sites.usp.br\/leea\/wp-content\/uploads\/sites\/144\/2019\/09\/FabianoSCursi-400x343.jpg 400w\" sizes=\"auto, (max-width: 80px) 100vw, 80px\" \/><\/td>\n<\/tr>\n<tr>\n<td><a href=\"http:\/\/lattes.cnpq.br\/7410248405279573\" target=\"_blank\" rel=\"noopener noreferrer\">Alex Soares Castro<\/a><\/td>\n<td>Doutorando<\/td>\n<td><img loading=\"lazy\" decoding=\"async\" class=\"alignright wp-image-1837\" src=\"https:\/\/sites.usp.br\/leea\/wp-content\/uploads\/sites\/144\/2021\/04\/alexcastrodoc-scaled.jpg\" alt=\"\" width=\"80\" height=\"120\" srcset=\"https:\/\/sites.usp.br\/leea\/wp-content\/uploads\/sites\/144\/2021\/04\/alexcastrodoc-scaled.jpg 1707w, https:\/\/sites.usp.br\/leea\/wp-content\/uploads\/sites\/144\/2021\/04\/alexcastrodoc-333x500.jpg 333w, https:\/\/sites.usp.br\/leea\/wp-content\/uploads\/sites\/144\/2021\/04\/alexcastrodoc-683x1024.jpg 683w, https:\/\/sites.usp.br\/leea\/wp-content\/uploads\/sites\/144\/2021\/04\/alexcastrodoc-768x1152.jpg 768w, https:\/\/sites.usp.br\/leea\/wp-content\/uploads\/sites\/144\/2021\/04\/alexcastrodoc-1024x1536.jpg 1024w, https:\/\/sites.usp.br\/leea\/wp-content\/uploads\/sites\/144\/2021\/04\/alexcastrodoc-1365x2048.jpg 1365w, https:\/\/sites.usp.br\/leea\/wp-content\/uploads\/sites\/144\/2021\/04\/alexcastrodoc-400x600.jpg 400w\" sizes=\"auto, (max-width: 80px) 100vw, 80px\" \/><\/td>\n<\/tr>\n<tr>\n<td><a href=\"http:\/\/lattes.cnpq.br\/8248136213495464\" target=\"_blank\" rel=\"noopener noreferrer\">Guilherme Bueno Bresciani<\/a><\/td>\n<td>Doutorando<\/td>\n<td><img loading=\"lazy\" decoding=\"async\" class=\"alignright wp-image-1334\" src=\"https:\/\/sites.usp.br\/leea\/wp-content\/uploads\/sites\/144\/2019\/09\/GuilhermeBBresciani-375x500.jpg\" alt=\"\" width=\"80\" height=\"107\" srcset=\"https:\/\/sites.usp.br\/leea\/wp-content\/uploads\/sites\/144\/2019\/09\/GuilhermeBBresciani-375x500.jpg 375w, https:\/\/sites.usp.br\/leea\/wp-content\/uploads\/sites\/144\/2019\/09\/GuilhermeBBresciani-768x1024.jpg 768w, https:\/\/sites.usp.br\/leea\/wp-content\/uploads\/sites\/144\/2019\/09\/GuilhermeBBresciani-400x533.jpg 400w, https:\/\/sites.usp.br\/leea\/wp-content\/uploads\/sites\/144\/2019\/09\/GuilhermeBBresciani.jpg 864w\" sizes=\"auto, (max-width: 80px) 100vw, 80px\" \/><\/td>\n<\/tr>\n<tr>\n<td><a href=\"http:\/\/lattes.cnpq.br\/5708840103359892\" target=\"_blank\" rel=\"noopener noreferrer\">Camila Otoni<\/a><\/td>\n<td>Mestranda<\/td>\n<td><img loading=\"lazy\" decoding=\"async\" class=\"wp-image-1335 alignright\" src=\"https:\/\/sites.usp.br\/leea\/wp-content\/uploads\/sites\/144\/2019\/09\/CamilaOtoni-500x500.jpg\" alt=\"\" width=\"80\" height=\"80\" srcset=\"https:\/\/sites.usp.br\/leea\/wp-content\/uploads\/sites\/144\/2019\/09\/CamilaOtoni-500x500.jpg 500w, https:\/\/sites.usp.br\/leea\/wp-content\/uploads\/sites\/144\/2019\/09\/CamilaOtoni-200x200.jpg 200w, https:\/\/sites.usp.br\/leea\/wp-content\/uploads\/sites\/144\/2019\/09\/CamilaOtoni-160x160.jpg 160w, https:\/\/sites.usp.br\/leea\/wp-content\/uploads\/sites\/144\/2019\/09\/CamilaOtoni-320x320.jpg 320w, https:\/\/sites.usp.br\/leea\/wp-content\/uploads\/sites\/144\/2019\/09\/CamilaOtoni-45x45.jpg 45w, https:\/\/sites.usp.br\/leea\/wp-content\/uploads\/sites\/144\/2019\/09\/CamilaOtoni-400x400.jpg 400w, https:\/\/sites.usp.br\/leea\/wp-content\/uploads\/sites\/144\/2019\/09\/CamilaOtoni.jpg 638w\" sizes=\"auto, (max-width: 80px) 100vw, 80px\" \/><\/td>\n<\/tr>\n<tr>\n<td><a href=\"http:\/\/lattes.cnpq.br\/8123523823416477\" target=\"_blank\" rel=\"noopener noreferrer\">Vinicius de Lima Barbosa<\/a><\/td>\n<td>Mestrando<\/td>\n<td><img loading=\"lazy\" decoding=\"async\" class=\"wp-image-1922 alignright\" src=\"https:\/\/sites.usp.br\/leea\/wp-content\/uploads\/sites\/144\/2021\/11\/WhatsApp-Image-2021-11-16-at-17.10.55-e1637093761474.jpeg\" alt=\"\" width=\"80\" height=\"106\" srcset=\"https:\/\/sites.usp.br\/leea\/wp-content\/uploads\/sites\/144\/2021\/11\/WhatsApp-Image-2021-11-16-at-17.10.55-e1637093761474.jpeg 720w, https:\/\/sites.usp.br\/leea\/wp-content\/uploads\/sites\/144\/2021\/11\/WhatsApp-Image-2021-11-16-at-17.10.55-e1637093761474-377x500.jpeg 377w, https:\/\/sites.usp.br\/leea\/wp-content\/uploads\/sites\/144\/2021\/11\/WhatsApp-Image-2021-11-16-at-17.10.55-e1637093761474-400x531.jpeg 400w\" sizes=\"auto, (max-width: 80px) 100vw, 80px\" \/><\/td>\n<\/tr>\n<\/tbody>\n<\/table>\n<p><\/p>","protected":false},"excerpt":{"rendered":"<p>&nbsp; &nbsp; &nbsp; Profa. Dra. Adalgisa Rodrigues de Andrade Respons\u00e1vel Prof. Dr. Paulo Olivi Respons\u00e1vel Mercia Virginia Carlos T\u00e9cnica de laborat\u00f3rio \u00a0 Jo\u00e3o Carlos de Souza P\u00f3s-doutor \u00a0 Fabiano dos Santos Cursi Doutorando Alex&#46;&#46;&#46;<\/p>\n","protected":false},"author":257,"featured_media":0,"parent":0,"menu_order":0,"comment_status":"closed","ping_status":"closed","template":"","meta":{"footnotes":"","_links_to":"","_links_to_target":""},"class_list":["post-820","page","type-page","status-publish","hentry"],"_links":{"self":[{"href":"https:\/\/sites.usp.br\/leea\/wp-json\/wp\/v2\/pages\/820","targetHints":{"allow":["GET"]}}],"collection":[{"href":"https:\/\/sites.usp.br\/leea\/wp-json\/wp\/v2\/pages"}],"about":[{"href":"https:\/\/sites.usp.br\/leea\/wp-json\/wp\/v2\/types\/page"}],"author":[{"embeddable":true,"href":"https:\/\/sites.usp.br\/leea\/wp-json\/wp\/v2\/users\/257"}],"replies":[{"embeddable":true,"href":"https:\/\/sites.usp.br\/leea\/wp-json\/wp\/v2\/comments?post=820"}],"version-history":[{"count":5,"href":"https:\/\/sites.usp.br\/leea\/wp-json\/wp\/v2\/pages\/820\/revisions"}],"predecessor-version":[{"id":1952,"href":"https:\/\/sites.usp.br\/leea\/wp-json\/wp\/v2\/pages\/820\/revisions\/1952"}],"wp:attachment":[{"href":"https:\/\/sites.usp.br\/leea\/wp-json\/wp\/v2\/media?parent=820"}],"curies":[{"name":"wp","href":"https:\/\/api.w.org\/{rel}","templated":true}]}}