{"id":831,"date":"2016-07-06T21:20:51","date_gmt":"2016-07-07T00:20:51","guid":{"rendered":"http:\/\/sites.usp.br\/leea\/?page_id=831"},"modified":"2019-10-22T08:48:36","modified_gmt":"2019-10-22T11:48:36","slug":"pesquisa","status":"publish","type":"page","link":"https:\/\/sites.usp.br\/leea\/pesquisa\/","title":{"rendered":"Pesquisa"},"content":{"rendered":"<p><\/p>\n<h2>Eletrocat\u00e1lise e Eletroqu\u00edmica Ambiental<\/h2>\n<p style=\"text-align: justify\">As linhas de Pesquisa desenvolvidas abrangem o desenvolvimento e o estudo de materiais eletr\u00f3dicos utilizados em <a href=\"http:\/\/sites.usp.br\/leea\/english-celula-combustivel\/\">c\u00e9lulas a combust\u00edvel<\/a> e em dispositivos eletroqu\u00edmicos para o tratamento de efluentes.<\/p>\n<h2><\/h2>\n<p><\/p>","protected":false},"excerpt":{"rendered":"<p>Eletrocat\u00e1lise e Eletroqu\u00edmica Ambiental As linhas de Pesquisa desenvolvidas abrangem o desenvolvimento e o estudo de materiais eletr\u00f3dicos utilizados em c\u00e9lulas a combust\u00edvel e em dispositivos eletroqu\u00edmicos para o tratamento de efluentes.<\/p>\n","protected":false},"author":257,"featured_media":0,"parent":0,"menu_order":0,"comment_status":"closed","ping_status":"closed","template":"","meta":{"footnotes":"","_links_to":"","_links_to_target":""},"class_list":["post-831","page","type-page","status-publish","hentry"],"_links":{"self":[{"href":"https:\/\/sites.usp.br\/leea\/wp-json\/wp\/v2\/pages\/831","targetHints":{"allow":["GET"]}}],"collection":[{"href":"https:\/\/sites.usp.br\/leea\/wp-json\/wp\/v2\/pages"}],"about":[{"href":"https:\/\/sites.usp.br\/leea\/wp-json\/wp\/v2\/types\/page"}],"author":[{"embeddable":true,"href":"https:\/\/sites.usp.br\/leea\/wp-json\/wp\/v2\/users\/257"}],"replies":[{"embeddable":true,"href":"https:\/\/sites.usp.br\/leea\/wp-json\/wp\/v2\/comments?post=831"}],"version-history":[{"count":4,"href":"https:\/\/sites.usp.br\/leea\/wp-json\/wp\/v2\/pages\/831\/revisions"}],"predecessor-version":[{"id":1408,"href":"https:\/\/sites.usp.br\/leea\/wp-json\/wp\/v2\/pages\/831\/revisions\/1408"}],"wp:attachment":[{"href":"https:\/\/sites.usp.br\/leea\/wp-json\/wp\/v2\/media?parent=831"}],"curies":[{"name":"wp","href":"https:\/\/api.w.org\/{rel}","templated":true}]}}