{"id":841,"date":"2016-07-08T09:07:26","date_gmt":"2016-07-08T12:07:26","guid":{"rendered":"http:\/\/sites.usp.br\/leea\/?page_id=841"},"modified":"2019-10-15T20:48:53","modified_gmt":"2019-10-15T23:48:53","slug":"recursos-disponiveis","status":"publish","type":"page","link":"https:\/\/sites.usp.br\/leea\/recursos-disponiveis\/","title":{"rendered":"Recursos Dispon\u00edveis"},"content":{"rendered":"<p><img loading=\"lazy\" decoding=\"async\" class=\" size-medium wp-image-965 alignright\" src=\"http:\/\/sites.usp.br\/leea\/wp-content\/uploads\/sites\/144\/2016\/07\/IMG_2888-300x225.jpg\" alt=\"IMG_2888\" width=\"300\" height=\"225\" srcset=\"https:\/\/sites.usp.br\/leea\/wp-content\/uploads\/sites\/144\/2016\/07\/IMG_2888-300x225.jpg 300w, https:\/\/sites.usp.br\/leea\/wp-content\/uploads\/sites\/144\/2016\/07\/IMG_2888-1024x768.jpg 1024w, https:\/\/sites.usp.br\/leea\/wp-content\/uploads\/sites\/144\/2016\/07\/IMG_2888-400x300.jpg 400w, https:\/\/sites.usp.br\/leea\/wp-content\/uploads\/sites\/144\/2016\/07\/IMG_2888-80x60.jpg 80w\" sizes=\"auto, (max-width: 300px) 100vw, 300px\" \/>O LEEA conta com toda a estrutura necess\u00e1ria para a prepara\u00e7\u00e3o de catalisadores por diversos m\u00e9todos e com os equipamentos necess\u00e1rios para a caracteriza\u00e7\u00e3o eletroqu\u00edmica destes. Conta ainda com equipamentos que permitem analisar as solu\u00e7\u00f5es empregadas nos experimentos eletroqu\u00edmicos para analisar reagentes, intermedi\u00e1rios e produtos das rea\u00e7\u00f5es. Alguns desses equipamentos:<\/p>\n<ul>\n<li>Potenciostatos<\/li>\n<li>Cromat\u00f3grafo L\u00edquido de Alta Efici\u00eancia<\/li>\n<li>Cromat\u00f3grafo de \u00cdons<\/li>\n<li>Analisador de AOX<\/li>\n<li>FTIR<\/li>\n<li>TOC<\/li>\n<li>CG-MS<\/li>\n<\/ul>\n<p><a href=\"http:\/\/sites.usp.br\/leea\/wp-content\/uploads\/sites\/144\/2016\/07\/IMG_2886.jpg\"><img loading=\"lazy\" decoding=\"async\" class=\"alignright size-medium wp-image-963\" src=\"http:\/\/sites.usp.br\/leea\/wp-content\/uploads\/sites\/144\/2016\/07\/IMG_2886-300x225.jpg\" alt=\"IMG_2886\" width=\"300\" height=\"225\" srcset=\"https:\/\/sites.usp.br\/leea\/wp-content\/uploads\/sites\/144\/2016\/07\/IMG_2886-300x225.jpg 300w, https:\/\/sites.usp.br\/leea\/wp-content\/uploads\/sites\/144\/2016\/07\/IMG_2886-1024x768.jpg 1024w, https:\/\/sites.usp.br\/leea\/wp-content\/uploads\/sites\/144\/2016\/07\/IMG_2886-400x300.jpg 400w, https:\/\/sites.usp.br\/leea\/wp-content\/uploads\/sites\/144\/2016\/07\/IMG_2886-80x60.jpg 80w\" sizes=\"auto, (max-width: 300px) 100vw, 300px\" \/><\/a><\/p>\n<p>Al\u00e9m disso, o LEEA tem a sua disposi\u00e7\u00e3o uma s\u00e9rie de equipamentos multi-usu\u00e1rios da Central Anal\u00edtica do Departamento de Qu\u00edmica que s\u00e3o tamb\u00e9m utilizados na caracteriza\u00e7\u00e3o f\u00edsica e qu\u00edmica dos catalisadores:<\/p>\n<ul>\n<li>MEV<\/li>\n<li>EDX<\/li>\n<li>DRX<\/li>\n<li>TGA-DTA<\/li>\n<\/ul>\n<p><\/p>","protected":false},"excerpt":{"rendered":"<p>O LEEA conta com toda a estrutura necess\u00e1ria para a prepara\u00e7\u00e3o de catalisadores por diversos m\u00e9todos e com os equipamentos necess\u00e1rios para a caracteriza\u00e7\u00e3o eletroqu\u00edmica destes. Conta ainda com equipamentos que permitem analisar as&#46;&#46;&#46;<\/p>\n","protected":false},"author":257,"featured_media":0,"parent":0,"menu_order":0,"comment_status":"closed","ping_status":"closed","template":"","meta":{"footnotes":"","_links_to":"","_links_to_target":""},"class_list":["post-841","page","type-page","status-publish","hentry"],"_links":{"self":[{"href":"https:\/\/sites.usp.br\/leea\/wp-json\/wp\/v2\/pages\/841","targetHints":{"allow":["GET"]}}],"collection":[{"href":"https:\/\/sites.usp.br\/leea\/wp-json\/wp\/v2\/pages"}],"about":[{"href":"https:\/\/sites.usp.br\/leea\/wp-json\/wp\/v2\/types\/page"}],"author":[{"embeddable":true,"href":"https:\/\/sites.usp.br\/leea\/wp-json\/wp\/v2\/users\/257"}],"replies":[{"embeddable":true,"href":"https:\/\/sites.usp.br\/leea\/wp-json\/wp\/v2\/comments?post=841"}],"version-history":[{"count":4,"href":"https:\/\/sites.usp.br\/leea\/wp-json\/wp\/v2\/pages\/841\/revisions"}],"predecessor-version":[{"id":1402,"href":"https:\/\/sites.usp.br\/leea\/wp-json\/wp\/v2\/pages\/841\/revisions\/1402"}],"wp:attachment":[{"href":"https:\/\/sites.usp.br\/leea\/wp-json\/wp\/v2\/media?parent=841"}],"curies":[{"name":"wp","href":"https:\/\/api.w.org\/{rel}","templated":true}]}}