{"id":845,"date":"2016-07-08T09:10:09","date_gmt":"2016-07-08T12:10:09","guid":{"rendered":"http:\/\/sites.usp.br\/leea\/?page_id=845"},"modified":"2020-02-17T11:37:36","modified_gmt":"2020-02-17T14:37:36","slug":"projetos-de-pesquisa","status":"publish","type":"page","link":"https:\/\/sites.usp.br\/leea\/projetos-de-pesquisa\/","title":{"rendered":"Projetos de Pesquisa"},"content":{"rendered":"<p><\/p>\n<h2>Catalisadores para a rea\u00e7\u00e3o de oxig\u00eanio tolerantes a presen\u00e7a de etanol<\/h2>\n<p>Desenvolvimento de materiais a base da platina como eletrocatalisadores para a rea\u00e7\u00e3o de redu\u00e7\u00e3o de oxig\u00eanio na presen\u00e7a de etanol.<\/p>\n<p><b>Apoio Financeiro: <a href=\"http:\/\/www.cnpq.br\/\" target=\"_blank\" rel=\"noopener noreferrer\">CNPq<\/a><\/b><\/p>\n<h2>Determina\u00e7\u00e3o de produtos de alto valor agregado com Glicerol<\/h2>\n<p>Desenvolvimento de materiais a base da platina e pal\u00e1dio como eletrocatalisadores para a rea\u00e7\u00e3o de oxida\u00e7\u00e3o de glicerol para aplica\u00e7\u00e3o em c\u00e9lulas a combust\u00edvel direta de \u00e1lcool.<\/p>\n<p><b>Apoio Financeiro: <\/b>CNPq<\/p>\n<p>&nbsp;<\/p>\n<h2><a href=\"http:\/\/inct-datrem.iq.unesp.br\/\" target=\"_blank\" rel=\"noopener noreferrer\">INCT-DATREM<\/a> &#8211; Instituto Nacional de Tecnologias Alternativas para Detec\u00e7\u00e3o, Avalia\u00e7\u00e3o Toxicol\u00f3gica e Remo\u00e7\u00e3o de Micropoluentes e Radioativos<\/h2>\n<p>O INCT-DATREM tem por objetivo a forma\u00e7\u00e3o de rede nacional de grupos de pesquisa atuantes na busca por tecnologias inovadoras para avalia\u00e7\u00e3o de micropoluentes em n\u00edvel qu\u00edmico, toxicol\u00f3gico e radioativo, bem como na busca por tecnologias mais eficientes para tratamento de res\u00edduos, esgotos, efluentes e \u00e1guas de capta\u00e7\u00e3o, contribuindo para a avalia\u00e7\u00e3o de risco, preserva\u00e7\u00e3o ambiental, sa\u00fade humana e controle da seguran\u00e7a e qualidade dos produtos de exporta\u00e7\u00e3o e importa\u00e7\u00e3o.<\/p>\n<p><b>Apoio Financeiro: <\/b>CNPq e <a href=\"https:\/\/bv.fapesp.br\/pt\/auxilios\/97827\/inct-2014-instituto-nacional-de-tecnologias-alternativas-para-deteccao-avaliacao-toxicologica-e-re\/\" target=\"_blank\" rel=\"noopener noreferrer\">FAPESP<\/a><\/p>","protected":false},"excerpt":{"rendered":"<p>Catalisadores para a rea\u00e7\u00e3o de oxig\u00eanio tolerantes a presen\u00e7a de etanol Desenvolvimento de materiais a base da platina como eletrocatalisadores para a rea\u00e7\u00e3o de redu\u00e7\u00e3o de oxig\u00eanio na presen\u00e7a de etanol. Apoio Financeiro: CNPq&#46;&#46;&#46;<\/p>\n","protected":false},"author":257,"featured_media":0,"parent":0,"menu_order":0,"comment_status":"closed","ping_status":"closed","template":"","meta":{"footnotes":"","_links_to":"","_links_to_target":""},"class_list":["post-845","page","type-page","status-publish","hentry"],"_links":{"self":[{"href":"https:\/\/sites.usp.br\/leea\/wp-json\/wp\/v2\/pages\/845","targetHints":{"allow":["GET"]}}],"collection":[{"href":"https:\/\/sites.usp.br\/leea\/wp-json\/wp\/v2\/pages"}],"about":[{"href":"https:\/\/sites.usp.br\/leea\/wp-json\/wp\/v2\/types\/page"}],"author":[{"embeddable":true,"href":"https:\/\/sites.usp.br\/leea\/wp-json\/wp\/v2\/users\/257"}],"replies":[{"embeddable":true,"href":"https:\/\/sites.usp.br\/leea\/wp-json\/wp\/v2\/comments?post=845"}],"version-history":[{"count":4,"href":"https:\/\/sites.usp.br\/leea\/wp-json\/wp\/v2\/pages\/845\/revisions"}],"predecessor-version":[{"id":1511,"href":"https:\/\/sites.usp.br\/leea\/wp-json\/wp\/v2\/pages\/845\/revisions\/1511"}],"wp:attachment":[{"href":"https:\/\/sites.usp.br\/leea\/wp-json\/wp\/v2\/media?parent=845"}],"curies":[{"name":"wp","href":"https:\/\/api.w.org\/{rel}","templated":true}]}}