{"id":849,"date":"2016-07-08T09:12:44","date_gmt":"2016-07-08T12:12:44","guid":{"rendered":"http:\/\/sites.usp.br\/leea\/?page_id=849"},"modified":"2019-10-15T20:44:55","modified_gmt":"2019-10-15T23:44:55","slug":"linhas-de-pesquisa","status":"publish","type":"page","link":"https:\/\/sites.usp.br\/leea\/linhas-de-pesquisa\/","title":{"rendered":"Linhas de pesquisa"},"content":{"rendered":"<p><\/p>\n<p style=\"text-align: justify;\">As linhas de Pesquisa desenvolvidas no LEEA abrangem o desenvolvimento e o estudo de materiais eletr\u00f3dicos utilizados em c\u00e9lulas a combust\u00edvel e em dispositivos eletroqu\u00edmicos para o tratamento de efluentes.<\/p>\n<p style=\"text-align: justify;\">Os materiais eletrocatal\u00edticos desenvolvidos no LEEA abrangem eletrodos de \u00f3xidos, tipo DSA, eletrodos a base de platina e suas ligas e pol\u00edmeros condutores, entre outros.<\/p>\n<p style=\"text-align: justify;\">Na \u00e1rea de Eletroqu\u00edmica Ambiental, o LEEA tem investigado a degrada\u00e7\u00e3o de compostos como corantes e pesticidas al\u00e9m de efluentes de curtumes e de ind\u00fastria de inseticidas.<\/p>\n<p style=\"text-align: justify;\">Um dos projetos em desenvolvimento no LEEA visa o desenvolvimento de Bio-c\u00e9lulas a combust\u00edvel, que utilizam enzimas imobilizadas que atuam como catalisadores de rea\u00e7\u00f5es bioqu\u00edmicas que ocorrem no anodo de uma c\u00e9lula a combust\u00edvel.<\/p>\n<p><\/p>","protected":false},"excerpt":{"rendered":"<p>As linhas de Pesquisa desenvolvidas no LEEA abrangem o desenvolvimento e o estudo de materiais eletr\u00f3dicos utilizados em c\u00e9lulas a combust\u00edvel e em dispositivos eletroqu\u00edmicos para o tratamento de efluentes. Os materiais eletrocatal\u00edticos desenvolvidos&#46;&#46;&#46;<\/p>\n","protected":false},"author":257,"featured_media":0,"parent":0,"menu_order":0,"comment_status":"closed","ping_status":"closed","template":"","meta":{"footnotes":"","_links_to":"","_links_to_target":""},"class_list":["post-849","page","type-page","status-publish","hentry"],"_links":{"self":[{"href":"https:\/\/sites.usp.br\/leea\/wp-json\/wp\/v2\/pages\/849","targetHints":{"allow":["GET"]}}],"collection":[{"href":"https:\/\/sites.usp.br\/leea\/wp-json\/wp\/v2\/pages"}],"about":[{"href":"https:\/\/sites.usp.br\/leea\/wp-json\/wp\/v2\/types\/page"}],"author":[{"embeddable":true,"href":"https:\/\/sites.usp.br\/leea\/wp-json\/wp\/v2\/users\/257"}],"replies":[{"embeddable":true,"href":"https:\/\/sites.usp.br\/leea\/wp-json\/wp\/v2\/comments?post=849"}],"version-history":[{"count":4,"href":"https:\/\/sites.usp.br\/leea\/wp-json\/wp\/v2\/pages\/849\/revisions"}],"predecessor-version":[{"id":1401,"href":"https:\/\/sites.usp.br\/leea\/wp-json\/wp\/v2\/pages\/849\/revisions\/1401"}],"wp:attachment":[{"href":"https:\/\/sites.usp.br\/leea\/wp-json\/wp\/v2\/media?parent=849"}],"curies":[{"name":"wp","href":"https:\/\/api.w.org\/{rel}","templated":true}]}}