{"id":870,"date":"2016-07-08T09:41:42","date_gmt":"2016-07-08T12:41:42","guid":{"rendered":"http:\/\/sites.usp.br\/leea\/?page_id=870"},"modified":"2019-12-24T07:03:44","modified_gmt":"2019-12-24T10:03:44","slug":"teses-e-dissertacoes-defendidas","status":"publish","type":"page","link":"https:\/\/sites.usp.br\/leea\/teses-e-dissertacoes-defendidas\/","title":{"rendered":"Disserta\u00e7\u00f5es defendidas"},"content":{"rendered":"<p>\u00daltimos anos<\/p>\n<ul>\n<li>Vanderlei Silva Lima. S\u00edntese e aplica\u00e7\u00e3o de ligas bimet\u00e1licas MN\/C (M= Pt ou Pd, N= Fe ou Fe2O3) para a oxida\u00e7\u00e3o de glicerol. 2018. Orientador: Adalgisa Rodrigues de Andrade.<\/li>\n<li>Carolina Souza Bonfin. Desenvolvimento de bioc\u00e9lula a combust\u00edvel de etanol\/O2. 2018. Orientador: Adalgisa Rodrigues de Andrade.<\/li>\n<li>Andr\u00e9 Stoppa. Oxida\u00e7\u00e3o de herbicidas comerciais utilizando \u00e2nodos dimensionalmente est\u00e1veis: Ti\/xIrO2 (1-x)Ta2O5 e Ti\/IrxTi(1-x)O2. 2012. Orientador: Adalgisa Rodrigues de Andrade.<\/li>\n<li>Carlos Frederico Vasques de Souza Pereira. Degrada\u00e7\u00e3o do Herbicida Glifosato por processos eletroqu\u00edmicos e Fotoeletroqu\u00edmicos. 2012. Orientador: Paulo Olivi.<\/li>\n<li>Lais Boracini. Bioc\u00e9lulas de glicose oxidadase\/O2. 2014. Orientador: Adalgisa Rodrigues de Andrade.<\/li>\n<li>L\u00edvia Martins da Palma. Desenvolvimento de eletrocatalisadores PtRuNi\/C para c\u00e9lula a combust\u00edvel de etanol. 2011. Orientador: Adalgisa Rodrigues de Andrade.<\/li>\n<li>Maria Raquel Suda. Investiga\u00e7\u00e3o da degrada\u00e7\u00e3o de clorofen\u00f3is empregando eletrodos de Diamante dopado com boro e processos fotoeletroqu\u00edmicos. 2013. Orientador: Paulo Olivi.<\/li>\n<li>Rodrigo Garcia da Silva. Oxida\u00e7\u00e3o de corantes pelo m\u00e9todo eletroqu\u00edmico. 2012. Orientador: Adalgisa Rodrigues de Andrade.<\/li>\n<\/ul>\n<p><\/p>","protected":false},"excerpt":{"rendered":"<p>\u00daltimos anos Vanderlei Silva Lima. S\u00edntese e aplica\u00e7\u00e3o de ligas bimet\u00e1licas MN\/C (M= Pt ou Pd, N= Fe ou Fe2O3) para a oxida\u00e7\u00e3o de glicerol. 2018. Orientador: Adalgisa Rodrigues de Andrade. Carolina Souza Bonfin.&#46;&#46;&#46;<\/p>\n","protected":false},"author":257,"featured_media":0,"parent":0,"menu_order":0,"comment_status":"closed","ping_status":"closed","template":"","meta":{"footnotes":"","_links_to":"","_links_to_target":""},"class_list":["post-870","page","type-page","status-publish","hentry"],"_links":{"self":[{"href":"https:\/\/sites.usp.br\/leea\/wp-json\/wp\/v2\/pages\/870","targetHints":{"allow":["GET"]}}],"collection":[{"href":"https:\/\/sites.usp.br\/leea\/wp-json\/wp\/v2\/pages"}],"about":[{"href":"https:\/\/sites.usp.br\/leea\/wp-json\/wp\/v2\/types\/page"}],"author":[{"embeddable":true,"href":"https:\/\/sites.usp.br\/leea\/wp-json\/wp\/v2\/users\/257"}],"replies":[{"embeddable":true,"href":"https:\/\/sites.usp.br\/leea\/wp-json\/wp\/v2\/comments?post=870"}],"version-history":[{"count":5,"href":"https:\/\/sites.usp.br\/leea\/wp-json\/wp\/v2\/pages\/870\/revisions"}],"predecessor-version":[{"id":1427,"href":"https:\/\/sites.usp.br\/leea\/wp-json\/wp\/v2\/pages\/870\/revisions\/1427"}],"wp:attachment":[{"href":"https:\/\/sites.usp.br\/leea\/wp-json\/wp\/v2\/media?parent=870"}],"curies":[{"name":"wp","href":"https:\/\/api.w.org\/{rel}","templated":true}]}}