{"id":889,"date":"2016-07-08T10:13:52","date_gmt":"2016-07-08T13:13:52","guid":{"rendered":"http:\/\/sites.usp.br\/leea\/?page_id=889"},"modified":"2023-08-03T08:14:51","modified_gmt":"2023-08-03T11:14:51","slug":"doutorandos","status":"publish","type":"page","link":"https:\/\/sites.usp.br\/leea\/en\/doutorandos\/","title":{"rendered":"PhD students"},"content":{"rendered":"<ul>\n<li style=\"text-align: left;\">Ana Carolina Ribeiro Aguiar<\/li>\n<li>\u00c2ngelo Ricardo Favaro Pippi<\/li>\n<li>Carla Regina Da Costa<\/li>\n<li>Cl\u00e1udio M\u00e1rcio de Castro<\/li>\n<li>Dane Tadeu Cestarolli<\/li>\n<li>Demetrius Profeti<\/li>\n<li>Elen Cristina Gon\u00e7alves Rufino<\/li>\n<li>Farlon Felipe Silva Xavier<\/li>\n<li>Fernando Carmona Sim\u00f5es<\/li>\n<li>Fernando Silva Teruel<\/li>\n<li>Franciane Pinheiro Cardoso<b> <\/b><\/li>\n<li>Josimar Ribeiro<\/li>\n<li>Juliane Cristina Forti<\/li>\n<li>Layciane Aparecida Soares<\/li>\n<li>Liliane Aparecida De Carvalho<\/li>\n<li>Livia Martins Da Palma<\/li>\n<li>Luciene Paula Roberto Profeti<\/li>\n<li>Marlene Barroso De Oliveira<\/li>\n<li>Paula Durante Pereira Alves<\/li>\n<li>Roberta Duarte Coterio Da Silva<\/li>\n<li>Sidney De Aquino Neto<\/li>\n<li>Thamyres Fernandes Messa Moreira<\/li>\n<li>Thiago Dos Santos Almeida<\/li>\n<\/ul>\n","protected":false},"excerpt":{"rendered":"<p>Ana Carolina Ribeiro Aguiar \u00c2ngelo Ricardo Favaro Pippi Carla Regina Da Costa Cl\u00e1udio M\u00e1rcio de Castro Dane Tadeu Cestarolli Demetrius Profeti Elen Cristina Gon\u00e7alves Rufino Farlon Felipe Silva Xavier Fernando Carmona Sim\u00f5es Fernando Silva&#46;&#46;&#46;<\/p>\n","protected":false},"author":257,"featured_media":0,"parent":0,"menu_order":0,"comment_status":"closed","ping_status":"closed","template":"","meta":{"footnotes":"","_links_to":"","_links_to_target":""},"class_list":["post-889","page","type-page","status-publish","hentry"],"_links":{"self":[{"href":"https:\/\/sites.usp.br\/leea\/en\/wp-json\/wp\/v2\/pages\/889","targetHints":{"allow":["GET"]}}],"collection":[{"href":"https:\/\/sites.usp.br\/leea\/en\/wp-json\/wp\/v2\/pages"}],"about":[{"href":"https:\/\/sites.usp.br\/leea\/en\/wp-json\/wp\/v2\/types\/page"}],"author":[{"embeddable":true,"href":"https:\/\/sites.usp.br\/leea\/en\/wp-json\/wp\/v2\/users\/257"}],"replies":[{"embeddable":true,"href":"https:\/\/sites.usp.br\/leea\/en\/wp-json\/wp\/v2\/comments?post=889"}],"version-history":[{"count":4,"href":"https:\/\/sites.usp.br\/leea\/en\/wp-json\/wp\/v2\/pages\/889\/revisions"}],"predecessor-version":[{"id":1937,"href":"https:\/\/sites.usp.br\/leea\/en\/wp-json\/wp\/v2\/pages\/889\/revisions\/1937"}],"wp:attachment":[{"href":"https:\/\/sites.usp.br\/leea\/en\/wp-json\/wp\/v2\/media?parent=889"}],"curies":[{"name":"wp","href":"https:\/\/api.w.org\/{rel}","templated":true}]}}