{"id":904,"date":"2016-07-08T10:35:56","date_gmt":"2016-07-08T13:35:56","guid":{"rendered":"http:\/\/sites.usp.br\/leea\/?page_id=904"},"modified":"2021-09-06T17:12:24","modified_gmt":"2021-09-06T20:12:24","slug":"teses-defendidas","status":"publish","type":"page","link":"https:\/\/sites.usp.br\/leea\/teses-defendidas\/","title":{"rendered":"Teses defendidas"},"content":{"rendered":"<p>\u00daltimos anos<\/p>\n<ul>\n<li>Thamyres Fernandes Messa Moreira. Eletro-oxida\u00e7\u00e3o de etanol e glicerol em meio alcalino sob nanomateriais baseados em platina e pal\u00e1dio modificados com r\u00f3dio. 2021. Orientador: Paulo Olivi.<\/li>\n<li>Cl\u00e1udio M\u00e1rcio de Castro. Investiga\u00e7\u00e3o da degrada\u00e7\u00e3o eletroqu\u00edmica do corante amarelo disperso 3. 2018. Orientador: Paulo Olivi.<\/li>\n<li>Rodrigo Garcia da Silva. S\u00edntese e aplica\u00e7\u00e3o de nanocatalisadores baseados em morfologia core-shell para a eletro-oxida\u00e7\u00e3o de \u00e1lcoois em meio alcalino. 2016. Orientador: Adalgisa Rodrigues de Andrade.<\/li>\n<li style=\"text-align: justify;\">Angelo Ricardo Favaro Pippi. Oxida\u00e7\u00e3o de herbicidas comerciais atrav\u00e9s de processo eletroqu\u00edmico e fotoeletroqu\u00edmico utilizando \u00e2nodos dimensionalmente est\u00e1veis: Ti\/IrO2, Ti\/RuO2 e BDD. 2014. Orientador: Adalgisa Rodrigues de Andrade.<\/li>\n<li style=\"text-align: justify;\">\u00c9len Cristina Gon\u00e7alves Rufino. Estudo da estabilidade de eletrocatalisadores Pt\/C e Pt-RuOx. 2011. Orientador: Paulo Olivi.<\/li>\n<li style=\"text-align: justify;\">Franciane Pinheiro Cardoso. Bioc\u00e9lulas a combust\u00edvel Etanol\/ O2: Prepara\u00e7\u00e3o e caracteriza\u00e7\u00e3o de bioc\u00e1todos pelo processo de automontagem. 2014. Orientador: Adalgisa Rodrigues de Andrade.<\/li>\n<li style=\"text-align: justify;\">Layciane Aparecida Soares. Investiga\u00e7\u00e3o da eletrooxida\u00e7\u00e3o de etanol sobre eletrodos de Pt\/C, Ptx-Rhy\/C, Pt-SnO2\/C, PtxRhy-SnO2\/C. 2015. Orientador: Paulo Olivi.<\/li>\n<li style=\"text-align: justify;\">Livia Martins da Palma. Desenvolvimento de c\u00e9lulas a combust\u00edvel de alco\u00f3is direta: produ\u00e7\u00e3o de prot\u00f3tipos de alta pot\u00eancia. 2015. Orientador: Adalgisa Rodrigues de Andrade.<\/li>\n<li style=\"text-align: justify;\">Sidney de Aquino Neto. Bioc\u00e9lulas a combust\u00edvel de etanol. 2012. Orientador: Adalgisa Rodrigues de Andrade.<\/li>\n<li style=\"text-align: justify;\">Thiago dos Santos Almeida. Desenvolvimento de catalisadores de Pt-Sn-Ni\/C. 2014. Tese Orientador: Adalgisa Rodrigues de Andrade.<\/li>\n<\/ul>\n<p><\/p>","protected":false},"excerpt":{"rendered":"<p>\u00daltimos anos Thamyres Fernandes Messa Moreira. Eletro-oxida\u00e7\u00e3o de etanol e glicerol em meio alcalino sob nanomateriais baseados em platina e pal\u00e1dio modificados com r\u00f3dio. 2021. Orientador: Paulo Olivi. Cl\u00e1udio M\u00e1rcio de Castro. Investiga\u00e7\u00e3o da&#46;&#46;&#46;<\/p>\n","protected":false},"author":257,"featured_media":0,"parent":0,"menu_order":0,"comment_status":"closed","ping_status":"closed","template":"","meta":{"footnotes":"","_links_to":"","_links_to_target":""},"class_list":["post-904","page","type-page","status-publish","hentry"],"_links":{"self":[{"href":"https:\/\/sites.usp.br\/leea\/wp-json\/wp\/v2\/pages\/904","targetHints":{"allow":["GET"]}}],"collection":[{"href":"https:\/\/sites.usp.br\/leea\/wp-json\/wp\/v2\/pages"}],"about":[{"href":"https:\/\/sites.usp.br\/leea\/wp-json\/wp\/v2\/types\/page"}],"author":[{"embeddable":true,"href":"https:\/\/sites.usp.br\/leea\/wp-json\/wp\/v2\/users\/257"}],"replies":[{"embeddable":true,"href":"https:\/\/sites.usp.br\/leea\/wp-json\/wp\/v2\/comments?post=904"}],"version-history":[{"count":5,"href":"https:\/\/sites.usp.br\/leea\/wp-json\/wp\/v2\/pages\/904\/revisions"}],"predecessor-version":[{"id":1884,"href":"https:\/\/sites.usp.br\/leea\/wp-json\/wp\/v2\/pages\/904\/revisions\/1884"}],"wp:attachment":[{"href":"https:\/\/sites.usp.br\/leea\/wp-json\/wp\/v2\/media?parent=904"}],"curies":[{"name":"wp","href":"https:\/\/api.w.org\/{rel}","templated":true}]}}