{"id":928,"date":"2016-07-08T11:34:37","date_gmt":"2016-07-08T14:34:37","guid":{"rendered":"http:\/\/sites.usp.br\/leea\/?page_id=928"},"modified":"2020-03-06T23:48:25","modified_gmt":"2020-03-07T02:48:25","slug":"parcerias","status":"publish","type":"page","link":"https:\/\/sites.usp.br\/leea\/parcerias\/","title":{"rendered":"Parcerias"},"content":{"rendered":"<p><\/p>\n<h2><a href=\"http:\/\/ic2mp.labo.univ-poitiers.fr\/\" target=\"_blank\" rel=\"noopener noreferrer\">Universit\u00e9 de Poitiers &#8211; UFR SFA Institut de Chimie des Milieux et Mat\u00e9riaux de Poitiers<\/a><\/h2>\n<p><b>Respons\u00e1vel: <\/b>Prof. Dr. Boniface Kokoh<\/p>\n<div align=\"justify\">Colabora\u00e7\u00e3o na investiga\u00e7\u00e3o no desenvolvimento e caracteriza\u00e7\u00e3o de novos materiais eletr\u00f3dicos.<\/div>\n<p>&nbsp;<\/p>\n<h2><a href=\"http:\/\/chem.utah.edu\/directory\/minteer\/research-group\/\" target=\"_blank\" rel=\"noopener noreferrer\">The Minteer Research Group \/ The University of Utah<\/a><\/h2>\n<p><b>Respons\u00e1vel: <\/b>Shelley D. Minteer<\/p>\n<div align=\"justify\">Bioeletrocat\u00e1lise: desenvolvimento de bioanodos para bioc\u00e9lulas a combust\u00edvel.<\/div>\n<p><\/p>","protected":false},"excerpt":{"rendered":"<p>Universit\u00e9 de Poitiers &#8211; UFR SFA Institut de Chimie des Milieux et Mat\u00e9riaux de Poitiers Respons\u00e1vel: Prof. Dr. Boniface Kokoh Colabora\u00e7\u00e3o na investiga\u00e7\u00e3o no desenvolvimento e caracteriza\u00e7\u00e3o de novos materiais eletr\u00f3dicos. &nbsp; The Minteer&#46;&#46;&#46;<\/p>\n","protected":false},"author":257,"featured_media":0,"parent":0,"menu_order":0,"comment_status":"closed","ping_status":"closed","template":"","meta":{"footnotes":"","_links_to":"","_links_to_target":""},"class_list":["post-928","page","type-page","status-publish","hentry"],"_links":{"self":[{"href":"https:\/\/sites.usp.br\/leea\/wp-json\/wp\/v2\/pages\/928","targetHints":{"allow":["GET"]}}],"collection":[{"href":"https:\/\/sites.usp.br\/leea\/wp-json\/wp\/v2\/pages"}],"about":[{"href":"https:\/\/sites.usp.br\/leea\/wp-json\/wp\/v2\/types\/page"}],"author":[{"embeddable":true,"href":"https:\/\/sites.usp.br\/leea\/wp-json\/wp\/v2\/users\/257"}],"replies":[{"embeddable":true,"href":"https:\/\/sites.usp.br\/leea\/wp-json\/wp\/v2\/comments?post=928"}],"version-history":[{"count":4,"href":"https:\/\/sites.usp.br\/leea\/wp-json\/wp\/v2\/pages\/928\/revisions"}],"predecessor-version":[{"id":1507,"href":"https:\/\/sites.usp.br\/leea\/wp-json\/wp\/v2\/pages\/928\/revisions\/1507"}],"wp:attachment":[{"href":"https:\/\/sites.usp.br\/leea\/wp-json\/wp\/v2\/media?parent=928"}],"curies":[{"name":"wp","href":"https:\/\/api.w.org\/{rel}","templated":true}]}}