{"id":431,"date":"2018-10-17T23:30:33","date_gmt":"2018-10-18T01:30:33","guid":{"rendered":"http:\/\/sites.usp.br\/leidq\/?page_id=431"},"modified":"2018-10-21T16:59:15","modified_gmt":"2018-10-21T18:59:15","slug":"alunos","status":"publish","type":"page","link":"https:\/\/sites.usp.br\/leidq\/alunos\/","title":{"rendered":"Alunos"},"content":{"rendered":"<h2>Aline Thais Bruni<\/h2>\n<h3>Orientadora<\/h3>\n<p><a href=\"http:\/\/sites.usp.br\/leidq\/wp-content\/uploads\/sites\/425\/2018\/10\/Aline.jpg\"><img loading=\"lazy\" decoding=\"async\" class=\"alignleft size-medium wp-image-455\" src=\"http:\/\/sites.usp.br\/leidq\/wp-content\/uploads\/sites\/425\/2018\/10\/Aline-200x300.jpg\" alt=\"\" width=\"200\" height=\"300\" srcset=\"https:\/\/sites.usp.br\/leidq\/wp-content\/uploads\/sites\/425\/2018\/10\/Aline-200x300.jpg 200w, https:\/\/sites.usp.br\/leidq\/wp-content\/uploads\/sites\/425\/2018\/10\/Aline-768x1150.jpg 768w, https:\/\/sites.usp.br\/leidq\/wp-content\/uploads\/sites\/425\/2018\/10\/Aline-684x1024.jpg 684w, https:\/\/sites.usp.br\/leidq\/wp-content\/uploads\/sites\/425\/2018\/10\/Aline-400x600.jpg 400w\" sizes=\"auto, (max-width: 200px) 100vw, 200px\" \/><\/a><\/p>\n<p>&nbsp;<\/p>\n<p>&nbsp;<\/p>\n<p>&nbsp;<\/p>\n<p>&nbsp;<\/p>\n<p>&nbsp;<\/p>\n<p>&nbsp;<\/p>\n<p>&nbsp;<\/p>\n<h3><strong>Bianca Hamanaka<\/strong><\/h3>\n<p><a href=\"http:\/\/sites.usp.br\/leidq\/wp-content\/uploads\/sites\/425\/2018\/10\/bianca.jpg\"><img loading=\"lazy\" decoding=\"async\" class=\"alignleft size-medium wp-image-432\" src=\"http:\/\/sites.usp.br\/leidq\/wp-content\/uploads\/sites\/425\/2018\/10\/bianca-225x300.jpg\" alt=\"\" width=\"225\" height=\"300\" srcset=\"https:\/\/sites.usp.br\/leidq\/wp-content\/uploads\/sites\/425\/2018\/10\/bianca-225x300.jpg 225w, https:\/\/sites.usp.br\/leidq\/wp-content\/uploads\/sites\/425\/2018\/10\/bianca-768x1024.jpg 768w, https:\/\/sites.usp.br\/leidq\/wp-content\/uploads\/sites\/425\/2018\/10\/bianca-400x533.jpg 400w\" sizes=\"auto, (max-width: 225px) 100vw, 225px\" \/><\/a><\/p>\n<p>&nbsp;<\/p>\n<p>&nbsp;<\/p>\n<p>&nbsp;<\/p>\n<p>&nbsp;<\/p>\n<p>&nbsp;<\/p>\n<p>&nbsp;<\/p>\n<p>&nbsp;<\/p>\n<p><strong>Inicia\u00e7\u00e3o Cient\u00edfica<\/strong><\/p>\n<ul>\n<li>Ci\u00eancias criminais aplicadas ao estudo de canabinoides sint\u00e9ticos(2017);<\/li>\n<li>Estudos da toxicidade <em>in silico<\/em> de novas subst\u00e2ncias psicoativas dentro do contexto de redu\u00e7\u00e3o de danos(2018).<\/li>\n<\/ul>\n<h3><strong>Ana Carla de Souza Santos<\/strong><\/h3>\n<p><a href=\"http:\/\/sites.usp.br\/leidq\/wp-content\/uploads\/sites\/425\/2018\/10\/Ana-Carla.jpg\"><img loading=\"lazy\" decoding=\"async\" class=\"alignleft size-medium wp-image-436\" src=\"http:\/\/sites.usp.br\/leidq\/wp-content\/uploads\/sites\/425\/2018\/10\/Ana-Carla-240x300.jpg\" alt=\"\" width=\"240\" height=\"300\" srcset=\"https:\/\/sites.usp.br\/leidq\/wp-content\/uploads\/sites\/425\/2018\/10\/Ana-Carla-240x300.jpg 240w, https:\/\/sites.usp.br\/leidq\/wp-content\/uploads\/sites\/425\/2018\/10\/Ana-Carla.jpg 768w, https:\/\/sites.usp.br\/leidq\/wp-content\/uploads\/sites\/425\/2018\/10\/Ana-Carla-400x500.jpg 400w\" sizes=\"auto, (max-width: 240px) 100vw, 240px\" \/><\/a><\/p>\n<p>&nbsp;<\/p>\n<p>&nbsp;<\/p>\n<p>&nbsp;<\/p>\n<p>&nbsp;<\/p>\n<p>&nbsp;<\/p>\n<p>&nbsp;<\/p>\n<p>&nbsp;<\/p>\n<p><strong>Inicia\u00e7\u00e3o Cient\u00edfica<\/strong><\/p>\n<ul>\n<li>Estudo de confronto bal\u00edstico por meio de imagens de proj\u00e9teis e an\u00e1lise discriminante por m\u00ednimos quadrados parciais(2017);<\/li>\n<\/ul>\n<h3><strong>Vitor Eduardo Narciso dos Reis<\/strong><\/h3>\n<p><a href=\"http:\/\/sites.usp.br\/leidq\/wp-content\/uploads\/sites\/425\/2018\/10\/Vitor-Eduardo.jpg\"><img loading=\"lazy\" decoding=\"async\" class=\"alignleft size-medium wp-image-440\" src=\"http:\/\/sites.usp.br\/leidq\/wp-content\/uploads\/sites\/425\/2018\/10\/Vitor-Eduardo-300x300.jpg\" alt=\"\" width=\"300\" height=\"300\" srcset=\"https:\/\/sites.usp.br\/leidq\/wp-content\/uploads\/sites\/425\/2018\/10\/Vitor-Eduardo-300x300.jpg 300w, https:\/\/sites.usp.br\/leidq\/wp-content\/uploads\/sites\/425\/2018\/10\/Vitor-Eduardo-150x150.jpg 150w, https:\/\/sites.usp.br\/leidq\/wp-content\/uploads\/sites\/425\/2018\/10\/Vitor-Eduardo-768x768.jpg 768w, https:\/\/sites.usp.br\/leidq\/wp-content\/uploads\/sites\/425\/2018\/10\/Vitor-Eduardo-1024x1024.jpg 1024w, https:\/\/sites.usp.br\/leidq\/wp-content\/uploads\/sites\/425\/2018\/10\/Vitor-Eduardo-45x45.jpg 45w, https:\/\/sites.usp.br\/leidq\/wp-content\/uploads\/sites\/425\/2018\/10\/Vitor-Eduardo-200x200.jpg 200w, https:\/\/sites.usp.br\/leidq\/wp-content\/uploads\/sites\/425\/2018\/10\/Vitor-Eduardo-400x400.jpg 400w, https:\/\/sites.usp.br\/leidq\/wp-content\/uploads\/sites\/425\/2018\/10\/Vitor-Eduardo.jpg 1208w\" sizes=\"auto, (max-width: 300px) 100vw, 300px\" \/><\/a><\/p>\n<p>&nbsp;<\/p>\n<p>&nbsp;<\/p>\n<p>&nbsp;<\/p>\n<p>&nbsp;<\/p>\n<p>&nbsp;<\/p>\n<p>&nbsp;<\/p>\n<p>&nbsp;<\/p>\n<p><strong>Inicia\u00e7\u00e3o Cient\u00edfica<\/strong><\/p>\n<ul>\n<li>Desenvolvimento de ferramenta para banco de espectros te\u00f3ricos de drogas de desenho(2017).<\/li>\n<\/ul>\n<h3><strong>Jean Carlos Fernandes<\/strong><\/h3>\n<p><a href=\"http:\/\/sites.usp.br\/leidq\/wp-content\/uploads\/sites\/425\/2018\/10\/Jean.jpg\"><img loading=\"lazy\" decoding=\"async\" class=\"alignleft size-medium wp-image-442\" src=\"http:\/\/sites.usp.br\/leidq\/wp-content\/uploads\/sites\/425\/2018\/10\/Jean-259x300.jpg\" alt=\"\" width=\"259\" height=\"300\" srcset=\"https:\/\/sites.usp.br\/leidq\/wp-content\/uploads\/sites\/425\/2018\/10\/Jean-259x300.jpg 259w, https:\/\/sites.usp.br\/leidq\/wp-content\/uploads\/sites\/425\/2018\/10\/Jean-768x889.jpg 768w, https:\/\/sites.usp.br\/leidq\/wp-content\/uploads\/sites\/425\/2018\/10\/Jean-885x1024.jpg 885w, https:\/\/sites.usp.br\/leidq\/wp-content\/uploads\/sites\/425\/2018\/10\/Jean-400x463.jpg 400w, https:\/\/sites.usp.br\/leidq\/wp-content\/uploads\/sites\/425\/2018\/10\/Jean.jpg 1440w\" sizes=\"auto, (max-width: 259px) 100vw, 259px\" \/><\/a><\/p>\n<p>&nbsp;<\/p>\n<p>&nbsp;<\/p>\n<p>&nbsp;<\/p>\n<p>&nbsp;<\/p>\n<p>&nbsp;<\/p>\n<p>&nbsp;<\/p>\n<p>&nbsp;<\/p>\n<p><strong>Inicia\u00e7\u00e3o Cient\u00edfica<\/strong><\/p>\n<ul>\n<li>C\u00e1lculo de espectros te\u00f3ricos para auxiliar na identifica\u00e7\u00e3o de novas subst\u00e2ncias psicoativas(2017).<\/li>\n<\/ul>\n<h3>Natalia Jacovelli Pedrina<\/h3>\n<p><a href=\"http:\/\/sites.usp.br\/leidq\/wp-content\/uploads\/sites\/425\/2018\/10\/natalia.jpg\"><img loading=\"lazy\" decoding=\"async\" class=\"alignleft wp-image-456 size-medium\" src=\"http:\/\/sites.usp.br\/leidq\/wp-content\/uploads\/sites\/425\/2018\/10\/natalia-276x300.jpg\" alt=\"\" width=\"276\" height=\"300\" srcset=\"https:\/\/sites.usp.br\/leidq\/wp-content\/uploads\/sites\/425\/2018\/10\/natalia-276x300.jpg 276w, https:\/\/sites.usp.br\/leidq\/wp-content\/uploads\/sites\/425\/2018\/10\/natalia-400x434.jpg 400w, https:\/\/sites.usp.br\/leidq\/wp-content\/uploads\/sites\/425\/2018\/10\/natalia.jpg 764w\" sizes=\"auto, (max-width: 276px) 100vw, 276px\" \/><\/a><\/p>\n<p>&nbsp;<\/p>\n<p>&nbsp;<\/p>\n<p>&nbsp;<\/p>\n<p>&nbsp;<\/p>\n<p>&nbsp;<\/p>\n<p>&nbsp;<\/p>\n<p>&nbsp;<\/p>\n<p><strong>Inicia\u00e7\u00e3o cient\u00edfica<\/strong><\/p>\n<ul>\n<li>Estudos te\u00f3ricos dos polisiloles como detectores de material explosivo em per\u00edcia de inc\u00eandio(2015);<\/li>\n<li>Avalia\u00e7\u00e3o te\u00f3rica das cucurbiturilas como detectores de drogas para exames preliminares(2016);<\/li>\n<li>Avalia\u00e7\u00e3o te\u00f3rica das bases de Schiff como detectores de drogas para exames preliminares(2017).<\/li>\n<\/ul>\n<p><strong>Mestrado<\/strong><\/p>\n<ul>\n<li>Estudo te\u00f3rico aplicado \u00e0 nova subst\u00e2ncia psicoativa 5-MAPB(2018).<\/li>\n<\/ul>\n","protected":false},"excerpt":{"rendered":"<p>Aline Thais Bruni Orientadora &nbsp; &nbsp; &nbsp; &nbsp; &nbsp; &nbsp; &nbsp; Bianca Hamanaka &nbsp; &nbsp; &nbsp; &nbsp; &nbsp; &nbsp; &nbsp; Inicia\u00e7\u00e3o Cient\u00edfica Ci\u00eancias criminais aplicadas ao estudo de canabinoides sint\u00e9ticos(2017); Estudos da toxicidade in silico de novas subst\u00e2ncias psicoativas dentro do contexto de redu\u00e7\u00e3o de danos(2018). Ana Carla de Souza Santos &nbsp; &nbsp; &nbsp; &nbsp; [&hellip;]<\/p>\n","protected":false},"author":756,"featured_media":0,"parent":0,"menu_order":0,"comment_status":"closed","ping_status":"closed","template":"","meta":{"footnotes":"","_links_to":"","_links_to_target":""},"class_list":["post-431","page","type-page","status-publish","hentry"],"_links":{"self":[{"href":"https:\/\/sites.usp.br\/leidq\/wp-json\/wp\/v2\/pages\/431","targetHints":{"allow":["GET"]}}],"collection":[{"href":"https:\/\/sites.usp.br\/leidq\/wp-json\/wp\/v2\/pages"}],"about":[{"href":"https:\/\/sites.usp.br\/leidq\/wp-json\/wp\/v2\/types\/page"}],"author":[{"embeddable":true,"href":"https:\/\/sites.usp.br\/leidq\/wp-json\/wp\/v2\/users\/756"}],"replies":[{"embeddable":true,"href":"https:\/\/sites.usp.br\/leidq\/wp-json\/wp\/v2\/comments?post=431"}],"version-history":[{"count":5,"href":"https:\/\/sites.usp.br\/leidq\/wp-json\/wp\/v2\/pages\/431\/revisions"}],"predecessor-version":[{"id":461,"href":"https:\/\/sites.usp.br\/leidq\/wp-json\/wp\/v2\/pages\/431\/revisions\/461"}],"wp:attachment":[{"href":"https:\/\/sites.usp.br\/leidq\/wp-json\/wp\/v2\/media?parent=431"}],"curies":[{"name":"wp","href":"https:\/\/api.w.org\/{rel}","templated":true}]}}