{"id":79,"date":"2018-09-10T19:46:20","date_gmt":"2018-09-10T21:46:20","guid":{"rendered":"http:\/\/sites.usp.br\/leidq\/?page_id=79"},"modified":"2020-08-19T16:44:53","modified_gmt":"2020-08-19T18:44:53","slug":"pagina-inicial","status":"publish","type":"page","link":"https:\/\/sites.usp.br\/leidq\/","title":{"rendered":"Linha de pesquisa"},"content":{"rendered":"<p style=\"text-align: justify;\">Atualmente, um dos grandes desafios das ci\u00eancia forenses \u00e9 lidar com o surgimento de novas subst\u00e2ncias psicoativas conhecidas como drogas de desenho. Estas subst\u00e2ncias s\u00e3o criadas alterando-se a estrutura molecular de uma droga il\u00edcita, com a finalidade de burlar a lei que controla subst\u00e2ncias de uso proscrito, dificultando o processo de identifica\u00e7\u00e3o e caracteriza\u00e7\u00e3o da subst\u00e2ncia dada a velocidade do surgimento, acarretando problemas na valida\u00e7\u00e3o de metodologias experimentais.<br \/>\nComo alternativa \u00e0s metodologias experimentais que s\u00e3o associadas a custos laboratoriais, o Laborat\u00f3rio de Estudos Interdisciplinares Direito\/Qu\u00edmica (LEI-DQ), utiliza uma metodologia <em>in silico<\/em> que re\u00fane recursos computacionais aliados \u00e0 mec\u00e2nica qu\u00e2ntica, tornando capaz a predi\u00e7\u00e3o de espectros no infravermelho, fornecendo informa\u00e7\u00f5es que conferem confiabilidade jur\u00eddica a cerca da droga.<\/p>\n<p>Confira a nossa <a href=\"https:\/\/sites.usp.br\/leidq\/metodologia\/\">metodologia<\/a>.<\/p>\n","protected":false},"excerpt":{"rendered":"<p>Atualmente, um dos grandes desafios das ci\u00eancia forenses \u00e9 lidar com o surgimento de novas subst\u00e2ncias psicoativas conhecidas como drogas de desenho. Estas subst\u00e2ncias s\u00e3o criadas alterando-se a estrutura molecular de uma droga il\u00edcita, com a finalidade de burlar a lei que controla subst\u00e2ncias de uso proscrito, dificultando o processo de identifica\u00e7\u00e3o e caracteriza\u00e7\u00e3o da [&hellip;]<\/p>\n","protected":false},"author":1,"featured_media":0,"parent":0,"menu_order":0,"comment_status":"closed","ping_status":"closed","template":"","meta":{"footnotes":"","_links_to":"","_links_to_target":""},"class_list":["post-79","page","type-page","status-publish","hentry"],"_links":{"self":[{"href":"https:\/\/sites.usp.br\/leidq\/wp-json\/wp\/v2\/pages\/79","targetHints":{"allow":["GET"]}}],"collection":[{"href":"https:\/\/sites.usp.br\/leidq\/wp-json\/wp\/v2\/pages"}],"about":[{"href":"https:\/\/sites.usp.br\/leidq\/wp-json\/wp\/v2\/types\/page"}],"author":[{"embeddable":true,"href":"https:\/\/sites.usp.br\/leidq\/wp-json\/wp\/v2\/users\/1"}],"replies":[{"embeddable":true,"href":"https:\/\/sites.usp.br\/leidq\/wp-json\/wp\/v2\/comments?post=79"}],"version-history":[{"count":5,"href":"https:\/\/sites.usp.br\/leidq\/wp-json\/wp\/v2\/pages\/79\/revisions"}],"predecessor-version":[{"id":584,"href":"https:\/\/sites.usp.br\/leidq\/wp-json\/wp\/v2\/pages\/79\/revisions\/584"}],"wp:attachment":[{"href":"https:\/\/sites.usp.br\/leidq\/wp-json\/wp\/v2\/media?parent=79"}],"curies":[{"name":"wp","href":"https:\/\/api.w.org\/{rel}","templated":true}]}}