{"id":175,"date":"2019-10-17T17:18:43","date_gmt":"2019-10-17T19:18:43","guid":{"rendered":"https:\/\/sites.usp.br\/lem\/?page_id=175"},"modified":"2022-05-24T10:45:17","modified_gmt":"2022-05-24T12:45:17","slug":"atividades","status":"publish","type":"page","link":"https:\/\/sites.usp.br\/lem\/atividades\/","title":{"rendered":"Atividades"},"content":{"rendered":"<p>&nbsp;<\/p>\n<p style=\"text-align: center;\"><span style=\"color: #000000; font-family: arial, helvetica, sans-serif;\"><strong><i>Atividades de Ensino, Pesquisa e Extens\u00e3o<\/i><\/strong><\/span><\/p>\n<p style=\"text-align: center;\"><strong><span style=\"color: #000000;\"><span style=\"font-family: arial, helvetica, sans-serif; font-size: 12pt;\">Gradua\u00e7\u00e3o<\/span><\/span><\/strong><\/p>\n<p style=\"text-align: left;\"><span style=\"font-family: arial, helvetica, sans-serif; font-size: 12pt;\"><strong>Suporte aos trabalhos experimentais das seguintes disciplinas de gradua\u00e7\u00e3o:<br \/>\n<\/strong><\/span><span style=\"font-family: arial, helvetica, sans-serif; font-size: 12pt;\"><br \/>\n&#8220;Complementos de Estruturas de Madeira I&#8221; ( PEF-413 )&#8221;Complementos de Estruturas de Madeira II&#8221; ( PEF-414 )<br \/>\n<\/span><span style=\"font-family: arial, helvetica, sans-serif; font-size: 12pt;\">&#8220;Introdu\u00e7\u00e3o \u00e0 Mec\u00e2nica dos S\u00f3lidos&#8221; ( PEF-2202 )<br \/>\n<\/span><span style=\"font-family: arial, helvetica, sans-serif; font-size: 12pt;\">&#8220;Sistemas Estruturais II&#8221; ( PEF-604 )<\/span><\/p>\n<p style=\"text-align: center;\"><span style=\"font-family: arial, helvetica, sans-serif; font-size: 12pt; color: #000000;\"><b>P\u00f3s-Gradua\u00e7\u00e3o<\/b><\/span><\/p>\n<p><span style=\"font-size: 12pt;\"><span style=\"font-family: arial, helvetica, sans-serif;\"><strong>Suporte aos trabalhos experimentais das seguintes disciplinas de p\u00f3s-gradua\u00e7\u00e3o:<\/strong><br \/>\n<\/span><\/span><span style=\"font-family: arial, helvetica, sans-serif; font-size: 12pt;\"><br \/>\n&#8220;An\u00e1lise Experimental de Estruturas&#8221; ( PEF-5794 )&#8221;An\u00e1lise Experimental de Tens\u00f5es&#8221; ( PEF-5795 )<br \/>\n<\/span><span style=\"font-family: arial, helvetica, sans-serif; font-size: 12pt;\">&#8220;Madeira como Material Estrutural&#8221; ( PEF-5718 )<\/span><\/p>\n<blockquote><p>&nbsp;<\/p><\/blockquote>\n<p style=\"text-align: center;\"><strong><span style=\"font-family: arial, helvetica, sans-serif; font-size: 12pt;\">O LEM vem dando suporte \u00e0s pesquisas desenvolvidas nas especialidades:<\/span><\/strong><\/p>\n<p style=\"text-align: center;\"><span style=\"font-family: arial, helvetica, sans-serif; font-size: 12pt;\"><b>An\u00e1lise experimental de estruturas e novos materiais<\/b><\/span><\/p>\n<p style=\"text-align: center;\"><span style=\"font-family: arial, helvetica, sans-serif; font-size: 12pt;\"><b><span style=\"color: #000000;\">Sistemas estruturais de madeira<\/span><\/b><\/span><\/p>\n<p><span style=\"font-family: arial, helvetica, sans-serif; font-size: 12pt; color: #33cccc;\"><a style=\"color: #33cccc;\" href=\"http:\/\/www.lem.ep.usp.br\/sem\/index.html\">Clique aqui para conhecer a linha de pesquisa em sistemas estruturais de madeira<\/a><\/span><\/p>\n<p style=\"text-align: center;\"><span style=\"font-family: arial, helvetica, sans-serif; font-size: 12pt;\"><b>Sistemas estruturais met\u00e1licos<\/b><\/span><\/p>\n<p><span style=\"font-family: arial, helvetica, sans-serif; font-size: 12pt; color: #33cccc;\"><a style=\"color: #33cccc;\" href=\"https:\/\/sites.usp.br\/lem\/wp-content\/uploads\/sites\/611\/2021\/02\/Fadiga-de-Barras.pdf\" target=\"_blank\" rel=\"noopener noreferrer\">Clique aqui para conhecer os trabalhos de fadiga de barras, cabos e fios de a\u00e7o<\/a><\/span><\/p>\n<p style=\"text-align: center;\"><span style=\"font-family: arial, helvetica, sans-serif; font-size: 12pt;\"><b>Sistemas estruturais de concreto <\/b><b>Sistemas estruturais de materiais compostos<\/b><\/span><\/p>\n<p style=\"text-align: center;\"><b><i><span style=\"font-family: arial, helvetica, sans-serif; font-size: 12pt;\">Monitora\u00e7\u00e3o e seguran\u00e7a de estruturas<\/span><\/i><\/b><\/p>\n<p><span style=\"font-family: arial, helvetica, sans-serif; font-size: 12pt; color: #33cccc;\"><a style=\"color: #33cccc;\" href=\"http:\/\/www.lem.ep.usp.br\/ProcedimentosLEM\/MetodoDiagnPontes.htm\">Clique aqui para conhecer um m\u00e9todo para diagn\u00f3stico de pontes de concreto<\/a><\/span><\/p>\n<p style=\"text-align: center;\"><span style=\"font-family: arial, helvetica, sans-serif; font-size: 12pt;\">\u00a0<strong>Efeito do vento em edifica\u00e7\u00f5es<\/strong><\/span><\/p>\n<p style=\"text-align: center;\"><span style=\"font-family: arial, helvetica, sans-serif; font-size: 12pt;\"><b>Estruturas Oce\u00e2nicas, Umbilicais e Tubos Flex\u00edveis para Produ\u00e7\u00e3o de Petr\u00f3leo no Mar<\/b><\/span><\/p>\n<p><span style=\"font-family: arial, helvetica, sans-serif; font-size: 12pt; color: #33cccc;\"><a style=\"color: #33cccc;\" href=\"https:\/\/sites.usp.br\/lem\/wp-content\/uploads\/sites\/611\/2021\/02\/Apresentacao-Bancadas.pdf\" target=\"_blank\" rel=\"noopener noreferrer\">Clique aqui para conhecer as bancadas de ensaios de umbilicais e tubos flex\u00edveis<\/a><\/span><\/p>\n<p style=\"text-align: center;\"><span style=\"font-family: arial, helvetica, sans-serif; font-size: 10pt;\"><b><span style=\"font-size: 12pt;\">Estudos de Fotoelasticidade<\/span><\/b><\/span><\/p>\n<p style=\"text-align: center;\"><span style=\"font-family: arial, helvetica, sans-serif; font-size: 12pt;\"><b>Estudos de fraturamento do concreto<\/b><\/span><\/p>\n<blockquote><p><span style=\"font-family: Tahoma;\"><span style=\"font-size: 12pt;\"><b><span style=\"font-family: arial, helvetica, sans-serif;\">Sr. Professor:<span style=\"color: #33cccc;\"> <a style=\"color: #33cccc;\" href=\"https:\/\/sites.usp.br\/lem\/wp-content\/uploads\/sites\/611\/2022\/05\/Ordem-de-Servico.doc\">Ordem de Servi\u00e7o<\/a><\/span><\/span><\/b><\/span><span style=\"font-family: arial, helvetica, sans-serif; font-size: 12pt; color: #33cccc;\">\u00a0<\/span><span style=\"font-family: arial, helvetica, sans-serif; font-size: 10pt;\"><span style=\"font-size: 12pt;\">para obter informa\u00e7\u00f5es sobre como executar trabalhos no \u00e2mbito do LEM e fazer o download da Ordem de Servi\u00e7o<\/span>. <\/span><\/span><\/p><\/blockquote>\n<p style=\"text-align: center;\"><span style=\"font-size: 12pt;\"><strong><span style=\"font-family: arial, helvetica, sans-serif; color: #000000;\">O LEM vem prestando servi\u00e7os nas 3 \u00e1reas de investiga\u00e7\u00e3o experimental de estruturas:<\/span><\/strong><\/span><\/p>\n<p style=\"text-align: center;\"><span style=\"font-size: 12pt;\"><b>Investiga\u00e7\u00e3o de modelos reduzidos<\/b><\/span><\/p>\n<p style=\"background: white; margin: 0cm 0cm 18.0pt 0cm;\"><span style=\"font-size: 12pt; font-family: Arial, sans-serif; color: #141412;\">Nesta divis\u00e3o s\u00e3o prestados servi\u00e7os que exigem desenvolvimento de modelos f\u00edsicos para o entendimento dos comportamentos estruturais. Neste sentido s\u00e3o abordadas investiga\u00e7\u00f5es em : t\u00fanel de vento de camada limite, an\u00e1lise de tens\u00f5es por meio da fotoelasticidade de reflex\u00e3o, modelos reduzidos de microconcreto, modelos reduzidos de estruturas de madeira, etc.<\/span><\/p>\n<p style=\"text-align: center; background: white; margin: 0cm 0cm 18.0pt 0cm;\" align=\"center\"><b><i><span style=\"font-family: 'Arial','sans-serif'; color: #141412;\">Investiga\u00e7\u00e3o do comportamento de materiais estruturais<\/span><\/i><\/b><\/p>\n<p style=\"background: white; margin: 0cm 0cm 18.0pt 0cm;\"><span style=\"font-size: 12pt; font-family: Arial, sans-serif; color: black;\">Nesta divis\u00e3o s\u00e3o investigados os materiais estruturais por meio de ensaios est\u00e1ticos e din\u00e2micos, ensaios espec\u00edficos tais como fadiga e flu\u00eancia.<\/span><\/p>\n<p style=\"text-align: center; background: white; margin: 0cm 0cm 18.0pt 0cm;\" align=\"center\"><b><i><span style=\"font-family: 'Arial','sans-serif'; color: #141412;\">Investiga\u00e7\u00e3o de estruturas<\/span><\/i><\/b><\/p>\n<p style=\"background: white; margin: 0cm 0cm 18.0pt 0cm;\"><span style=\"font-size: 12pt;\"><span style=\"font-family: Arial, sans-serif; color: #141412;\">Nesta divis\u00e3o s\u00e3o estudados os comportamentos das estruturas em campo ou em pe\u00e7as estruturais no laborat\u00f3rio. Os ensaios dizem respeito \u00e0 monitora\u00e7\u00e3o e provas de carga de pontes<\/span><span style=\"font-family: 'Source Sans Pro','sans-serif'; color: #141412;\">,\u00a0<\/span><span style=\"font-family: Arial, sans-serif; color: #141412;\">est\u00e1dios de futebol<\/span><span style=\"font-family: Arial, sans-serif;\">, edifica\u00e7\u00f5es industriais,\u00a0tubos flex\u00edveis, umbilicais, submarinos, vasos de press\u00e3o<\/span><span style=\"font-family: 'Source Sans Pro','sans-serif';\">,\u00a0<\/span><a href=\"about:blank\"><span style=\"font-family: Arial, sans-serif; color: windowtext;\">barras, cabos e fios de a\u00e7o<\/span><\/a><span style=\"font-family: 'Source Sans Pro','sans-serif';\">,\u00a0<\/span><span style=\"font-family: Arial, sans-serif;\">etc.<\/span><\/span><\/p>\n<p>&nbsp;<\/p>\n<div id=\"icpbravoaccess_loaded\"><\/div>\n<div id=\"icpbravoaccess_loaded\"><\/div>\n<div id=\"icpbravoaccess_loaded\"><\/div>\n<div id=\"icpbravoaccess_loaded\"><\/div>\n<div id=\"icpbravoaccess_loaded\"><\/div>\n<div id=\"icpbravoaccess_loaded\"><\/div>\n","protected":false},"excerpt":{"rendered":"<p>&nbsp; Atividades de Ensino, Pesquisa e Extens\u00e3o Gradua\u00e7\u00e3o Suporte aos trabalhos experimentais das seguintes disciplinas de gradua\u00e7\u00e3o: &#8220;Complementos de Estruturas de Madeira I&#8221; ( PEF-413 )&#8221;Complementos de Estruturas de Madeira II&#8221; ( PEF-414 ) &#8220;Introdu\u00e7\u00e3o \u00e0 Mec\u00e2nica dos S\u00f3lidos&#8221; ( PEF-2202 ) &#8220;Sistemas Estruturais II&#8221; ( PEF-604 ) P\u00f3s-Gradua\u00e7\u00e3o Suporte aos trabalhos experimentais das seguintes [&hellip;]<\/p>\n","protected":false},"author":1197,"featured_media":0,"parent":0,"menu_order":0,"comment_status":"closed","ping_status":"closed","template":"","meta":{"footnotes":"","_links_to":"","_links_to_target":""},"class_list":["post-175","page","type-page","status-publish","hentry"],"_links":{"self":[{"href":"https:\/\/sites.usp.br\/lem\/wp-json\/wp\/v2\/pages\/175","targetHints":{"allow":["GET"]}}],"collection":[{"href":"https:\/\/sites.usp.br\/lem\/wp-json\/wp\/v2\/pages"}],"about":[{"href":"https:\/\/sites.usp.br\/lem\/wp-json\/wp\/v2\/types\/page"}],"author":[{"embeddable":true,"href":"https:\/\/sites.usp.br\/lem\/wp-json\/wp\/v2\/users\/1197"}],"replies":[{"embeddable":true,"href":"https:\/\/sites.usp.br\/lem\/wp-json\/wp\/v2\/comments?post=175"}],"version-history":[{"count":4,"href":"https:\/\/sites.usp.br\/lem\/wp-json\/wp\/v2\/pages\/175\/revisions"}],"predecessor-version":[{"id":323,"href":"https:\/\/sites.usp.br\/lem\/wp-json\/wp\/v2\/pages\/175\/revisions\/323"}],"wp:attachment":[{"href":"https:\/\/sites.usp.br\/lem\/wp-json\/wp\/v2\/media?parent=175"}],"curies":[{"name":"wp","href":"https:\/\/api.w.org\/{rel}","templated":true}]}}