{"id":195,"date":"2019-10-18T15:26:51","date_gmt":"2019-10-18T17:26:51","guid":{"rendered":"https:\/\/sites.usp.br\/lem\/?page_id=195"},"modified":"2021-02-06T02:10:53","modified_gmt":"2021-02-06T04:10:53","slug":"disciplinas","status":"publish","type":"page","link":"https:\/\/sites.usp.br\/lem\/disciplinas\/","title":{"rendered":"Disciplinas"},"content":{"rendered":"<p>&nbsp;<\/p>\n<p style=\"text-align: center;\"><span style=\"color: #000000; font-family: arial, helvetica, sans-serif;\"><strong>Disciplinas<\/strong><\/span><\/p>\n<p style=\"text-align: center;\"><span style=\"font-family: arial, helvetica, sans-serif;\"><strong>Cursos de Gradua\u00e7\u00e3o Apoiados<\/strong><\/span><\/p>\n<p><span style=\"font-family: arial, helvetica, sans-serif; color: #33cccc;\"><a style=\"color: #33cccc;\" href=\"http:\/\/www.lem.ep.usp.br\/pef215\/index.html\">PEF 215 &#8211; RESIST\u00caNCIA DOS MATERIAIS<\/a><br \/>\n<\/span><span style=\"font-family: arial, helvetica, sans-serif; color: #33cccc;\"><a style=\"color: #33cccc;\" href=\"http:\/\/www.lem.ep.usp.br\/pef2307\/index.html\">PEF 2307 &#8211; RESIST\u00caNCIA DOS MATERIAIS<\/a><br \/>\n<\/span><span style=\"font-family: Tahoma;\">PEF 2303 &#8211; Estruturas de Concreto I<\/span><\/p>\n<p><span style=\"font-family: Tahoma;\"><a href=\"http:\/\/www.lem.ep.usp.br\/pef2304\/index.html\">PEF 2304 &#8211; ESTRUTURAS DE CONCRETO II<\/a><\/span><\/p>\n<p><span style=\"font-family: Tahoma;\"><a href=\"http:\/\/www.lem.ep.usp.br\/pef2308\/index.htm\">PEF 2308 &#8211; Fundamentos de Mec\u00e2nica das Estruturas<\/a><\/span><\/p>\n<p><span style=\"font-family: Tahoma;\"><a href=\"http:\/\/www.lem.ep.usp.br\/pef2309\/index.htm\">PEF 2309 &#8211; Fundamentos de Mec\u00e2nica das Estruturas<\/a><\/span><\/p>\n<p><span style=\"font-family: Tahoma;\">PEF 317 &#8211; Estruturas de Concreto III<\/span><\/p>\n<p><span style=\"font-family: Tahoma;\"><a href=\"pef2402\/index.html\">PEF 2402 (PEF 405) &#8211; ESTRUTURAS MET\u00c1LICAS E DE MADEIRA<\/a><\/span><\/p>\n<p><span style=\"font-family: Tahoma;\"><a href=\"http:\/\/www.lem.ep.usp.br\/Pef411\/pef411_intro.htm\" target=\"_top\" rel=\"noopener noreferrer\">PEF411 &#8211; ENGENHARIA DE SOFTWARE APLICADA \u00c0 ENGENHARIA DE ESTRUTURAS<\/a><\/span><\/p>\n<p><span style=\"font-family: Tahoma;\"><a href=\"http:\/\/www.lem.ep.usp.br\/pef415\/\">PEF 415 &#8211; Madeiras<\/a><\/span><\/p>\n<p><span style=\"font-family: Tahoma;\"><a href=\"http:\/\/www.lem.ep.usp.br\/pef418\/index.html\">PEF 2506 &#8211; PROJETO DE ESTRUTURAS MAR\u00cdTIMAS<\/a><\/span><\/p>\n<p><span style=\"font-family: Tahoma;\">PEF 419 &#8211; Pontes<\/span><\/p>\n<p><span style=\"font-family: Tahoma;\"><a href=\"http:\/\/www.lem.ep.usp.br\/pef604\/index.html\">PEF604 &#8211; SISTEMAS ESTRUTURAIS II (ALUNOS DA FAU)<\/a><\/span><\/p>\n<p><span style=\"font-family: Tahoma;\"><a href=\"http:\/\/www.lem.ep.usp.br\/pef605\/index.html\" target=\"_top\" rel=\"noopener noreferrer\">PEF605 &#8211; ESTRUTURAS DE CONCRETO ARMADO (ALUNOS DA FAU)<\/a><\/span><\/p>\n<p><span style=\"font-family: Tahoma;\"><a href=\"http:\/\/www.lem.ep.usp.br\/pef2202\/index.html\">PEF 2202 -INTRODU\u00c7\u00c3O \u00c0 MEC\u00c2NICA DOS S\u00d3LIDOS<\/a><\/span><\/p>\n<p><strong><em>Cursos de P\u00f3s-Gradua\u00e7\u00e3o Apoiados<\/em><\/strong><\/p>\n<p><span style=\"font-family: Tahoma;\"><a href=\"http:\/\/www.lem.ep.usp.br\/pef5794\/\">PEF 5794 &#8211; An\u00e1lise Experimental de Estruturas<\/a><\/span><\/p>\n<p><span style=\"font-family: Tahoma;\"><a href=\"http:\/\/www.lem.ep.usp.br\/pef5003\/\">PEF 5003 &#8211; An\u00e1lise Experimental de Tens\u00f5es<\/a><\/span><\/p>\n<p><span style=\"font-family: Tahoma;\"><a href=\"http:\/\/www.lem.ep.usp.br\/pef5718\/\">PEF 5718 &#8211; Madeira como Material Estrutural<\/a><\/span><\/p>\n<p><span style=\"font-family: Tahoma;\">PEF 5729 &#8211; Projeto Estrutural de Reservat\u00f3rio e Vasos de Press\u00e3o<\/span><\/p>\n<p><span style=\"font-family: Tahoma;\">PEF 5730 &#8211; Pontes Celulares de Concreto<\/span><\/p>\n<p><span style=\"font-family: Tahoma;\"><a href=\"http:\/\/www.lem.ep.usp.br\/pef5736\/\">PEF 5736 &#8211; Aspectos Tecnol\u00f3gicos de Materiais Estruturais<\/a><\/span><\/p>\n<p><span style=\"font-family: Tahoma;\">PEF 5723 &#8211; An\u00e1lise Din\u00e2mica Estoc\u00e1stica de Estruturas sob A\u00e7\u00e3o do Vento<\/span><\/p>\n<p><span style=\"font-family: Tahoma;\"><a href=\"http:\/\/www.lem.ep.usp.br\/es018\/\">ES 018 &#8211; Dimensionamento de Estruturas de Madeira<\/a><\/span><\/p>\n<p><span style=\"font-family: Tahoma;\"><a href=\"http:\/\/www.lem.ep.usp.br\/es019\/\">ES 019 &#8211; Projeto de Estruturas de Madeira<\/a><\/span><\/p>\n<div id=\"icpbravoaccess_loaded\"><\/div>\n<div id=\"icpbravoaccess_loaded\"><\/div>\n","protected":false},"excerpt":{"rendered":"<p>&nbsp; Disciplinas Cursos de Gradua\u00e7\u00e3o Apoiados PEF 215 &#8211; RESIST\u00caNCIA DOS MATERIAIS PEF 2307 &#8211; RESIST\u00caNCIA DOS MATERIAIS PEF 2303 &#8211; Estruturas de Concreto I PEF 2304 &#8211; ESTRUTURAS DE CONCRETO II PEF 2308 &#8211; Fundamentos de Mec\u00e2nica das Estruturas PEF 2309 &#8211; Fundamentos de Mec\u00e2nica das Estruturas PEF 317 &#8211; Estruturas de Concreto III [&hellip;]<\/p>\n","protected":false},"author":1197,"featured_media":0,"parent":0,"menu_order":0,"comment_status":"closed","ping_status":"closed","template":"","meta":{"footnotes":"","_links_to":"","_links_to_target":""},"class_list":["post-195","page","type-page","status-publish","hentry"],"_links":{"self":[{"href":"https:\/\/sites.usp.br\/lem\/wp-json\/wp\/v2\/pages\/195","targetHints":{"allow":["GET"]}}],"collection":[{"href":"https:\/\/sites.usp.br\/lem\/wp-json\/wp\/v2\/pages"}],"about":[{"href":"https:\/\/sites.usp.br\/lem\/wp-json\/wp\/v2\/types\/page"}],"author":[{"embeddable":true,"href":"https:\/\/sites.usp.br\/lem\/wp-json\/wp\/v2\/users\/1197"}],"replies":[{"embeddable":true,"href":"https:\/\/sites.usp.br\/lem\/wp-json\/wp\/v2\/comments?post=195"}],"version-history":[{"count":4,"href":"https:\/\/sites.usp.br\/lem\/wp-json\/wp\/v2\/pages\/195\/revisions"}],"predecessor-version":[{"id":303,"href":"https:\/\/sites.usp.br\/lem\/wp-json\/wp\/v2\/pages\/195\/revisions\/303"}],"wp:attachment":[{"href":"https:\/\/sites.usp.br\/lem\/wp-json\/wp\/v2\/media?parent=195"}],"curies":[{"name":"wp","href":"https:\/\/api.w.org\/{rel}","templated":true}]}}