{"id":62,"date":"2014-02-12T11:28:30","date_gmt":"2014-02-12T13:28:30","guid":{"rendered":"http:\/\/sites.usp.br\/lem\/?page_id=62"},"modified":"2021-02-06T02:00:40","modified_gmt":"2021-02-06T04:00:40","slug":"pagina-1","status":"publish","type":"page","link":"https:\/\/sites.usp.br\/lem\/pagina-1\/","title":{"rendered":"P\u00e1gina 1"},"content":{"rendered":"<p>&nbsp;<\/p>\n<p style=\"text-align: center;\"><strong><span style=\"font-family: arial, helvetica, sans-serif; color: #000000; font-size: 14pt;\">Informa\u00e7\u00f5es Gerais<\/span><\/strong><\/p>\n<p style=\"text-align: center;\"><strong><span style=\"font-family: arial, helvetica, sans-serif; color: #000000;\">As atividades desenvolvidas no LEM podem ser agrupadas nas seguintes \u00e1reas:<\/span><\/strong><\/p>\n<p><span style=\"font-family: Tahoma; color: #000000;\">\u00a0<span style=\"font-family: arial, helvetica, sans-serif;\">Investiga\u00e7\u00e3o de modelos reduzidos;<\/span><\/span><br \/>\n<span style=\"font-family: arial, helvetica, sans-serif; color: #000000;\">\u00a0Investiga\u00e7\u00e3o do comportamento de materiais estruturais;<\/span><br \/>\n<span style=\"font-family: arial, helvetica, sans-serif; color: #000000;\">\u00a0Investiga\u00e7\u00e3o de estruturas;<\/span><br \/>\n<span style=\"font-family: arial, helvetica, sans-serif; color: #000000;\">\u00a0Monitora\u00e7\u00e3o e seguran\u00e7a de estruturas.<\/span><\/p>\n<p style=\"text-align: center;\"><span style=\"color: #000000;\"><strong><span style=\"font-family: arial, helvetica, sans-serif; font-size: 12pt;\">Estrutura F\u00edsica \/ Instala\u00e7\u00f5es \/ Equipamentos<\/span><\/strong><\/span><\/p>\n<p><span style=\"font-family: arial, helvetica, sans-serif; color: #000000;\">O laborat\u00f3rio est\u00e1 instalado em dois ambientes do Hall Tecnol\u00f3gico do Pr\u00e9dio da Engenharia Civil da EPUSP em uma \u00e1rea total de 2.700 m2, ambos para ensaios de materiais e de elementos estruturais, situados no piso t\u00e9rreo e no mezanino, possuindo as divis\u00f5es de din\u00e2mica das estruturas, de m\u00e9todos \u00f3pticos e a divis\u00e3o de ensaios e monitora\u00e7\u00e3o de estruturas, que d\u00e3o apoio as linhas de pesquisa de sistemas estruturais de concreto, a\u00e7o, madeira, alvenaria e novos materiais.<br \/>\n<\/span><span style=\"font-family: arial, helvetica, sans-serif; color: #000000;\">No mezanino encontram-se 13 salas para pesquisadores e alunos de p\u00f3s-gradua\u00e7\u00e3o, uma secretaria t\u00e9cnica e uma secretaria administrativa, uma sala de reuni\u00f5es, uma sala de aula espec\u00edfica para an\u00e1lise experimental, um sal\u00e3o para ensaios est\u00e1ticos e din\u00e2micos em modelos reduzidos, um sal\u00e3o para alunos de gradua\u00e7\u00e3o.<br \/>\n<\/span><span style=\"font-family: arial, helvetica, sans-serif; color: #000000;\">No piso t\u00e9rreo, em \u00e1rea de 2.500 m2, o LEM disp\u00f5e de um infra-estrutura de ensaios mec\u00e2nicos composta por uma laje de rea\u00e7\u00e3o com capacidade de ensaios de at\u00e9 10 MN, dois quadros met\u00e1licos para ensaios com capacidade de at\u00e9 3.000 kN; uma bancada horizontal para ensaios com capacidade de at\u00e9 8.000 kN; tr\u00eas sistemas de ensaios mec\u00e2nicos equipados para ensaios din\u00e2micos (DARTEC e WPM) e est\u00e1ticos (LYNX-LEM), com capacidades de 250 kN e 3.000 kN, respectivamente. Os tr\u00eas equipamentos s\u00e3o providos de servosistemas, controlados por microcomputadores, que permitem a realiza\u00e7\u00e3o de ensaios com deforma\u00e7\u00e3o ou tens\u00e3o controlada, al\u00e9m de permitirem ensaios com carregamentos c\u00edclicos em freq\u00fc\u00eancias de at\u00e9 300 Hz. Um dos sistemas \u00e9 constitu\u00eddo por uma plataforma m\u00f3vel, que pode ser deslocada para ensaios de campo de vibra\u00e7\u00f5es for\u00e7adas, com capacidade m\u00e1xima de 250 kN e freq\u00fc\u00eancias de at\u00e9 20 Hz. O sistema DARTEC tamb\u00e9m est\u00e1 equipado com acess\u00f3rios para ensaios de Mec\u00e2nica do Fraturamento. Todos os tr\u00eas sistemas est\u00e3o conectados \u00e0 rede do LEM, podendo transferir dados para todas as plataformas de pesquisa no \u00e2mbito do LEM.<br \/>\n<\/span><span style=\"font-family: arial, helvetica, sans-serif; color: #000000;\">Para o desenvolvimento das pesquisas o laborat\u00f3rio possui 3 oficinas de apoio, sendo uma oficina mec\u00e2nica, uma carpintaria e uma oficina para fabrica\u00e7\u00e3o de modelos reduzidos.<br \/>\n<\/span><span style=\"font-family: arial, helvetica, sans-serif; color: #000000;\">O laborat\u00f3rio est\u00e1 equipado com um t\u00fanel de vento de camada limite, com c\u00e2mara de ensaios de 60cm X 60 cm e capacidade para ensaios com velocidades de at\u00e9 20 m\/s, com moderno sistema de aquisi\u00e7\u00e3o e controle de dados StreamLine, marca DANTEC, monitorado por microcomputador.<br \/>\n<\/span><span style=\"font-family: arial, helvetica, sans-serif; color: #000000;\">A divis\u00e3o de ensaios M\u00e9todos \u00d3pticos do laborat\u00f3rio est\u00e1 montada em uma sala de 50 m2, equipada com dois polar\u00edmetros para fotoelasticidade de reflex\u00e3o e fotoelasticidade de transmiss\u00e3o, al\u00e9m de acess\u00f3rios para fabrica\u00e7\u00e3o de pel\u00edculas fotoel\u00e1sticas a partir de pl\u00e1sticos nacionais, assim com c\u00e2mara fotogr\u00e1fica digital para tratamento de imagens fotoel\u00e1sticas e franjas de moir\u00e9.<br \/>\n<\/span><span style=\"font-family: arial, helvetica, sans-serif; color: #000000;\">Para aquisi\u00e7\u00e3o e controle de dados o LEM est\u00e1 equipado com modernos sensores (aceler\u00f4metros, servo-aceler\u00f4metros, transdutores de deslocamentos) e condicionadores de sinais, baseados em uma plataforma de microcomputadores (desktop e notebook), gerenciados por programas de aquisi\u00e7\u00e3o, an\u00e1lise e controle de dados, que permitem a realiza\u00e7\u00e3o de ensaios de campo de estruturas submetidas a a\u00e7\u00f5es din\u00e2micas onde s\u00e3o avaliadas diferentes propriedades de interesse tais como crit\u00e9rios de conforto, por exemplo.<\/span><\/p>\n<p>&nbsp;<\/p>\n<div id=\"icpbravoaccess_loaded\"><\/div>\n","protected":false},"excerpt":{"rendered":"<p>&nbsp; Informa\u00e7\u00f5es Gerais As atividades desenvolvidas no LEM podem ser agrupadas nas seguintes \u00e1reas: \u00a0Investiga\u00e7\u00e3o de modelos reduzidos; \u00a0Investiga\u00e7\u00e3o do comportamento de materiais estruturais; \u00a0Investiga\u00e7\u00e3o de estruturas; \u00a0Monitora\u00e7\u00e3o e seguran\u00e7a de estruturas. Estrutura F\u00edsica \/ Instala\u00e7\u00f5es \/ Equipamentos O laborat\u00f3rio est\u00e1 instalado em dois ambientes do Hall Tecnol\u00f3gico do Pr\u00e9dio da Engenharia Civil da EPUSP [&hellip;]<\/p>\n","protected":false},"author":1,"featured_media":0,"parent":0,"menu_order":0,"comment_status":"closed","ping_status":"closed","template":"","meta":{"footnotes":"","_links_to":"","_links_to_target":""},"class_list":["post-62","page","type-page","status-publish","hentry"],"_links":{"self":[{"href":"https:\/\/sites.usp.br\/lem\/wp-json\/wp\/v2\/pages\/62","targetHints":{"allow":["GET"]}}],"collection":[{"href":"https:\/\/sites.usp.br\/lem\/wp-json\/wp\/v2\/pages"}],"about":[{"href":"https:\/\/sites.usp.br\/lem\/wp-json\/wp\/v2\/types\/page"}],"author":[{"embeddable":true,"href":"https:\/\/sites.usp.br\/lem\/wp-json\/wp\/v2\/users\/1"}],"replies":[{"embeddable":true,"href":"https:\/\/sites.usp.br\/lem\/wp-json\/wp\/v2\/comments?post=62"}],"version-history":[{"count":4,"href":"https:\/\/sites.usp.br\/lem\/wp-json\/wp\/v2\/pages\/62\/revisions"}],"predecessor-version":[{"id":296,"href":"https:\/\/sites.usp.br\/lem\/wp-json\/wp\/v2\/pages\/62\/revisions\/296"}],"wp:attachment":[{"href":"https:\/\/sites.usp.br\/lem\/wp-json\/wp\/v2\/media?parent=62"}],"curies":[{"name":"wp","href":"https:\/\/api.w.org\/{rel}","templated":true}]}}