{"id":607,"date":"2021-08-27T23:38:33","date_gmt":"2021-08-28T01:38:33","guid":{"rendered":"https:\/\/sites.usp.br\/lemmcbeta\/?page_id=607"},"modified":"2021-11-19T12:31:23","modified_gmt":"2021-11-19T14:31:23","slug":"pagina-inicial","status":"publish","type":"page","link":"https:\/\/sites.usp.br\/lemmcbeta\/","title":{"rendered":"P\u00e1gina Inicial"},"content":{"rendered":"\t\t<div data-elementor-type=\"wp-page\" data-elementor-id=\"607\" class=\"elementor elementor-607\" data-elementor-post-type=\"page\">\n\t\t\t\t\t\t<section class=\"elementor-section elementor-top-section elementor-element elementor-element-d1cbeb9 elementor-section-boxed elementor-section-height-default elementor-section-height-default\" data-id=\"d1cbeb9\" data-element_type=\"section\">\n\t\t\t\t\t\t<div class=\"elementor-container elementor-column-gap-default\">\n\t\t\t\t\t<div class=\"elementor-column elementor-col-100 elementor-top-column elementor-element elementor-element-5a04997\" data-id=\"5a04997\" data-element_type=\"column\">\n\t\t\t<div class=\"elementor-widget-wrap elementor-element-populated\">\n\t\t\t\t\t\t<div class=\"elementor-element elementor-element-d029d6b elementor-widget elementor-widget-heading\" data-id=\"d029d6b\" data-element_type=\"widget\" data-widget_type=\"heading.default\">\n\t\t\t\t<div class=\"elementor-widget-container\">\n\t\t\t<h2 class=\"elementor-heading-title elementor-size-default\">LABORAT\u00d3RIO DE ESTUDOS DOS MECANISMOS DE MORTE DA C\u00c9LULA \u03b2 - LEMMC\u03b2 <\/h2>\t\t<\/div>\n\t\t\t\t<\/div>\n\t\t\t\t\t<\/div>\n\t\t<\/div>\n\t\t\t\t\t<\/div>\n\t\t<\/section>\n\t\t\t\t<section class=\"elementor-section elementor-top-section elementor-element elementor-element-e852fd4 elementor-section-boxed elementor-section-height-default elementor-section-height-default\" data-id=\"e852fd4\" data-element_type=\"section\">\n\t\t\t\t\t\t<div class=\"elementor-container elementor-column-gap-default\">\n\t\t\t\t\t<div class=\"elementor-column elementor-col-100 elementor-top-column elementor-element elementor-element-d620ae4\" data-id=\"d620ae4\" data-element_type=\"column\">\n\t\t\t<div class=\"elementor-widget-wrap elementor-element-populated\">\n\t\t\t\t\t\t<div class=\"elementor-element elementor-element-24f98c3 elementor-flip-box--direction-down elementor-flip-box--effect-flip elementor-widget elementor-widget-flip-box\" data-id=\"24f98c3\" data-element_type=\"widget\" data-widget_type=\"flip-box.default\">\n\t\t\t\t<div class=\"elementor-widget-container\">\n\t\t\t\t\t<div class=\"elementor-flip-box\" tabindex=\"0\">\n\t\t\t<div class=\"elementor-flip-box__layer elementor-flip-box__front\">\n\t\t\t\t<div class=\"elementor-flip-box__layer__overlay\">\n\t\t\t\t\t<div class=\"elementor-flip-box__layer__inner\">\n\t\t\t\t\t\t\t\t\t\t\t\t\t<div class=\"elementor-icon-wrapper elementor-view-default\">\n\t\t\t\t\t\t\t\t<div class=\"elementor-icon\">\n\t\t\t\t\t\t\t\t\t<i class=\"fas fa-chart-pie\"><\/i>\t\t\t\t\t\t\t\t<\/div>\n\t\t\t\t\t\t\t<\/div>\n\t\t\t\t\t\t\n\t\t\t\t\t\t\t\t\t\t\t\t\t<h3 class=\"elementor-flip-box__layer__title\">\n\t\t\t\t\t\t\t\tOBJETIVO \t\t\t\t\t\t\t<\/h3>\n\t\t\t\t\t\t\n\t\t\t\t\t\t\t\t\t\t\t<\/div>\n\t\t\t\t<\/div>\n\t\t\t<\/div>\n\t\t\t<div class=\"elementor-flip-box__layer elementor-flip-box__back\">\n\t\t\t<div class=\"elementor-flip-box__layer__overlay\">\n\t\t\t\t<div class=\"elementor-flip-box__layer__inner\">\n\t\t\t\t\t\n\t\t\t\t\t\t\t\t\t\t\t<div class=\"elementor-flip-box__layer__description\">\n\t\t\t\t\t\t\tUtilizar o conhecimento dos mecanismos moleculares de disfun\u00e7\u00e3o e morte da c\u00e9lula \u03b2 no desenvolvimento de estrat\u00e9gias que permitam a preven\u00e7\u00e3o e destrui\u00e7\u00e3o delas durante a insulite e tamb\u00e9m ap\u00f3s o transplante de ilhotas de Langerhans em modelos cl\u00ednicos da doen\u00e7a e posteriormente em pacientes. \t\t\t\t\t\t<\/div>\n\t\t\t\t\t\n\t\t\t\t\t\t\t\t\t\t\t<a class=\"elementor-flip-box__button elementor-button elementor-size-sm\" href=\"https:\/\/sites.usp.br\/lemmcbeta\/linha-de-pesquisa\/\">\n\t\t\t\t\t\t\tCONHE\u00c7A NOSSAS LINHAS DE PESQUISA \t\t\t\t\t\t<\/a>\n\t\t\t\t\t\t\t\t<\/div>\n\t\t<\/div>\n\t\t<\/div>\n\t\t<\/div>\n\t\t\t\t<\/div>\n\t\t\t\t<\/div>\n\t\t\t\t\t<\/div>\n\t\t<\/div>\n\t\t\t\t\t<\/div>\n\t\t<\/section>\n\t\t\t\t<section class=\"elementor-section elementor-top-section elementor-element elementor-element-6ceb50b elementor-section-boxed elementor-section-height-default elementor-section-height-default\" data-id=\"6ceb50b\" data-element_type=\"section\">\n\t\t\t\t\t\t<div class=\"elementor-container elementor-column-gap-default\">\n\t\t\t\t\t<div class=\"elementor-column elementor-col-100 elementor-top-column elementor-element elementor-element-b2f091f\" data-id=\"b2f091f\" data-element_type=\"column\">\n\t\t\t<div class=\"elementor-widget-wrap elementor-element-populated\">\n\t\t\t\t\t\t<div class=\"elementor-element elementor-element-48029f2 elementor-widget elementor-widget-spacer\" data-id=\"48029f2\" data-element_type=\"widget\" data-widget_type=\"spacer.default\">\n\t\t\t\t<div class=\"elementor-widget-container\">\n\t\t\t\t\t<div class=\"elementor-spacer\">\n\t\t\t<div class=\"elementor-spacer-inner\"><\/div>\n\t\t<\/div>\n\t\t\t\t<\/div>\n\t\t\t\t<\/div>\n\t\t\t\t\t<\/div>\n\t\t<\/div>\n\t\t\t\t\t<\/div>\n\t\t<\/section>\n\t\t\t\t<section class=\"elementor-section elementor-top-section elementor-element elementor-element-9b83da8 elementor-section-boxed elementor-section-height-default elementor-section-height-default\" data-id=\"9b83da8\" data-element_type=\"section\">\n\t\t\t\t\t\t<div class=\"elementor-container elementor-column-gap-default\">\n\t\t\t\t\t<div class=\"elementor-column elementor-col-50 elementor-top-column elementor-element elementor-element-2605aa5\" data-id=\"2605aa5\" data-element_type=\"column\" data-settings=\"{&quot;background_background&quot;:&quot;classic&quot;}\">\n\t\t\t<div class=\"elementor-widget-wrap elementor-element-populated\">\n\t\t\t\t\t\t<div class=\"elementor-element elementor-element-9dfa424 elementor-widget-divider--view-line elementor-widget elementor-widget-divider\" data-id=\"9dfa424\" data-element_type=\"widget\" data-widget_type=\"divider.default\">\n\t\t\t\t<div class=\"elementor-widget-container\">\n\t\t\t\t\t<div class=\"elementor-divider\">\n\t\t\t<span class=\"elementor-divider-separator\">\n\t\t\t\t\t\t<\/span>\n\t\t<\/div>\n\t\t\t\t<\/div>\n\t\t\t\t<\/div>\n\t\t\t\t<div class=\"elementor-element elementor-element-c8120ae elementor-widget elementor-widget-text-editor\" data-id=\"c8120ae\" data-element_type=\"widget\" data-widget_type=\"text-editor.default\">\n\t\t\t\t<div class=\"elementor-widget-container\">\n\t\t\t\t\t\t\t<p><span style=\"font-weight: 400;\">O Laborat\u00f3rio de Estudos dos Mecanismos de Morte da C\u00e9lula \u03b2 busca elucidar os mecanismos moleculares envolvidos na indu\u00e7\u00e3o da morte e disfun\u00e7\u00e3o de c\u00e9lulas beta pancre\u00e1ticas que levam ao desenvolvimento do Diabetes <\/span><i><span style=\"font-weight: 400;\">mellitus<\/span><\/i><span style=\"font-weight: 400;\">. Essas c\u00e9lulas s\u00e3o respons\u00e1veis pela produ\u00e7\u00e3o da insulina, o horm\u00f4nio hipoglicemiante, dessa forma, sua disfun\u00e7\u00e3o ou morte acarreta na hiperglicemia cr\u00f4nica observada no Diabetes <\/span><i><span style=\"font-weight: 400;\">mellitus<\/span><\/i><span style=\"font-weight: 400;\">.<\/span><\/p><p><span style=\"font-weight: 400;\">Atualmente investigamos os mecanismos moleculares que culminam da disfun\u00e7\u00e3o e morte desta c\u00e9lula principalmente em modelos de Diabetes <\/span><i><span style=\"font-weight: 400;\">mellitus<\/span><\/i><span style=\"font-weight: 400;\"> do tipo 1, com \u00eanfase no papel do fator de transcri\u00e7\u00e3o HNF-4\u0251 e das enzimas da fam\u00edlia das NADPH oxidases. Al\u00e9m disso, avaliamos os mecanismos envolvidos no efeito ben\u00e9fico do exerc\u00edcio f\u00edsico na prote\u00e7\u00e3o de c\u00e9lulas beta em modelo de Diabetes <\/span><i><span style=\"font-weight: 400;\">mellitus<\/span><\/i><span style=\"font-weight: 400;\"> do tipo 1.<\/span><\/p><p><span style=\"font-weight: 400;\">Um melhor entendimento dessas vias possibilita o uso desse conhecimento no desenvolvimento de estrat\u00e9gias que permitam a preven\u00e7\u00e3o da destrui\u00e7\u00e3o das c\u00e9lulas beta durante a insulite e tamb\u00e9m ap\u00f3s o transplante de ilhotas de Langerhans em modelos cl\u00ednicos da doen\u00e7a e posteriormente em pacientes. <\/span><\/p>\t\t\t\t\t\t<\/div>\n\t\t\t\t<\/div>\n\t\t\t\t<div class=\"elementor-element elementor-element-5796280 elementor-widget elementor-widget-image\" data-id=\"5796280\" data-element_type=\"widget\" data-widget_type=\"image.default\">\n\t\t\t\t<div class=\"elementor-widget-container\">\n\t\t\t\t\t\t\t\t\t\t\t\t\t<img decoding=\"async\" src=\"https:\/\/sites.usp.br\/lemmcbeta\/wp-content\/uploads\/sites\/991\/2021\/10\/Design-sem-nome.png\" title=\"Design sem nome\" alt=\"Design sem nome\" loading=\"lazy\" \/>\t\t\t\t\t\t\t\t\t\t\t\t\t<\/div>\n\t\t\t\t<\/div>\n\t\t\t\t\t<\/div>\n\t\t<\/div>\n\t\t\t\t<div class=\"elementor-column elementor-col-50 elementor-top-column elementor-element elementor-element-bca1904\" data-id=\"bca1904\" data-element_type=\"column\" data-settings=\"{&quot;background_background&quot;:&quot;classic&quot;}\">\n\t\t\t<div class=\"elementor-widget-wrap elementor-element-populated\">\n\t\t\t\t\t\t<div class=\"elementor-element elementor-element-50fb757 elementor-widget elementor-widget-image\" data-id=\"50fb757\" data-element_type=\"widget\" data-widget_type=\"image.default\">\n\t\t\t\t<div class=\"elementor-widget-container\">\n\t\t\t\t\t\t\t\t\t\t\t\t\t<img fetchpriority=\"high\" decoding=\"async\" width=\"640\" height=\"473\" src=\"https:\/\/sites.usp.br\/lemmcbeta\/wp-content\/uploads\/sites\/991\/2021\/10\/Figura-home-v2.png\" class=\"attachment-medium_large size-medium_large wp-image-1112\" alt=\"\" srcset=\"https:\/\/sites.usp.br\/lemmcbeta\/wp-content\/uploads\/sites\/991\/2021\/10\/Figura-home-v2.png 720w, https:\/\/sites.usp.br\/lemmcbeta\/wp-content\/uploads\/sites\/991\/2021\/10\/Figura-home-v2-300x222.png 300w, https:\/\/sites.usp.br\/lemmcbeta\/wp-content\/uploads\/sites\/991\/2021\/10\/Figura-home-v2-80x60.png 80w, https:\/\/sites.usp.br\/lemmcbeta\/wp-content\/uploads\/sites\/991\/2021\/10\/Figura-home-v2-400x296.png 400w\" sizes=\"(max-width: 640px) 100vw, 640px\" \/>\t\t\t\t\t\t\t\t\t\t\t\t\t<\/div>\n\t\t\t\t<\/div>\n\t\t\t\t<div class=\"elementor-element elementor-element-d2647a7 elementor-widget elementor-widget-text-editor\" data-id=\"d2647a7\" data-element_type=\"widget\" data-widget_type=\"text-editor.default\">\n\t\t\t\t<div class=\"elementor-widget-container\">\n\t\t\t\t\t\t\t<p><span style=\"font-weight: 400;\">Imunofluoresc\u00eancia para identifica\u00e7\u00e3o de c\u00e9lulas positivas para insulina (c\u00e9lulas \u03b2 pancre\u00e1ticas) em ilhotas de animal controle (esquerda) ou diab\u00e9tico (direita). Insulina em verde (Alexa Fluor 488) e n\u00facleos em azul (DAPI). Aumento original 40X <\/span><\/p>\t\t\t\t\t\t<\/div>\n\t\t\t\t<\/div>\n\t\t\t\t\t<\/div>\n\t\t<\/div>\n\t\t\t\t\t<\/div>\n\t\t<\/section>\n\t\t\t\t<section class=\"elementor-section elementor-top-section elementor-element elementor-element-c254d7d elementor-section-height-min-height elementor-section-boxed elementor-section-height-default elementor-section-items-middle\" data-id=\"c254d7d\" data-element_type=\"section\">\n\t\t\t\t\t\t<div class=\"elementor-container elementor-column-gap-default\">\n\t\t\t\t\t<div class=\"elementor-column elementor-col-100 elementor-top-column elementor-element elementor-element-55e27ad\" data-id=\"55e27ad\" data-element_type=\"column\">\n\t\t\t<div class=\"elementor-widget-wrap elementor-element-populated\">\n\t\t\t\t\t\t<div class=\"elementor-element elementor-element-242c916 elementor--h-position-center elementor--v-position-middle elementor-arrows-position-inside elementor-widget elementor-widget-slides\" data-id=\"242c916\" data-element_type=\"widget\" data-settings=\"{&quot;navigation&quot;:&quot;arrows&quot;,&quot;autoplay&quot;:&quot;yes&quot;,&quot;pause_on_hover&quot;:&quot;yes&quot;,&quot;pause_on_interaction&quot;:&quot;yes&quot;,&quot;autoplay_speed&quot;:5000,&quot;infinite&quot;:&quot;yes&quot;,&quot;transition&quot;:&quot;slide&quot;,&quot;transition_speed&quot;:500}\" data-widget_type=\"slides.default\">\n\t\t\t\t<div class=\"elementor-widget-container\">\n\t\t\t\t\t<div class=\"elementor-swiper\">\n\t\t\t<div class=\"elementor-slides-wrapper elementor-main-swiper swiper\" dir=\"ltr\" data-animation=\"fadeInUp\">\n\t\t\t\t<div class=\"swiper-wrapper elementor-slides\">\n\t\t\t\t\t\t\t\t\t\t<div class=\"elementor-repeater-item-28dbfd5 swiper-slide\"><div class=\"swiper-slide-bg\" role=\"img\"><\/div><div class=\"swiper-slide-inner\" ><div class=\"swiper-slide-contents\"><div class=\"elementor-slide-heading\">ENTENDA A DIABETES <\/div><div class=\"elementor-slide-description\">Voc\u00ea sabe as principais informa\u00e7\u00f5es sobre a Diabetes <i>mellitus<\/i>? <\/div><a href=\"https:\/\/sites.usp.br\/lemmcbeta\/entendendo-o-diabetes\/\" class=\"elementor-button elementor-slide-button elementor-size-sm\">SAIBA MAIS <\/a><\/div><\/div><\/div><div class=\"elementor-repeater-item-288f39d swiper-slide\"><div class=\"swiper-slide-bg\" role=\"img\"><\/div><div class=\"swiper-slide-inner\" ><div class=\"swiper-slide-contents\"><div class=\"elementor-slide-heading\">CONHE\u00c7A A NOSSA EQUIPE <\/div><div class=\"elementor-slide-description\">Saiba quem s\u00e3o os membros atuais e ex-participantes do LEMMC\u03b2 <\/div><a href=\"https:\/\/sites.usp.br\/lemmcbeta\/equipe\/\" class=\"elementor-button elementor-slide-button elementor-size-sm\">SAIBA MAIS <\/a><\/div><\/div><\/div><div class=\"elementor-repeater-item-9c96f33 swiper-slide\"><div class=\"swiper-slide-bg\" role=\"img\"><\/div><div class=\"swiper-slide-inner\" ><div class=\"swiper-slide-contents\"><div class=\"elementor-slide-heading\">ATIVIDADES DO GRUPO <\/div><div class=\"elementor-slide-description\">Fique por dentro dos principais eventos do grupo <\/div><a href=\"https:\/\/sites.usp.br\/lemmcbeta\/atividades-do-grupo\/\" class=\"elementor-button elementor-slide-button elementor-size-sm\">SAIBA MAIS <\/a><\/div><\/div><\/div>\t\t\t\t<\/div>\n\t\t\t\t\t\t\t\t\t\t\t\t\t\t\t\t\t\t\t\t<div class=\"elementor-swiper-button elementor-swiper-button-prev\" role=\"button\" tabindex=\"0\">\n\t\t\t\t\t\t\t<i aria-hidden=\"true\" class=\"eicon-chevron-left\"><\/i>\t\t\t\t\t\t\t<span class=\"elementor-screen-only\">Previous slide<\/span>\n\t\t\t\t\t\t<\/div>\n\t\t\t\t\t\t<div class=\"elementor-swiper-button elementor-swiper-button-next\" role=\"button\" tabindex=\"0\">\n\t\t\t\t\t\t\t<i aria-hidden=\"true\" class=\"eicon-chevron-right\"><\/i>\t\t\t\t\t\t\t<span class=\"elementor-screen-only\">Next slide<\/span>\n\t\t\t\t\t\t<\/div>\n\t\t\t\t\t\t\t\t\t\t\t\t<\/div>\n\t\t<\/div>\n\t\t\t\t<\/div>\n\t\t\t\t<\/div>\n\t\t\t\t\t<\/div>\n\t\t<\/div>\n\t\t\t\t\t<\/div>\n\t\t<\/section>\n\t\t\t\t<section class=\"elementor-section elementor-top-section elementor-element elementor-element-3e9f556 elementor-section-boxed elementor-section-height-default elementor-section-height-default\" data-id=\"3e9f556\" data-element_type=\"section\">\n\t\t\t\t\t\t<div class=\"elementor-container elementor-column-gap-default\">\n\t\t\t\t\t<div class=\"elementor-column elementor-col-100 elementor-top-column elementor-element elementor-element-e4ea88e\" data-id=\"e4ea88e\" data-element_type=\"column\">\n\t\t\t<div class=\"elementor-widget-wrap elementor-element-populated\">\n\t\t\t\t\t\t<div class=\"elementor-element elementor-element-27a315f elementor-widget elementor-widget-spacer\" data-id=\"27a315f\" data-element_type=\"widget\" data-widget_type=\"spacer.default\">\n\t\t\t\t<div class=\"elementor-widget-container\">\n\t\t\t\t\t<div class=\"elementor-spacer\">\n\t\t\t<div class=\"elementor-spacer-inner\"><\/div>\n\t\t<\/div>\n\t\t\t\t<\/div>\n\t\t\t\t<\/div>\n\t\t\t\t\t<\/div>\n\t\t<\/div>\n\t\t\t\t\t<\/div>\n\t\t<\/section>\n\t\t\t\t<\/div>\n\t\t","protected":false},"excerpt":{"rendered":"<p>LABORAT\u00d3RIO DE ESTUDOS DOS MECANISMOS DE MORTE DA C\u00c9LULA \u03b2 &#8211; LEMMC\u03b2 OBJETIVO Utilizar o conhecimento dos mecanismos moleculares de disfun\u00e7\u00e3o e morte da c\u00e9lula \u03b2 no desenvolvimento de estrat\u00e9gias que permitam a preven\u00e7\u00e3o e destrui\u00e7\u00e3o delas durante a insulite e tamb\u00e9m ap\u00f3s o transplante de ilhotas de Langerhans em modelos cl\u00ednicos da doen\u00e7a e<a href=\"https:\/\/sites.usp.br\/lemmcbeta\/\">[&#8230;]<\/a><\/p>\n","protected":false},"author":22523,"featured_media":0,"parent":0,"menu_order":0,"comment_status":"closed","ping_status":"closed","template":"elementor_header_footer","meta":{"footnotes":"","_links_to":"","_links_to_target":""},"class_list":["post-607","page","type-page","status-publish","hentry"],"_links":{"self":[{"href":"https:\/\/sites.usp.br\/lemmcbeta\/wp-json\/wp\/v2\/pages\/607","targetHints":{"allow":["GET"]}}],"collection":[{"href":"https:\/\/sites.usp.br\/lemmcbeta\/wp-json\/wp\/v2\/pages"}],"about":[{"href":"https:\/\/sites.usp.br\/lemmcbeta\/wp-json\/wp\/v2\/types\/page"}],"author":[{"embeddable":true,"href":"https:\/\/sites.usp.br\/lemmcbeta\/wp-json\/wp\/v2\/users\/22523"}],"replies":[{"embeddable":true,"href":"https:\/\/sites.usp.br\/lemmcbeta\/wp-json\/wp\/v2\/comments?post=607"}],"version-history":[{"count":4,"href":"https:\/\/sites.usp.br\/lemmcbeta\/wp-json\/wp\/v2\/pages\/607\/revisions"}],"predecessor-version":[{"id":1779,"href":"https:\/\/sites.usp.br\/lemmcbeta\/wp-json\/wp\/v2\/pages\/607\/revisions\/1779"}],"wp:attachment":[{"href":"https:\/\/sites.usp.br\/lemmcbeta\/wp-json\/wp\/v2\/media?parent=607"}],"curies":[{"name":"wp","href":"https:\/\/api.w.org\/{rel}","templated":true}]}}