{"id":626,"date":"2021-08-30T14:18:47","date_gmt":"2021-08-30T16:18:47","guid":{"rendered":"https:\/\/sites.usp.br\/lemmcbeta\/?page_id=626"},"modified":"2021-11-18T17:01:41","modified_gmt":"2021-11-18T19:01:41","slug":"atividades-do-grupo","status":"publish","type":"page","link":"https:\/\/sites.usp.br\/lemmcbeta\/atividades-do-grupo\/","title":{"rendered":"Atividades do Grupo"},"content":{"rendered":"\t\t<div data-elementor-type=\"wp-page\" data-elementor-id=\"626\" class=\"elementor elementor-626\" data-elementor-post-type=\"page\">\n\t\t\t\t\t\t<section class=\"elementor-section elementor-top-section elementor-element elementor-element-081c431 elementor-section-boxed elementor-section-height-default elementor-section-height-default\" data-id=\"081c431\" data-element_type=\"section\">\n\t\t\t\t\t\t<div class=\"elementor-container elementor-column-gap-default\">\n\t\t\t\t\t<div class=\"elementor-column elementor-col-100 elementor-top-column elementor-element elementor-element-52c0de2\" data-id=\"52c0de2\" data-element_type=\"column\">\n\t\t\t<div class=\"elementor-widget-wrap elementor-element-populated\">\n\t\t\t\t\t\t<div class=\"elementor-element elementor-element-b944e88 elementor-widget elementor-widget-heading\" data-id=\"b944e88\" data-element_type=\"widget\" data-widget_type=\"heading.default\">\n\t\t\t\t<div class=\"elementor-widget-container\">\n\t\t\t<h2 class=\"elementor-heading-title elementor-size-default\">Atividades do Grupo <\/h2>\t\t<\/div>\n\t\t\t\t<\/div>\n\t\t\t\t\t<\/div>\n\t\t<\/div>\n\t\t\t\t\t<\/div>\n\t\t<\/section>\n\t\t\t\t<section class=\"elementor-section elementor-top-section elementor-element elementor-element-d28f7da elementor-section-boxed elementor-section-height-default elementor-section-height-default\" data-id=\"d28f7da\" data-element_type=\"section\">\n\t\t\t\t\t\t<div class=\"elementor-container elementor-column-gap-default\">\n\t\t\t\t\t<div class=\"elementor-column elementor-col-50 elementor-top-column elementor-element elementor-element-75dd538\" data-id=\"75dd538\" data-element_type=\"column\">\n\t\t\t<div class=\"elementor-widget-wrap elementor-element-populated\">\n\t\t\t\t\t\t<div class=\"elementor-element elementor-element-ceb328e elementor-widget elementor-widget-image\" data-id=\"ceb328e\" data-element_type=\"widget\" data-widget_type=\"image.default\">\n\t\t\t\t<div class=\"elementor-widget-container\">\n\t\t\t\t\t\t\t\t\t\t\t\t\t\t<a href=\"https:\/\/sites.usp.br\/lemmcbeta\/wp-content\/uploads\/sites\/991\/2021\/08\/foto1.png\" data-elementor-open-lightbox=\"yes\" data-elementor-lightbox-title=\"Porta decorada para o Natal\" data-e-action-hash=\"#elementor-action%3Aaction%3Dlightbox%26settings%3DeyJpZCI6NjM5LCJ1cmwiOiJodHRwczpcL1wvc2l0ZXMudXNwLmJyXC9sZW1tY2JldGFcL3dwLWNvbnRlbnRcL3VwbG9hZHNcL3NpdGVzXC85OTFcLzIwMjFcLzA4XC9mb3RvMS5wbmcifQ%3D%3D\">\n\t\t\t\t\t\t\t<img fetchpriority=\"high\" decoding=\"async\" width=\"252\" height=\"300\" src=\"https:\/\/sites.usp.br\/lemmcbeta\/wp-content\/uploads\/sites\/991\/2021\/08\/foto1-252x300.png\" class=\"attachment-medium size-medium wp-image-639\" alt=\"\" srcset=\"https:\/\/sites.usp.br\/lemmcbeta\/wp-content\/uploads\/sites\/991\/2021\/08\/foto1-252x300.png 252w, https:\/\/sites.usp.br\/lemmcbeta\/wp-content\/uploads\/sites\/991\/2021\/08\/foto1.png 283w\" sizes=\"(max-width: 252px) 100vw, 252px\" \/>\t\t\t\t\t\t\t\t<\/a>\n\t\t\t\t\t\t\t\t\t\t\t\t\t<\/div>\n\t\t\t\t<\/div>\n\t\t\t\t\t<\/div>\n\t\t<\/div>\n\t\t\t\t<div class=\"elementor-column elementor-col-50 elementor-top-column elementor-element elementor-element-543169e\" data-id=\"543169e\" data-element_type=\"column\" data-settings=\"{&quot;background_background&quot;:&quot;classic&quot;}\">\n\t\t\t<div class=\"elementor-widget-wrap elementor-element-populated\">\n\t\t\t\t\t\t<div class=\"elementor-element elementor-element-1bb8dc6 elementor-widget-divider--view-line_text elementor-widget-divider--element-align-center elementor-widget elementor-widget-divider\" data-id=\"1bb8dc6\" data-element_type=\"widget\" data-widget_type=\"divider.default\">\n\t\t\t\t<div class=\"elementor-widget-container\">\n\t\t\t\t\t<div class=\"elementor-divider\">\n\t\t\t<span class=\"elementor-divider-separator\">\n\t\t\t\t\t\t\t<span class=\"elementor-divider__text elementor-divider__element\">\n\t\t\t\tNatal \t\t\t\t<\/span>\n\t\t\t\t\t\t<\/span>\n\t\t<\/div>\n\t\t\t\t<\/div>\n\t\t\t\t<\/div>\n\t\t\t\t<div class=\"elementor-element elementor-element-a9fa92c elementor-view-default elementor-widget elementor-widget-icon\" data-id=\"a9fa92c\" data-element_type=\"widget\" data-widget_type=\"icon.default\">\n\t\t\t\t<div class=\"elementor-widget-container\">\n\t\t\t\t\t<div class=\"elementor-icon-wrapper\">\n\t\t\t<div class=\"elementor-icon\">\n\t\t\t<i aria-hidden=\"true\" class=\"fas fa-tree\"><\/i>\t\t\t<\/div>\n\t\t<\/div>\n\t\t\t\t<\/div>\n\t\t\t\t<\/div>\n\t\t\t\t<div class=\"elementor-element elementor-element-3586394 elementor-widget elementor-widget-text-editor\" data-id=\"3586394\" data-element_type=\"widget\" data-widget_type=\"text-editor.default\">\n\t\t\t\t<div class=\"elementor-widget-container\">\n\t\t\t\t\t\t\t<p>Porta decorada para o Natal no Laborat\u00f3rio de Estudos dos Mecanismos de Morte da C\u00e9lula \u03b2 (LEMMC\u03b2) em 2019 <\/span><\/p>\t\t\t\t\t\t<\/div>\n\t\t\t\t<\/div>\n\t\t\t\t\t<\/div>\n\t\t<\/div>\n\t\t\t\t\t<\/div>\n\t\t<\/section>\n\t\t\t\t<section class=\"elementor-section elementor-top-section elementor-element elementor-element-2b6fc6c elementor-hidden-mobile elementor-section-boxed elementor-section-height-default elementor-section-height-default\" data-id=\"2b6fc6c\" data-element_type=\"section\">\n\t\t\t\t\t\t<div class=\"elementor-container elementor-column-gap-default\">\n\t\t\t\t\t<div class=\"elementor-column elementor-col-50 elementor-top-column elementor-element elementor-element-6f8e534\" data-id=\"6f8e534\" data-element_type=\"column\" data-settings=\"{&quot;background_background&quot;:&quot;classic&quot;}\">\n\t\t\t<div class=\"elementor-widget-wrap elementor-element-populated\">\n\t\t\t\t\t\t<div class=\"elementor-element elementor-element-c1c0834 elementor-widget-divider--view-line_text elementor-widget-divider--element-align-center elementor-widget elementor-widget-divider\" data-id=\"c1c0834\" data-element_type=\"widget\" data-widget_type=\"divider.default\">\n\t\t\t\t<div class=\"elementor-widget-container\">\n\t\t\t\t\t<div class=\"elementor-divider\">\n\t\t\t<span class=\"elementor-divider-separator\">\n\t\t\t\t\t\t\t<span class=\"elementor-divider__text elementor-divider__element\">\n\t\t\t\tDefesa \t\t\t\t<\/span>\n\t\t\t\t\t\t<\/span>\n\t\t<\/div>\n\t\t\t\t<\/div>\n\t\t\t\t<\/div>\n\t\t\t\t<div class=\"elementor-element elementor-element-3894913 elementor-view-default elementor-widget elementor-widget-icon\" data-id=\"3894913\" data-element_type=\"widget\" data-widget_type=\"icon.default\">\n\t\t\t\t<div class=\"elementor-widget-container\">\n\t\t\t\t\t<div class=\"elementor-icon-wrapper\">\n\t\t\t<div class=\"elementor-icon\">\n\t\t\t<i aria-hidden=\"true\" class=\"fas fa-graduation-cap\"><\/i>\t\t\t<\/div>\n\t\t<\/div>\n\t\t\t\t<\/div>\n\t\t\t\t<\/div>\n\t\t\t\t<div class=\"elementor-element elementor-element-cc56f6b elementor-widget elementor-widget-text-editor\" data-id=\"cc56f6b\" data-element_type=\"widget\" data-widget_type=\"text-editor.default\">\n\t\t\t\t<div class=\"elementor-widget-container\">\n\t\t\t\t\t\t\t<p>Defesa de mestrado do Angelo Gustavo di Stefano para o &#8220;Papel do HFN4<span style=\"font-weight: 400;\">\u03b1 na morte das c\u00e9lulas \u03b2 pancre\u00e1ticas induzida por citocinas pr\u00f3-inflamat\u00f3rias&#8221; em 2020 <\/span><\/p>\t\t\t\t\t\t<\/div>\n\t\t\t\t<\/div>\n\t\t\t\t\t<\/div>\n\t\t<\/div>\n\t\t\t\t<div class=\"elementor-column elementor-col-50 elementor-top-column elementor-element elementor-element-57705ce\" data-id=\"57705ce\" data-element_type=\"column\">\n\t\t\t<div class=\"elementor-widget-wrap elementor-element-populated\">\n\t\t\t\t\t\t<div class=\"elementor-element elementor-element-f375f7e elementor-widget elementor-widget-image\" data-id=\"f375f7e\" data-element_type=\"widget\" data-widget_type=\"image.default\">\n\t\t\t\t<div class=\"elementor-widget-container\">\n\t\t\t\t\t\t\t\t\t\t\t\t\t\t<a href=\"https:\/\/sites.usp.br\/lemmcbeta\/wp-content\/uploads\/sites\/991\/2021\/08\/foto2.png\" data-elementor-open-lightbox=\"yes\" data-elementor-lightbox-title=\"Defesa do Angelo\" data-e-action-hash=\"#elementor-action%3Aaction%3Dlightbox%26settings%3DeyJpZCI6NjQwLCJ1cmwiOiJodHRwczpcL1wvc2l0ZXMudXNwLmJyXC9sZW1tY2JldGFcL3dwLWNvbnRlbnRcL3VwbG9hZHNcL3NpdGVzXC85OTFcLzIwMjFcLzA4XC9mb3RvMi5wbmcifQ%3D%3D\">\n\t\t\t\t\t\t\t<img decoding=\"async\" width=\"300\" height=\"241\" src=\"https:\/\/sites.usp.br\/lemmcbeta\/wp-content\/uploads\/sites\/991\/2021\/08\/foto2-300x241.png\" class=\"attachment-medium size-medium wp-image-640\" alt=\"\" srcset=\"https:\/\/sites.usp.br\/lemmcbeta\/wp-content\/uploads\/sites\/991\/2021\/08\/foto2-300x241.png 300w, https:\/\/sites.usp.br\/lemmcbeta\/wp-content\/uploads\/sites\/991\/2021\/08\/foto2-400x321.png 400w, https:\/\/sites.usp.br\/lemmcbeta\/wp-content\/uploads\/sites\/991\/2021\/08\/foto2.png 482w\" sizes=\"(max-width: 300px) 100vw, 300px\" \/>\t\t\t\t\t\t\t\t<\/a>\n\t\t\t\t\t\t\t\t\t\t\t\t\t<\/div>\n\t\t\t\t<\/div>\n\t\t\t\t\t<\/div>\n\t\t<\/div>\n\t\t\t\t\t<\/div>\n\t\t<\/section>\n\t\t\t\t<section class=\"elementor-section elementor-top-section elementor-element elementor-element-5d31ae2 elementor-hidden-desktop elementor-hidden-tablet elementor-section-boxed elementor-section-height-default elementor-section-height-default\" data-id=\"5d31ae2\" data-element_type=\"section\">\n\t\t\t\t\t\t<div class=\"elementor-container elementor-column-gap-default\">\n\t\t\t\t\t<div class=\"elementor-column elementor-col-50 elementor-top-column elementor-element elementor-element-d0170d1\" data-id=\"d0170d1\" data-element_type=\"column\">\n\t\t\t<div class=\"elementor-widget-wrap elementor-element-populated\">\n\t\t\t\t\t\t<div class=\"elementor-element elementor-element-3b071c2 elementor-widget elementor-widget-image\" data-id=\"3b071c2\" data-element_type=\"widget\" data-widget_type=\"image.default\">\n\t\t\t\t<div class=\"elementor-widget-container\">\n\t\t\t\t\t\t\t\t\t\t\t\t\t\t<a href=\"https:\/\/sites.usp.br\/lemmcbeta\/wp-content\/uploads\/sites\/991\/2021\/08\/foto2.png\" data-elementor-open-lightbox=\"yes\" data-elementor-lightbox-title=\"Defesa do Angelo\" data-e-action-hash=\"#elementor-action%3Aaction%3Dlightbox%26settings%3DeyJpZCI6NjQwLCJ1cmwiOiJodHRwczpcL1wvc2l0ZXMudXNwLmJyXC9sZW1tY2JldGFcL3dwLWNvbnRlbnRcL3VwbG9hZHNcL3NpdGVzXC85OTFcLzIwMjFcLzA4XC9mb3RvMi5wbmcifQ%3D%3D\">\n\t\t\t\t\t\t\t<img decoding=\"async\" width=\"300\" height=\"241\" src=\"https:\/\/sites.usp.br\/lemmcbeta\/wp-content\/uploads\/sites\/991\/2021\/08\/foto2-300x241.png\" class=\"attachment-medium size-medium wp-image-640\" alt=\"\" srcset=\"https:\/\/sites.usp.br\/lemmcbeta\/wp-content\/uploads\/sites\/991\/2021\/08\/foto2-300x241.png 300w, https:\/\/sites.usp.br\/lemmcbeta\/wp-content\/uploads\/sites\/991\/2021\/08\/foto2-400x321.png 400w, https:\/\/sites.usp.br\/lemmcbeta\/wp-content\/uploads\/sites\/991\/2021\/08\/foto2.png 482w\" sizes=\"(max-width: 300px) 100vw, 300px\" \/>\t\t\t\t\t\t\t\t<\/a>\n\t\t\t\t\t\t\t\t\t\t\t\t\t<\/div>\n\t\t\t\t<\/div>\n\t\t\t\t\t<\/div>\n\t\t<\/div>\n\t\t\t\t<div class=\"elementor-column elementor-col-50 elementor-top-column elementor-element elementor-element-1bfe0a8\" data-id=\"1bfe0a8\" data-element_type=\"column\" data-settings=\"{&quot;background_background&quot;:&quot;classic&quot;}\">\n\t\t\t<div class=\"elementor-widget-wrap elementor-element-populated\">\n\t\t\t\t\t\t<div class=\"elementor-element elementor-element-a4b665c elementor-widget-divider--view-line_text elementor-widget-divider--element-align-center elementor-widget elementor-widget-divider\" data-id=\"a4b665c\" data-element_type=\"widget\" data-widget_type=\"divider.default\">\n\t\t\t\t<div class=\"elementor-widget-container\">\n\t\t\t\t\t<div class=\"elementor-divider\">\n\t\t\t<span class=\"elementor-divider-separator\">\n\t\t\t\t\t\t\t<span class=\"elementor-divider__text elementor-divider__element\">\n\t\t\t\tDefesa \t\t\t\t<\/span>\n\t\t\t\t\t\t<\/span>\n\t\t<\/div>\n\t\t\t\t<\/div>\n\t\t\t\t<\/div>\n\t\t\t\t<div class=\"elementor-element elementor-element-a448ac3 elementor-view-default elementor-widget elementor-widget-icon\" data-id=\"a448ac3\" data-element_type=\"widget\" data-widget_type=\"icon.default\">\n\t\t\t\t<div class=\"elementor-widget-container\">\n\t\t\t\t\t<div class=\"elementor-icon-wrapper\">\n\t\t\t<div class=\"elementor-icon\">\n\t\t\t<i aria-hidden=\"true\" class=\"fas fa-graduation-cap\"><\/i>\t\t\t<\/div>\n\t\t<\/div>\n\t\t\t\t<\/div>\n\t\t\t\t<\/div>\n\t\t\t\t<div class=\"elementor-element elementor-element-f8e38bf elementor-widget elementor-widget-text-editor\" data-id=\"f8e38bf\" data-element_type=\"widget\" data-widget_type=\"text-editor.default\">\n\t\t\t\t<div class=\"elementor-widget-container\">\n\t\t\t\t\t\t\t<p>Defesa de mestrado do Angelo Gustavo di Stefano para o &#8220;Papel do HFN4<span style=\"font-weight: 400;\">\u03b1 na morte das c\u00e9lulas \u03b2 pancre\u00e1ticas induzida por citocinas pr\u00f3-inflamat\u00f3rias&#8221; em 2020 <\/span><\/p>\t\t\t\t\t\t<\/div>\n\t\t\t\t<\/div>\n\t\t\t\t\t<\/div>\n\t\t<\/div>\n\t\t\t\t\t<\/div>\n\t\t<\/section>\n\t\t\t\t<section class=\"elementor-section elementor-top-section elementor-element elementor-element-5382bf8 elementor-section-boxed elementor-section-height-default elementor-section-height-default\" data-id=\"5382bf8\" data-element_type=\"section\">\n\t\t\t\t\t\t<div class=\"elementor-container elementor-column-gap-default\">\n\t\t\t\t\t<div class=\"elementor-column elementor-col-50 elementor-top-column elementor-element elementor-element-251d188\" data-id=\"251d188\" data-element_type=\"column\">\n\t\t\t<div class=\"elementor-widget-wrap elementor-element-populated\">\n\t\t\t\t\t\t<div class=\"elementor-element elementor-element-9096873 elementor-arrows-position-inside elementor-widget elementor-widget-image-carousel\" data-id=\"9096873\" data-element_type=\"widget\" data-settings=\"{&quot;slides_to_show&quot;:&quot;1&quot;,&quot;navigation&quot;:&quot;arrows&quot;,&quot;autoplay&quot;:&quot;yes&quot;,&quot;pause_on_hover&quot;:&quot;yes&quot;,&quot;pause_on_interaction&quot;:&quot;yes&quot;,&quot;autoplay_speed&quot;:5000,&quot;infinite&quot;:&quot;yes&quot;,&quot;effect&quot;:&quot;slide&quot;,&quot;speed&quot;:500}\" data-widget_type=\"image-carousel.default\">\n\t\t\t\t<div class=\"elementor-widget-container\">\n\t\t\t\t\t<div class=\"elementor-image-carousel-wrapper swiper\" dir=\"ltr\">\n\t\t\t<div class=\"elementor-image-carousel swiper-wrapper\" aria-live=\"off\">\n\t\t\t\t\t\t\t\t<div class=\"swiper-slide\" role=\"group\" aria-roledescription=\"slide\" aria-label=\"1 de 3\"><a data-elementor-open-lightbox=\"yes\" data-elementor-lightbox-slideshow=\"9096873\" data-elementor-lightbox-title=\"foto3\" data-e-action-hash=\"#elementor-action%3Aaction%3Dlightbox%26settings%3DeyJpZCI6NjQxLCJ1cmwiOiJodHRwczpcL1wvc2l0ZXMudXNwLmJyXC9sZW1tY2JldGFcL3dwLWNvbnRlbnRcL3VwbG9hZHNcL3NpdGVzXC85OTFcLzIwMjFcLzA4XC9mb3RvMy5wbmciLCJzbGlkZXNob3ciOiI5MDk2ODczIn0%3D\" href=\"https:\/\/sites.usp.br\/lemmcbeta\/wp-content\/uploads\/sites\/991\/2021\/08\/foto3.png\"><figure class=\"swiper-slide-inner\"><img decoding=\"async\" class=\"swiper-slide-image\" src=\"https:\/\/sites.usp.br\/lemmcbeta\/wp-content\/uploads\/sites\/991\/2021\/08\/foto3-300x238.png\" alt=\"foto3\" \/><\/figure><\/a><\/div><div class=\"swiper-slide\" role=\"group\" aria-roledescription=\"slide\" aria-label=\"2 de 3\"><a data-elementor-open-lightbox=\"yes\" data-elementor-lightbox-slideshow=\"9096873\" data-elementor-lightbox-title=\"foto4\" data-e-action-hash=\"#elementor-action%3Aaction%3Dlightbox%26settings%3DeyJpZCI6NjQyLCJ1cmwiOiJodHRwczpcL1wvc2l0ZXMudXNwLmJyXC9sZW1tY2JldGFcL3dwLWNvbnRlbnRcL3VwbG9hZHNcL3NpdGVzXC85OTFcLzIwMjFcLzA4XC9mb3RvNC5wbmciLCJzbGlkZXNob3ciOiI5MDk2ODczIn0%3D\" href=\"https:\/\/sites.usp.br\/lemmcbeta\/wp-content\/uploads\/sites\/991\/2021\/08\/foto4.png\"><figure class=\"swiper-slide-inner\"><img decoding=\"async\" class=\"swiper-slide-image\" src=\"https:\/\/sites.usp.br\/lemmcbeta\/wp-content\/uploads\/sites\/991\/2021\/08\/foto4-300x225.png\" alt=\"foto4\" \/><\/figure><\/a><\/div><div class=\"swiper-slide\" role=\"group\" aria-roledescription=\"slide\" aria-label=\"3 de 3\"><a data-elementor-open-lightbox=\"yes\" data-elementor-lightbox-slideshow=\"9096873\" data-elementor-lightbox-title=\"foto5\" data-e-action-hash=\"#elementor-action%3Aaction%3Dlightbox%26settings%3DeyJpZCI6NjQzLCJ1cmwiOiJodHRwczpcL1wvc2l0ZXMudXNwLmJyXC9sZW1tY2JldGFcL3dwLWNvbnRlbnRcL3VwbG9hZHNcL3NpdGVzXC85OTFcLzIwMjFcLzA4XC9mb3RvNS5wbmciLCJzbGlkZXNob3ciOiI5MDk2ODczIn0%3D\" href=\"https:\/\/sites.usp.br\/lemmcbeta\/wp-content\/uploads\/sites\/991\/2021\/08\/foto5.png\"><figure class=\"swiper-slide-inner\"><img decoding=\"async\" class=\"swiper-slide-image\" src=\"https:\/\/sites.usp.br\/lemmcbeta\/wp-content\/uploads\/sites\/991\/2021\/08\/foto5-300x224.png\" alt=\"foto5\" \/><\/figure><\/a><\/div>\t\t\t<\/div>\n\t\t\t\t\t\t\t\t\t\t\t\t<div class=\"elementor-swiper-button elementor-swiper-button-prev\" role=\"button\" tabindex=\"0\">\n\t\t\t\t\t\t<i aria-hidden=\"true\" class=\"eicon-chevron-left\"><\/i>\t\t\t\t\t<\/div>\n\t\t\t\t\t<div class=\"elementor-swiper-button elementor-swiper-button-next\" role=\"button\" tabindex=\"0\">\n\t\t\t\t\t\t<i aria-hidden=\"true\" class=\"eicon-chevron-right\"><\/i>\t\t\t\t\t<\/div>\n\t\t\t\t\n\t\t\t\t\t\t\t\t\t<\/div>\n\t\t\t\t<\/div>\n\t\t\t\t<\/div>\n\t\t\t\t\t<\/div>\n\t\t<\/div>\n\t\t\t\t<div class=\"elementor-column elementor-col-50 elementor-top-column elementor-element elementor-element-4db3afa\" data-id=\"4db3afa\" data-element_type=\"column\" data-settings=\"{&quot;background_background&quot;:&quot;classic&quot;}\">\n\t\t\t<div class=\"elementor-widget-wrap elementor-element-populated\">\n\t\t\t\t\t\t<div class=\"elementor-element elementor-element-b5bd3c4 elementor-widget-divider--view-line_text elementor-widget-divider--element-align-center elementor-widget elementor-widget-divider\" data-id=\"b5bd3c4\" data-element_type=\"widget\" data-widget_type=\"divider.default\">\n\t\t\t\t<div class=\"elementor-widget-container\">\n\t\t\t\t\t<div class=\"elementor-divider\">\n\t\t\t<span class=\"elementor-divider-separator\">\n\t\t\t\t\t\t\t<span class=\"elementor-divider__text elementor-divider__element\">\n\t\t\t\tConfraterniza\u00e7\u00e3o \t\t\t\t<\/span>\n\t\t\t\t\t\t<\/span>\n\t\t<\/div>\n\t\t\t\t<\/div>\n\t\t\t\t<\/div>\n\t\t\t\t<div class=\"elementor-element elementor-element-7956fd9 elementor-view-default elementor-widget elementor-widget-icon\" data-id=\"7956fd9\" data-element_type=\"widget\" data-widget_type=\"icon.default\">\n\t\t\t\t<div class=\"elementor-widget-container\">\n\t\t\t\t\t<div class=\"elementor-icon-wrapper\">\n\t\t\t<div class=\"elementor-icon\">\n\t\t\t<i aria-hidden=\"true\" class=\"far fa-surprise\"><\/i>\t\t\t<\/div>\n\t\t<\/div>\n\t\t\t\t<\/div>\n\t\t\t\t<\/div>\n\t\t\t\t<div class=\"elementor-element elementor-element-9046503 elementor-widget elementor-widget-text-editor\" data-id=\"9046503\" data-element_type=\"widget\" data-widget_type=\"text-editor.default\">\n\t\t\t\t<div class=\"elementor-widget-container\">\n\t\t\t\t\t\t\t<p>Eventos de confraterniza\u00e7\u00e3o <\/span><\/p>\t\t\t\t\t\t<\/div>\n\t\t\t\t<\/div>\n\t\t\t\t\t<\/div>\n\t\t<\/div>\n\t\t\t\t\t<\/div>\n\t\t<\/section>\n\t\t\t\t<section class=\"elementor-section elementor-top-section elementor-element elementor-element-b44edab elementor-section-boxed elementor-section-height-default elementor-section-height-default\" data-id=\"b44edab\" data-element_type=\"section\">\n\t\t\t\t\t\t<div class=\"elementor-container elementor-column-gap-default\">\n\t\t\t\t\t<div class=\"elementor-column elementor-col-100 elementor-top-column elementor-element elementor-element-32fd53c\" data-id=\"32fd53c\" data-element_type=\"column\">\n\t\t\t<div class=\"elementor-widget-wrap elementor-element-populated\">\n\t\t\t\t\t\t<div class=\"elementor-element elementor-element-25d9054 elementor-widget elementor-widget-spacer\" data-id=\"25d9054\" data-element_type=\"widget\" data-widget_type=\"spacer.default\">\n\t\t\t\t<div class=\"elementor-widget-container\">\n\t\t\t\t\t<div class=\"elementor-spacer\">\n\t\t\t<div class=\"elementor-spacer-inner\"><\/div>\n\t\t<\/div>\n\t\t\t\t<\/div>\n\t\t\t\t<\/div>\n\t\t\t\t\t<\/div>\n\t\t<\/div>\n\t\t\t\t\t<\/div>\n\t\t<\/section>\n\t\t\t\t<\/div>\n\t\t","protected":false},"excerpt":{"rendered":"<p>Atividades do Grupo Natal Porta decorada para o Natal no Laborat\u00f3rio de Estudos dos Mecanismos de Morte da C\u00e9lula \u03b2 (LEMMC\u03b2) em 2019 Defesa Defesa de mestrado do Angelo Gustavo di Stefano para o &#8220;Papel do HFN4\u03b1 na morte das c\u00e9lulas \u03b2 pancre\u00e1ticas induzida por citocinas pr\u00f3-inflamat\u00f3rias&#8221; em 2020 Defesa Defesa de mestrado do Angelo<a href=\"https:\/\/sites.usp.br\/lemmcbeta\/atividades-do-grupo\/\">[&#8230;]<\/a><\/p>\n","protected":false},"author":22523,"featured_media":0,"parent":0,"menu_order":0,"comment_status":"closed","ping_status":"closed","template":"elementor_header_footer","meta":{"footnotes":"","_links_to":"","_links_to_target":""},"class_list":["post-626","page","type-page","status-publish","hentry"],"_links":{"self":[{"href":"https:\/\/sites.usp.br\/lemmcbeta\/wp-json\/wp\/v2\/pages\/626","targetHints":{"allow":["GET"]}}],"collection":[{"href":"https:\/\/sites.usp.br\/lemmcbeta\/wp-json\/wp\/v2\/pages"}],"about":[{"href":"https:\/\/sites.usp.br\/lemmcbeta\/wp-json\/wp\/v2\/types\/page"}],"author":[{"embeddable":true,"href":"https:\/\/sites.usp.br\/lemmcbeta\/wp-json\/wp\/v2\/users\/22523"}],"replies":[{"embeddable":true,"href":"https:\/\/sites.usp.br\/lemmcbeta\/wp-json\/wp\/v2\/comments?post=626"}],"version-history":[{"count":4,"href":"https:\/\/sites.usp.br\/lemmcbeta\/wp-json\/wp\/v2\/pages\/626\/revisions"}],"predecessor-version":[{"id":1721,"href":"https:\/\/sites.usp.br\/lemmcbeta\/wp-json\/wp\/v2\/pages\/626\/revisions\/1721"}],"wp:attachment":[{"href":"https:\/\/sites.usp.br\/lemmcbeta\/wp-json\/wp\/v2\/media?parent=626"}],"curies":[{"name":"wp","href":"https:\/\/api.w.org\/{rel}","templated":true}]}}