{"id":679,"date":"2021-09-02T02:49:46","date_gmt":"2021-09-02T04:49:46","guid":{"rendered":"https:\/\/sites.usp.br\/lemmcbeta\/?page_id=679"},"modified":"2021-10-17T17:57:46","modified_gmt":"2021-10-17T19:57:46","slug":"entendendo-o-diabetes","status":"publish","type":"page","link":"https:\/\/sites.usp.br\/lemmcbeta\/entendendo-o-diabetes\/","title":{"rendered":"Entendendo o diabetes"},"content":{"rendered":"\t\t<div data-elementor-type=\"wp-page\" data-elementor-id=\"679\" class=\"elementor elementor-679\" data-elementor-post-type=\"page\">\n\t\t\t\t\t\t<section class=\"elementor-section elementor-top-section elementor-element elementor-element-d354ac4 elementor-section-boxed elementor-section-height-default elementor-section-height-default\" data-id=\"d354ac4\" data-element_type=\"section\">\n\t\t\t\t\t\t<div class=\"elementor-container elementor-column-gap-default\">\n\t\t\t\t\t<div class=\"elementor-column elementor-col-100 elementor-top-column elementor-element elementor-element-1e82272\" data-id=\"1e82272\" data-element_type=\"column\">\n\t\t\t<div class=\"elementor-widget-wrap elementor-element-populated\">\n\t\t\t\t\t\t<div class=\"elementor-element elementor-element-0884167 elementor-widget elementor-widget-heading\" data-id=\"0884167\" data-element_type=\"widget\" data-widget_type=\"heading.default\">\n\t\t\t\t<div class=\"elementor-widget-container\">\n\t\t\t<h2 class=\"elementor-heading-title elementor-size-default\">Entendendo o diabetes<\/h2>\t\t<\/div>\n\t\t\t\t<\/div>\n\t\t\t\t\t<\/div>\n\t\t<\/div>\n\t\t\t\t\t<\/div>\n\t\t<\/section>\n\t\t\t\t<section class=\"elementor-section elementor-top-section elementor-element elementor-element-66cb288 elementor-section-boxed elementor-section-height-default elementor-section-height-default\" data-id=\"66cb288\" data-element_type=\"section\">\n\t\t\t\t\t\t<div class=\"elementor-container elementor-column-gap-default\">\n\t\t\t\t\t<div class=\"elementor-column elementor-col-100 elementor-top-column elementor-element elementor-element-475b65f\" data-id=\"475b65f\" data-element_type=\"column\">\n\t\t\t<div class=\"elementor-widget-wrap elementor-element-populated\">\n\t\t\t\t\t\t<div class=\"elementor-element elementor-element-0cb93e5 elementor-flip-box--direction-down elementor-flip-box--effect-flip elementor-widget elementor-widget-flip-box\" data-id=\"0cb93e5\" data-element_type=\"widget\" data-widget_type=\"flip-box.default\">\n\t\t\t\t<div class=\"elementor-widget-container\">\n\t\t\t\t\t<div class=\"elementor-flip-box\" tabindex=\"0\">\n\t\t\t<div class=\"elementor-flip-box__layer elementor-flip-box__front\">\n\t\t\t\t<div class=\"elementor-flip-box__layer__overlay\">\n\t\t\t\t\t<div class=\"elementor-flip-box__layer__inner\">\n\t\t\t\t\t\t\t\t\t\t\t\t\t<div class=\"elementor-icon-wrapper elementor-view-default\">\n\t\t\t\t\t\t\t\t<div class=\"elementor-icon\">\n\t\t\t\t\t\t\t\t\t<i class=\"fas fa-question\"><\/i>\t\t\t\t\t\t\t\t<\/div>\n\t\t\t\t\t\t\t<\/div>\n\t\t\t\t\t\t\n\t\t\t\t\t\t\t\t\t\t\t\t\t<h3 class=\"elementor-flip-box__layer__title\">\n\t\t\t\t\t\t\t\tO QUE \u00c9\t\t\t\t\t\t\t<\/h3>\n\t\t\t\t\t\t\n\t\t\t\t\t\t\t\t\t\t\t<\/div>\n\t\t\t\t<\/div>\n\t\t\t<\/div>\n\t\t\t<div class=\"elementor-flip-box__layer elementor-flip-box__back\">\n\t\t\t<div class=\"elementor-flip-box__layer__overlay\">\n\t\t\t\t<div class=\"elementor-flip-box__layer__inner\">\n\t\t\t\t\t\n\t\t\t\t\t\t\t\t\t\t\t<div class=\"elementor-flip-box__layer__description\">\n\t\t\t\t\t\t\tO diabetes <i>mellitus<\/i> \u00e9 uma doen\u00e7a que faz com que seus portadores n\u00e3o consigam captar ou utilizar corretamente a glicose (um a\u00e7\u00facar), o que gera um aumento de sua concentra\u00e7\u00e3o no sangue (hiperglicemia) e gera um mau funcionamento de diferentes \u00f3rg\u00e3os. A incapacidade do indiv\u00edduo de utilizar o a\u00e7\u00facar tem rela\u00e7\u00e3o com a falta do horm\u00f4nio insulina. Isto ocorre devido \u00e0 morte das c\u00e9lulas beta pancre\u00e1ticas ou sua incapacidade de produ\u00e7\u00e3o em quantidades suficientes deste horm\u00f4nio.\u00a0\t\t\t\t\t\t<\/div>\n\t\t\t\t\t\n\t\t\t\t\t\t\t\t<\/div>\n\t\t<\/div>\n\t\t<\/div>\n\t\t<\/div>\n\t\t\t\t<\/div>\n\t\t\t\t<\/div>\n\t\t\t\t\t<\/div>\n\t\t<\/div>\n\t\t\t\t\t<\/div>\n\t\t<\/section>\n\t\t\t\t<section class=\"elementor-section elementor-top-section elementor-element elementor-element-b3809c0 elementor-hidden-tablet elementor-hidden-mobile elementor-section-boxed elementor-section-height-default elementor-section-height-default\" data-id=\"b3809c0\" data-element_type=\"section\">\n\t\t\t\t\t\t<div class=\"elementor-container elementor-column-gap-default\">\n\t\t\t\t\t<div class=\"elementor-column elementor-col-50 elementor-top-column elementor-element elementor-element-0c9147f\" data-id=\"0c9147f\" data-element_type=\"column\">\n\t\t\t<div class=\"elementor-widget-wrap elementor-element-populated\">\n\t\t\t\t\t\t<div class=\"elementor-element elementor-element-f457d7b elementor-widget elementor-widget-image\" data-id=\"f457d7b\" data-element_type=\"widget\" data-widget_type=\"image.default\">\n\t\t\t\t<div class=\"elementor-widget-container\">\n\t\t\t\t\t\t\t\t\t\t\t\t\t<img fetchpriority=\"high\" decoding=\"async\" width=\"640\" height=\"905\" src=\"https:\/\/sites.usp.br\/lemmcbeta\/wp-content\/uploads\/sites\/991\/2021\/10\/pancreas-islet-01-724x1024.png\" class=\"attachment-large size-large wp-image-1369\" alt=\"\" srcset=\"https:\/\/sites.usp.br\/lemmcbeta\/wp-content\/uploads\/sites\/991\/2021\/10\/pancreas-islet-01-724x1024.png 724w, https:\/\/sites.usp.br\/lemmcbeta\/wp-content\/uploads\/sites\/991\/2021\/10\/pancreas-islet-01-212x300.png 212w, https:\/\/sites.usp.br\/lemmcbeta\/wp-content\/uploads\/sites\/991\/2021\/10\/pancreas-islet-01-768x1086.png 768w, https:\/\/sites.usp.br\/lemmcbeta\/wp-content\/uploads\/sites\/991\/2021\/10\/pancreas-islet-01-1086x1536.png 1086w, https:\/\/sites.usp.br\/lemmcbeta\/wp-content\/uploads\/sites\/991\/2021\/10\/pancreas-islet-01-1448x2048.png 1448w, https:\/\/sites.usp.br\/lemmcbeta\/wp-content\/uploads\/sites\/991\/2021\/10\/pancreas-islet-01-400x566.png 400w\" sizes=\"(max-width: 640px) 100vw, 640px\" \/>\t\t\t\t\t\t\t\t\t\t\t\t\t<\/div>\n\t\t\t\t<\/div>\n\t\t\t\t\t<\/div>\n\t\t<\/div>\n\t\t\t\t<div class=\"elementor-column elementor-col-50 elementor-top-column elementor-element elementor-element-1867ff4\" data-id=\"1867ff4\" data-element_type=\"column\">\n\t\t\t<div class=\"elementor-widget-wrap elementor-element-populated\">\n\t\t\t\t\t\t<div class=\"elementor-element elementor-element-d35fc98 elementor-widget elementor-widget-image\" data-id=\"d35fc98\" data-element_type=\"widget\" data-widget_type=\"image.default\">\n\t\t\t\t<div class=\"elementor-widget-container\">\n\t\t\t\t\t\t\t\t\t\t\t\t\t<img decoding=\"async\" width=\"640\" height=\"453\" src=\"https:\/\/sites.usp.br\/lemmcbeta\/wp-content\/uploads\/sites\/991\/2021\/10\/t1dm_3-01-1024x724.png\" class=\"attachment-large size-large wp-image-1370\" alt=\"\" srcset=\"https:\/\/sites.usp.br\/lemmcbeta\/wp-content\/uploads\/sites\/991\/2021\/10\/t1dm_3-01-1024x724.png 1024w, https:\/\/sites.usp.br\/lemmcbeta\/wp-content\/uploads\/sites\/991\/2021\/10\/t1dm_3-01-300x212.png 300w, https:\/\/sites.usp.br\/lemmcbeta\/wp-content\/uploads\/sites\/991\/2021\/10\/t1dm_3-01-768x543.png 768w, https:\/\/sites.usp.br\/lemmcbeta\/wp-content\/uploads\/sites\/991\/2021\/10\/t1dm_3-01-1536x1086.png 1536w, https:\/\/sites.usp.br\/lemmcbeta\/wp-content\/uploads\/sites\/991\/2021\/10\/t1dm_3-01-2048x1448.png 2048w, https:\/\/sites.usp.br\/lemmcbeta\/wp-content\/uploads\/sites\/991\/2021\/10\/t1dm_3-01-400x283.png 400w\" sizes=\"(max-width: 640px) 100vw, 640px\" \/>\t\t\t\t\t\t\t\t\t\t\t\t\t<\/div>\n\t\t\t\t<\/div>\n\t\t\t\t<div class=\"elementor-element elementor-element-8a45d09 elementor-widget elementor-widget-image\" data-id=\"8a45d09\" data-element_type=\"widget\" data-widget_type=\"image.default\">\n\t\t\t\t<div class=\"elementor-widget-container\">\n\t\t\t\t\t\t\t\t\t\t\t\t\t<img decoding=\"async\" width=\"640\" height=\"453\" src=\"https:\/\/sites.usp.br\/lemmcbeta\/wp-content\/uploads\/sites\/991\/2021\/10\/t2dm-01-1024x724.png\" class=\"attachment-large size-large wp-image-1377\" alt=\"\" srcset=\"https:\/\/sites.usp.br\/lemmcbeta\/wp-content\/uploads\/sites\/991\/2021\/10\/t2dm-01-1024x724.png 1024w, https:\/\/sites.usp.br\/lemmcbeta\/wp-content\/uploads\/sites\/991\/2021\/10\/t2dm-01-300x212.png 300w, https:\/\/sites.usp.br\/lemmcbeta\/wp-content\/uploads\/sites\/991\/2021\/10\/t2dm-01-768x543.png 768w, https:\/\/sites.usp.br\/lemmcbeta\/wp-content\/uploads\/sites\/991\/2021\/10\/t2dm-01-1536x1086.png 1536w, https:\/\/sites.usp.br\/lemmcbeta\/wp-content\/uploads\/sites\/991\/2021\/10\/t2dm-01-2048x1448.png 2048w, https:\/\/sites.usp.br\/lemmcbeta\/wp-content\/uploads\/sites\/991\/2021\/10\/t2dm-01-400x283.png 400w\" sizes=\"(max-width: 640px) 100vw, 640px\" \/>\t\t\t\t\t\t\t\t\t\t\t\t\t<\/div>\n\t\t\t\t<\/div>\n\t\t\t\t\t<\/div>\n\t\t<\/div>\n\t\t\t\t\t<\/div>\n\t\t<\/section>\n\t\t\t\t<section class=\"elementor-section elementor-top-section elementor-element elementor-element-b0e2656 elementor-hidden-desktop elementor-section-boxed elementor-section-height-default elementor-section-height-default\" data-id=\"b0e2656\" data-element_type=\"section\">\n\t\t\t\t\t\t<div class=\"elementor-container elementor-column-gap-default\">\n\t\t\t\t\t<div class=\"elementor-column elementor-col-50 elementor-top-column elementor-element elementor-element-8523cc6\" data-id=\"8523cc6\" data-element_type=\"column\">\n\t\t\t<div class=\"elementor-widget-wrap elementor-element-populated\">\n\t\t\t\t\t\t<div class=\"elementor-element elementor-element-a3629b2 elementor-widget elementor-widget-image\" data-id=\"a3629b2\" data-element_type=\"widget\" data-widget_type=\"image.default\">\n\t\t\t\t<div class=\"elementor-widget-container\">\n\t\t\t\t\t\t\t\t\t\t\t\t\t<img fetchpriority=\"high\" decoding=\"async\" width=\"640\" height=\"905\" src=\"https:\/\/sites.usp.br\/lemmcbeta\/wp-content\/uploads\/sites\/991\/2021\/10\/pancreas-islet-01-724x1024.png\" class=\"attachment-large size-large wp-image-1369\" alt=\"\" srcset=\"https:\/\/sites.usp.br\/lemmcbeta\/wp-content\/uploads\/sites\/991\/2021\/10\/pancreas-islet-01-724x1024.png 724w, https:\/\/sites.usp.br\/lemmcbeta\/wp-content\/uploads\/sites\/991\/2021\/10\/pancreas-islet-01-212x300.png 212w, https:\/\/sites.usp.br\/lemmcbeta\/wp-content\/uploads\/sites\/991\/2021\/10\/pancreas-islet-01-768x1086.png 768w, https:\/\/sites.usp.br\/lemmcbeta\/wp-content\/uploads\/sites\/991\/2021\/10\/pancreas-islet-01-1086x1536.png 1086w, https:\/\/sites.usp.br\/lemmcbeta\/wp-content\/uploads\/sites\/991\/2021\/10\/pancreas-islet-01-1448x2048.png 1448w, https:\/\/sites.usp.br\/lemmcbeta\/wp-content\/uploads\/sites\/991\/2021\/10\/pancreas-islet-01-400x566.png 400w\" sizes=\"(max-width: 640px) 100vw, 640px\" \/>\t\t\t\t\t\t\t\t\t\t\t\t\t<\/div>\n\t\t\t\t<\/div>\n\t\t\t\t\t<\/div>\n\t\t<\/div>\n\t\t\t\t<div class=\"elementor-column elementor-col-50 elementor-top-column elementor-element elementor-element-b5d0c52\" data-id=\"b5d0c52\" data-element_type=\"column\">\n\t\t\t<div class=\"elementor-widget-wrap elementor-element-populated\">\n\t\t\t\t\t\t<div class=\"elementor-element elementor-element-fb5b3bd elementor-widget elementor-widget-image\" data-id=\"fb5b3bd\" data-element_type=\"widget\" data-widget_type=\"image.default\">\n\t\t\t\t<div class=\"elementor-widget-container\">\n\t\t\t\t\t\t\t\t\t\t\t\t\t<img decoding=\"async\" width=\"640\" height=\"453\" src=\"https:\/\/sites.usp.br\/lemmcbeta\/wp-content\/uploads\/sites\/991\/2021\/10\/t1dm_3-01-1024x724.png\" class=\"attachment-large size-large wp-image-1370\" alt=\"\" srcset=\"https:\/\/sites.usp.br\/lemmcbeta\/wp-content\/uploads\/sites\/991\/2021\/10\/t1dm_3-01-1024x724.png 1024w, https:\/\/sites.usp.br\/lemmcbeta\/wp-content\/uploads\/sites\/991\/2021\/10\/t1dm_3-01-300x212.png 300w, https:\/\/sites.usp.br\/lemmcbeta\/wp-content\/uploads\/sites\/991\/2021\/10\/t1dm_3-01-768x543.png 768w, https:\/\/sites.usp.br\/lemmcbeta\/wp-content\/uploads\/sites\/991\/2021\/10\/t1dm_3-01-1536x1086.png 1536w, https:\/\/sites.usp.br\/lemmcbeta\/wp-content\/uploads\/sites\/991\/2021\/10\/t1dm_3-01-2048x1448.png 2048w, https:\/\/sites.usp.br\/lemmcbeta\/wp-content\/uploads\/sites\/991\/2021\/10\/t1dm_3-01-400x283.png 400w\" sizes=\"(max-width: 640px) 100vw, 640px\" \/>\t\t\t\t\t\t\t\t\t\t\t\t\t<\/div>\n\t\t\t\t<\/div>\n\t\t\t\t<div class=\"elementor-element elementor-element-2a8b30c elementor-widget elementor-widget-image\" data-id=\"2a8b30c\" data-element_type=\"widget\" data-widget_type=\"image.default\">\n\t\t\t\t<div class=\"elementor-widget-container\">\n\t\t\t\t\t\t\t\t\t\t\t\t\t<img decoding=\"async\" width=\"640\" height=\"453\" src=\"https:\/\/sites.usp.br\/lemmcbeta\/wp-content\/uploads\/sites\/991\/2021\/10\/t2dm-01-1024x724.png\" class=\"attachment-large size-large wp-image-1377\" alt=\"\" srcset=\"https:\/\/sites.usp.br\/lemmcbeta\/wp-content\/uploads\/sites\/991\/2021\/10\/t2dm-01-1024x724.png 1024w, https:\/\/sites.usp.br\/lemmcbeta\/wp-content\/uploads\/sites\/991\/2021\/10\/t2dm-01-300x212.png 300w, https:\/\/sites.usp.br\/lemmcbeta\/wp-content\/uploads\/sites\/991\/2021\/10\/t2dm-01-768x543.png 768w, https:\/\/sites.usp.br\/lemmcbeta\/wp-content\/uploads\/sites\/991\/2021\/10\/t2dm-01-1536x1086.png 1536w, https:\/\/sites.usp.br\/lemmcbeta\/wp-content\/uploads\/sites\/991\/2021\/10\/t2dm-01-2048x1448.png 2048w, https:\/\/sites.usp.br\/lemmcbeta\/wp-content\/uploads\/sites\/991\/2021\/10\/t2dm-01-400x283.png 400w\" sizes=\"(max-width: 640px) 100vw, 640px\" \/>\t\t\t\t\t\t\t\t\t\t\t\t\t<\/div>\n\t\t\t\t<\/div>\n\t\t\t\t\t<\/div>\n\t\t<\/div>\n\t\t\t\t\t<\/div>\n\t\t<\/section>\n\t\t\t\t<section class=\"elementor-section elementor-top-section elementor-element elementor-element-1e7234d elementor-section-boxed elementor-section-height-default elementor-section-height-default\" data-id=\"1e7234d\" data-element_type=\"section\">\n\t\t\t\t\t\t<div class=\"elementor-container elementor-column-gap-default\">\n\t\t\t\t\t<div class=\"elementor-column elementor-col-100 elementor-top-column elementor-element elementor-element-63ebfdb\" data-id=\"63ebfdb\" data-element_type=\"column\">\n\t\t\t<div class=\"elementor-widget-wrap elementor-element-populated\">\n\t\t\t\t\t\t<div class=\"elementor-element elementor-element-ceb3556 elementor-align-left elementor-icon-list--layout-traditional elementor-list-item-link-full_width elementor-widget elementor-widget-icon-list\" data-id=\"ceb3556\" data-element_type=\"widget\" data-widget_type=\"icon-list.default\">\n\t\t\t\t<div class=\"elementor-widget-container\">\n\t\t\t\t\t<ul class=\"elementor-icon-list-items\">\n\t\t\t\t\t\t\t<li class=\"elementor-icon-list-item\">\n\t\t\t\t\t\t\t\t\t\t<span class=\"elementor-icon-list-text\">Como o nosso estudo pode contribuir para o tratamento da doen\u00e7a?<\/span>\n\t\t\t\t\t\t\t\t\t<\/li>\n\t\t\t\t\t\t<\/ul>\n\t\t\t\t<\/div>\n\t\t\t\t<\/div>\n\t\t\t\t<div class=\"elementor-element elementor-element-b699e83 elementor-widget elementor-widget-text-editor\" data-id=\"b699e83\" data-element_type=\"widget\" data-widget_type=\"text-editor.default\">\n\t\t\t\t<div class=\"elementor-widget-container\">\n\t\t\t\t\t\t\t<p><span style=\"font-weight: 400;\">Desta forma, meu grupo tem se dedicado a entender os mecanismos moleculares (express\u00e3o de genes espec\u00edficos, ativa\u00e7\u00e3o de prote\u00ednas espec\u00edficas, intera\u00e7\u00e3o com o meio em que a c\u00e9lula se encontra etc.) que levam a morte ou disfun\u00e7\u00e3o (incapacidade de secretar insulina em quantidade suficiente para conseguir normalizar a concentra\u00e7\u00e3o de glicose no sangue) da c\u00e9lula beta pancre\u00e1tica.<\/span><\/p><p><span style=\"font-weight: 400;\">O melhor entendimento de como a express\u00e3o de genes espec\u00edficos e de prote\u00ednas espec\u00edficas levam a morte ou disfun\u00e7\u00e3o das c\u00e9lulas beta, e de como podemos modular essas mol\u00e9culas (induzindo ou bloqueando mecanismos celulares) de forma a proteger a c\u00e9lula beta, podem ser utilizados para desenvolvimento de terapias de tratamento para o diabetes <\/span><i><span style=\"font-weight: 400;\">mellitus<\/span><\/i><span style=\"font-weight: 400;\">.<\/span><\/p>\t\t\t\t\t\t<\/div>\n\t\t\t\t<\/div>\n\t\t\t\t\t<\/div>\n\t\t<\/div>\n\t\t\t\t\t<\/div>\n\t\t<\/section>\n\t\t\t\t<section class=\"elementor-section elementor-top-section elementor-element elementor-element-71cb757 elementor-section-boxed elementor-section-height-default elementor-section-height-default\" data-id=\"71cb757\" data-element_type=\"section\">\n\t\t\t\t\t\t<div class=\"elementor-container elementor-column-gap-default\">\n\t\t\t\t\t<div class=\"elementor-column elementor-col-100 elementor-top-column elementor-element elementor-element-9c3f32c\" data-id=\"9c3f32c\" data-element_type=\"column\">\n\t\t\t<div class=\"elementor-widget-wrap elementor-element-populated\">\n\t\t\t\t\t\t<div class=\"elementor-element elementor-element-5675c97 elementor-widget elementor-widget-spacer\" data-id=\"5675c97\" data-element_type=\"widget\" data-widget_type=\"spacer.default\">\n\t\t\t\t<div class=\"elementor-widget-container\">\n\t\t\t\t\t<div class=\"elementor-spacer\">\n\t\t\t<div class=\"elementor-spacer-inner\"><\/div>\n\t\t<\/div>\n\t\t\t\t<\/div>\n\t\t\t\t<\/div>\n\t\t\t\t\t<\/div>\n\t\t<\/div>\n\t\t\t\t\t<\/div>\n\t\t<\/section>\n\t\t\t\t<section class=\"elementor-section elementor-top-section elementor-element elementor-element-62351c2 elementor-section-boxed elementor-section-height-default elementor-section-height-default\" data-id=\"62351c2\" data-element_type=\"section\">\n\t\t\t\t\t\t<div class=\"elementor-container elementor-column-gap-default\">\n\t\t\t\t\t<div class=\"elementor-column elementor-col-100 elementor-top-column elementor-element elementor-element-c2b160b\" data-id=\"c2b160b\" data-element_type=\"column\">\n\t\t\t<div class=\"elementor-widget-wrap elementor-element-populated\">\n\t\t\t\t\t\t<div class=\"elementor-element elementor-element-3787045 elementor-align-center elementor-icon-list--layout-traditional elementor-list-item-link-full_width elementor-widget elementor-widget-icon-list\" data-id=\"3787045\" data-element_type=\"widget\" data-widget_type=\"icon-list.default\">\n\t\t\t\t<div class=\"elementor-widget-container\">\n\t\t\t\t\t<ul class=\"elementor-icon-list-items\">\n\t\t\t\t\t\t\t<li class=\"elementor-icon-list-item\">\n\t\t\t\t\t\t\t\t\t\t\t<span class=\"elementor-icon-list-icon\">\n\t\t\t\t\t\t\t<i aria-hidden=\"true\" class=\"fas fa-tools\"><\/i>\t\t\t\t\t\t<\/span>\n\t\t\t\t\t\t\t\t\t\t<span class=\"elementor-icon-list-text\">Esta p\u00e1gina ainda est\u00e1 em constru\u00e7\u00e3o.<\/span>\n\t\t\t\t\t\t\t\t\t<\/li>\n\t\t\t\t\t\t<\/ul>\n\t\t\t\t<\/div>\n\t\t\t\t<\/div>\n\t\t\t\t\t<\/div>\n\t\t<\/div>\n\t\t\t\t\t<\/div>\n\t\t<\/section>\n\t\t\t\t<section class=\"elementor-section elementor-top-section elementor-element elementor-element-2d5bd14 elementor-section-boxed elementor-section-height-default elementor-section-height-default\" data-id=\"2d5bd14\" data-element_type=\"section\">\n\t\t\t\t\t\t<div class=\"elementor-container elementor-column-gap-default\">\n\t\t\t\t\t<div class=\"elementor-column elementor-col-100 elementor-top-column elementor-element elementor-element-31acd8e\" data-id=\"31acd8e\" data-element_type=\"column\">\n\t\t\t<div class=\"elementor-widget-wrap elementor-element-populated\">\n\t\t\t\t\t\t<div class=\"elementor-element elementor-element-ddd47d8 elementor-widget elementor-widget-spacer\" data-id=\"ddd47d8\" data-element_type=\"widget\" data-widget_type=\"spacer.default\">\n\t\t\t\t<div class=\"elementor-widget-container\">\n\t\t\t\t\t<div class=\"elementor-spacer\">\n\t\t\t<div class=\"elementor-spacer-inner\"><\/div>\n\t\t<\/div>\n\t\t\t\t<\/div>\n\t\t\t\t<\/div>\n\t\t\t\t\t<\/div>\n\t\t<\/div>\n\t\t\t\t\t<\/div>\n\t\t<\/section>\n\t\t\t\t<\/div>\n\t\t","protected":false},"excerpt":{"rendered":"<p>Entendendo o diabetes O QUE \u00c9 O diabetes mellitus \u00e9 uma doen\u00e7a que faz com que seus portadores n\u00e3o consigam captar ou utilizar corretamente a glicose (um a\u00e7\u00facar), o que gera um aumento de sua concentra\u00e7\u00e3o no sangue (hiperglicemia) e gera um mau funcionamento de diferentes \u00f3rg\u00e3os. A incapacidade do indiv\u00edduo de utilizar o a\u00e7\u00facar<a href=\"https:\/\/sites.usp.br\/lemmcbeta\/entendendo-o-diabetes\/\">[&#8230;]<\/a><\/p>\n","protected":false},"author":22523,"featured_media":0,"parent":0,"menu_order":0,"comment_status":"closed","ping_status":"closed","template":"elementor_header_footer","meta":{"footnotes":"","_links_to":"","_links_to_target":""},"class_list":["post-679","page","type-page","status-publish","hentry"],"_links":{"self":[{"href":"https:\/\/sites.usp.br\/lemmcbeta\/wp-json\/wp\/v2\/pages\/679","targetHints":{"allow":["GET"]}}],"collection":[{"href":"https:\/\/sites.usp.br\/lemmcbeta\/wp-json\/wp\/v2\/pages"}],"about":[{"href":"https:\/\/sites.usp.br\/lemmcbeta\/wp-json\/wp\/v2\/types\/page"}],"author":[{"embeddable":true,"href":"https:\/\/sites.usp.br\/lemmcbeta\/wp-json\/wp\/v2\/users\/22523"}],"replies":[{"embeddable":true,"href":"https:\/\/sites.usp.br\/lemmcbeta\/wp-json\/wp\/v2\/comments?post=679"}],"version-history":[{"count":4,"href":"https:\/\/sites.usp.br\/lemmcbeta\/wp-json\/wp\/v2\/pages\/679\/revisions"}],"predecessor-version":[{"id":1672,"href":"https:\/\/sites.usp.br\/lemmcbeta\/wp-json\/wp\/v2\/pages\/679\/revisions\/1672"}],"wp:attachment":[{"href":"https:\/\/sites.usp.br\/lemmcbeta\/wp-json\/wp\/v2\/media?parent=679"}],"curies":[{"name":"wp","href":"https:\/\/api.w.org\/{rel}","templated":true}]}}