{"id":714,"date":"2021-09-04T22:28:40","date_gmt":"2021-09-05T00:28:40","guid":{"rendered":"https:\/\/sites.usp.br\/lemmcbeta\/?page_id=714"},"modified":"2021-10-17T00:46:56","modified_gmt":"2021-10-17T02:46:56","slug":"outros-projetos","status":"publish","type":"page","link":"https:\/\/sites.usp.br\/lemmcbeta\/outros-projetos\/","title":{"rendered":"Outros projetos e colabora\u00e7\u00f5es"},"content":{"rendered":"\t\t<div data-elementor-type=\"wp-page\" data-elementor-id=\"714\" class=\"elementor elementor-714\" data-elementor-post-type=\"page\">\n\t\t\t\t\t\t<section class=\"elementor-section elementor-top-section elementor-element elementor-element-ad0ea23 elementor-section-boxed elementor-section-height-default elementor-section-height-default\" data-id=\"ad0ea23\" data-element_type=\"section\">\n\t\t\t\t\t\t<div class=\"elementor-container elementor-column-gap-default\">\n\t\t\t\t\t<div class=\"elementor-column elementor-col-100 elementor-top-column elementor-element elementor-element-80e851b\" data-id=\"80e851b\" data-element_type=\"column\">\n\t\t\t<div class=\"elementor-widget-wrap elementor-element-populated\">\n\t\t\t\t\t\t<div class=\"elementor-element elementor-element-366a2f1 elementor-widget elementor-widget-heading\" data-id=\"366a2f1\" data-element_type=\"widget\" data-widget_type=\"heading.default\">\n\t\t\t\t<div class=\"elementor-widget-container\">\n\t\t\t<h2 class=\"elementor-heading-title elementor-size-default\">Outros projetos e colabora\u00e7\u00f5es <\/h2>\t\t<\/div>\n\t\t\t\t<\/div>\n\t\t\t\t\t<\/div>\n\t\t<\/div>\n\t\t\t\t\t<\/div>\n\t\t<\/section>\n\t\t\t\t<section class=\"elementor-section elementor-top-section elementor-element elementor-element-617375f elementor-section-boxed elementor-section-height-default elementor-section-height-default\" data-id=\"617375f\" data-element_type=\"section\">\n\t\t\t\t\t\t<div class=\"elementor-container elementor-column-gap-default\">\n\t\t\t\t\t<div class=\"elementor-column elementor-col-100 elementor-top-column elementor-element elementor-element-c7b9c72\" data-id=\"c7b9c72\" data-element_type=\"column\">\n\t\t\t<div class=\"elementor-widget-wrap elementor-element-populated\">\n\t\t\t\t\t\t<div class=\"elementor-element elementor-element-2669e50 elementor-align-left elementor-icon-list--layout-traditional elementor-list-item-link-full_width elementor-widget elementor-widget-icon-list\" data-id=\"2669e50\" data-element_type=\"widget\" data-widget_type=\"icon-list.default\">\n\t\t\t\t<div class=\"elementor-widget-container\">\n\t\t\t\t\t<ul class=\"elementor-icon-list-items\">\n\t\t\t\t\t\t\t<li class=\"elementor-icon-list-item\">\n\t\t\t\t\t\t\t\t\t\t\t<span class=\"elementor-icon-list-icon\">\n\t\t\t\t\t\t\t<i aria-hidden=\"true\" class=\"fas fa-check-circle\"><\/i>\t\t\t\t\t\t<\/span>\n\t\t\t\t\t\t\t\t\t\t<span class=\"elementor-icon-list-text\">INCTBio<\/span>\n\t\t\t\t\t\t\t\t\t<\/li>\n\t\t\t\t\t\t<\/ul>\n\t\t\t\t<\/div>\n\t\t\t\t<\/div>\n\t\t\t\t<div class=\"elementor-element elementor-element-836d112 elementor-widget elementor-widget-text-editor\" data-id=\"836d112\" data-element_type=\"widget\" data-widget_type=\"text-editor.default\">\n\t\t\t\t<div class=\"elementor-widget-container\">\n\t\t\t\t\t\t\t<p><span style=\"font-weight: 400;\">O Instituto Nacional de Ci\u00eancia e Tecnologia de Bioanal\u00edtica \u2013 INCTBio \u2013 foi inicialmente criado em 2008, com o principal objetivo de consolidar a Qu\u00edmica Bioanal\u00edtica no pa\u00eds. <\/span><\/p>\t\t\t\t\t\t<\/div>\n\t\t\t\t<\/div>\n\t\t\t\t\t<\/div>\n\t\t<\/div>\n\t\t\t\t\t<\/div>\n\t\t<\/section>\n\t\t\t\t<\/div>\n\t\t","protected":false},"excerpt":{"rendered":"<p>Outros projetos e colabora\u00e7\u00f5es INCTBio O Instituto Nacional de Ci\u00eancia e Tecnologia de Bioanal\u00edtica \u2013 INCTBio \u2013 foi inicialmente criado em 2008, com o principal objetivo de consolidar a Qu\u00edmica Bioanal\u00edtica no pa\u00eds.<\/p>\n","protected":false},"author":22523,"featured_media":0,"parent":0,"menu_order":0,"comment_status":"closed","ping_status":"closed","template":"elementor_header_footer","meta":{"footnotes":"","_links_to":"","_links_to_target":""},"class_list":["post-714","page","type-page","status-publish","hentry"],"_links":{"self":[{"href":"https:\/\/sites.usp.br\/lemmcbeta\/wp-json\/wp\/v2\/pages\/714","targetHints":{"allow":["GET"]}}],"collection":[{"href":"https:\/\/sites.usp.br\/lemmcbeta\/wp-json\/wp\/v2\/pages"}],"about":[{"href":"https:\/\/sites.usp.br\/lemmcbeta\/wp-json\/wp\/v2\/types\/page"}],"author":[{"embeddable":true,"href":"https:\/\/sites.usp.br\/lemmcbeta\/wp-json\/wp\/v2\/users\/22523"}],"replies":[{"embeddable":true,"href":"https:\/\/sites.usp.br\/lemmcbeta\/wp-json\/wp\/v2\/comments?post=714"}],"version-history":[{"count":4,"href":"https:\/\/sites.usp.br\/lemmcbeta\/wp-json\/wp\/v2\/pages\/714\/revisions"}],"predecessor-version":[{"id":1641,"href":"https:\/\/sites.usp.br\/lemmcbeta\/wp-json\/wp\/v2\/pages\/714\/revisions\/1641"}],"wp:attachment":[{"href":"https:\/\/sites.usp.br\/lemmcbeta\/wp-json\/wp\/v2\/media?parent=714"}],"curies":[{"name":"wp","href":"https:\/\/api.w.org\/{rel}","templated":true}]}}