{"id":1373,"date":"2020-03-01T19:53:45","date_gmt":"2020-03-01T22:53:45","guid":{"rendered":"http:\/\/sites.usp.br\/lepps\/?page_id=1373"},"modified":"2026-04-27T14:56:49","modified_gmt":"2026-04-27T17:56:49","slug":"masculinidades","status":"publish","type":"page","link":"https:\/\/sites.usp.br\/lepps\/masculinidades\/","title":{"rendered":"Grupo TRAMA"},"content":{"rendered":"<p><a href=\"https:\/\/sites.usp.br\/lepps\/wp-content\/uploads\/sites\/384\/2019\/09\/linha.png\"><img decoding=\"async\" class=\"aligncenter size-full wp-image-955\" src=\"https:\/\/sites.usp.br\/lepps\/wp-content\/uploads\/sites\/384\/2019\/09\/linha.png\" alt=\"\" width=\"640\" height=\"66\" srcset=\"https:\/\/sites.usp.br\/lepps\/wp-content\/uploads\/sites\/384\/2019\/09\/linha.png 640w, https:\/\/sites.usp.br\/lepps\/wp-content\/uploads\/sites\/384\/2019\/09\/linha-300x31.png 300w, https:\/\/sites.usp.br\/lepps\/wp-content\/uploads\/sites\/384\/2019\/09\/linha-400x41.png 400w\" sizes=\"(max-width: 640px) 100vw, 640px\" \/><\/a><a href=\"https:\/\/sites.usp.br\/lepps\/wp-content\/uploads\/sites\/384\/2020\/03\/masculinidades.png\"><img fetchpriority=\"high\" decoding=\"async\" class=\"aligncenter wp-image-2005\" src=\"http:\/\/sites.usp.br\/lepps\/wp-content\/uploads\/sites\/384\/2026\/04\/LOGO-DO-GRUPO-TRAMA-1-1024x1024.png\" alt=\"\" width=\"400\" height=\"400\" srcset=\"https:\/\/sites.usp.br\/lepps\/wp-content\/uploads\/sites\/384\/2026\/04\/LOGO-DO-GRUPO-TRAMA-1-1024x1024.png 1024w, https:\/\/sites.usp.br\/lepps\/wp-content\/uploads\/sites\/384\/2026\/04\/LOGO-DO-GRUPO-TRAMA-1-300x300.png 300w, https:\/\/sites.usp.br\/lepps\/wp-content\/uploads\/sites\/384\/2026\/04\/LOGO-DO-GRUPO-TRAMA-1-150x150.png 150w, https:\/\/sites.usp.br\/lepps\/wp-content\/uploads\/sites\/384\/2026\/04\/LOGO-DO-GRUPO-TRAMA-1-768x768.png 768w, https:\/\/sites.usp.br\/lepps\/wp-content\/uploads\/sites\/384\/2026\/04\/LOGO-DO-GRUPO-TRAMA-1-1536x1536.png 1536w, https:\/\/sites.usp.br\/lepps\/wp-content\/uploads\/sites\/384\/2026\/04\/LOGO-DO-GRUPO-TRAMA-1-250x250.png 250w, https:\/\/sites.usp.br\/lepps\/wp-content\/uploads\/sites\/384\/2026\/04\/LOGO-DO-GRUPO-TRAMA-1-174x174.png 174w, https:\/\/sites.usp.br\/lepps\/wp-content\/uploads\/sites\/384\/2026\/04\/LOGO-DO-GRUPO-TRAMA-1-45x45.png 45w, https:\/\/sites.usp.br\/lepps\/wp-content\/uploads\/sites\/384\/2026\/04\/LOGO-DO-GRUPO-TRAMA-1-200x200.png 200w, https:\/\/sites.usp.br\/lepps\/wp-content\/uploads\/sites\/384\/2026\/04\/LOGO-DO-GRUPO-TRAMA-1-400x400.png 400w, https:\/\/sites.usp.br\/lepps\/wp-content\/uploads\/sites\/384\/2026\/04\/LOGO-DO-GRUPO-TRAMA-1.png 2000w\" sizes=\"(max-width: 400px) 100vw, 400px\" \/><\/a><a href=\"https:\/\/sites.usp.br\/lepps\/wp-content\/uploads\/sites\/384\/2019\/09\/linha.png\"><img decoding=\"async\" class=\"aligncenter size-full wp-image-955\" src=\"https:\/\/sites.usp.br\/lepps\/wp-content\/uploads\/sites\/384\/2019\/09\/linha.png\" alt=\"\" width=\"640\" height=\"66\" srcset=\"https:\/\/sites.usp.br\/lepps\/wp-content\/uploads\/sites\/384\/2019\/09\/linha.png 640w, https:\/\/sites.usp.br\/lepps\/wp-content\/uploads\/sites\/384\/2019\/09\/linha-300x31.png 300w, https:\/\/sites.usp.br\/lepps\/wp-content\/uploads\/sites\/384\/2019\/09\/linha-400x41.png 400w\" sizes=\"(max-width: 640px) 100vw, 640px\" \/><\/a><\/p>\n<p><strong>Grupo TRAMA: Estudos em Psican\u00e1lise Vincular<\/strong><\/p>\n<p style=\"text-align: justify;\">Grupo de estudos sobre psican\u00e1lise vincular e transmiss\u00e3o ps\u00edquica \u2013 TRAMA: reuni\u00f5es quinzenais, \u00e0s quartas-feiras, das 14h \u00e0s 25h, de forma online. Grupo vinculado ao Laborat\u00f3rio de Ensino e Pesquisa em Psicologia da Sa\u00fade (LEPPS).<\/p>\n<p style=\"text-align: justify;\">Para informa\u00e7\u00f5es sobre o grupo de estudos, encaminhe e-mail para: masantos@ffclrp.usp.br<\/p>\n<p><a href=\"https:\/\/sites.usp.br\/lepps\/wp-content\/uploads\/sites\/384\/2019\/09\/linha.png\"><img decoding=\"async\" class=\"aligncenter size-full wp-image-955\" src=\"https:\/\/sites.usp.br\/lepps\/wp-content\/uploads\/sites\/384\/2019\/09\/linha.png\" alt=\"\" width=\"640\" height=\"66\" srcset=\"https:\/\/sites.usp.br\/lepps\/wp-content\/uploads\/sites\/384\/2019\/09\/linha.png 640w, https:\/\/sites.usp.br\/lepps\/wp-content\/uploads\/sites\/384\/2019\/09\/linha-300x31.png 300w, https:\/\/sites.usp.br\/lepps\/wp-content\/uploads\/sites\/384\/2019\/09\/linha-400x41.png 400w\" sizes=\"(max-width: 640px) 100vw, 640px\" \/><\/a><\/p>\n<h2 style=\"text-align: center;\">Hist\u00f3rico<\/h2>\n<p><span style=\"font-weight: 400;\">O Grupo TRAMA: Estudos em Psican\u00e1lise Vincular foi criado em 2024 por iniciativa das alunas Tha\u00eds Shirane, na \u00e9poca mestranda, e Amanda Brandane Minari, na \u00e9poca graduanda. Desde a sua funda\u00e7\u00e3o, o grupo se insere como parte do trabalho do Laborat\u00f3rio de Estudos e Pesquisa em Psicologia da Sa\u00fade (LEPPS-CNPq) do Departamento de Psicologia da Faculdade de Filosofia, Ci\u00eancias e Letras de Ribeir\u00e3o Preto, Universidade de S\u00e3o Paulo (FFCLRP-USP), coordenados pelo Prof. Manoel Antonio dos Santos e Prof. Erika Arantes de Oliveira Cardoso.\u00a0<\/span><\/p>\n<p><span style=\"font-weight: 400;\">Atualmente o grupo agrega pesquisadores do LEPPS, psic\u00f3logos e estudantes de psicologia interessados na tem\u00e1tica.<\/span><\/p>\n<p><a href=\"https:\/\/sites.usp.br\/lepps\/wp-content\/uploads\/sites\/384\/2019\/09\/linha.png\"><img decoding=\"async\" class=\"aligncenter size-full wp-image-955\" src=\"https:\/\/sites.usp.br\/lepps\/wp-content\/uploads\/sites\/384\/2019\/09\/linha.png\" alt=\"\" width=\"640\" height=\"66\" srcset=\"https:\/\/sites.usp.br\/lepps\/wp-content\/uploads\/sites\/384\/2019\/09\/linha.png 640w, https:\/\/sites.usp.br\/lepps\/wp-content\/uploads\/sites\/384\/2019\/09\/linha-300x31.png 300w, https:\/\/sites.usp.br\/lepps\/wp-content\/uploads\/sites\/384\/2019\/09\/linha-400x41.png 400w\" sizes=\"(max-width: 640px) 100vw, 640px\" \/><\/a><\/p>\n<h2 style=\"text-align: center;\">Objetivos<\/h2>\n<p>&nbsp;<\/p>\n<p style=\"text-align: justify;\">O grupo TRAMA tem como objetivos:<\/p>\n<ul>\n<li style=\"text-align: justify;\">Promover estudos te\u00f3ricos em Psican\u00e1lise das Configura\u00e7\u00f5es Vinculares;<\/li>\n<li style=\"text-align: justify;\">Fomentar a discuss\u00e3o de pesquisas qualitativas em interface com Psican\u00e1lise das Configura\u00e7\u00f5es Vinculares.<\/li>\n<\/ul>\n<p><a href=\"https:\/\/sites.usp.br\/lepps\/wp-content\/uploads\/sites\/384\/2019\/09\/linha.png\"><img decoding=\"async\" class=\"aligncenter size-full wp-image-955\" src=\"https:\/\/sites.usp.br\/lepps\/wp-content\/uploads\/sites\/384\/2019\/09\/linha.png\" alt=\"\" width=\"640\" height=\"66\" srcset=\"https:\/\/sites.usp.br\/lepps\/wp-content\/uploads\/sites\/384\/2019\/09\/linha.png 640w, https:\/\/sites.usp.br\/lepps\/wp-content\/uploads\/sites\/384\/2019\/09\/linha-300x31.png 300w, https:\/\/sites.usp.br\/lepps\/wp-content\/uploads\/sites\/384\/2019\/09\/linha-400x41.png 400w\" sizes=\"(max-width: 640px) 100vw, 640px\" \/><\/a><\/p>\n<h2 style=\"text-align: center;\">Descri\u00e7\u00e3o das atividades<\/h2>\n<p style=\"text-align: justify;\">No \u00e2mbito das atividades de extens\u00e3o universit\u00e1ria, o grupo TRAMA conta com reuni\u00f5es quinzenais na modalidade online sobre Psican\u00e1lise Vincular e Transmiss\u00e3o Ps\u00edquica abertas \u00e0 comunidade acad\u00eamica em geral, com programa\u00e7\u00e3o determinada semanalmente pelas participantes. Nessas reuni\u00f5es, com dura\u00e7\u00e3o de 1h, s\u00e3o discutidos artigos cient\u00edficos, produ\u00e7\u00f5es audiovisuais, livros te\u00f3ricos e pesquisas em andamento no LEPPS tendo como parceiros te\u00f3ricos privilegiados os autores Eiguer, Ka\u00ebs, Puget, Berenstein, Aulagnier e outros.<\/p>\n","protected":false},"excerpt":{"rendered":"<p>Grupo TRAMA: Estudos em Psican\u00e1lise Vincular Grupo de estudos sobre psican\u00e1lise vincular e transmiss\u00e3o ps\u00edquica \u2013 TRAMA: reuni\u00f5es quinzenais, \u00e0s quartas-feiras, das 14h \u00e0s 25h, de forma online. Grupo vinculado ao Laborat\u00f3rio de Ensino e Pesquisa em Psicologia da Sa\u00fade (LEPPS). Para informa\u00e7\u00f5es sobre o grupo de estudos, encaminhe e-mail para: masantos@ffclrp.usp.br Hist\u00f3rico O Grupo<a href=\"https:\/\/sites.usp.br\/lepps\/masculinidades\/\">[&#8230;]<\/a><\/p>\n","protected":false},"author":704,"featured_media":0,"parent":0,"menu_order":0,"comment_status":"closed","ping_status":"closed","template":"elementor_theme","meta":{"_monsterinsights_skip_tracking":false,"_monsterinsights_sitenote_active":false,"_monsterinsights_sitenote_note":"","_monsterinsights_sitenote_category":0,"footnotes":"","_links_to":"","_links_to_target":""},"class_list":["post-1373","page","type-page","status-publish","hentry"],"_links":{"self":[{"href":"https:\/\/sites.usp.br\/lepps\/wp-json\/wp\/v2\/pages\/1373","targetHints":{"allow":["GET"]}}],"collection":[{"href":"https:\/\/sites.usp.br\/lepps\/wp-json\/wp\/v2\/pages"}],"about":[{"href":"https:\/\/sites.usp.br\/lepps\/wp-json\/wp\/v2\/types\/page"}],"author":[{"embeddable":true,"href":"https:\/\/sites.usp.br\/lepps\/wp-json\/wp\/v2\/users\/704"}],"replies":[{"embeddable":true,"href":"https:\/\/sites.usp.br\/lepps\/wp-json\/wp\/v2\/comments?post=1373"}],"version-history":[{"count":4,"href":"https:\/\/sites.usp.br\/lepps\/wp-json\/wp\/v2\/pages\/1373\/revisions"}],"predecessor-version":[{"id":2013,"href":"https:\/\/sites.usp.br\/lepps\/wp-json\/wp\/v2\/pages\/1373\/revisions\/2013"}],"wp:attachment":[{"href":"https:\/\/sites.usp.br\/lepps\/wp-json\/wp\/v2\/media?parent=1373"}],"curies":[{"name":"wp","href":"https:\/\/api.w.org\/{rel}","templated":true}]}}