{"id":1421,"date":"2020-07-17T21:10:29","date_gmt":"2020-07-18T00:10:29","guid":{"rendered":"http:\/\/sites.usp.br\/lepps\/?page_id=1421"},"modified":"2020-07-31T20:51:26","modified_gmt":"2020-07-31T23:51:26","slug":"videos","status":"publish","type":"page","link":"https:\/\/sites.usp.br\/lepps\/videos\/","title":{"rendered":"V\u00eddeos"},"content":{"rendered":"<h3><a href=\"https:\/\/sites.usp.br\/lepps\/wp-content\/uploads\/sites\/384\/2019\/09\/linha.png\"><img decoding=\"async\" class=\"aligncenter size-full wp-image-955\" src=\"https:\/\/sites.usp.br\/lepps\/wp-content\/uploads\/sites\/384\/2019\/09\/linha.png\" alt=\"\" width=\"640\" height=\"66\" srcset=\"https:\/\/sites.usp.br\/lepps\/wp-content\/uploads\/sites\/384\/2019\/09\/linha.png 640w, https:\/\/sites.usp.br\/lepps\/wp-content\/uploads\/sites\/384\/2019\/09\/linha-300x31.png 300w, https:\/\/sites.usp.br\/lepps\/wp-content\/uploads\/sites\/384\/2019\/09\/linha-400x41.png 400w\" sizes=\"(max-width: 640px) 100vw, 640px\" \/><\/a><\/h3>\n<h3 class=\"title style-scope ytd-video-primary-info-renderer\" style=\"text-align: center;\">Entrevista com a professora Dra. Daniela Auad &#8211; Forma\u00e7\u00e3o e Feminismo<\/h3>\n<p><iframe title=\"Entrevista com a professora Dra. Daniela Auad - Forma\u00e7\u00e3o e Feminismo\" width=\"640\" height=\"360\" src=\"https:\/\/www.youtube.com\/embed\/8HKNnsTtF_Q?feature=oembed\" frameborder=\"0\" allow=\"accelerometer; autoplay; clipboard-write; encrypted-media; gyroscope; picture-in-picture; web-share\" referrerpolicy=\"strict-origin-when-cross-origin\" allowfullscreen><\/iframe><\/p>\n<p><a href=\"https:\/\/sites.usp.br\/lepps\/wp-content\/uploads\/sites\/384\/2019\/09\/linha.png\"><img decoding=\"async\" class=\"aligncenter size-full wp-image-955\" src=\"https:\/\/sites.usp.br\/lepps\/wp-content\/uploads\/sites\/384\/2019\/09\/linha.png\" alt=\"\" width=\"640\" height=\"66\" srcset=\"https:\/\/sites.usp.br\/lepps\/wp-content\/uploads\/sites\/384\/2019\/09\/linha.png 640w, https:\/\/sites.usp.br\/lepps\/wp-content\/uploads\/sites\/384\/2019\/09\/linha-300x31.png 300w, https:\/\/sites.usp.br\/lepps\/wp-content\/uploads\/sites\/384\/2019\/09\/linha-400x41.png 400w\" sizes=\"(max-width: 640px) 100vw, 640px\" \/><\/a><\/p>\n<h3 class=\"title style-scope ytd-video-primary-info-renderer\" style=\"text-align: center;\">Entrevista com a professora Dra. Daniela Auad &#8211; Entrela\u00e7amentos Profissionais<\/h3>\n<p><iframe title=\"Entrevista com a professora Dra. Daniela Auad - Entrela\u00e7amentos Profissionais\" width=\"640\" height=\"360\" src=\"https:\/\/www.youtube.com\/embed\/SeRqcVnmVCE?feature=oembed\" frameborder=\"0\" allow=\"accelerometer; autoplay; clipboard-write; encrypted-media; gyroscope; picture-in-picture; web-share\" referrerpolicy=\"strict-origin-when-cross-origin\" allowfullscreen><\/iframe><\/p>\n<p><a href=\"https:\/\/sites.usp.br\/lepps\/wp-content\/uploads\/sites\/384\/2019\/09\/linha.png\"><img decoding=\"async\" class=\"aligncenter size-full wp-image-955\" src=\"https:\/\/sites.usp.br\/lepps\/wp-content\/uploads\/sites\/384\/2019\/09\/linha.png\" alt=\"\" width=\"640\" height=\"66\" srcset=\"https:\/\/sites.usp.br\/lepps\/wp-content\/uploads\/sites\/384\/2019\/09\/linha.png 640w, https:\/\/sites.usp.br\/lepps\/wp-content\/uploads\/sites\/384\/2019\/09\/linha-300x31.png 300w, https:\/\/sites.usp.br\/lepps\/wp-content\/uploads\/sites\/384\/2019\/09\/linha-400x41.png 400w\" sizes=\"(max-width: 640px) 100vw, 640px\" \/><\/a><\/p>\n<h3 class=\"title style-scope ytd-video-primary-info-renderer\" style=\"text-align: center;\">Entrevista com o pesquisador Dr. Alain Giami- In\u00edcio da trajet\u00f3ria<\/h3>\n<p><iframe title=\"Entrevista com o pesquisador Dr. Alain Giami- In\u00edcio da trajet\u00f3ria\" width=\"640\" height=\"360\" src=\"https:\/\/www.youtube.com\/embed\/54Ft46o3HJg?feature=oembed\" frameborder=\"0\" allow=\"accelerometer; autoplay; clipboard-write; encrypted-media; gyroscope; picture-in-picture; web-share\" referrerpolicy=\"strict-origin-when-cross-origin\" allowfullscreen><\/iframe><\/p>\n<p><a href=\"https:\/\/sites.usp.br\/lepps\/wp-content\/uploads\/sites\/384\/2019\/09\/linha.png\"><img decoding=\"async\" class=\"aligncenter size-full wp-image-955\" src=\"https:\/\/sites.usp.br\/lepps\/wp-content\/uploads\/sites\/384\/2019\/09\/linha.png\" alt=\"\" width=\"640\" height=\"66\" srcset=\"https:\/\/sites.usp.br\/lepps\/wp-content\/uploads\/sites\/384\/2019\/09\/linha.png 640w, https:\/\/sites.usp.br\/lepps\/wp-content\/uploads\/sites\/384\/2019\/09\/linha-300x31.png 300w, https:\/\/sites.usp.br\/lepps\/wp-content\/uploads\/sites\/384\/2019\/09\/linha-400x41.png 400w\" sizes=\"(max-width: 640px) 100vw, 640px\" \/><\/a><\/p>\n<h3 class=\"title style-scope ytd-video-primary-info-renderer\" style=\"text-align: center;\">Entrevista com o pesquisador Dr. Alain Giami- Inserm e Contato com o Brasil<\/h3>\n<p><iframe title=\"Entrevista com o pesquisador Dr. Alain Giami- Inserm e Contato com o Brasil\" width=\"640\" height=\"360\" src=\"https:\/\/www.youtube.com\/embed\/h3jbIlGbfyk?feature=oembed\" frameborder=\"0\" allow=\"accelerometer; autoplay; clipboard-write; encrypted-media; gyroscope; picture-in-picture; web-share\" referrerpolicy=\"strict-origin-when-cross-origin\" allowfullscreen><\/iframe><\/p>\n","protected":false},"excerpt":{"rendered":"<p>Entrevista com a professora Dra. Daniela Auad &#8211; Forma\u00e7\u00e3o e Feminismo Entrevista com a professora Dra. Daniela Auad &#8211; Entrela\u00e7amentos Profissionais Entrevista com o pesquisador Dr. Alain Giami- In\u00edcio da trajet\u00f3ria Entrevista com o pesquisador Dr. Alain Giami- Inserm e Contato com o Brasil<\/p>\n","protected":false},"author":704,"featured_media":0,"parent":0,"menu_order":0,"comment_status":"closed","ping_status":"closed","template":"","meta":{"_monsterinsights_skip_tracking":false,"_monsterinsights_sitenote_active":false,"_monsterinsights_sitenote_note":"","_monsterinsights_sitenote_category":0,"footnotes":"","_links_to":"","_links_to_target":""},"class_list":["post-1421","page","type-page","status-publish","hentry"],"_links":{"self":[{"href":"https:\/\/sites.usp.br\/lepps\/wp-json\/wp\/v2\/pages\/1421","targetHints":{"allow":["GET"]}}],"collection":[{"href":"https:\/\/sites.usp.br\/lepps\/wp-json\/wp\/v2\/pages"}],"about":[{"href":"https:\/\/sites.usp.br\/lepps\/wp-json\/wp\/v2\/types\/page"}],"author":[{"embeddable":true,"href":"https:\/\/sites.usp.br\/lepps\/wp-json\/wp\/v2\/users\/704"}],"replies":[{"embeddable":true,"href":"https:\/\/sites.usp.br\/lepps\/wp-json\/wp\/v2\/comments?post=1421"}],"version-history":[{"count":4,"href":"https:\/\/sites.usp.br\/lepps\/wp-json\/wp\/v2\/pages\/1421\/revisions"}],"predecessor-version":[{"id":1434,"href":"https:\/\/sites.usp.br\/lepps\/wp-json\/wp\/v2\/pages\/1421\/revisions\/1434"}],"wp:attachment":[{"href":"https:\/\/sites.usp.br\/lepps\/wp-json\/wp\/v2\/media?parent=1421"}],"curies":[{"name":"wp","href":"https:\/\/api.w.org\/{rel}","templated":true}]}}