{"id":1713,"date":"2024-03-24T17:36:14","date_gmt":"2024-03-24T20:36:14","guid":{"rendered":"https:\/\/sites.usp.br\/lepps\/?page_id=1713"},"modified":"2024-05-08T09:41:38","modified_gmt":"2024-05-08T12:41:38","slug":"lute","status":"publish","type":"page","link":"https:\/\/sites.usp.br\/lepps\/lute\/","title":{"rendered":"LUTE"},"content":{"rendered":"<p class=\"_ap3a _aaco _aacu _aacx _aad6 _aade\" dir=\"auto\">Lute &#8211; Lutos e Terminalidades.<br \/>\nGrupo de pesquisa e interven\u00e7\u00e3o.<\/p>\n<p><a href=\"https:\/\/sites.usp.br\/lepps\/wp-content\/uploads\/sites\/384\/2024\/05\/jUsp0beQRyCeXHs76j7q_potvKEssIy04L21f.jpg\"><img fetchpriority=\"high\" decoding=\"async\" class=\"aligncenter size-full wp-image-1749\" src=\"https:\/\/sites.usp.br\/lepps\/wp-content\/uploads\/sites\/384\/2024\/05\/jUsp0beQRyCeXHs76j7q_potvKEssIy04L21f.jpg\" alt=\"\" width=\"346\" height=\"346\" srcset=\"https:\/\/sites.usp.br\/lepps\/wp-content\/uploads\/sites\/384\/2024\/05\/jUsp0beQRyCeXHs76j7q_potvKEssIy04L21f.jpg 346w, https:\/\/sites.usp.br\/lepps\/wp-content\/uploads\/sites\/384\/2024\/05\/jUsp0beQRyCeXHs76j7q_potvKEssIy04L21f-300x300.jpg 300w, https:\/\/sites.usp.br\/lepps\/wp-content\/uploads\/sites\/384\/2024\/05\/jUsp0beQRyCeXHs76j7q_potvKEssIy04L21f-150x150.jpg 150w, https:\/\/sites.usp.br\/lepps\/wp-content\/uploads\/sites\/384\/2024\/05\/jUsp0beQRyCeXHs76j7q_potvKEssIy04L21f-250x250.jpg 250w, https:\/\/sites.usp.br\/lepps\/wp-content\/uploads\/sites\/384\/2024\/05\/jUsp0beQRyCeXHs76j7q_potvKEssIy04L21f-174x174.jpg 174w, https:\/\/sites.usp.br\/lepps\/wp-content\/uploads\/sites\/384\/2024\/05\/jUsp0beQRyCeXHs76j7q_potvKEssIy04L21f-45x45.jpg 45w, https:\/\/sites.usp.br\/lepps\/wp-content\/uploads\/sites\/384\/2024\/05\/jUsp0beQRyCeXHs76j7q_potvKEssIy04L21f-200x200.jpg 200w\" sizes=\"(max-width: 346px) 100vw, 346px\" \/><\/a><\/p>\n<p>O Grupo de Estudos e Interven\u00e7\u00f5es em Lutos e Terminalidade da Universidade de S\u00e3o Paulo (LUTE-USP) foi criado em 2020 junto ao Laborat\u00f3rio de Ensino e Pesquisa em Psicologia da Sa\u00fade da Faculdade de Filosofia, Ci\u00eancias e Letras de Ribeir\u00e3o Preto (LEPPS-FFCLRP-USP-CNPq), sob a coordena\u00e7\u00e3o da Dra \u00c9rika Arantes de Oliveira-Cardoso, juntamente com os psic\u00f3logos Jorge Henrique Correa dos Santos, Juliana Tom\u00e9 Garcia e Pamela Perina Braz Sola.<\/p>\n<p>O nascimento do LUTE coincidiu com o advento da pandemia da COVID-19, quando a Organiza\u00e7\u00e3o Mundial de Sa\u00fade (OMS) declarou a emerg\u00eancia sanit\u00e1ria global em decorr\u00eancia da dissemina\u00e7\u00e3o do v\u00edrus da s\u00edndrome respirat\u00f3ria aguda grave 2 (SARS-CoV-2). Apesar de ser um projeto concebido e gestado anteriormente (com a\u00e7\u00f5es desde 2000), este marco hist\u00f3rico foi o propulsor da cria\u00e7\u00e3o do LUTE.<\/p>\n<p>O LUTE-USP se insere em uma proposta de ensino, pesquisa e extens\u00e3o universit\u00e1ria que tem como miss\u00e3o social oferecer cuidados psicol\u00f3gicos \u00e0 popula\u00e7\u00e3o menos favorecida e promover o aprimoramento da forma\u00e7\u00e3o de graduandos e p\u00f3s-graduandos em Psicologia de uma institui\u00e7\u00e3o de ensino superior de natureza p\u00fablica. Atualmente, o LUTE \u00e9 composto por 17 psic\u00f3logos (dois docentes da FFCLR-USP, e 15 psic\u00f3logos(as).<\/p>\n<p>O LUTE oferece cerca de 50 vagas de atendimentos anuais, com modalidades de interven\u00e7\u00f5es grupais e individuais, colabora com disciplinas da p\u00f3s-gradua\u00e7\u00e3o e gradua\u00e7\u00e3o do curso de Psicologia da FFCLRP-USP e se dedica \u00e0 produ\u00e7\u00e3o e divulga\u00e7\u00e3o de conhecimento cient\u00edfico, seja com publica\u00e7\u00f5es acad\u00eamicas ou organiza\u00e7\u00f5es de eventos cient\u00edficos e divulga\u00e7\u00e3o em redes sociais virtuais. A experi\u00eancia acumulada mostra a import\u00e2ncia de articular interven\u00e7\u00f5es em quest\u00f5es de luto e terminalidade, mediante a\u00e7\u00f5es coordenadas em diferentes frentes que interligam ensino, pesquisa e extens\u00e3o universit\u00e1ria<\/p>\n","protected":false},"excerpt":{"rendered":"<p>Lute &#8211; Lutos e Terminalidades. Grupo de pesquisa e interven\u00e7\u00e3o. O Grupo de Estudos e Interven\u00e7\u00f5es em Lutos e Terminalidade da Universidade de S\u00e3o Paulo (LUTE-USP) foi criado em 2020 junto ao Laborat\u00f3rio de Ensino e Pesquisa em Psicologia da Sa\u00fade da Faculdade de Filosofia, Ci\u00eancias e Letras de Ribeir\u00e3o Preto (LEPPS-FFCLRP-USP-CNPq), sob a coordena\u00e7\u00e3o<a href=\"https:\/\/sites.usp.br\/lepps\/lute\/\">[&#8230;]<\/a><\/p>\n","protected":false},"author":704,"featured_media":0,"parent":0,"menu_order":0,"comment_status":"closed","ping_status":"closed","template":"","meta":{"_monsterinsights_skip_tracking":false,"_monsterinsights_sitenote_active":false,"_monsterinsights_sitenote_note":"","_monsterinsights_sitenote_category":0,"footnotes":"","_links_to":"","_links_to_target":""},"class_list":["post-1713","page","type-page","status-publish","hentry"],"_links":{"self":[{"href":"https:\/\/sites.usp.br\/lepps\/wp-json\/wp\/v2\/pages\/1713","targetHints":{"allow":["GET"]}}],"collection":[{"href":"https:\/\/sites.usp.br\/lepps\/wp-json\/wp\/v2\/pages"}],"about":[{"href":"https:\/\/sites.usp.br\/lepps\/wp-json\/wp\/v2\/types\/page"}],"author":[{"embeddable":true,"href":"https:\/\/sites.usp.br\/lepps\/wp-json\/wp\/v2\/users\/704"}],"replies":[{"embeddable":true,"href":"https:\/\/sites.usp.br\/lepps\/wp-json\/wp\/v2\/comments?post=1713"}],"version-history":[{"count":4,"href":"https:\/\/sites.usp.br\/lepps\/wp-json\/wp\/v2\/pages\/1713\/revisions"}],"predecessor-version":[{"id":1750,"href":"https:\/\/sites.usp.br\/lepps\/wp-json\/wp\/v2\/pages\/1713\/revisions\/1750"}],"wp:attachment":[{"href":"https:\/\/sites.usp.br\/lepps\/wp-json\/wp\/v2\/media?parent=1713"}],"curies":[{"name":"wp","href":"https:\/\/api.w.org\/{rel}","templated":true}]}}