{"id":1977,"date":"2026-03-23T15:56:05","date_gmt":"2026-03-23T18:56:05","guid":{"rendered":"https:\/\/sites.usp.br\/lepps\/?page_id=1977"},"modified":"2026-03-24T20:06:34","modified_gmt":"2026-03-24T23:06:34","slug":"psicanalise","status":"publish","type":"page","link":"https:\/\/sites.usp.br\/lepps\/publicacoes\/psicanalise\/","title":{"rendered":"Psican\u00e1lise"},"content":{"rendered":"<p><img decoding=\"async\" class=\"aligncenter size-full wp-image-955\" src=\"https:\/\/sites.usp.br\/lepps\/wp-content\/uploads\/sites\/384\/2019\/09\/linha.png\" alt=\"\" width=\"640\" height=\"66\" srcset=\"https:\/\/sites.usp.br\/lepps\/wp-content\/uploads\/sites\/384\/2019\/09\/linha.png 640w, https:\/\/sites.usp.br\/lepps\/wp-content\/uploads\/sites\/384\/2019\/09\/linha-300x31.png 300w, https:\/\/sites.usp.br\/lepps\/wp-content\/uploads\/sites\/384\/2019\/09\/linha-400x41.png 400w\" sizes=\"(max-width: 640px) 100vw, 640px\" \/><img fetchpriority=\"high\" decoding=\"async\" class=\"aligncenter wp-image-1973 size-full\" src=\"http:\/\/sites.usp.br\/lepps\/wp-content\/uploads\/sites\/384\/2026\/03\/Botao-Atualizado-LEPPS-6.png\" alt=\"\" width=\"851\" height=\"315\" srcset=\"https:\/\/sites.usp.br\/lepps\/wp-content\/uploads\/sites\/384\/2026\/03\/Botao-Atualizado-LEPPS-6.png 851w, https:\/\/sites.usp.br\/lepps\/wp-content\/uploads\/sites\/384\/2026\/03\/Botao-Atualizado-LEPPS-6-300x111.png 300w, https:\/\/sites.usp.br\/lepps\/wp-content\/uploads\/sites\/384\/2026\/03\/Botao-Atualizado-LEPPS-6-768x284.png 768w, https:\/\/sites.usp.br\/lepps\/wp-content\/uploads\/sites\/384\/2026\/03\/Botao-Atualizado-LEPPS-6-400x148.png 400w\" sizes=\"(max-width: 851px) 100vw, 851px\" \/><\/p>\n<p><img decoding=\"async\" class=\"aligncenter size-full wp-image-955\" src=\"https:\/\/sites.usp.br\/lepps\/wp-content\/uploads\/sites\/384\/2019\/09\/linha.png\" alt=\"\" width=\"640\" height=\"66\" srcset=\"https:\/\/sites.usp.br\/lepps\/wp-content\/uploads\/sites\/384\/2019\/09\/linha.png 640w, https:\/\/sites.usp.br\/lepps\/wp-content\/uploads\/sites\/384\/2019\/09\/linha-300x31.png 300w, https:\/\/sites.usp.br\/lepps\/wp-content\/uploads\/sites\/384\/2019\/09\/linha-400x41.png 400w\" sizes=\"(max-width: 640px) 100vw, 640px\" \/><\/p>\n<h3>2025<\/h3>\n<p><a href=\"https:\/\/doi.org\/10.69904\/0486-641X.v59n1.12\">Psican\u00e1lise Vincular e o elogio aos impasses te\u00f3rico-cl\u00ednicos: Contribui\u00e7\u00f5es de Janine Puget para a compreens\u00e3o das desilus\u00f5es na cl\u00ednica psicanal\u00edtica contempor\u00e2nea.<\/a><\/p>\n<p><img decoding=\"async\" class=\"aligncenter size-full wp-image-955\" src=\"https:\/\/sites.usp.br\/lepps\/wp-content\/uploads\/sites\/384\/2019\/09\/linha.png\" alt=\"\" width=\"640\" height=\"66\" srcset=\"https:\/\/sites.usp.br\/lepps\/wp-content\/uploads\/sites\/384\/2019\/09\/linha.png 640w, https:\/\/sites.usp.br\/lepps\/wp-content\/uploads\/sites\/384\/2019\/09\/linha-300x31.png 300w, https:\/\/sites.usp.br\/lepps\/wp-content\/uploads\/sites\/384\/2019\/09\/linha-400x41.png 400w\" sizes=\"(max-width: 640px) 100vw, 640px\" \/><\/p>\n<h3><\/h3>\n","protected":false},"excerpt":{"rendered":"<p>2025 Psican\u00e1lise Vincular e o elogio aos impasses te\u00f3rico-cl\u00ednicos: Contribui\u00e7\u00f5es de Janine Puget para a compreens\u00e3o das desilus\u00f5es na cl\u00ednica psicanal\u00edtica contempor\u00e2nea.<\/p>\n","protected":false},"author":704,"featured_media":0,"parent":398,"menu_order":0,"comment_status":"closed","ping_status":"closed","template":"","meta":{"_monsterinsights_skip_tracking":false,"_monsterinsights_sitenote_active":false,"_monsterinsights_sitenote_note":"","_monsterinsights_sitenote_category":0,"footnotes":"","_links_to":"","_links_to_target":""},"class_list":["post-1977","page","type-page","status-publish","hentry"],"_links":{"self":[{"href":"https:\/\/sites.usp.br\/lepps\/wp-json\/wp\/v2\/pages\/1977","targetHints":{"allow":["GET"]}}],"collection":[{"href":"https:\/\/sites.usp.br\/lepps\/wp-json\/wp\/v2\/pages"}],"about":[{"href":"https:\/\/sites.usp.br\/lepps\/wp-json\/wp\/v2\/types\/page"}],"author":[{"embeddable":true,"href":"https:\/\/sites.usp.br\/lepps\/wp-json\/wp\/v2\/users\/704"}],"replies":[{"embeddable":true,"href":"https:\/\/sites.usp.br\/lepps\/wp-json\/wp\/v2\/comments?post=1977"}],"version-history":[{"count":2,"href":"https:\/\/sites.usp.br\/lepps\/wp-json\/wp\/v2\/pages\/1977\/revisions"}],"predecessor-version":[{"id":1983,"href":"https:\/\/sites.usp.br\/lepps\/wp-json\/wp\/v2\/pages\/1977\/revisions\/1983"}],"up":[{"embeddable":true,"href":"https:\/\/sites.usp.br\/lepps\/wp-json\/wp\/v2\/pages\/398"}],"wp:attachment":[{"href":"https:\/\/sites.usp.br\/lepps\/wp-json\/wp\/v2\/media?parent=1977"}],"curies":[{"name":"wp","href":"https:\/\/api.w.org\/{rel}","templated":true}]}}