{"id":393,"date":"2018-08-13T23:17:32","date_gmt":"2018-08-14T02:17:32","guid":{"rendered":"http:\/\/sites.usp.br\/lepps\/?page_id=393"},"modified":"2022-12-23T18:10:40","modified_gmt":"2022-12-23T21:10:40","slug":"videverso-2-2","status":"publish","type":"page","link":"https:\/\/sites.usp.br\/lepps\/videverso-2-2\/","title":{"rendered":"VIDEVERSO"},"content":{"rendered":"<p><a href=\"https:\/\/sites.usp.br\/lepps\/wp-content\/uploads\/sites\/384\/2019\/09\/linha.png\"><img decoding=\"async\" class=\"aligncenter size-full wp-image-955\" src=\"https:\/\/sites.usp.br\/lepps\/wp-content\/uploads\/sites\/384\/2019\/09\/linha.png\" alt=\"\" width=\"640\" height=\"66\" srcset=\"https:\/\/sites.usp.br\/lepps\/wp-content\/uploads\/sites\/384\/2019\/09\/linha.png 640w, https:\/\/sites.usp.br\/lepps\/wp-content\/uploads\/sites\/384\/2019\/09\/linha-300x31.png 300w, https:\/\/sites.usp.br\/lepps\/wp-content\/uploads\/sites\/384\/2019\/09\/linha-400x41.png 400w\" sizes=\"(max-width: 640px) 100vw, 640px\" \/><\/a><a href=\"https:\/\/sites.usp.br\/lepps\/wp-content\/uploads\/sites\/384\/2022\/08\/IMG_20220207_125813_668.jpg\"><img fetchpriority=\"high\" decoding=\"async\" class=\"aligncenter wp-image-1592 size-medium\" src=\"https:\/\/sites.usp.br\/lepps\/wp-content\/uploads\/sites\/384\/2022\/08\/IMG_20220207_125813_668-300x300.jpg\" alt=\"\" width=\"300\" height=\"300\" srcset=\"https:\/\/sites.usp.br\/lepps\/wp-content\/uploads\/sites\/384\/2022\/08\/IMG_20220207_125813_668-300x300.jpg 300w, https:\/\/sites.usp.br\/lepps\/wp-content\/uploads\/sites\/384\/2022\/08\/IMG_20220207_125813_668-150x150.jpg 150w, https:\/\/sites.usp.br\/lepps\/wp-content\/uploads\/sites\/384\/2022\/08\/IMG_20220207_125813_668-250x250.jpg 250w, https:\/\/sites.usp.br\/lepps\/wp-content\/uploads\/sites\/384\/2022\/08\/IMG_20220207_125813_668-174x174.jpg 174w, https:\/\/sites.usp.br\/lepps\/wp-content\/uploads\/sites\/384\/2022\/08\/IMG_20220207_125813_668-45x45.jpg 45w, https:\/\/sites.usp.br\/lepps\/wp-content\/uploads\/sites\/384\/2022\/08\/IMG_20220207_125813_668-200x200.jpg 200w, https:\/\/sites.usp.br\/lepps\/wp-content\/uploads\/sites\/384\/2022\/08\/IMG_20220207_125813_668-400x400.jpg 400w, https:\/\/sites.usp.br\/lepps\/wp-content\/uploads\/sites\/384\/2022\/08\/IMG_20220207_125813_668.jpg 641w\" sizes=\"(max-width: 300px) 100vw, 300px\" \/><\/a><a href=\"https:\/\/sites.usp.br\/lepps\/wp-content\/uploads\/sites\/384\/2019\/09\/linha.png\"><img decoding=\"async\" class=\"aligncenter size-full wp-image-955\" src=\"https:\/\/sites.usp.br\/lepps\/wp-content\/uploads\/sites\/384\/2019\/09\/linha.png\" alt=\"\" width=\"640\" height=\"66\" srcset=\"https:\/\/sites.usp.br\/lepps\/wp-content\/uploads\/sites\/384\/2019\/09\/linha.png 640w, https:\/\/sites.usp.br\/lepps\/wp-content\/uploads\/sites\/384\/2019\/09\/linha-300x31.png 300w, https:\/\/sites.usp.br\/lepps\/wp-content\/uploads\/sites\/384\/2019\/09\/linha-400x41.png 400w\" sizes=\"(max-width: 640px) 100vw, 640px\" \/><\/a><\/p>\n<p style=\"text-align: justify;\">Grupo de estudos sobre g\u00eanero e sexualidade \u2013 VIDEVERSO: reuni\u00f5es quinzenais, \u00e0s quartas-feiras, das 12h30 \u00e0s 14h, nas depend\u00eancias do Departamento de Psicologia da FFCLRP-USP. Para informa\u00e7\u00f5es sobre o grupo de estudos, encaminhe e-mail para: felipecampelo.psi@usp.br (Felipe Campelo) c\/c lepps@ffclrp.usp.br.<\/p>\n<p><a href=\"https:\/\/sites.usp.br\/lepps\/wp-content\/uploads\/sites\/384\/2019\/09\/linha.png\"><img decoding=\"async\" class=\"aligncenter size-full wp-image-955\" src=\"https:\/\/sites.usp.br\/lepps\/wp-content\/uploads\/sites\/384\/2019\/09\/linha.png\" alt=\"\" width=\"640\" height=\"66\" srcset=\"https:\/\/sites.usp.br\/lepps\/wp-content\/uploads\/sites\/384\/2019\/09\/linha.png 640w, https:\/\/sites.usp.br\/lepps\/wp-content\/uploads\/sites\/384\/2019\/09\/linha-300x31.png 300w, https:\/\/sites.usp.br\/lepps\/wp-content\/uploads\/sites\/384\/2019\/09\/linha-400x41.png 400w\" sizes=\"(max-width: 640px) 100vw, 640px\" \/><\/a><\/p>\n<h2 style=\"text-align: center;\">Hist\u00f3rico<\/h2>\n<p>&nbsp;<\/p>\n<p style=\"text-align: justify;\">O VIDEVERSO: Grupo de A\u00e7\u00e3o e Pesquisa em Diversidade Sexual e de G\u00eanero foi criado em 2005 pelo Prof. Dr. Manoel Ant\u00f4nio dos Santos e por Murilo dos Santos Moscheta, doutorando na \u00e9poca. Tamb\u00e9m participaram ativamente dos primeiros tempos de atua\u00e7\u00e3o do VIDEVERSO a psic\u00f3loga Jucely Cardoso Santos e o Prof. Me. Jos\u00e9 Urbano Brochado J\u00fanior, entre outros psic\u00f3logos, professores, p\u00f3s-graduandos e estagi\u00e1rios do curso de Psicologia que elegeram como objeto de seu trabalho e estudo quest\u00f5es atinentes \u00e0s diferen\u00e7as no \u00e2mbito da sexualidade e do g\u00eanero.<\/p>\n<p style=\"text-align: justify;\"><a name=\"_Toc484622903\"><\/a>Entre as principais fontes que inspiraram o VIDEVERSO em suas origens est\u00e1 o trabalho do Grupo Corsa \u2013 Cidadania, Orgulho, Respeito, Solidariedade e Amor, uma associa\u00e7\u00e3o civil sem fins lucrativos fundada em 1995 com a miss\u00e3o de defender os direitos civis e humanos da popula\u00e7\u00e3o LGBT, sediado na cidade de S\u00e3o Paulo. Essa organiza\u00e7\u00e3o teve um papel crucial na hist\u00f3ria do movimento homossexual no Brasil.<\/p>\n<p style=\"text-align: justify;\">Tomaso Bersosi, um de seus l\u00edderes, esteve por v\u00e1rias vezes com representantes do VIDEVERSO em Ribeir\u00e3o Preto-SP auxiliando na organiza\u00e7\u00e3o das atividades do grupo. O Corsa teve uma participa\u00e7\u00e3o de destaque na 1\u00aa Jornada em Diversidade Sexual, ocorrida em 2006, promovida pelo VIDEVERSO no\u00a0<em>campus<\/em>\u00a0de Ribeir\u00e3o Preto-SP da Universidade de S\u00e3o Paulo, outras quatro jornadas aconteceriam nos anos subsequentes. Al\u00e9m disso, forneceu apoio e supervis\u00e3o t\u00e9cnica para a implanta\u00e7\u00e3o do grupo de casais do mesmo sexo, fundamentado na psicologia sociocomunit\u00e1ria e coordenado pela psic\u00f3loga Jucely Cardoso Santos. Esse grupo reunia casais de homens\u00a0<em>gays<\/em>\u00a0e de mulheres l\u00e9sbicas em encontros quinzenais, realizados aos domingos \u00e0 tarde na comunidade.<\/p>\n<p style=\"text-align: justify;\">Assim, o VIDEVERSO promovia atividades regulares abertas a todas as pessoas interessadas, principiando com o grupo de casais, no qual eram compartilhadas informa\u00e7\u00f5es psicol\u00f3gicas, jur\u00eddicas e de sa\u00fade, e o grupo de m\u00e3es de filhos com viv\u00eancia homossexual, no qual eram socializadas experi\u00eancias entre fam\u00edlias com membros homossexuais. Conforme mencionado, essas atividades se inspiraram no trabalho desenvolvido pelo Grupo CORSA, assim como na ideia de promover encontros de socializa\u00e7\u00e3o e exibi\u00e7\u00e3o\/discuss\u00e3o de filmes. O grupo de casais seria posteriormente redimensionado, passando a ser intitulado Grupo da Diversidade, com uma proposta de agregar todas as pessoas interessadas em discutir relacionamentos afetivos e sexuais na contemporaneidade, independentemente de suas orienta\u00e7\u00f5es sexuais. Em s\u00edntese, inicialmente as atividades de extens\u00e3o voltaram-se para o atendimento \u00e0 comunidade a partir de grupos de apoio, psicoterapia individual, oficinas, semin\u00e1rios e jornadas.<\/p>\n<p><a href=\"https:\/\/sites.usp.br\/lepps\/wp-content\/uploads\/sites\/384\/2019\/09\/linha.png\"><img decoding=\"async\" class=\"aligncenter size-full wp-image-955\" src=\"https:\/\/sites.usp.br\/lepps\/wp-content\/uploads\/sites\/384\/2019\/09\/linha.png\" alt=\"\" width=\"640\" height=\"66\" srcset=\"https:\/\/sites.usp.br\/lepps\/wp-content\/uploads\/sites\/384\/2019\/09\/linha.png 640w, https:\/\/sites.usp.br\/lepps\/wp-content\/uploads\/sites\/384\/2019\/09\/linha-300x31.png 300w, https:\/\/sites.usp.br\/lepps\/wp-content\/uploads\/sites\/384\/2019\/09\/linha-400x41.png 400w\" sizes=\"(max-width: 640px) 100vw, 640px\" \/><\/a><\/p>\n<h2 style=\"text-align: center;\">Objetivos<\/h2>\n<p>&nbsp;<\/p>\n<p style=\"text-align: justify;\">O VIDEVERSO: Grupo de A\u00e7\u00e3o e Pesquisa em Diversidade Sexual e de G\u00eanero, desde sua funda\u00e7\u00e3o, est\u00e1 formalmente inserido no Laborat\u00f3rio de Ensino e Pesquisa em Psicologia da Sa\u00fade (LEPPS-CNPq) do Departamento de Psicologia da Faculdade de Filosofia, Ci\u00eancias e Letras de Ribeir\u00e3o Preto, Universidade de S\u00e3o Paulo (FFCLRP-USP). O VIDEVERSO tem como objetivos:<\/p>\n<ul>\n<li style=\"text-align: justify;\">Qualificar o debate contempor\u00e2neo no contexto das diferen\u00e7as relacionadas \u00e0s rela\u00e7\u00f5es de g\u00eanero e \u00e0 sexualidade no \u00e2mbito da popula\u00e7\u00e3o LGBT (L\u00e9sbicas, Gays, Bissexuais, Travestis, Transexuais ou Transg\u00eaneros).<\/li>\n<li style=\"text-align: justify;\">Desenvolver atividades acad\u00eamicas e de interven\u00e7\u00e3o com foco em g\u00eanero e sexualidade humana;<\/li>\n<li style=\"text-align: justify;\">Criar refer\u00eancias para pautar as\u00a0<em>pr\u00e1ticas psis<\/em> em moldes n\u00e3o heteronormativos.<\/li>\n<\/ul>\n<p><a href=\"https:\/\/sites.usp.br\/lepps\/wp-content\/uploads\/sites\/384\/2019\/09\/linha.png\"><img decoding=\"async\" class=\"aligncenter size-full wp-image-955\" src=\"https:\/\/sites.usp.br\/lepps\/wp-content\/uploads\/sites\/384\/2019\/09\/linha.png\" alt=\"\" width=\"640\" height=\"66\" srcset=\"https:\/\/sites.usp.br\/lepps\/wp-content\/uploads\/sites\/384\/2019\/09\/linha.png 640w, https:\/\/sites.usp.br\/lepps\/wp-content\/uploads\/sites\/384\/2019\/09\/linha-300x31.png 300w, https:\/\/sites.usp.br\/lepps\/wp-content\/uploads\/sites\/384\/2019\/09\/linha-400x41.png 400w\" sizes=\"(max-width: 640px) 100vw, 640px\" \/><\/a><\/p>\n<h2 style=\"text-align: center;\">Descri\u00e7\u00e3o das atividades<\/h2>\n<p>&nbsp;<\/p>\n<p style=\"text-align: justify;\">No\u00a0<em>campo da pesquisa<\/em>, o VIDEVERSO agrega alunos de inicia\u00e7\u00e3o cient\u00edfica, de mestrado, de doutorado e pesquisadores que realizam estudos sobre g\u00eanero e sexualidade.<\/p>\n<p style=\"text-align: justify;\">No \u00e2mbito das atividades de\u00a0<em>extens\u00e3o universit\u00e1ria<\/em>\u00a0conta com reuni\u00f5es quinzenais sobre g\u00eanero e sexualidade abertas \u00e0 comunidade acad\u00eamica em geral, com programa\u00e7\u00e3o estabelecida no in\u00edcio de cada semestre letivo. Nessas reuni\u00f5es, com dura\u00e7\u00e3o de 1h30, s\u00e3o discutidos artigos cient\u00edficos, filmes, obras liter\u00e1rias, pesquisas em andamento no LEPPS e aspectos da pr\u00e1tica profissional na \u00e1rea da sa\u00fade para a popula\u00e7\u00e3o LGBT. As reuni\u00f5es s\u00e3o coordenadas pelo Prof. Dr. Manoel Ant\u00f4nio dos Santos em parceria colaborativa com os psic\u00f3logos Dr. Eduardo Name Risk e Vin\u00edcius Alexandre.<\/p>\n<p style=\"text-align: justify;\">Al\u00e9m disso, ainda no \u00e2mbito da\u00a0<em>extens\u00e3o<\/em>\u00a0<em>universit\u00e1ria<\/em>, o VIDEVERSO contribui para a\u00a0<em>forma\u00e7\u00e3o profissional\u00a0<\/em>por meio de est\u00e1gio oferecido aos estudantes de Psicologia. O est\u00e1gio\u00a0<em>Interven\u00e7\u00f5es psicol\u00f3gicas inovadoras: Atua\u00e7\u00e3o psicol\u00f3gica em diversidade sexual e de g\u00eanero\u00a0<\/em>\u00e9 direcionado a alunos(as) do 4\u00ba e 5\u00ba anos de gradua\u00e7\u00e3o em Psicologia. Desenvolvido junto \u00e0 Cl\u00ednica Psicol\u00f3gica do Centro de Pesquisa e Psicologia Aplicada (CPA-FFCLRP-USP) e \u00e0s organiza\u00e7\u00f5es n\u00e3o-governamentais do munic\u00edpio de Ribeir\u00e3o Preto-SP que atuam na prote\u00e7\u00e3o dos direitos da popula\u00e7\u00e3o LGBT, o est\u00e1gio est\u00e1 alinhado \u00e0 perspectiva da psicologia sociocomunit\u00e1ria. Atualmente, o est\u00e1gio contempla atendimento psicoterap\u00eautico \u00e0s pessoas LGBT. O servi\u00e7o de atendimento psicol\u00f3gico \u00e9 coordenado pela Dra. \u00c9rika Arantes de Oliveira Cardoso, em parceria colaborativa com a Dra. L\u00edcia Barcelos de Sousa, ambas psic\u00f3logas do Departamento de Psicologia da FFCLRP-USP. O est\u00e1gio conta com a colabora\u00e7\u00e3o de psic\u00f3logos e p\u00f3s-graduandos do Programa de P\u00f3s-Gradua\u00e7\u00e3o em Psicologia da FFCLRP-USP.<\/p>\n<p>&nbsp;<\/p>\n","protected":false},"excerpt":{"rendered":"<p>Grupo de estudos sobre g\u00eanero e sexualidade \u2013 VIDEVERSO: reuni\u00f5es quinzenais, \u00e0s quartas-feiras, das 12h30 \u00e0s 14h, nas depend\u00eancias do Departamento de Psicologia da FFCLRP-USP. Para informa\u00e7\u00f5es sobre o grupo de estudos, encaminhe e-mail para: felipecampelo.psi@usp.br (Felipe Campelo) c\/c lepps@ffclrp.usp.br. Hist\u00f3rico &nbsp; O VIDEVERSO: Grupo de A\u00e7\u00e3o e Pesquisa em Diversidade Sexual e de G\u00eanero<a href=\"https:\/\/sites.usp.br\/lepps\/videverso-2-2\/\">[&#8230;]<\/a><\/p>\n","protected":false},"author":704,"featured_media":0,"parent":0,"menu_order":0,"comment_status":"closed","ping_status":"closed","template":"","meta":{"_monsterinsights_skip_tracking":false,"_monsterinsights_sitenote_active":false,"_monsterinsights_sitenote_note":"","_monsterinsights_sitenote_category":0,"footnotes":"","_links_to":"","_links_to_target":""},"class_list":["post-393","page","type-page","status-publish","hentry"],"_links":{"self":[{"href":"https:\/\/sites.usp.br\/lepps\/wp-json\/wp\/v2\/pages\/393","targetHints":{"allow":["GET"]}}],"collection":[{"href":"https:\/\/sites.usp.br\/lepps\/wp-json\/wp\/v2\/pages"}],"about":[{"href":"https:\/\/sites.usp.br\/lepps\/wp-json\/wp\/v2\/types\/page"}],"author":[{"embeddable":true,"href":"https:\/\/sites.usp.br\/lepps\/wp-json\/wp\/v2\/users\/704"}],"replies":[{"embeddable":true,"href":"https:\/\/sites.usp.br\/lepps\/wp-json\/wp\/v2\/comments?post=393"}],"version-history":[{"count":4,"href":"https:\/\/sites.usp.br\/lepps\/wp-json\/wp\/v2\/pages\/393\/revisions"}],"predecessor-version":[{"id":1614,"href":"https:\/\/sites.usp.br\/lepps\/wp-json\/wp\/v2\/pages\/393\/revisions\/1614"}],"wp:attachment":[{"href":"https:\/\/sites.usp.br\/lepps\/wp-json\/wp\/v2\/media?parent=393"}],"curies":[{"name":"wp","href":"https:\/\/api.w.org\/{rel}","templated":true}]}}