{"id":404,"date":"2018-08-13T23:27:26","date_gmt":"2018-08-14T02:27:26","guid":{"rendered":"http:\/\/sites.usp.br\/lepps\/?page_id=404"},"modified":"2022-08-22T11:21:45","modified_gmt":"2022-08-22T14:21:45","slug":"livros","status":"publish","type":"page","link":"https:\/\/sites.usp.br\/lepps\/livros\/","title":{"rendered":"Livros"},"content":{"rendered":"<p><a href=\"https:\/\/sites.usp.br\/lepps\/wp-content\/uploads\/sites\/384\/2019\/09\/linha.png\"><img decoding=\"async\" class=\"size-full wp-image-955 aligncenter\" src=\"https:\/\/sites.usp.br\/lepps\/wp-content\/uploads\/sites\/384\/2019\/09\/linha.png\" alt=\"\" width=\"640\" height=\"66\" srcset=\"https:\/\/sites.usp.br\/lepps\/wp-content\/uploads\/sites\/384\/2019\/09\/linha.png 640w, https:\/\/sites.usp.br\/lepps\/wp-content\/uploads\/sites\/384\/2019\/09\/linha-300x31.png 300w, https:\/\/sites.usp.br\/lepps\/wp-content\/uploads\/sites\/384\/2019\/09\/linha-400x41.png 400w\" sizes=\"(max-width: 640px) 100vw, 640px\" \/><\/a><\/p>\n<p><a href=\"https:\/\/sites.usp.br\/lepps\/wp-content\/uploads\/sites\/384\/2022\/08\/webcde365e08c83b80af1583708493_1080x1080.jpg\"><img fetchpriority=\"high\" decoding=\"async\" class=\"aligncenter wp-image-1603 size-large\" src=\"https:\/\/sites.usp.br\/lepps\/wp-content\/uploads\/sites\/384\/2022\/08\/webcde365e08c83b80af1583708493_1080x1080-1024x538.jpg\" alt=\"\" width=\"640\" height=\"336\" srcset=\"https:\/\/sites.usp.br\/lepps\/wp-content\/uploads\/sites\/384\/2022\/08\/webcde365e08c83b80af1583708493_1080x1080-1024x538.jpg 1024w, https:\/\/sites.usp.br\/lepps\/wp-content\/uploads\/sites\/384\/2022\/08\/webcde365e08c83b80af1583708493_1080x1080-300x158.jpg 300w, https:\/\/sites.usp.br\/lepps\/wp-content\/uploads\/sites\/384\/2022\/08\/webcde365e08c83b80af1583708493_1080x1080-768x403.jpg 768w, https:\/\/sites.usp.br\/lepps\/wp-content\/uploads\/sites\/384\/2022\/08\/webcde365e08c83b80af1583708493_1080x1080-400x210.jpg 400w, https:\/\/sites.usp.br\/lepps\/wp-content\/uploads\/sites\/384\/2022\/08\/webcde365e08c83b80af1583708493_1080x1080.jpg 1200w\" sizes=\"(max-width: 640px) 100vw, 640px\" \/><\/a><\/p>\n<p><a href=\"https:\/\/sites.usp.br\/lepps\/wp-content\/uploads\/sites\/384\/2019\/09\/linha.png\"><img decoding=\"async\" class=\"size-full wp-image-955 aligncenter\" src=\"https:\/\/sites.usp.br\/lepps\/wp-content\/uploads\/sites\/384\/2019\/09\/linha.png\" alt=\"\" width=\"640\" height=\"66\" srcset=\"https:\/\/sites.usp.br\/lepps\/wp-content\/uploads\/sites\/384\/2019\/09\/linha.png 640w, https:\/\/sites.usp.br\/lepps\/wp-content\/uploads\/sites\/384\/2019\/09\/linha-300x31.png 300w, https:\/\/sites.usp.br\/lepps\/wp-content\/uploads\/sites\/384\/2019\/09\/linha-400x41.png 400w\" sizes=\"(max-width: 640px) 100vw, 640px\" \/><\/a><a href=\"https:\/\/sites.usp.br\/lepps\/wp-content\/uploads\/sites\/384\/2019\/09\/livro-1.jpg\"><img decoding=\"async\" class=\"wp-image-1031 size-medium aligncenter\" src=\"https:\/\/sites.usp.br\/lepps\/wp-content\/uploads\/sites\/384\/2019\/09\/livro-1-197x300.jpg\" alt=\"\" width=\"197\" height=\"300\" srcset=\"https:\/\/sites.usp.br\/lepps\/wp-content\/uploads\/sites\/384\/2019\/09\/livro-1-197x300.jpg 197w, https:\/\/sites.usp.br\/lepps\/wp-content\/uploads\/sites\/384\/2019\/09\/livro-1-394x600.jpg 394w, https:\/\/sites.usp.br\/lepps\/wp-content\/uploads\/sites\/384\/2019\/09\/livro-1.jpg 456w\" sizes=\"(max-width: 197px) 100vw, 197px\" \/><\/a><\/p>\n<p style=\"text-align: center;\">Santos, M. A., Bartholomeu, D., &amp; Montiel, J. M. (2017). <em>Rela\u00e7\u00f5es interpessoais no ciclo vital: conceitos e contextos<\/em>. S\u00e3o Paulo: Vetor.<\/p>\n<p><a href=\"https:\/\/sites.usp.br\/lepps\/wp-content\/uploads\/sites\/384\/2019\/09\/linha.png\"><img decoding=\"async\" class=\"size-full wp-image-955 aligncenter\" src=\"https:\/\/sites.usp.br\/lepps\/wp-content\/uploads\/sites\/384\/2019\/09\/linha.png\" alt=\"\" width=\"640\" height=\"66\" srcset=\"https:\/\/sites.usp.br\/lepps\/wp-content\/uploads\/sites\/384\/2019\/09\/linha.png 640w, https:\/\/sites.usp.br\/lepps\/wp-content\/uploads\/sites\/384\/2019\/09\/linha-300x31.png 300w, https:\/\/sites.usp.br\/lepps\/wp-content\/uploads\/sites\/384\/2019\/09\/linha-400x41.png 400w\" sizes=\"(max-width: 640px) 100vw, 640px\" \/><\/a><\/p>\n<p><a href=\"https:\/\/sites.usp.br\/lepps\/wp-content\/uploads\/sites\/384\/2019\/09\/livro-2.jpg\"><img loading=\"lazy\" decoding=\"async\" class=\"wp-image-1032 size-medium aligncenter\" src=\"https:\/\/sites.usp.br\/lepps\/wp-content\/uploads\/sites\/384\/2019\/09\/livro-2-214x300.jpg\" alt=\"\" width=\"214\" height=\"300\" srcset=\"https:\/\/sites.usp.br\/lepps\/wp-content\/uploads\/sites\/384\/2019\/09\/livro-2-214x300.jpg 214w, https:\/\/sites.usp.br\/lepps\/wp-content\/uploads\/sites\/384\/2019\/09\/livro-2-400x560.jpg 400w, https:\/\/sites.usp.br\/lepps\/wp-content\/uploads\/sites\/384\/2019\/09\/livro-2.jpg 409w\" sizes=\"(max-width: 214px) 100vw, 214px\" \/><\/a><\/p>\n<p style=\"text-align: center;\">Peres, R. S. &amp; Santos, M. A. (2012). <em>Psicossom\u00e1tica psicanal\u00edtica: intersec\u00e7\u00f5es entre teoria, pesquisa e cl\u00ednica.<\/em> S\u00e3o Paulo: Al\u00ednea.<\/p>\n<p><a href=\"https:\/\/sites.usp.br\/lepps\/wp-content\/uploads\/sites\/384\/2019\/09\/linha.png\"><img decoding=\"async\" class=\"size-full wp-image-955 aligncenter\" src=\"https:\/\/sites.usp.br\/lepps\/wp-content\/uploads\/sites\/384\/2019\/09\/linha.png\" alt=\"\" width=\"640\" height=\"66\" srcset=\"https:\/\/sites.usp.br\/lepps\/wp-content\/uploads\/sites\/384\/2019\/09\/linha.png 640w, https:\/\/sites.usp.br\/lepps\/wp-content\/uploads\/sites\/384\/2019\/09\/linha-300x31.png 300w, https:\/\/sites.usp.br\/lepps\/wp-content\/uploads\/sites\/384\/2019\/09\/linha-400x41.png 400w\" sizes=\"(max-width: 640px) 100vw, 640px\" \/><\/a><\/p>\n<p><a href=\"https:\/\/sites.usp.br\/lepps\/wp-content\/uploads\/sites\/384\/2019\/09\/livro-3.jpg\"><img loading=\"lazy\" decoding=\"async\" class=\"wp-image-1033 size-medium aligncenter\" src=\"https:\/\/sites.usp.br\/lepps\/wp-content\/uploads\/sites\/384\/2019\/09\/livro-3-200x300.jpg\" alt=\"\" width=\"200\" height=\"300\" srcset=\"https:\/\/sites.usp.br\/lepps\/wp-content\/uploads\/sites\/384\/2019\/09\/livro-3-200x300.jpg 200w, https:\/\/sites.usp.br\/lepps\/wp-content\/uploads\/sites\/384\/2019\/09\/livro-3-400x600.jpg 400w, https:\/\/sites.usp.br\/lepps\/wp-content\/uploads\/sites\/384\/2019\/09\/livro-3.jpg 670w\" sizes=\"(max-width: 200px) 100vw, 200px\" \/><\/a><\/p>\n<p style=\"text-align: center;\">Scorsolini-Comin, F. &amp; Santos, M. A. (2011). <em>Casamento e satisfa\u00e7\u00e3o: um olhar da Psicologia Positiva<\/em>. S\u00e3o Paulo: Annablume.<\/p>\n","protected":false},"excerpt":{"rendered":"<p>Santos, M. A., Bartholomeu, D., &amp; Montiel, J. M. (2017). Rela\u00e7\u00f5es interpessoais no ciclo vital: conceitos e contextos. S\u00e3o Paulo: Vetor. Peres, R. S. &amp; Santos, M. A. (2012). Psicossom\u00e1tica psicanal\u00edtica: intersec\u00e7\u00f5es entre teoria, pesquisa e cl\u00ednica. S\u00e3o Paulo: Al\u00ednea. Scorsolini-Comin, F. &amp; Santos, M. A. (2011). Casamento e satisfa\u00e7\u00e3o: um olhar da Psicologia Positiva.<a href=\"https:\/\/sites.usp.br\/lepps\/livros\/\">[&#8230;]<\/a><\/p>\n","protected":false},"author":704,"featured_media":0,"parent":0,"menu_order":0,"comment_status":"closed","ping_status":"closed","template":"","meta":{"_monsterinsights_skip_tracking":false,"_monsterinsights_sitenote_active":false,"_monsterinsights_sitenote_note":"","_monsterinsights_sitenote_category":0,"footnotes":"","_links_to":"","_links_to_target":""},"class_list":["post-404","page","type-page","status-publish","hentry"],"_links":{"self":[{"href":"https:\/\/sites.usp.br\/lepps\/wp-json\/wp\/v2\/pages\/404","targetHints":{"allow":["GET"]}}],"collection":[{"href":"https:\/\/sites.usp.br\/lepps\/wp-json\/wp\/v2\/pages"}],"about":[{"href":"https:\/\/sites.usp.br\/lepps\/wp-json\/wp\/v2\/types\/page"}],"author":[{"embeddable":true,"href":"https:\/\/sites.usp.br\/lepps\/wp-json\/wp\/v2\/users\/704"}],"replies":[{"embeddable":true,"href":"https:\/\/sites.usp.br\/lepps\/wp-json\/wp\/v2\/comments?post=404"}],"version-history":[{"count":5,"href":"https:\/\/sites.usp.br\/lepps\/wp-json\/wp\/v2\/pages\/404\/revisions"}],"predecessor-version":[{"id":1605,"href":"https:\/\/sites.usp.br\/lepps\/wp-json\/wp\/v2\/pages\/404\/revisions\/1605"}],"wp:attachment":[{"href":"https:\/\/sites.usp.br\/lepps\/wp-json\/wp\/v2\/media?parent=404"}],"curies":[{"name":"wp","href":"https:\/\/api.w.org\/{rel}","templated":true}]}}