{"id":701,"date":"2019-02-06T10:47:48","date_gmt":"2019-02-06T12:47:48","guid":{"rendered":"http:\/\/sites.usp.br\/lepps\/?page_id=701"},"modified":"2026-03-14T14:14:59","modified_gmt":"2026-03-14T17:14:59","slug":"exterior","status":"publish","type":"page","link":"https:\/\/sites.usp.br\/lepps\/exterior\/","title":{"rendered":"Internacionaliza\u00e7\u00e3o"},"content":{"rendered":"<p><a href=\"https:\/\/sites.usp.br\/lepps\/wp-content\/uploads\/sites\/384\/2019\/09\/linha.png\"><img decoding=\"async\" class=\"size-full wp-image-955 aligncenter\" src=\"https:\/\/sites.usp.br\/lepps\/wp-content\/uploads\/sites\/384\/2019\/09\/linha.png\" alt=\"\" width=\"640\" height=\"66\" srcset=\"https:\/\/sites.usp.br\/lepps\/wp-content\/uploads\/sites\/384\/2019\/09\/linha.png 640w, https:\/\/sites.usp.br\/lepps\/wp-content\/uploads\/sites\/384\/2019\/09\/linha-300x31.png 300w, https:\/\/sites.usp.br\/lepps\/wp-content\/uploads\/sites\/384\/2019\/09\/linha-400x41.png 400w\" sizes=\"(max-width: 640px) 100vw, 640px\" \/><\/a><\/p>\n<p style=\"text-align: center;\"><a href=\"https:\/\/sites.usp.br\/lepps\/wp-content\/uploads\/sites\/384\/2019\/09\/capes-prorroga-prazo-inscricao-200-bolsas-doutorado-exterior-noticias.jpg\"><img fetchpriority=\"high\" decoding=\"async\" class=\"alignnone wp-image-1007 size-full\" src=\"https:\/\/sites.usp.br\/lepps\/wp-content\/uploads\/sites\/384\/2019\/09\/capes-prorroga-prazo-inscricao-200-bolsas-doutorado-exterior-noticias.jpg\" alt=\"\" width=\"712\" height=\"350\" srcset=\"https:\/\/sites.usp.br\/lepps\/wp-content\/uploads\/sites\/384\/2019\/09\/capes-prorroga-prazo-inscricao-200-bolsas-doutorado-exterior-noticias.jpg 712w, https:\/\/sites.usp.br\/lepps\/wp-content\/uploads\/sites\/384\/2019\/09\/capes-prorroga-prazo-inscricao-200-bolsas-doutorado-exterior-noticias-300x147.jpg 300w, https:\/\/sites.usp.br\/lepps\/wp-content\/uploads\/sites\/384\/2019\/09\/capes-prorroga-prazo-inscricao-200-bolsas-doutorado-exterior-noticias-400x197.jpg 400w\" sizes=\"(max-width: 712px) 100vw, 712px\" \/><\/a><\/p>\n<p><a href=\"https:\/\/sites.usp.br\/lepps\/wp-content\/uploads\/sites\/384\/2019\/09\/linha.png\"><img decoding=\"async\" class=\"size-full wp-image-955 aligncenter\" src=\"https:\/\/sites.usp.br\/lepps\/wp-content\/uploads\/sites\/384\/2019\/09\/linha.png\" alt=\"\" width=\"640\" height=\"66\" srcset=\"https:\/\/sites.usp.br\/lepps\/wp-content\/uploads\/sites\/384\/2019\/09\/linha.png 640w, https:\/\/sites.usp.br\/lepps\/wp-content\/uploads\/sites\/384\/2019\/09\/linha-300x31.png 300w, https:\/\/sites.usp.br\/lepps\/wp-content\/uploads\/sites\/384\/2019\/09\/linha-400x41.png 400w\" sizes=\"(max-width: 640px) 100vw, 640px\" \/><\/a><\/p>\n<p style=\"text-align: center;\"><span style=\"color: #ff0000;\" data-darkreader-inline-color=\"\"><strong>Bolsa Programa Institucional de Doutorado Sandu\u00edche No Exterior (PDSE) &#8211; CAPES<\/strong><\/span><\/p>\n<p><a href=\"https:\/\/sites.usp.br\/lepps\/wp-content\/uploads\/sites\/384\/2019\/09\/linha.png\"><br \/>\n<img decoding=\"async\" class=\"size-full wp-image-955 aligncenter\" src=\"https:\/\/sites.usp.br\/lepps\/wp-content\/uploads\/sites\/384\/2019\/09\/linha.png\" alt=\"\" width=\"640\" height=\"66\" srcset=\"https:\/\/sites.usp.br\/lepps\/wp-content\/uploads\/sites\/384\/2019\/09\/linha.png 640w, https:\/\/sites.usp.br\/lepps\/wp-content\/uploads\/sites\/384\/2019\/09\/linha-300x31.png 300w, https:\/\/sites.usp.br\/lepps\/wp-content\/uploads\/sites\/384\/2019\/09\/linha-400x41.png 400w\" sizes=\"(max-width: 640px) 100vw, 640px\" \/><\/a>Aluna: Let\u00edcia Carolina Boffi<\/p>\n<p><strong>Projeto: <em>Gesta\u00e7\u00e3o e parentalidade transmasculina ap\u00f3s transi\u00e7\u00e3o de g\u00eanero: expandindo perspectivas de pesquisa multidisciplinar entre Brasil e Portugal<\/em><\/strong><\/p>\n<p><strong>Universidade de Lisboa<\/strong>, Portugal<\/p>\n<p>Apoio: Bolsa Programa Institucional de Doutorado Sandu\u00edche No Exterior (PDSE) \u2013 Coordena\u00e7\u00e3o De Aperfei\u00e7oamento De Pessoal De N\u00edvel Superior (CAPES) Brasil<\/p>\n<p>N\u00famero do processo: 88881.126423\/2025-01<\/p>\n<p>Per\u00edodo do Est\u00e1gio de Pesquisa no Exterior: 01\/09\/2025 a 28\/02\/2026<\/p>\n<p style=\"text-align: justify;\">Supervisora: Prof. Dr. Sofia Aboim, Instituto de Ci\u00eancias Sociais \u2013 Universidade de Lisboa<\/p>\n<p style=\"text-align: justify;\">No Brasil, as identidades transmasculinas est\u00e3o sendo visibilizadas h\u00e1 pouco mais de duas d\u00e9cadas. Nesse per\u00edodo, as viv\u00eancias relacionadas aos direitos reprodutivos de homens trans e pessoas transmasculinas est\u00e3o precariamente representadas, tanto em pol\u00edticas p\u00fablicas quanto nas investiga\u00e7\u00f5es cient\u00edficas. No \u00e2mbito nacional, n\u00e3o foi encontrada investiga\u00e7\u00e3o multidisciplinar cujo fen\u00f4meno principal s\u00e3o as experi\u00eancias gestacionais e de parentalidade vivenciadas por homens trans e pessoas transmasculinas ap\u00f3s a transi\u00e7\u00e3o de g\u00eanero, fen\u00f4meno que integra estudos de g\u00eanero nos \u00e2mbitos multidisciplinares. Aplicando abordagens e metodologias multidisciplinares em pesquisas no campo dos g\u00eaneros, corpos e sexualidades, o Grupo de Investiga\u00e7\u00e3o LIFE tem como objetivo conhecer como se (re)produzem velhas e novas formas de desigualdade a partir do monitoramento de pol\u00edticas p\u00fablicas. Este projeto tem como objetivos: (1) possibilitar a participa\u00e7\u00e3o em pesquisas e o aprendizado de novos conceitos, teorias e desenhos metodol\u00f3gicos nas viv\u00eancias gestacionais e de parentalidade das transmasculinidades; (2) discutir os dados obtidos no Brasil com a equipe de Portugal, internacionalmente reconhecida por sua expertise na \u00e1rea; (3) permitir que a pesquisadora aprofunde os estudos sobre g\u00eanero, corpos e sexualidades, por meio da participa\u00e7\u00e3o nas atividades conduzidas pelo Grupo de Investiga\u00e7\u00e3o LIFE e pela Universidade de Lisboa. A estudante permanecer\u00e1 no Instituto de Ci\u00eancias Sociais da Universidade de Lisboa por seis meses para estudo te\u00f3rico e de campo, observa\u00e7\u00e3o, semin\u00e1rios e cursos. Os dados do est\u00e1gio de pesquisa no exterior ser\u00e3o coletados por meio de notas de campo, e os dados das entrevistas foram coletados no Brasil por meio de um roteiro de entrevista semiestruturada entre mar\u00e7o e julho de 2024. Os dados ser\u00e3o organizados e analisados por meio da abordagem de an\u00e1lise tem\u00e1tica reflexiva, na qual dois artigos e um relat\u00f3rio cient\u00edfico ser\u00e3o produzidos. O est\u00e1gio contribuir\u00e1 para o aprimoramento do estudo de doutorado no Brasil, ampliar\u00e1 parcerias e promover\u00e1 o compartilhamento de conhecimentos entre Brasil e Portugal.<br \/>\n<img decoding=\"async\" class=\"size-full wp-image-955 aligncenter\" src=\"https:\/\/sites.usp.br\/lepps\/wp-content\/uploads\/sites\/384\/2019\/09\/linha.png\" alt=\"\" width=\"640\" height=\"66\" srcset=\"https:\/\/sites.usp.br\/lepps\/wp-content\/uploads\/sites\/384\/2019\/09\/linha.png 640w, https:\/\/sites.usp.br\/lepps\/wp-content\/uploads\/sites\/384\/2019\/09\/linha-300x31.png 300w, https:\/\/sites.usp.br\/lepps\/wp-content\/uploads\/sites\/384\/2019\/09\/linha-400x41.png 400w\" sizes=\"(max-width: 640px) 100vw, 640px\" \/><\/p>\n<p style=\"text-align: center;\"><span style=\"color: #ff0000;\" data-darkreader-inline-color=\"\"><strong>Bolsa Est\u00e1gio de Pesquisa no Exterior &#8211; BEPE Doutorado &#8211; FAPESP<\/strong><\/span><\/p>\n<p><a href=\"https:\/\/sites.usp.br\/lepps\/wp-content\/uploads\/sites\/384\/2019\/09\/linha.png\"><br \/>\n<img decoding=\"async\" class=\"size-full wp-image-955 aligncenter\" src=\"https:\/\/sites.usp.br\/lepps\/wp-content\/uploads\/sites\/384\/2019\/09\/linha.png\" alt=\"\" width=\"640\" height=\"66\" srcset=\"https:\/\/sites.usp.br\/lepps\/wp-content\/uploads\/sites\/384\/2019\/09\/linha.png 640w, https:\/\/sites.usp.br\/lepps\/wp-content\/uploads\/sites\/384\/2019\/09\/linha-300x31.png 300w, https:\/\/sites.usp.br\/lepps\/wp-content\/uploads\/sites\/384\/2019\/09\/linha-400x41.png 400w\" sizes=\"(max-width: 640px) 100vw, 640px\" \/><\/a><\/p>\n<p>Aluna: Carolina Leonidas<\/p>\n<p><strong>Projeto: <em>The (im)possibilities of the feminine: Sexuality of women with eating disorders<\/em><\/strong><\/p>\n<p><strong>King\u00b4s College London<\/strong>, United Kingdon<\/p>\n<p>Apoio: Bolsa BEPE Doutorado &#8211; FAPESP Reino Unido<\/p>\n<p>N\u00famero do processo: 2015\/15103-5<\/p>\n<p>Per\u00edodo do Est\u00e1gio de Pesquisa no Exterior: 02\/11\/2015 a 01\/02\/2016<\/p>\n<p style=\"text-align: justify;\">Supervisora: Prof. Dr. Janet Treasure, Institute of Psychiatry, Psychology &amp; Neuroscience \u2013 IoPPN, King\u00b4s College London<\/p>\n<p style=\"text-align: justify;\">Eating disorders (ED) are psychiatric illnesses characterized by persistent disturbance in eating or eating-related behavior that results in the altered consumption or absorption of food and significantly undermines one\u00b4s physical health and psychosocial behavior, resulting in high rates of morbidity and mortality. In Brazil, there are only 23 specialized services to treat ED: 11 in S\u00e3o Paulo, two in Rio de Janeiro, four in Rio Grande do Sul and one in each of the following states: Minas Gerais, Goi\u00e1s, Bahia, Cear\u00e1, Paran\u00e1 and Santa Catarina. Considering that Brazil&#8217;s current population is approximately 204 million, and that the majority of the services mentioned is not multidisciplinary, has few hired professionals and has little space available for treatment, it is clear that the supply of treatment for these psychopathological disorders in Brazil is still quite scarce, restricting not only the possibilities of treatment for patients, but also the possibilities of research and theoretical improvement of professionals working in this area. In this context, the present study aims to investigate the model of assistance, approaches and therapeutic techniques used by professionals who work at the Maudsley Hospital, a worldwide pioneer institution in the treatment of ED and part of the South London and Maudsley NHS Foundation Trust (SLaM), provider the broadest portfolio of mental health services in the UK. This study will seek to acquire new knowledge that can contribute to reorganize the assistance models used in Brazil, particularly at the Assistance Group on Eating Disorders (GRATA), from the Clinic\u00b4s Hospital of the Ribeir\u00e3o Preto Medical School, University of S\u00e3o Paulo (HC-FMRP-USP), the first service specialized in the treatment of ED in Brazil, and in which the researcher has been carrying out her PhD research, continuing from her Master research and also undergraduate research and internship. Part of the team of professionals working with ED at the Maudsley Hospital is linked to the Eating Disorders Research Group of the Institute of Psychiatry, Psychology and Neuroscience (IoPPN) from King&#8217;s College London, United Kingdom (KCL). The insertion of the researcher in this context will include systematic observations of team meetings at the Maudsley Hospital and the research group during a three-month period, enabling the researcher\u00b4s knowledge over the innovative techniques of psychotherapy developed by Maudsley\u00b4s team, such as MANTRA \u2013 Maudsley Model of Anorexia Nervosa for Adults. From the researcher&#8217;s original doctoral project, the systematic observations of the professional team and the research group will focus, beyond the technical aspects of the treatment, the way sexuality and issues related to women&#8217;s sexual experiences are addressed in the health care service. The study will also include periodical supervisions with Prof. Janet Treasure, PhD, linked to the Eating Disorders Research Group from the IoPPN \u2013 KCL, in order to present and discuss the doctoral research methodology and preliminary results. It is expected that the supervision will deepen and extend the analysis of the original doctoral research data, since Prof. Treasure is an expert in the field of ED. It is also expected that the reseracher\u00b4s knowledge about the methods and treatment approaches used in the institution abroad may later be employed as a model for improving the treatment of patients being followed at GRATA.<\/p>\n<p><a href=\"https:\/\/sites.usp.br\/lepps\/wp-content\/uploads\/sites\/384\/2019\/09\/linha.png\"><img decoding=\"async\" class=\"size-full wp-image-955 aligncenter\" src=\"https:\/\/sites.usp.br\/lepps\/wp-content\/uploads\/sites\/384\/2019\/09\/linha.png\" alt=\"\" width=\"640\" height=\"66\" srcset=\"https:\/\/sites.usp.br\/lepps\/wp-content\/uploads\/sites\/384\/2019\/09\/linha.png 640w, https:\/\/sites.usp.br\/lepps\/wp-content\/uploads\/sites\/384\/2019\/09\/linha-300x31.png 300w, https:\/\/sites.usp.br\/lepps\/wp-content\/uploads\/sites\/384\/2019\/09\/linha-400x41.png 400w\" sizes=\"(max-width: 640px) 100vw, 640px\" \/><\/a><\/p>\n<p>Aluna: \u00c9lide Dezoti Valdanha<\/p>\n<p><strong>Projeto: <em>Les troubles alimentaires des jeunes filles et la dynamique familiale<\/em><\/strong><\/p>\n<p><strong>Universit\u00e9 Paris VII &#8211;<\/strong> <strong>Sorbonne<\/strong> &#8211; Universit\u00e9 Paris Diderot, Paris<\/p>\n<p>Apoio: Bolsa BEPE Doutorado &#8211; FAPESP Fran\u00e7a<\/p>\n<p>N\u00famero do processo\u00a02016\/02147-7<\/p>\n<p>Per\u00edodo do Est\u00e1gio de Pesquisa no Exterior: 15\/08\/2016 a 14\/08\/2017<\/p>\n<p>Co-orientadora: Prof. Claire Squires, Universit\u00e9 Paris Diderot<\/p>\n<p style=\"text-align: justify;\">Projet de th\u00e8se pr\u00e9sent\u00e9 \u00e0 FAPESP dans le cadre des conditions pour la cotutelle internationale \u00e0 l\u2019\u00c9cole Doctorale 450 Recherches en Psychanalyse et Psychopathologie (Sorbonne &#8211; Universit\u00e9 Paris Diderot)<\/p>\n<p style=\"text-align: justify;\">\u00c9tudiante boursi\u00e8re: \u00c9lide Dezoti Valdanha<\/p>\n<p style=\"text-align: justify;\">Directeur de th\u00e8se: Manoel Ant\u00f4nio dos Santos<\/p>\n<p style=\"text-align: justify;\">Directrice de stage et co-directrice de th\u00e8se: Claire Squires<\/p>\n<p style=\"text-align: justify;\">Apoio: FAPESP &#8211; Bourse d\u2019\u00e9tudes: Bolsa de Est\u00e1gio de Pesquisa no Exterior \u2013 BEPE Doutorado<\/p>\n<p style=\"text-align: justify;\">Cette \u00e9tude, en cotutelle de th\u00e8se, a pour objectif de comprendre la dynamique familiale, au moyen d\u2019une \u00e9valuation psychologique projective des caract\u00e9ristiques de la personnalit\u00e9 des parents et des enfants pr\u00e9sentant des troubles de conduites alimentaires (TCA), pour identifier les possibles relations entre le d\u00e9but et la continuit\u00e9 de la psychopathologie. C&#8217;est une recherche clinique qualitative bas\u00e9e sur la th\u00e9orie psychanalytique faisant partie d&#8217; une recherche plus large, intitul\u00e9e \u201cTroubles alimentaires, ob\u00e9sit\u00e9 et famille : une perspective transculturelle\u201d, realis\u00e9e en partenariat entre l\u2019Universit\u00e9 de S\u00e3o Paulo (Br\u00e9sil) et l\u2019Universit\u00e9 Diderot-Paris. Trente personnes participeront \u00e0 la pr\u00e9sente \u00e9tude : dix filles (entre 12 et 25 ans) diagnostiqu\u00e9es avec TCA, et leurs parents. M\u00e9thodologie: (1) Formulaire d\u2019information s\u00f3cio-d\u00e9mographiques ; (2) Guide d\u2019entretien; (3) Test des Matrices Progressives de Raven ; (4) Questionnaire for Eating Disorder Diagnosis (Q-EDD) ; (5) Test de Rorschach ; (6) Proc\u00e9d\u00e9 du Dessin des Familles avec Histoires (DF-E). Les donn\u00e9es seront organis\u00e9es selon chaque participant, apr\u00e8s selon chaque famille et interpret\u00e9es selon la th\u00e9orie psychanalytique. Nous esp\u00e9rons que cette \u00e9tude pourra contribuer pour am\u00e9liorer les interventions de l\u2019 \u00e9quipe pluridisciplinaire, la prevention et la promotion de la sant\u00e9.<\/p>\n<p><strong>(Doc. 8.1.4.5.7)<\/strong><\/p>\n<p><a href=\"https:\/\/sites.usp.br\/lepps\/wp-content\/uploads\/sites\/384\/2019\/09\/linha.png\"><img decoding=\"async\" class=\"size-full wp-image-955 aligncenter\" src=\"https:\/\/sites.usp.br\/lepps\/wp-content\/uploads\/sites\/384\/2019\/09\/linha.png\" alt=\"\" width=\"640\" height=\"66\" srcset=\"https:\/\/sites.usp.br\/lepps\/wp-content\/uploads\/sites\/384\/2019\/09\/linha.png 640w, https:\/\/sites.usp.br\/lepps\/wp-content\/uploads\/sites\/384\/2019\/09\/linha-300x31.png 300w, https:\/\/sites.usp.br\/lepps\/wp-content\/uploads\/sites\/384\/2019\/09\/linha-400x41.png 400w\" sizes=\"(max-width: 640px) 100vw, 640px\" \/><\/a><\/p>\n<p>Aluno: Mario Augusto Tombolato<\/p>\n<p><strong>Projeto: <\/strong><em><strong>Families with same-sex couples and their children: broadening research perspectives<\/strong> <\/em><\/p>\n<p><strong>University of Cambridge<\/strong>, England<\/p>\n<p>Apoio: Bolsa BEPE Doutorado &#8211; FAPESP Reino Unido<\/p>\n<p>N\u00famero do processo\u00a02017\/08547-0<strong>\u00a0<\/strong><\/p>\n<p>Per\u00edodo do Est\u00e1gio de Pesquisa no Exterior: 29\/09\/2017 a 01\/04\/2018<\/p>\n<p>Supervisora: Prof. Susan Golombok,<em> Centre for Family Research<\/em><\/p>\n<p>&nbsp;<\/p>\n<p style=\"text-align: justify;\">This Research Internship Abroad (BEPE) is part of a doctoral study aiming at learning about the experiences of same-sex families through reports in the own voices of gay and lesbian couples, and their children (12 participants in total). In-depth audio-recorded interviews were transcribed verbatim and are now being analysed qualitatively together with other data on the participants. The theme is relevant nowadays, when many voices insist to claim that only one family model is proper, legitimate and healthy, whereas other arrangements are viewed as marginal or erratic. In addition, there is no record of multidisciplinary centres in Brazil specialising in the new family forms. The Centre for Family Research (CFR) is a multidisciplinary institute of the University of Cambridge, UK, also dedicated to studies on the impact of new arrangements on parenting and child development, especially with lesbian-mother and gay-father families. The objectives in this project are: (1) to enable the insertion of the applicant into the CFR to learn new approaches and methodological designs in new family arrangement studies, particularly those with same-sex couples, and (2) to refine the doctoral research in Brazil. The applicant will stay at the CFR for six months to participate in meetings, seminars, courses and events, and will explore every opportunity to discuss the procedures and data related to the study in Brazil. The data collected during the participation and observations will be subjected to thematic analysis, and a scientific report will be produced. The internship will enhance and help to complete the work of the student in Brazil. Furthermore, the knowledge to be built is expected to inspire and improve research conducted in the Laboratory for Teaching and Research in Health Psychology (LEPPS\/USP), as well as amplify the dissemination and applicability of research in the Brazilian scenario.<\/p>\n","protected":false},"excerpt":{"rendered":"<p>Bolsa Programa Institucional de Doutorado Sandu\u00edche No Exterior (PDSE) &#8211; CAPES Aluna: Let\u00edcia Carolina Boffi Projeto: Gesta\u00e7\u00e3o e parentalidade transmasculina ap\u00f3s transi\u00e7\u00e3o de g\u00eanero: expandindo perspectivas de pesquisa multidisciplinar entre Brasil e Portugal Universidade de Lisboa, Portugal Apoio: Bolsa Programa Institucional de Doutorado Sandu\u00edche No Exterior (PDSE) \u2013 Coordena\u00e7\u00e3o De Aperfei\u00e7oamento De Pessoal De N\u00edvel<a href=\"https:\/\/sites.usp.br\/lepps\/exterior\/\">[&#8230;]<\/a><\/p>\n","protected":false},"author":704,"featured_media":0,"parent":0,"menu_order":0,"comment_status":"closed","ping_status":"closed","template":"","meta":{"_monsterinsights_skip_tracking":false,"_monsterinsights_sitenote_active":false,"_monsterinsights_sitenote_note":"","_monsterinsights_sitenote_category":0,"footnotes":"","_links_to":"","_links_to_target":""},"class_list":["post-701","page","type-page","status-publish","hentry"],"_links":{"self":[{"href":"https:\/\/sites.usp.br\/lepps\/wp-json\/wp\/v2\/pages\/701","targetHints":{"allow":["GET"]}}],"collection":[{"href":"https:\/\/sites.usp.br\/lepps\/wp-json\/wp\/v2\/pages"}],"about":[{"href":"https:\/\/sites.usp.br\/lepps\/wp-json\/wp\/v2\/types\/page"}],"author":[{"embeddable":true,"href":"https:\/\/sites.usp.br\/lepps\/wp-json\/wp\/v2\/users\/704"}],"replies":[{"embeddable":true,"href":"https:\/\/sites.usp.br\/lepps\/wp-json\/wp\/v2\/comments?post=701"}],"version-history":[{"count":4,"href":"https:\/\/sites.usp.br\/lepps\/wp-json\/wp\/v2\/pages\/701\/revisions"}],"predecessor-version":[{"id":1965,"href":"https:\/\/sites.usp.br\/lepps\/wp-json\/wp\/v2\/pages\/701\/revisions\/1965"}],"wp:attachment":[{"href":"https:\/\/sites.usp.br\/lepps\/wp-json\/wp\/v2\/media?parent=701"}],"curies":[{"name":"wp","href":"https:\/\/api.w.org\/{rel}","templated":true}]}}