{"id":707,"date":"2019-02-06T10:48:39","date_gmt":"2019-02-06T12:48:39","guid":{"rendered":"http:\/\/sites.usp.br\/lepps\/?page_id=707"},"modified":"2019-09-06T11:06:02","modified_gmt":"2019-09-06T14:06:02","slug":"pos-doc","status":"publish","type":"page","link":"https:\/\/sites.usp.br\/lepps\/pos-doc\/","title":{"rendered":"P\u00f3s-Doc"},"content":{"rendered":"<p><a href=\"https:\/\/sites.usp.br\/lepps\/wp-content\/uploads\/sites\/384\/2019\/09\/linha.png\"><img decoding=\"async\" class=\"size-full wp-image-955 aligncenter\" src=\"https:\/\/sites.usp.br\/lepps\/wp-content\/uploads\/sites\/384\/2019\/09\/linha.png\" alt=\"\" width=\"640\" height=\"66\" srcset=\"https:\/\/sites.usp.br\/lepps\/wp-content\/uploads\/sites\/384\/2019\/09\/linha.png 640w, https:\/\/sites.usp.br\/lepps\/wp-content\/uploads\/sites\/384\/2019\/09\/linha-300x31.png 300w, https:\/\/sites.usp.br\/lepps\/wp-content\/uploads\/sites\/384\/2019\/09\/linha-400x41.png 400w\" sizes=\"(max-width: 640px) 100vw, 640px\" \/><\/a><a href=\"https:\/\/sites.usp.br\/lepps\/wp-content\/uploads\/sites\/384\/2019\/09\/20170602104729VOXxOENoBN.jpg\"><img fetchpriority=\"high\" decoding=\"async\" class=\"wp-image-1009 size-full aligncenter\" src=\"https:\/\/sites.usp.br\/lepps\/wp-content\/uploads\/sites\/384\/2019\/09\/20170602104729VOXxOENoBN.jpg\" alt=\"\" width=\"609\" height=\"340\" srcset=\"https:\/\/sites.usp.br\/lepps\/wp-content\/uploads\/sites\/384\/2019\/09\/20170602104729VOXxOENoBN.jpg 609w, https:\/\/sites.usp.br\/lepps\/wp-content\/uploads\/sites\/384\/2019\/09\/20170602104729VOXxOENoBN-300x167.jpg 300w, https:\/\/sites.usp.br\/lepps\/wp-content\/uploads\/sites\/384\/2019\/09\/20170602104729VOXxOENoBN-310x174.jpg 310w, https:\/\/sites.usp.br\/lepps\/wp-content\/uploads\/sites\/384\/2019\/09\/20170602104729VOXxOENoBN-400x223.jpg 400w\" sizes=\"(max-width: 609px) 100vw, 609px\" \/><\/a><\/p>\n<p><a href=\"https:\/\/sites.usp.br\/lepps\/wp-content\/uploads\/sites\/384\/2019\/09\/linha.png\"><img decoding=\"async\" class=\"size-full wp-image-955 aligncenter\" src=\"https:\/\/sites.usp.br\/lepps\/wp-content\/uploads\/sites\/384\/2019\/09\/linha.png\" alt=\"\" width=\"640\" height=\"66\" srcset=\"https:\/\/sites.usp.br\/lepps\/wp-content\/uploads\/sites\/384\/2019\/09\/linha.png 640w, https:\/\/sites.usp.br\/lepps\/wp-content\/uploads\/sites\/384\/2019\/09\/linha-300x31.png 300w, https:\/\/sites.usp.br\/lepps\/wp-content\/uploads\/sites\/384\/2019\/09\/linha-400x41.png 400w\" sizes=\"(max-width: 640px) 100vw, 640px\" \/><\/a><\/p>\n<p>Supervisionanda: Dra. Maria Nadeje Pereira Barbosa, egressa do Doutorado na Universidad Complutense de Madrid, Espanha.<\/p>\n<p>Projeto de pesquisa: <em><strong>Considera\u00e7\u00f5es sobre a dimens\u00e3o biol\u00f3gica do conceito de puls\u00e3o em Freud<\/strong><\/em><\/p>\n<p>Financiamento: Bolsa de Rec\u00e9m-Doutor do Conselho Nacional de Desenvolvimento Cient\u00edfico e Tecnol\u00f3gico (CNPq).<\/p>\n<p>\u00c1rea: Psicologia; Sub\u00e1rea: Tratamento e Preven\u00e7\u00e3o Psicol\u00f3gica \/ Psican\u00e1lise.<\/p>\n<p>Per\u00edodo: 2004 a 2005.<\/p>\n<p>Publica\u00e7\u00e3o: Barbosa, M. N. P., &amp; Santos, M. A. (2005). Considera\u00e7\u00f5es sobre a dimens\u00e3o biol\u00f3gica do conceito de puls\u00e3o em Freud. <em>Psicologia: Reflex\u00e3o e Cr\u00edtica, 18<\/em>(2), 162-170. doi: 10.1590\/S0102-79722005000200003<\/p>\n<p><a href=\"https:\/\/sites.usp.br\/lepps\/wp-content\/uploads\/sites\/384\/2019\/09\/linha.png\"><img decoding=\"async\" class=\"size-full wp-image-955 aligncenter\" src=\"https:\/\/sites.usp.br\/lepps\/wp-content\/uploads\/sites\/384\/2019\/09\/linha.png\" alt=\"\" width=\"640\" height=\"66\" srcset=\"https:\/\/sites.usp.br\/lepps\/wp-content\/uploads\/sites\/384\/2019\/09\/linha.png 640w, https:\/\/sites.usp.br\/lepps\/wp-content\/uploads\/sites\/384\/2019\/09\/linha-300x31.png 300w, https:\/\/sites.usp.br\/lepps\/wp-content\/uploads\/sites\/384\/2019\/09\/linha-400x41.png 400w\" sizes=\"(max-width: 640px) 100vw, 640px\" \/><\/a><\/p>\n<p>Supervisionando: Prof. Dr. Fabio Scorsolini-Comin, docente da Universidade Federal do Tri\u00e2ngulo Mineiro &#8211; UFTM.<\/p>\n<p>Projeto de pesquisa: <strong><em>Estrat\u00e9gias de manuten\u00e7\u00e3o do casamento e fontes de apoio no cotidiano conjugal: investiga\u00e7\u00e3o sobre os casamentos de longa dura\u00e7\u00e3o<\/em><\/strong><\/p>\n<p>\u00c1rea: Psicologia; Sub\u00e1rea: Psicologia do Desenvolvimento<\/p>\n<p>Financiamento: Conselho Nacional de Desenvolvimento Cient\u00edfico e Tecnol\u00f3gico (CNPq), bolsa de P\u00f3s-Doutorado J\u00fanior (PDJ), Processo 162649\/2013-4.<\/p>\n<p>Per\u00edodo: setembro de 2013 e agosto de 2015<\/p>\n<p>Publica\u00e7\u00f5es submetidas \u00e0 avalia\u00e7\u00e3o.<\/p>\n<p><a href=\"https:\/\/sites.usp.br\/lepps\/wp-content\/uploads\/sites\/384\/2019\/09\/linha.png\"><img decoding=\"async\" class=\"size-full wp-image-955 aligncenter\" src=\"https:\/\/sites.usp.br\/lepps\/wp-content\/uploads\/sites\/384\/2019\/09\/linha.png\" alt=\"\" width=\"640\" height=\"66\" srcset=\"https:\/\/sites.usp.br\/lepps\/wp-content\/uploads\/sites\/384\/2019\/09\/linha.png 640w, https:\/\/sites.usp.br\/lepps\/wp-content\/uploads\/sites\/384\/2019\/09\/linha-300x31.png 300w, https:\/\/sites.usp.br\/lepps\/wp-content\/uploads\/sites\/384\/2019\/09\/linha-400x41.png 400w\" sizes=\"(max-width: 640px) 100vw, 640px\" \/><\/a><\/p>\n<p>Supervisionanda: Profa. Dra. Thais Thom\u00e9 Seni da Silva Oliveira, docente da Universidade de Londrina &#8211; UEL.<\/p>\n<p>Projeto de pesquisa: <strong><em>Estrutura e funcionamento de uma equipe de sa\u00fade mental de Trieste na perspectiva de seus integrantes: Um estudo qualitativo<\/em><\/strong><\/p>\n<p>Esse p\u00f3s-doutorado foi desenvolvido em colabora\u00e7\u00e3o com pesquisadores reconhecidos como protagonistas da Reforma Psiqui\u00e1trica italiana. As atividades de coleta e an\u00e1lise de dados foram desenvolvidas em est\u00e1gio no exterior, junto ao Departamento de Sa\u00fade Mental da cidade de Trieste, It\u00e1lia, em 2015-2016, em parceria de supervis\u00e3o com a Profa. Elisabetta Pascolo-Fabrici da Universidade de Trieste.<\/p>\n<p>\u00c1rea: Psicologia; Sub\u00e1rea: Tratamento e Preven\u00e7\u00e3o Psicol\u00f3gica.<\/p>\n<p>Per\u00edodo: 25 de setembro de 2014 a outubro de 2015.<\/p>\n<p>Publica\u00e7\u00e3o: Oliveira-Pereira, T. T. S., &amp; Santos, M. A. (2012). Care group for mental health staff: A professional development strategy. <em>Revista Brasileira de Crescimento e Desenvolvimento Humano, 22<\/em>(1), 68-72.<\/p>\n<p><a href=\"https:\/\/sites.usp.br\/lepps\/wp-content\/uploads\/sites\/384\/2019\/09\/linha.png\"><img decoding=\"async\" class=\"size-full wp-image-955 aligncenter\" src=\"https:\/\/sites.usp.br\/lepps\/wp-content\/uploads\/sites\/384\/2019\/09\/linha.png\" alt=\"\" width=\"640\" height=\"66\" srcset=\"https:\/\/sites.usp.br\/lepps\/wp-content\/uploads\/sites\/384\/2019\/09\/linha.png 640w, https:\/\/sites.usp.br\/lepps\/wp-content\/uploads\/sites\/384\/2019\/09\/linha-300x31.png 300w, https:\/\/sites.usp.br\/lepps\/wp-content\/uploads\/sites\/384\/2019\/09\/linha-400x41.png 400w\" sizes=\"(max-width: 640px) 100vw, 640px\" \/><\/a><\/p>\n<p>Supervisionando: Prof. Dr. Fabio Scorsolini Comin, docente da Universidade Federal do Tri\u00e2ngulo Mineiro &#8211; UFTM.<\/p>\n<p>Projeto de pesquisa:\u00a0<strong><em>Processos desenvolvimentais de m\u00e9diuns da umbanda: Hist\u00f3rias de vida, mediunidade e interven\u00e7\u00f5es etnopsicol\u00f3gicas em sa\u00fade<\/em><\/strong><\/p>\n<p>\u00c1rea: Psicologia; Sub\u00e1rea: Tratamento e Preven\u00e7\u00e3o Psicol\u00f3gica.<\/p>\n<p>Financiamento: Conselho Nacional de Desenvolvimento Cient\u00edfico e Tecnol\u00f3gico (CNPq), bolsa de P\u00f3s-Doutorado J\u00fanior (PDJ), Processo 405915\/2015-2.<\/p>\n<p>Per\u00edodo: julho de 2016 a junho de 2017.<\/p>\n<p><a href=\"https:\/\/sites.usp.br\/lepps\/wp-content\/uploads\/sites\/384\/2019\/09\/linha.png\"><img decoding=\"async\" class=\"size-full wp-image-955 aligncenter\" src=\"https:\/\/sites.usp.br\/lepps\/wp-content\/uploads\/sites\/384\/2019\/09\/linha.png\" alt=\"\" width=\"640\" height=\"66\" srcset=\"https:\/\/sites.usp.br\/lepps\/wp-content\/uploads\/sites\/384\/2019\/09\/linha.png 640w, https:\/\/sites.usp.br\/lepps\/wp-content\/uploads\/sites\/384\/2019\/09\/linha-300x31.png 300w, https:\/\/sites.usp.br\/lepps\/wp-content\/uploads\/sites\/384\/2019\/09\/linha-400x41.png 400w\" sizes=\"(max-width: 640px) 100vw, 640px\" \/><\/a><\/p>\n<p>Supervisionanda: Profa. Dra. Juliana Vendruscolo, docente da Universidade de Ribeir\u00e3o Preto (Unaerp).<\/p>\n<p>Projeto de pesquisa: <strong><em>Ambulat\u00f3rio de Luto e Psicologia Fenomenol\u00f3gico-Existencial: Da forma\u00e7\u00e3o do aluno ao acolhimento do enlutado.<\/em><\/strong><\/p>\n<p>\u00c1rea: Psicologia; Sub\u00e1rea: Tratamento e Preven\u00e7\u00e3o Psicol\u00f3gica.<\/p>\n<p>Periodo: 1\u00ba de janeiro de 2017 a 31 de dezembro de 2018.<\/p>\n<p>Supervisionanda: Profa. Dra. Marciana Gon\u00e7alves Farinha, docente da Universidade Federal de Uberl\u00e2ndia &#8211; UFU.<\/p>\n<p>Projeto de pesquisa de P\u00f3s-Doutorado: <em>Rela\u00e7\u00e3o entre uso de \u00e1lcool e\/ou outras subst\u00e2ncias psicoativas e pr\u00e1tica de atividade f\u00edsica em estudantes universit\u00e1rios.<\/em><\/p>\n<p>Periodo: 1\u00ba de mar\u00e7o de 2017 a 28 de fevereiro de 2018.<\/p>\n<p><a href=\"https:\/\/sites.usp.br\/lepps\/wp-content\/uploads\/sites\/384\/2019\/09\/linha.png\"><img decoding=\"async\" class=\"size-full wp-image-955 aligncenter\" src=\"https:\/\/sites.usp.br\/lepps\/wp-content\/uploads\/sites\/384\/2019\/09\/linha.png\" alt=\"\" width=\"640\" height=\"66\" srcset=\"https:\/\/sites.usp.br\/lepps\/wp-content\/uploads\/sites\/384\/2019\/09\/linha.png 640w, https:\/\/sites.usp.br\/lepps\/wp-content\/uploads\/sites\/384\/2019\/09\/linha-300x31.png 300w, https:\/\/sites.usp.br\/lepps\/wp-content\/uploads\/sites\/384\/2019\/09\/linha-400x41.png 400w\" sizes=\"(max-width: 640px) 100vw, 640px\" \/><\/a><\/p>\n<p>Supervisionando: Prof. Dr. Ewerton Helder Bentes de Castro, docente da Universidade Federal do Amazonas \u2013 UFAM.<\/p>\n<p>Projeto de pesquisa de P\u00f3s-Doutorado: <strong><em>Viv\u00eancias da comunica\u00e7\u00e3o do diagn\u00f3stico de doen\u00e7as cr\u00f4nicas transmiss\u00edveis e n\u00e3o transmiss\u00edveis<\/em><\/strong><\/p>\n<p>Per\u00edodo: 2017-2019<\/p>\n<p>\u00c1rea: Psicologia; Sub\u00e1rea: Preven\u00e7\u00e3o e Tratamento Psicol\u00f3gico<\/p>\n<p>Per\u00edodo: setembro de 2013 e agosto de 2015<\/p>\n<p><a href=\"https:\/\/sites.usp.br\/lepps\/wp-content\/uploads\/sites\/384\/2019\/09\/linha.png\"><img decoding=\"async\" class=\"size-full wp-image-955 aligncenter\" src=\"https:\/\/sites.usp.br\/lepps\/wp-content\/uploads\/sites\/384\/2019\/09\/linha.png\" alt=\"\" width=\"640\" height=\"66\" srcset=\"https:\/\/sites.usp.br\/lepps\/wp-content\/uploads\/sites\/384\/2019\/09\/linha.png 640w, https:\/\/sites.usp.br\/lepps\/wp-content\/uploads\/sites\/384\/2019\/09\/linha-300x31.png 300w, https:\/\/sites.usp.br\/lepps\/wp-content\/uploads\/sites\/384\/2019\/09\/linha-400x41.png 400w\" sizes=\"(max-width: 640px) 100vw, 640px\" \/><\/a><\/p>\n<p>Supervisionanda: Adriana Martins Saur<\/p>\n<p>Projeto de pesquisa de P\u00f3s-Doutorado: <strong><em>Fatores psicossociais e gen\u00e9ticos associados ao estresse na gravidez<\/em><\/strong><\/p>\n<p>Per\u00edodo: 2018-2019<\/p>\n<p>\u00c1rea: Psicologia; Sub\u00e1rea: Avalia\u00e7\u00e3o Psicol\u00f3gica<\/p>\n<p>Financiamento: Conselho Nacional de Desenvolvimento Cient\u00edfico e Tecnol\u00f3gico (CNPq), bolsa de P\u00f3s-Doutorado J\u00fanior (PDJ), Processo n\u00famero<\/p>\n<p>Per\u00edodo: 2017-2018<\/p>\n<p><a href=\"https:\/\/sites.usp.br\/lepps\/wp-content\/uploads\/sites\/384\/2019\/09\/linha.png\"><img decoding=\"async\" class=\"size-full wp-image-955 aligncenter\" src=\"https:\/\/sites.usp.br\/lepps\/wp-content\/uploads\/sites\/384\/2019\/09\/linha.png\" alt=\"\" width=\"640\" height=\"66\" srcset=\"https:\/\/sites.usp.br\/lepps\/wp-content\/uploads\/sites\/384\/2019\/09\/linha.png 640w, https:\/\/sites.usp.br\/lepps\/wp-content\/uploads\/sites\/384\/2019\/09\/linha-300x31.png 300w, https:\/\/sites.usp.br\/lepps\/wp-content\/uploads\/sites\/384\/2019\/09\/linha-400x41.png 400w\" sizes=\"(max-width: 640px) 100vw, 640px\" \/><\/a><\/p>\n<p>Supervisionando: Eduardo Name Risk<\/p>\n<p>Projeto de pesquisa de P\u00f3s-Doutorado: <strong><em>Modernidade, fam\u00edlia e gera\u00e7\u00f5es na perspectiva de adultos jovens em transi\u00e7\u00e3o para vida adulta<\/em><\/strong><\/p>\n<p>\u00c1rea: Psicologia; Sub\u00e1rea: Psicologia do Desenvolvimento<\/p>\n<p>Financiamento: Conselho Nacional de Desenvolvimento Cient\u00edfico e Tecnol\u00f3gico (CNPq), bolsa de P\u00f3s-Doutorado J\u00fanior (PDJ), Processo n\u00famero<\/p>\n<p>Per\u00edodo: 2018-2019<\/p>\n<p><a href=\"https:\/\/sites.usp.br\/lepps\/wp-content\/uploads\/sites\/384\/2019\/09\/linha.png\"><img decoding=\"async\" class=\"size-full wp-image-955 aligncenter\" src=\"https:\/\/sites.usp.br\/lepps\/wp-content\/uploads\/sites\/384\/2019\/09\/linha.png\" alt=\"\" width=\"640\" height=\"66\" srcset=\"https:\/\/sites.usp.br\/lepps\/wp-content\/uploads\/sites\/384\/2019\/09\/linha.png 640w, https:\/\/sites.usp.br\/lepps\/wp-content\/uploads\/sites\/384\/2019\/09\/linha-300x31.png 300w, https:\/\/sites.usp.br\/lepps\/wp-content\/uploads\/sites\/384\/2019\/09\/linha-400x41.png 400w\" sizes=\"(max-width: 640px) 100vw, 640px\" \/><\/a><\/p>\n<p>Supervisionando: Wanderlei Abadio de Oliveira.<\/p>\n<p>Projeto de pesquisa de P\u00f3s-Doutorado: <strong><em>Scala di Disimpegno Morale per il Bullismo: tradu\u00e7\u00e3o, adapta\u00e7\u00e3o e valida\u00e7\u00e3o transcultural para o contexto brasileiro<\/em><\/strong><\/p>\n<p>\u00c1rea: Psicologia; Sub\u00e1rea: Avalia\u00e7\u00e3o Psicol\u00f3gica<\/p>\n<p>Financiamento: Coordena\u00e7\u00e3o de Aperfei\u00e7oamento de Pessoal de N\u00edvel Superior (CAPES), Programa Nacional de P\u00f3s-Doutorado &#8211; PNPD\/CAP\u00c9S<\/p>\n<p>Per\u00edodo: 01\/06\/2018 a 31\/05\/2019<\/p>\n","protected":false},"excerpt":{"rendered":"<p>Supervisionanda: Dra. Maria Nadeje Pereira Barbosa, egressa do Doutorado na Universidad Complutense de Madrid, Espanha. Projeto de pesquisa: Considera\u00e7\u00f5es sobre a dimens\u00e3o biol\u00f3gica do conceito de puls\u00e3o em Freud Financiamento: Bolsa de Rec\u00e9m-Doutor do Conselho Nacional de Desenvolvimento Cient\u00edfico e Tecnol\u00f3gico (CNPq). \u00c1rea: Psicologia; Sub\u00e1rea: Tratamento e Preven\u00e7\u00e3o Psicol\u00f3gica \/ Psican\u00e1lise. Per\u00edodo: 2004 a 2005.<a href=\"https:\/\/sites.usp.br\/lepps\/pos-doc\/\">[&#8230;]<\/a><\/p>\n","protected":false},"author":704,"featured_media":0,"parent":0,"menu_order":0,"comment_status":"closed","ping_status":"closed","template":"","meta":{"_monsterinsights_skip_tracking":false,"_monsterinsights_sitenote_active":false,"_monsterinsights_sitenote_note":"","_monsterinsights_sitenote_category":0,"footnotes":"","_links_to":"","_links_to_target":""},"class_list":["post-707","page","type-page","status-publish","hentry"],"_links":{"self":[{"href":"https:\/\/sites.usp.br\/lepps\/wp-json\/wp\/v2\/pages\/707","targetHints":{"allow":["GET"]}}],"collection":[{"href":"https:\/\/sites.usp.br\/lepps\/wp-json\/wp\/v2\/pages"}],"about":[{"href":"https:\/\/sites.usp.br\/lepps\/wp-json\/wp\/v2\/types\/page"}],"author":[{"embeddable":true,"href":"https:\/\/sites.usp.br\/lepps\/wp-json\/wp\/v2\/users\/704"}],"replies":[{"embeddable":true,"href":"https:\/\/sites.usp.br\/lepps\/wp-json\/wp\/v2\/comments?post=707"}],"version-history":[{"count":4,"href":"https:\/\/sites.usp.br\/lepps\/wp-json\/wp\/v2\/pages\/707\/revisions"}],"predecessor-version":[{"id":1010,"href":"https:\/\/sites.usp.br\/lepps\/wp-json\/wp\/v2\/pages\/707\/revisions\/1010"}],"wp:attachment":[{"href":"https:\/\/sites.usp.br\/lepps\/wp-json\/wp\/v2\/media?parent=707"}],"curies":[{"name":"wp","href":"https:\/\/api.w.org\/{rel}","templated":true}]}}