{"id":1009,"date":"2024-04-27T14:02:21","date_gmt":"2024-04-27T17:02:21","guid":{"rendered":"https:\/\/sites.usp.br\/lepsi\/?page_id=1009"},"modified":"2024-10-23T19:07:33","modified_gmt":"2024-10-23T22:07:33","slug":"coloquio2024","status":"publish","type":"page","link":"https:\/\/sites.usp.br\/lepsi\/eventos\/coloquio2024\/","title":{"rendered":"Col\u00f3quio 2024"},"content":{"rendered":"<p><a href=\"https:\/\/sites.usp.br\/lepsi\/wp-content\/uploads\/sites\/949\/2024\/05\/XV_lepsi_banner-eletronico-1.png\"><img fetchpriority=\"high\" decoding=\"async\" class=\"alignnone size-full wp-image-1091\" src=\"https:\/\/sites.usp.br\/lepsi\/wp-content\/uploads\/sites\/949\/2024\/05\/XV_lepsi_banner-eletronico-1.png\" alt=\"\" width=\"2000\" height=\"1090\" data-id=\"1091\" srcset=\"https:\/\/sites.usp.br\/lepsi\/wp-content\/uploads\/sites\/949\/2024\/05\/XV_lepsi_banner-eletronico-1.png 2000w, https:\/\/sites.usp.br\/lepsi\/wp-content\/uploads\/sites\/949\/2024\/05\/XV_lepsi_banner-eletronico-1-300x164.png 300w, https:\/\/sites.usp.br\/lepsi\/wp-content\/uploads\/sites\/949\/2024\/05\/XV_lepsi_banner-eletronico-1-1024x558.png 1024w, https:\/\/sites.usp.br\/lepsi\/wp-content\/uploads\/sites\/949\/2024\/05\/XV_lepsi_banner-eletronico-1-768x419.png 768w, https:\/\/sites.usp.br\/lepsi\/wp-content\/uploads\/sites\/949\/2024\/05\/XV_lepsi_banner-eletronico-1-1536x837.png 1536w, https:\/\/sites.usp.br\/lepsi\/wp-content\/uploads\/sites\/949\/2024\/05\/XV_lepsi_banner-eletronico-1-400x218.png 400w\" sizes=\"(max-width: 2000px) 100vw, 2000px\" \/><\/a><\/p>\n<h2 style=\"text-align: center;\"><strong><a href=\"https:\/\/sites.usp.br\/lepsi\/coloquio-2024-tema\/\">Tema<\/a> | <a href=\"https:\/\/sites.usp.br\/lepsi\/coloquio-2024-cronograma\/\">Cronograma<\/a> | <a href=\"https:\/\/sites.usp.br\/lepsi\/coloquio-2024-apresentacao-de-trabalhos\/\">Apresenta\u00e7\u00e3o de trabalhos<\/a>\u00a0<\/strong><\/h2>\n<p style=\"text-align: center;\">Seja bem-vindo ao site do evento. Acesse as p\u00e1ginas para mais informa\u00e7\u00f5es, assim como o [download id=&#8221;1167&#8243; template=&#8221;title&#8221;].<\/p>\n<h2>[download id=&#8221;1200&#8243; template=&#8221;title&#8221;]<\/h2>\n<h2 style=\"text-align: left;\">Para acessar a lista de resumos aprovados, clique aqui: [download id=&#8221;1197&#8243; template=&#8221;title&#8221;]<\/h2>\n","protected":false},"excerpt":{"rendered":"<p>Tema | Cronograma | Apresenta\u00e7\u00e3o de trabalhos\u00a0 Seja bem-vindo ao site do evento. Acesse as p\u00e1ginas para mais informa\u00e7\u00f5es, assim como o [download id=&#8221;1167&#8243; template=&#8221;title&#8221;]. [download id=&#8221;1200&#8243; template=&#8221;title&#8221;] Para acessar a lista de resumos aprovados, clique aqui: [download id=&#8221;1197&#8243; template=&#8221;title&#8221;]<\/p>\n","protected":false},"author":22411,"featured_media":0,"parent":838,"menu_order":0,"comment_status":"closed","ping_status":"closed","template":"","meta":{"_monsterinsights_skip_tracking":false,"_monsterinsights_sitenote_active":false,"_monsterinsights_sitenote_note":"","_monsterinsights_sitenote_category":0,"ocean_post_layout":"","ocean_both_sidebars_style":"","ocean_both_sidebars_content_width":0,"ocean_both_sidebars_sidebars_width":0,"ocean_sidebar":"0","ocean_second_sidebar":"0","ocean_disable_margins":"enable","ocean_add_body_class":"","ocean_shortcode_before_top_bar":"","ocean_shortcode_after_top_bar":"","ocean_shortcode_before_header":"","ocean_shortcode_after_header":"","ocean_has_shortcode":"","ocean_shortcode_after_title":"","ocean_shortcode_before_footer_widgets":"","ocean_shortcode_after_footer_widgets":"","ocean_shortcode_before_footer_bottom":"","ocean_shortcode_after_footer_bottom":"","ocean_display_top_bar":"default","ocean_display_header":"default","ocean_header_style":"","ocean_center_header_left_menu":"0","ocean_custom_header_template":"0","ocean_custom_logo":0,"ocean_custom_retina_logo":0,"ocean_custom_logo_max_width":0,"ocean_custom_logo_tablet_max_width":0,"ocean_custom_logo_mobile_max_width":0,"ocean_custom_logo_max_height":0,"ocean_custom_logo_tablet_max_height":0,"ocean_custom_logo_mobile_max_height":0,"ocean_header_custom_menu":"0","ocean_menu_typo_font_family":"0","ocean_menu_typo_font_subset":"","ocean_menu_typo_font_size":0,"ocean_menu_typo_font_size_tablet":0,"ocean_menu_typo_font_size_mobile":0,"ocean_menu_typo_font_size_unit":"px","ocean_menu_typo_font_weight":"","ocean_menu_typo_font_weight_tablet":"","ocean_menu_typo_font_weight_mobile":"","ocean_menu_typo_transform":"","ocean_menu_typo_transform_tablet":"","ocean_menu_typo_transform_mobile":"","ocean_menu_typo_line_height":0,"ocean_menu_typo_line_height_tablet":0,"ocean_menu_typo_line_height_mobile":0,"ocean_menu_typo_line_height_unit":"","ocean_menu_typo_spacing":0,"ocean_menu_typo_spacing_tablet":0,"ocean_menu_typo_spacing_mobile":0,"ocean_menu_typo_spacing_unit":"","ocean_menu_link_color":"","ocean_menu_link_color_hover":"","ocean_menu_link_color_active":"","ocean_menu_link_background":"","ocean_menu_link_hover_background":"","ocean_menu_link_active_background":"","ocean_menu_social_links_bg":"","ocean_menu_social_hover_links_bg":"","ocean_menu_social_links_color":"","ocean_menu_social_hover_links_color":"","ocean_disable_title":"default","ocean_disable_heading":"default","ocean_post_title":"","ocean_post_subheading":"","ocean_post_title_style":"","ocean_post_title_background_color":"","ocean_post_title_background":0,"ocean_post_title_bg_image_position":"","ocean_post_title_bg_image_attachment":"","ocean_post_title_bg_image_repeat":"","ocean_post_title_bg_image_size":"","ocean_post_title_height":0,"ocean_post_title_bg_overlay":0.5,"ocean_post_title_bg_overlay_color":"","ocean_disable_breadcrumbs":"default","ocean_breadcrumbs_color":"","ocean_breadcrumbs_separator_color":"","ocean_breadcrumbs_links_color":"","ocean_breadcrumbs_links_hover_color":"","ocean_display_footer_widgets":"default","ocean_display_footer_bottom":"default","ocean_custom_footer_template":"0","footnotes":"","_links_to":"","_links_to_target":""},"class_list":["post-1009","page","type-page","status-publish","hentry","entry"],"_links":{"self":[{"href":"https:\/\/sites.usp.br\/lepsi\/wp-json\/wp\/v2\/pages\/1009","targetHints":{"allow":["GET"]}}],"collection":[{"href":"https:\/\/sites.usp.br\/lepsi\/wp-json\/wp\/v2\/pages"}],"about":[{"href":"https:\/\/sites.usp.br\/lepsi\/wp-json\/wp\/v2\/types\/page"}],"author":[{"embeddable":true,"href":"https:\/\/sites.usp.br\/lepsi\/wp-json\/wp\/v2\/users\/22411"}],"replies":[{"embeddable":true,"href":"https:\/\/sites.usp.br\/lepsi\/wp-json\/wp\/v2\/comments?post=1009"}],"version-history":[{"count":4,"href":"https:\/\/sites.usp.br\/lepsi\/wp-json\/wp\/v2\/pages\/1009\/revisions"}],"predecessor-version":[{"id":1206,"href":"https:\/\/sites.usp.br\/lepsi\/wp-json\/wp\/v2\/pages\/1009\/revisions\/1206"}],"up":[{"embeddable":true,"href":"https:\/\/sites.usp.br\/lepsi\/wp-json\/wp\/v2\/pages\/838"}],"wp:attachment":[{"href":"https:\/\/sites.usp.br\/lepsi\/wp-json\/wp\/v2\/media?parent=1009"}],"curies":[{"name":"wp","href":"https:\/\/api.w.org\/{rel}","templated":true}]}}