{"id":741,"date":"2015-09-14T10:31:34","date_gmt":"2015-09-14T13:31:34","guid":{"rendered":"http:\/\/sites.usp.br\/lepsi\/?page_id=741"},"modified":"2021-11-16T22:52:00","modified_gmt":"2021-11-17T01:52:00","slug":"inicio","status":"publish","type":"page","link":"https:\/\/sites.usp.br\/lepsi\/","title":{"rendered":"In\u00edcio"},"content":{"rendered":"\t\t<div data-elementor-type=\"wp-page\" data-elementor-id=\"741\" class=\"elementor elementor-741\">\n\t\t\t\t\t\t<section class=\"elementor-section elementor-top-section elementor-element elementor-element-144e09a elementor-section-boxed elementor-section-height-default elementor-section-height-default\" data-id=\"144e09a\" data-element_type=\"section\">\n\t\t\t\t\t\t<div class=\"elementor-container elementor-column-gap-default\">\n\t\t\t\t\t<div class=\"elementor-column elementor-col-100 elementor-top-column elementor-element elementor-element-4ed416a\" data-id=\"4ed416a\" data-element_type=\"column\">\n\t\t\t<div class=\"elementor-widget-wrap elementor-element-populated\">\n\t\t\t\t\t\t<div class=\"elementor-element elementor-element-e2fe5a2 elementor-widget elementor-widget-text-editor\" data-id=\"e2fe5a2\" data-element_type=\"widget\" data-widget_type=\"text-editor.default\">\n\t\t\t\t<div class=\"elementor-widget-container\">\n\t\t\t\t\t\t\t<p><span style=\"color: #003366;\">Laborat\u00f3rio inter-unidades fundado em 1998 pela iniciativa dos professores Maria Cristina Machado Kupfer, do Instituto de Psicologia da USP, e Leandro de Lajonqui\u00e8re, da Faculdade de Educa\u00e7\u00e3o da USP, com a finalidade de congregar e desenvolver iniciativas nos dom\u00ednios universit\u00e1rios do ensino, da pesquisa e da extens\u00e3o, em torno de tem\u00e1ticas relativas \u00e0 educa\u00e7\u00e3o familiar e escolar, bem como \u00e0 educa\u00e7\u00e3o terap\u00eautica na inf\u00e2ncia, forma\u00e7\u00e3o de professores, gra\u00e7as a uma reflex\u00e3o interdisciplinar que tem a Psican\u00e1lise como eixo.<\/span><\/p><p><span style=\"color: #003366;\">De um lado a psican\u00e1lise, uma disciplina &#8211; <em>pouco disciplinada<\/em> &#8211; do saber, com uma origem cl\u00ednica, mas marcada desde o seu fundador por uma reflex\u00e3o que se estende para o campo mais amplo da cultura, sua estrutura, sua din\u00e2mica, suas institui\u00e7\u00f5es. Abordar a cultura n\u00e3o lhe \u00e9 um suplemento; a psican\u00e1lise n\u00e3o poderia evitar este movimento em dire\u00e7\u00e3o \u00e0 cultura sem deixar de ser psican\u00e1lise. De outro, a educa\u00e7\u00e3o, quest\u00e3o estrutural da civiliza\u00e7\u00e3o \u2013 qual cultura poderia escolher n\u00e3o educar? \u2013 e um campo vasto que re\u00fane v\u00e1rios saberes oriundos, em geral, da filosofia e das ci\u00eancias humanas. O que esperar deste campo de pesquisa?<\/span><\/p><p><span style=\"color: #003366;\">Com v\u00e1rias atividades como grupos de estudos, eventos de forma\u00e7\u00e3o continuada, debates p\u00fablicos, curso de especializa\u00e7\u00e3o, col\u00f3quios internacionais, gest\u00e3o de revista cient\u00edfica \u2013 Revista <em>Estilos da Cl\u00ednica: a inf\u00e2ncia com problemas<\/em> \u2013, o trabalho do laborat\u00f3rio foi ganhando repercuss\u00e3o e notoriedade no mundo acad\u00eamico, nacional e internacional, assim como na comunidade que presencia a divulga\u00e7\u00e3o de sua pesquisa. Desde 2003 passou a contar, tamb\u00e9m, com a inser\u00e7\u00e3o do Professor Rinaldo Voltolini da Faculdade de Educa\u00e7\u00e3o da USP que veio somar \u00e0s iniciativas do laborat\u00f3rio.<\/span><\/p><p><span style=\"color: #003366;\">No ano de 2010 foi fundado o semin\u00e1rio de pesquisa do LEPSI, atividade regular que re\u00fane pesquisadores experimentados &#8211; docentes e p\u00f3s-docs &#8211; e jovens pesquisadores &#8211; de inicia\u00e7\u00e3o cient\u00edfica, mestrado e doutorado &#8211; em torno da discuss\u00e3o dos projetos de pesquisa em curso, com o objetivo de aprimorar a formaliza\u00e7\u00e3o da pesquisa do campo psican\u00e1lise e educa\u00e7\u00e3o. Al\u00e9m do fomento direto \u00e0s pesquisas debatidas, v\u00e1rios artigos e livros foram publicados sob a influ\u00eancia deste trabalho.<\/span><\/p><p><span style=\"color: #003366;\">O grupo n\u00e3o parou de crescer e contou com a chegada dos professores Daniel Revah (2006), do Departamento de Educa\u00e7\u00e3o da Escola de Filosofia, Letras e Ci\u00eancias Humanas da UNIFESP, e do Professor Douglas Emiliano Batista (2015), da Faculdade de Educa\u00e7\u00e3o da USP. Hoje o grupo re\u00fane mais de 50 membros efetivos, com presen\u00e7a ass\u00eddua no semin\u00e1rio, nos grupos de estudo, na gest\u00e3o da revista, na organiza\u00e7\u00e3o dos col\u00f3quios internacionais, nas coordena\u00e7\u00f5es de atividades de forma\u00e7\u00e3o continuada. N\u00famero que se amplia significativamente com a rede de colaboradores externos, de outros laborat\u00f3rios e de institui\u00e7\u00f5es parceiras, que mant\u00e9m com o LEPSI um di\u00e1logo frequente.<\/span><\/p><p><span style=\"color: #003366;\">No ano de 2013, j\u00e1 colhendo alguns frutos de sua inser\u00e7\u00e3o no cen\u00e1rio nacional, foi institu\u00eddo o LEPSI-MINAS por iniciativa do Professor Marcelo Ricardo Pereira, da UFMG, da Professora Margareth Diniz, da UFOP, e da Professora M\u00f4nica Rahme, da UFMG. Tal se\u00e7\u00e3o mineira do LEPSI congrega atividades acad\u00eamicas da FAE-UFMG, PSI-UFMG, FALE-UFMG e ICHS-UFOP.<\/span><\/p><p><span style=\"color: #003366;\">O laborat\u00f3rio conta, tamb\u00e9m, com sua inser\u00e7\u00e3o em dois grupos de pesquisa no diret\u00f3rio nacional de grupos de pesquisa do CNPq. Entendemos que a miss\u00e3o de um laborat\u00f3rio \u00e9 a de promover a pesquisa s\u00e9ria, efetiva, consequente e atenta \u00e0s demandas sociais.<\/span><\/p>\t\t\t\t\t\t<\/div>\n\t\t\t\t<\/div>\n\t\t\t\t\t<\/div>\n\t\t<\/div>\n\t\t\t\t\t<\/div>\n\t\t<\/section>\n\t\t\t\t<\/div>\n\t\t","protected":false},"excerpt":{"rendered":"<p>Laborat\u00f3rio inter-unidades fundado em 1998 pela iniciativa dos professores Maria Cristina Machado Kupfer, do Instituto de Psicologia da USP, e Leandro de Lajonqui\u00e8re, da Faculdade de Educa\u00e7\u00e3o da USP, com a finalidade de congregar e desenvolver iniciativas nos dom\u00ednios universit\u00e1rios do ensino, da pesquisa e da extens\u00e3o, em torno de tem\u00e1ticas relativas \u00e0 educa\u00e7\u00e3o familiar [&hellip;]<\/p>\n","protected":false},"author":1,"featured_media":0,"parent":0,"menu_order":0,"comment_status":"closed","ping_status":"closed","template":"elementor_header_footer","meta":{"_monsterinsights_skip_tracking":false,"_monsterinsights_sitenote_active":false,"_monsterinsights_sitenote_note":"","_monsterinsights_sitenote_category":0,"ocean_post_layout":"full-width","ocean_both_sidebars_style":"","ocean_both_sidebars_content_width":0,"ocean_both_sidebars_sidebars_width":0,"ocean_sidebar":"0","ocean_second_sidebar":"0","ocean_disable_margins":"enable","ocean_add_body_class":"","ocean_shortcode_before_top_bar":"","ocean_shortcode_after_top_bar":"","ocean_shortcode_before_header":"","ocean_shortcode_after_header":"","ocean_has_shortcode":"","ocean_shortcode_after_title":"","ocean_shortcode_before_footer_widgets":"","ocean_shortcode_after_footer_widgets":"","ocean_shortcode_before_footer_bottom":"","ocean_shortcode_after_footer_bottom":"","ocean_display_top_bar":"default","ocean_display_header":"default","ocean_header_style":"","ocean_center_header_left_menu":"0","ocean_custom_header_template":"0","ocean_custom_logo":0,"ocean_custom_retina_logo":0,"ocean_custom_logo_max_width":0,"ocean_custom_logo_tablet_max_width":0,"ocean_custom_logo_mobile_max_width":0,"ocean_custom_logo_max_height":0,"ocean_custom_logo_tablet_max_height":0,"ocean_custom_logo_mobile_max_height":0,"ocean_header_custom_menu":"0","ocean_menu_typo_font_family":"0","ocean_menu_typo_font_subset":"","ocean_menu_typo_font_size":0,"ocean_menu_typo_font_size_tablet":0,"ocean_menu_typo_font_size_mobile":0,"ocean_menu_typo_font_size_unit":"px","ocean_menu_typo_font_weight":"","ocean_menu_typo_font_weight_tablet":"","ocean_menu_typo_font_weight_mobile":"","ocean_menu_typo_transform":"","ocean_menu_typo_transform_tablet":"","ocean_menu_typo_transform_mobile":"","ocean_menu_typo_line_height":0,"ocean_menu_typo_line_height_tablet":0,"ocean_menu_typo_line_height_mobile":0,"ocean_menu_typo_line_height_unit":"","ocean_menu_typo_spacing":0,"ocean_menu_typo_spacing_tablet":0,"ocean_menu_typo_spacing_mobile":0,"ocean_menu_typo_spacing_unit":"","ocean_menu_link_color":"","ocean_menu_link_color_hover":"","ocean_menu_link_color_active":"","ocean_menu_link_background":"","ocean_menu_link_hover_background":"","ocean_menu_link_active_background":"","ocean_menu_social_links_bg":"","ocean_menu_social_hover_links_bg":"","ocean_menu_social_links_color":"","ocean_menu_social_hover_links_color":"","ocean_disable_title":"default","ocean_disable_heading":"default","ocean_post_title":"","ocean_post_subheading":"","ocean_post_title_style":"","ocean_post_title_background_color":"","ocean_post_title_background":0,"ocean_post_title_bg_image_position":"","ocean_post_title_bg_image_attachment":"","ocean_post_title_bg_image_repeat":"","ocean_post_title_bg_image_size":"","ocean_post_title_height":0,"ocean_post_title_bg_overlay":0.5,"ocean_post_title_bg_overlay_color":"","ocean_disable_breadcrumbs":"default","ocean_breadcrumbs_color":"","ocean_breadcrumbs_separator_color":"","ocean_breadcrumbs_links_color":"","ocean_breadcrumbs_links_hover_color":"","ocean_display_footer_widgets":"default","ocean_display_footer_bottom":"default","ocean_custom_footer_template":"0","footnotes":"","_links_to":"","_links_to_target":""},"class_list":["post-741","page","type-page","status-publish","hentry","entry"],"_links":{"self":[{"href":"https:\/\/sites.usp.br\/lepsi\/wp-json\/wp\/v2\/pages\/741","targetHints":{"allow":["GET"]}}],"collection":[{"href":"https:\/\/sites.usp.br\/lepsi\/wp-json\/wp\/v2\/pages"}],"about":[{"href":"https:\/\/sites.usp.br\/lepsi\/wp-json\/wp\/v2\/types\/page"}],"author":[{"embeddable":true,"href":"https:\/\/sites.usp.br\/lepsi\/wp-json\/wp\/v2\/users\/1"}],"replies":[{"embeddable":true,"href":"https:\/\/sites.usp.br\/lepsi\/wp-json\/wp\/v2\/comments?post=741"}],"version-history":[{"count":4,"href":"https:\/\/sites.usp.br\/lepsi\/wp-json\/wp\/v2\/pages\/741\/revisions"}],"predecessor-version":[{"id":969,"href":"https:\/\/sites.usp.br\/lepsi\/wp-json\/wp\/v2\/pages\/741\/revisions\/969"}],"wp:attachment":[{"href":"https:\/\/sites.usp.br\/lepsi\/wp-json\/wp\/v2\/media?parent=741"}],"curies":[{"name":"wp","href":"https:\/\/api.w.org\/{rel}","templated":true}]}}