{"id":837,"date":"2021-05-21T22:08:05","date_gmt":"2021-05-22T01:08:05","guid":{"rendered":"https:\/\/sites.usp.br\/lepsi\/?page_id=837"},"modified":"2023-02-01T10:06:48","modified_gmt":"2023-02-01T13:06:48","slug":"biblioteca","status":"publish","type":"page","link":"https:\/\/sites.usp.br\/lepsi\/biblioteca\/","title":{"rendered":"Biblioteca"},"content":{"rendered":"<p><strong>Publica\u00e7\u00f5es:<\/strong><\/p>\n<p><span style=\"color: #003366;\"><span style=\"color: #0000ff;\"><strong>Anais XIV Col\u00f3quio do Lepsi\u00a0 &#8220;Os Nomes da crian\u00e7a: inf\u00e2ncias, alteridade e inclus\u00e3o&#8221;. (2021)<\/strong><\/span><\/span><\/p>\n<h6>Vers\u00e3o em pdf\u00a0 &#8211; <\/h6>\n<h6>Vers\u00e3o epub &#8211;<\/h6>\n<p>&nbsp;<\/p>\n<p><span style=\"color: #003366;\"><span style=\"color: #0000ff;\"><strong>Acervo Leandro de Lajonqui\u00e8re:<\/strong> <\/span>Este acervo \u00e9 um reposit\u00f3rio digital em constante atualiza\u00e7\u00e3o com vistas a dar amplo acesso \u00e0 produ\u00e7\u00e3o do professor Leandro de Lajonqui\u00e8re no campo dos estudos psicanal\u00edticos em educa\u00e7\u00e3o e forma\u00e7\u00e3o.<\/span><\/p>\n<h6><a href=\"http:\/\/www3.fe.usp.br\/secoes\/inst\/novo\/acervo_lajonquiere\/principal.asp?cond=3\" target=\"_blank\" rel=\"noopener\">Acesso ao acervo<\/a><\/h6>\n","protected":false},"excerpt":{"rendered":"<p>Publica\u00e7\u00f5es: Anais XIV Col\u00f3quio do Lepsi\u00a0 &#8220;Os Nomes da crian\u00e7a: inf\u00e2ncias, alteridade e inclus\u00e3o&#8221;. (2021) Vers\u00e3o em pdf\u00a0 &#8211; Vers\u00e3o epub &#8211; &nbsp; Acervo Leandro de Lajonqui\u00e8re: Este acervo \u00e9 um reposit\u00f3rio digital em constante atualiza\u00e7\u00e3o com vistas a dar amplo acesso \u00e0 produ\u00e7\u00e3o do professor Leandro de Lajonqui\u00e8re no campo dos estudos psicanal\u00edticos em [&hellip;]<\/p>\n","protected":false},"author":22433,"featured_media":0,"parent":0,"menu_order":0,"comment_status":"closed","ping_status":"closed","template":"","meta":{"_monsterinsights_skip_tracking":false,"_monsterinsights_sitenote_active":false,"_monsterinsights_sitenote_note":"","_monsterinsights_sitenote_category":0,"ocean_post_layout":"","ocean_both_sidebars_style":"","ocean_both_sidebars_content_width":0,"ocean_both_sidebars_sidebars_width":0,"ocean_sidebar":"0","ocean_second_sidebar":"0","ocean_disable_margins":"enable","ocean_add_body_class":"","ocean_shortcode_before_top_bar":"","ocean_shortcode_after_top_bar":"","ocean_shortcode_before_header":"","ocean_shortcode_after_header":"","ocean_has_shortcode":"","ocean_shortcode_after_title":"","ocean_shortcode_before_footer_widgets":"","ocean_shortcode_after_footer_widgets":"","ocean_shortcode_before_footer_bottom":"","ocean_shortcode_after_footer_bottom":"","ocean_display_top_bar":"default","ocean_display_header":"default","ocean_header_style":"","ocean_center_header_left_menu":"0","ocean_custom_header_template":"0","ocean_custom_logo":0,"ocean_custom_retina_logo":0,"ocean_custom_logo_max_width":0,"ocean_custom_logo_tablet_max_width":0,"ocean_custom_logo_mobile_max_width":0,"ocean_custom_logo_max_height":0,"ocean_custom_logo_tablet_max_height":0,"ocean_custom_logo_mobile_max_height":0,"ocean_header_custom_menu":"0","ocean_menu_typo_font_family":"0","ocean_menu_typo_font_subset":"","ocean_menu_typo_font_size":0,"ocean_menu_typo_font_size_tablet":0,"ocean_menu_typo_font_size_mobile":0,"ocean_menu_typo_font_size_unit":"px","ocean_menu_typo_font_weight":"","ocean_menu_typo_font_weight_tablet":"","ocean_menu_typo_font_weight_mobile":"","ocean_menu_typo_transform":"","ocean_menu_typo_transform_tablet":"","ocean_menu_typo_transform_mobile":"","ocean_menu_typo_line_height":0,"ocean_menu_typo_line_height_tablet":0,"ocean_menu_typo_line_height_mobile":0,"ocean_menu_typo_line_height_unit":"","ocean_menu_typo_spacing":0,"ocean_menu_typo_spacing_tablet":0,"ocean_menu_typo_spacing_mobile":0,"ocean_menu_typo_spacing_unit":"","ocean_menu_link_color":"","ocean_menu_link_color_hover":"","ocean_menu_link_color_active":"","ocean_menu_link_background":"","ocean_menu_link_hover_background":"","ocean_menu_link_active_background":"","ocean_menu_social_links_bg":"","ocean_menu_social_hover_links_bg":"","ocean_menu_social_links_color":"","ocean_menu_social_hover_links_color":"","ocean_disable_title":"default","ocean_disable_heading":"default","ocean_post_title":"","ocean_post_subheading":"","ocean_post_title_style":"","ocean_post_title_background_color":"","ocean_post_title_background":0,"ocean_post_title_bg_image_position":"","ocean_post_title_bg_image_attachment":"","ocean_post_title_bg_image_repeat":"","ocean_post_title_bg_image_size":"","ocean_post_title_height":0,"ocean_post_title_bg_overlay":0.5,"ocean_post_title_bg_overlay_color":"","ocean_disable_breadcrumbs":"default","ocean_breadcrumbs_color":"","ocean_breadcrumbs_separator_color":"","ocean_breadcrumbs_links_color":"","ocean_breadcrumbs_links_hover_color":"","ocean_display_footer_widgets":"default","ocean_display_footer_bottom":"default","ocean_custom_footer_template":"0","footnotes":"","_links_to":"","_links_to_target":""},"class_list":["post-837","page","type-page","status-publish","hentry","entry"],"_links":{"self":[{"href":"https:\/\/sites.usp.br\/lepsi\/wp-json\/wp\/v2\/pages\/837","targetHints":{"allow":["GET"]}}],"collection":[{"href":"https:\/\/sites.usp.br\/lepsi\/wp-json\/wp\/v2\/pages"}],"about":[{"href":"https:\/\/sites.usp.br\/lepsi\/wp-json\/wp\/v2\/types\/page"}],"author":[{"embeddable":true,"href":"https:\/\/sites.usp.br\/lepsi\/wp-json\/wp\/v2\/users\/22433"}],"replies":[{"embeddable":true,"href":"https:\/\/sites.usp.br\/lepsi\/wp-json\/wp\/v2\/comments?post=837"}],"version-history":[{"count":5,"href":"https:\/\/sites.usp.br\/lepsi\/wp-json\/wp\/v2\/pages\/837\/revisions"}],"predecessor-version":[{"id":995,"href":"https:\/\/sites.usp.br\/lepsi\/wp-json\/wp\/v2\/pages\/837\/revisions\/995"}],"wp:attachment":[{"href":"https:\/\/sites.usp.br\/lepsi\/wp-json\/wp\/v2\/media?parent=837"}],"curies":[{"name":"wp","href":"https:\/\/api.w.org\/{rel}","templated":true}]}}