{"id":838,"date":"2021-05-21T22:08:05","date_gmt":"2021-05-22T01:08:05","guid":{"rendered":"https:\/\/sites.usp.br\/lepsi\/?page_id=838"},"modified":"2025-08-24T21:27:49","modified_gmt":"2025-08-25T00:27:49","slug":"eventos","status":"publish","type":"page","link":"https:\/\/sites.usp.br\/lepsi\/eventos\/","title":{"rendered":"Eventos"},"content":{"rendered":"<p><span style=\"color: #0000ff;\"><strong>Eventos Anteriores:<\/strong><\/span><\/p>\n<p><strong>XV Col\u00f3quio internacional de Psican\u00e1lise e educa\u00e7\u00e3o do LEPSI\/VII Congresso da Rede INFEIES: \u201cA nova Ordem escolar\u201d<\/strong><\/p>\n<p><a href=\"https:\/\/sites.usp.br\/lepsi\/wp-content\/uploads\/sites\/949\/2024\/05\/XV_lepsi_banner-eletronico-2.png\"><img fetchpriority=\"high\" decoding=\"async\" class=\"alignnone wp-image-1092\" src=\"https:\/\/sites.usp.br\/lepsi\/wp-content\/uploads\/sites\/949\/2024\/05\/XV_lepsi_banner-eletronico-2-1024x558.png\" alt=\"\" width=\"391\" height=\"213\" data-id=\"1092\" srcset=\"https:\/\/sites.usp.br\/lepsi\/wp-content\/uploads\/sites\/949\/2024\/05\/XV_lepsi_banner-eletronico-2-1024x558.png 1024w, https:\/\/sites.usp.br\/lepsi\/wp-content\/uploads\/sites\/949\/2024\/05\/XV_lepsi_banner-eletronico-2-300x164.png 300w, https:\/\/sites.usp.br\/lepsi\/wp-content\/uploads\/sites\/949\/2024\/05\/XV_lepsi_banner-eletronico-2-768x419.png 768w, https:\/\/sites.usp.br\/lepsi\/wp-content\/uploads\/sites\/949\/2024\/05\/XV_lepsi_banner-eletronico-2-1536x837.png 1536w, https:\/\/sites.usp.br\/lepsi\/wp-content\/uploads\/sites\/949\/2024\/05\/XV_lepsi_banner-eletronico-2-400x218.png 400w, https:\/\/sites.usp.br\/lepsi\/wp-content\/uploads\/sites\/949\/2024\/05\/XV_lepsi_banner-eletronico-2.png 2000w\" sizes=\"(max-width: 391px) 100vw, 391px\" \/><\/a><\/p>\n<p><a href=\"https:\/\/sites.usp.br\/lepsi\/eventos\/coloquio2024\/\">Acesse o site do evento<\/a><\/p>\n<p><a href=\"https:\/\/sites.usp.br\/lepsi\/wp-content\/uploads\/sites\/949\/2025\/08\/anaislepsi2025.pdf\">Anais do evento (arquivo pdf)<\/a><\/p>\n<h4><span style=\"color: #003366;\"><strong>2021 &#8211; XIV Col\u00f3quio do LEPSI \/ VI Congresso da Rede INFEIES \/ X Col\u00f3quio Ruepsy &#8211; &#8220;Os nomes da crian\u00e7a: inf\u00e2ncia$, alteridade e inclus\u00e3o&#8221;. <span style=\"color: #003366;\">(Evento online)<\/span><\/strong><\/span><\/h4>\n<p><a href=\"https:\/\/sites.usp.br\/lepsi\/wp-content\/uploads\/sites\/949\/2021\/08\/coloquio_lepsi_destaque2-2.jpg\"><img decoding=\"async\" class=\"alignnone size-medium wp-image-957\" src=\"https:\/\/sites.usp.br\/lepsi\/wp-content\/uploads\/sites\/949\/2021\/08\/coloquio_lepsi_destaque2-2-300x143.jpg\" alt=\"\" width=\"300\" height=\"143\" data-id=\"957\" srcset=\"https:\/\/sites.usp.br\/lepsi\/wp-content\/uploads\/sites\/949\/2021\/08\/coloquio_lepsi_destaque2-2-300x143.jpg 300w, https:\/\/sites.usp.br\/lepsi\/wp-content\/uploads\/sites\/949\/2021\/08\/coloquio_lepsi_destaque2-2-768x366.jpg 768w, https:\/\/sites.usp.br\/lepsi\/wp-content\/uploads\/sites\/949\/2021\/08\/coloquio_lepsi_destaque2-2-400x191.jpg 400w, https:\/\/sites.usp.br\/lepsi\/wp-content\/uploads\/sites\/949\/2021\/08\/coloquio_lepsi_destaque2-2.jpg 1000w\" sizes=\"(max-width: 300px) 100vw, 300px\" \/><\/a><\/p>\n<h6><span style=\"color: #003366;\"><a style=\"color: #003366;\" href=\"https:\/\/convibra.org\/congresso\/lepsi\/home\/\">Programa do evento<\/a><\/span><\/h6>\n<h6><a href=\"https:\/\/sites.usp.br\/lepsi\/wp-content\/uploads\/sites\/949\/2023\/02\/anais-LEPSI-INFEIES-RUEPSY-2021.pdf\" target=\"_blank\" rel=\"noopener noreferrer\">Anais do Evento (vers\u00e3o pdf)<\/a><\/h6>\n<p>&nbsp;<\/p>\n<p><span style=\"color: #003366;\"><strong>2019 &#8211; XIII Col\u00f3quio Internacional do LEPSI \/ 8\u00ba Congresso da RUEPSY\u00a0 \/ 4\u00ba Congresso da Rede INFEIES &#8220;Por que a psican\u00e1lise na universidade e na educa\u00e7\u00e3o hoje? Ensino, transmiss\u00e3o, resist\u00eancia.&#8221;.\u00a0<\/strong><\/span><\/p>\n<h6><span style=\"color: #003366;\"><a style=\"color: #003366;\" href=\"https:\/\/www.lepsiminas.eventos.dype.com.br\/programacao\" target=\"_blank\" rel=\"noopener\">Programa do evento<\/a><\/span><\/h6>\n<h6><span style=\"color: #003366;\"><a style=\"color: #003366;\" href=\"https:\/\/www.lepsiminas.eventos.dype.com.br\/download\/download?ID_DOWNLOAD=1\" target=\"_blank\" rel=\"noopener\">Caderno de Resumos<\/a><\/span><\/h6>\n<p>&nbsp;<\/p>\n<p><span style=\"color: #003366;\"><strong>2017 &#8211; XII Col\u00f3quio Internacional do LEPSI \/ 7\u00ba Congresso da RUEPSY \/ 3\u00ba Congresso Brasileiro da Rede INFEIES &#8220;A Escola: consumida ou consumada?&#8221;.\u00a0<\/strong><\/span><\/p>\n<h6><span style=\"color: #003366;\"><a style=\"color: #003366;\" href=\"http:\/\/www4.fe.usp.br\/eventos\/evento?evento=3149\" target=\"_blank\" rel=\"noopener\">Programa do evento<\/a><\/span><\/h6>\n<h6><span style=\"color: #003366;\"><a style=\"color: #003366;\" href=\"http:\/\/www4.fe.usp.br\/eventos\/evento?evento=3149&amp;acao=anais\" target=\"_blank\" rel=\"noopener\">Anais do evento<\/a><\/span><\/h6>\n<p>&nbsp;<\/p>\n<p><span style=\"color: #003366;\"><strong>2016 &#8211; XI Col\u00f3quio Internacional do LEPSI. &#8220;Os sintomas na educa\u00e7\u00e3o hoje. O que fazemos com &#8216;isso&#8217;?&#8221;.\u00a0<\/strong><\/span><\/p>\n<h6><span style=\"color: #003366;\">Programa do evento<\/span><\/h6>\n<h6><span style=\"color: #003366;\">Anais do evento<\/span><\/h6>\n<p>&nbsp;<\/p>\n<p><span style=\"color: #003366;\"><strong>2014 &#8211; X Col\u00f3quio Internacional do LEPSI \u201c Crian\u00e7as p\u00fablicas, adultos privados\u201d.<\/strong><\/span><br \/>\n<span style=\"color: #003366;\">V Congresso da RUEPSY \u2013 Rede Universit\u00e1ria Internacional em Educa\u00e7\u00e3o e Psican\u00e1lise e I Congresso Brasileiro da Rede INFEIES.<\/span><\/p>\n<h6><span style=\"color: #003366;\"><a style=\"color: #003366;\" href=\"http:\/\/www4.fe.usp.br\/eventos\/evento?evento=1875\" target=\"_blank\" rel=\"noopener\">Programa do evento<\/a><\/span><\/h6>\n<h6><span style=\"color: #003366;\"><a style=\"color: #003366;\" href=\"http:\/\/www4.fe.usp.br\/eventos\/evento?evento=1875&amp;acao=anais\" target=\"_blank\" rel=\"noopener\">Anais do evento<\/a> (ISBN: 978-85-60944-61-3)<\/span><\/h6>\n<p>&nbsp;<\/p>\n<p><span style=\"color: #003366;\"><strong>2012 &#8211; IX\u00ba Col\u00f3quio Internacional do LEPSI \/ 4\u00ba RUEPSY | &#8220;Retratos do mal-estar contempor\u00e2neo na educa\u00e7\u00e3o&#8221;<\/strong>. Financiamento: Fapesp<\/span><\/p>\n<h6><span style=\"color: #003366;\"><a style=\"color: #003366;\" href=\"http:\/\/www4.fe.usp.br\/eventos\/evento?evento=803\" target=\"_blank\" rel=\"noopener\">Programa do evento<\/a><\/span><\/h6>\n<h6><span style=\"color: #003366;\"><a style=\"color: #003366;\" href=\"http:\/\/www4.fe.usp.br\/eventos\/evento?evento=803&amp;acao=anais\" target=\"_blank\" rel=\"noopener\">Anais do Evento<\/a> (ISBN: 978-85-60944-62-0)<\/span><\/h6>\n<p>&nbsp;<\/p>\n<p><span style=\"color: #003366;\"><strong>2010 &#8211; VIII\u00ba Col\u00f3quio do LEPSI | 3\u00ba Congresso Interuniversit\u00e1rio da RUEPSY &#8220;O decl\u00ednio dos saberes e o mercado do gozo: a psican\u00e1lise na educa\u00e7\u00e3o &#8220;.<\/strong> Financiamento: Fapesp<\/span><\/p>\n<h6><span style=\"color: #003366;\"><a style=\"color: #003366;\" href=\"http:\/\/www3.fe.usp.br\/secoes\/inst\/novo\/laboratorios\/lepsi\/coloquio2010\/principal.asp?nat=0\" target=\"_blank\" rel=\"noopener\">Programa do evento<\/a><\/span><\/h6>\n<h6><span style=\"color: #003366;\"><a style=\"color: #003366;\" href=\"http:\/\/www.proceedings.scielo.br\/scielo.php?script=sci_issuetoc&amp;pid=00000000320100001&amp;lng=en&amp;nrm=isso\" target=\"_blank\" rel=\"noopener\">Anais do evento<\/a> (ISBN: 978-85-60944-35-4)<\/span><\/h6>\n<p>&nbsp;<\/p>\n<p><span style=\"color: #003366;\"><strong>2008 &#8211; VII\u00ba Col\u00f3quio do LEPSI | I\u00ba Congresso Interuniversit\u00e1rio da RUEPSY &#8220;Forma\u00e7\u00e3o de profissionais e a crian\u00e7a sujeito&#8221;.<\/strong> Financiamento: Fapesp<\/span><\/p>\n<h6><span style=\"color: #003366;\"><a style=\"color: #003366;\" href=\"http:\/\/www3.fe.usp.br\/secoes\/lepsi\/VIICol\/\" target=\"_blank\" rel=\"noopener\">Programa do evento<\/a><\/span><\/h6>\n<h6><span style=\"color: #003366;\"><a style=\"color: #003366;\" href=\"http:\/\/www.proceedings.scielo.br\/scielo.php?script=sci_issuetoc&amp;pid=00000000320080001&amp;lng=pt&amp;nrm=isso\" target=\"_blank\" rel=\"noopener\">Anais do evento<\/a> (ISBN: 978-85-60944-12-5)<\/span><\/h6>\n<p>&nbsp;<\/p>\n<p><span style=\"color: #003366;\"><strong>2006 &#8211; VI\u00ba Col\u00f3quio do LEPSI &#8220;Psican\u00e1lise, Educa\u00e7\u00e3o e Transmiss\u00e3o&#8221;.<\/strong> Financiamento: Fapesp<\/span><\/p>\n<h6><span style=\"color: #003366;\"><a style=\"color: #003366;\" href=\"http:\/\/www3.fe.usp.br\/secoes\/lepsi\/\" target=\"_blank\" rel=\"noopener\">Programa do evento<\/a><\/span><\/h6>\n<h6><span style=\"color: #003366;\"><a style=\"color: #003366;\" href=\"http:\/\/www.proceedings.scielo.br\/scielo.php?script=sci_issuetoc&amp;pid=00000000320060001&amp;lng=pt&amp;nrm=isso\" target=\"_blank\" rel=\"noopener\">Anais do evento<\/a> (ISBN: 978-85-609-4408-8)<\/span><\/h6>\n<p>&nbsp;<\/p>\n<p><span style=\"color: #003366;\"><strong>2004 &#8211; V\u00ba Col\u00f3quio do LEPSI &#8220;Psican\u00e1lise, Institui\u00e7\u00f5es e Inf\u00e2ncia&#8221;<\/strong>. Financiamento: Fapesp<\/span><\/p>\n<h6><span style=\"color: #003366;\"><a style=\"color: #003366;\" href=\"http:\/\/www3.fe.usp.br\/secoes\/lepsi\/\" target=\"_blank\" rel=\"noopener\">Programa do evento<\/a><\/span><\/h6>\n<h6><span style=\"color: #003366;\">Anais do evento (ISBN: 85-6094-406-0)<\/span><\/h6>\n<p>&nbsp;<\/p>\n<p><span style=\"color: #003366;\"><strong>2002 &#8211; IV\u00ba Col\u00f3quio do LEPSI &#8220;Os Adultos, seus Saberes e a Inf\u00e2ncia&#8221;.<\/strong> Financiamento: Fapesp<\/span><\/p>\n<h6><span style=\"color: #003366;\"><a style=\"color: #003366;\" href=\"http:\/\/www.proceedings.scielo.br\/scielo.php?script=sci_issuetoc&amp;pid=00000000320020004&amp;lng=pt&amp;nrm=isso\" target=\"_blank\" rel=\"noopener\">Anais do evento<\/a> (ISBN: 85-86736-12-0)<\/span><\/h6>\n<p>&nbsp;<\/p>\n<p><span style=\"color: #003366;\"><strong>2001 &#8211; III\u00ba Col\u00f3quio do LEPSI &#8220;A Psican\u00e1lise, a Inf\u00e2ncia e a Educa\u00e7\u00e3o&#8221;.<\/strong> Financiamento: Fapesp<\/span><\/p>\n<h6><span style=\"color: #003366;\"><a style=\"color: #003366;\" href=\"http:\/\/www.proceedings.scielo.br\/scielo.php?script=sci_issuetoc&amp;pid=00000000320010003&amp;lng=pt&amp;nrm=isso\" target=\"_blank\" rel=\"noopener\">Anais do evento<\/a> (ISBN: 85-86736-06-6)<\/span><\/h6>\n<p>&nbsp;<\/p>\n<p><span style=\"color: #003366;\"><strong>2000 &#8211; II \u00ba Col\u00f3quio do LEPSI &#8220;A Psican\u00e1lise, a Educa\u00e7\u00e3o e os Impasses de Subjetiva\u00e7\u00e3o no Mundo Moderno&#8221;.<\/strong> Financiamento: CNPq | Fapesp<\/span><\/p>\n<h6><span style=\"color: #003366;\">Anais do evento impresso (ISBN: 85-8673-603-1)<\/span><\/h6>\n<p>&nbsp;<\/p>\n<p><span style=\"color: #003366;\"><strong>1999 &#8211; I\u00ba Col\u00f3quio do LEPSI &#8220;A Psican\u00e1lise e os impasses da Educa\u00e7\u00e3o&#8221;.<\/strong><\/span><\/p>\n<h6><span style=\"color: #003366;\">Anais do evento impresso (ISBN:<\/span><\/h6>\n","protected":false},"excerpt":{"rendered":"<p>Eventos Anteriores: XV Col\u00f3quio internacional de Psican\u00e1lise e educa\u00e7\u00e3o do LEPSI\/VII Congresso da Rede INFEIES: \u201cA nova Ordem escolar\u201d Acesse o site do evento Anais do evento (arquivo pdf) 2021 &#8211; XIV Col\u00f3quio do LEPSI \/ VI Congresso da Rede INFEIES \/ X Col\u00f3quio Ruepsy &#8211; &#8220;Os nomes da crian\u00e7a: inf\u00e2ncia$, alteridade e inclus\u00e3o&#8221;. (Evento [&hellip;]<\/p>\n","protected":false},"author":22433,"featured_media":0,"parent":0,"menu_order":0,"comment_status":"closed","ping_status":"closed","template":"","meta":{"_monsterinsights_skip_tracking":false,"_monsterinsights_sitenote_active":false,"_monsterinsights_sitenote_note":"","_monsterinsights_sitenote_category":0,"ocean_post_layout":"","ocean_both_sidebars_style":"","ocean_both_sidebars_content_width":0,"ocean_both_sidebars_sidebars_width":0,"ocean_sidebar":"0","ocean_second_sidebar":"0","ocean_disable_margins":"enable","ocean_add_body_class":"","ocean_shortcode_before_top_bar":"","ocean_shortcode_after_top_bar":"","ocean_shortcode_before_header":"","ocean_shortcode_after_header":"","ocean_has_shortcode":"","ocean_shortcode_after_title":"","ocean_shortcode_before_footer_widgets":"","ocean_shortcode_after_footer_widgets":"","ocean_shortcode_before_footer_bottom":"","ocean_shortcode_after_footer_bottom":"","ocean_display_top_bar":"default","ocean_display_header":"default","ocean_header_style":"","ocean_center_header_left_menu":"0","ocean_custom_header_template":"0","ocean_custom_logo":0,"ocean_custom_retina_logo":0,"ocean_custom_logo_max_width":0,"ocean_custom_logo_tablet_max_width":0,"ocean_custom_logo_mobile_max_width":0,"ocean_custom_logo_max_height":0,"ocean_custom_logo_tablet_max_height":0,"ocean_custom_logo_mobile_max_height":0,"ocean_header_custom_menu":"0","ocean_menu_typo_font_family":"0","ocean_menu_typo_font_subset":"","ocean_menu_typo_font_size":0,"ocean_menu_typo_font_size_tablet":0,"ocean_menu_typo_font_size_mobile":0,"ocean_menu_typo_font_size_unit":"px","ocean_menu_typo_font_weight":"","ocean_menu_typo_font_weight_tablet":"","ocean_menu_typo_font_weight_mobile":"","ocean_menu_typo_transform":"","ocean_menu_typo_transform_tablet":"","ocean_menu_typo_transform_mobile":"","ocean_menu_typo_line_height":0,"ocean_menu_typo_line_height_tablet":0,"ocean_menu_typo_line_height_mobile":0,"ocean_menu_typo_line_height_unit":"","ocean_menu_typo_spacing":0,"ocean_menu_typo_spacing_tablet":0,"ocean_menu_typo_spacing_mobile":0,"ocean_menu_typo_spacing_unit":"","ocean_menu_link_color":"","ocean_menu_link_color_hover":"","ocean_menu_link_color_active":"","ocean_menu_link_background":"","ocean_menu_link_hover_background":"","ocean_menu_link_active_background":"","ocean_menu_social_links_bg":"","ocean_menu_social_hover_links_bg":"","ocean_menu_social_links_color":"","ocean_menu_social_hover_links_color":"","ocean_disable_title":"default","ocean_disable_heading":"default","ocean_post_title":"","ocean_post_subheading":"","ocean_post_title_style":"","ocean_post_title_background_color":"","ocean_post_title_background":0,"ocean_post_title_bg_image_position":"","ocean_post_title_bg_image_attachment":"","ocean_post_title_bg_image_repeat":"","ocean_post_title_bg_image_size":"","ocean_post_title_height":0,"ocean_post_title_bg_overlay":0.5,"ocean_post_title_bg_overlay_color":"","ocean_disable_breadcrumbs":"default","ocean_breadcrumbs_color":"","ocean_breadcrumbs_separator_color":"","ocean_breadcrumbs_links_color":"","ocean_breadcrumbs_links_hover_color":"","ocean_display_footer_widgets":"default","ocean_display_footer_bottom":"default","ocean_custom_footer_template":"0","footnotes":"","_links_to":"","_links_to_target":""},"class_list":["post-838","page","type-page","status-publish","hentry","entry"],"_links":{"self":[{"href":"https:\/\/sites.usp.br\/lepsi\/wp-json\/wp\/v2\/pages\/838","targetHints":{"allow":["GET"]}}],"collection":[{"href":"https:\/\/sites.usp.br\/lepsi\/wp-json\/wp\/v2\/pages"}],"about":[{"href":"https:\/\/sites.usp.br\/lepsi\/wp-json\/wp\/v2\/types\/page"}],"author":[{"embeddable":true,"href":"https:\/\/sites.usp.br\/lepsi\/wp-json\/wp\/v2\/users\/22433"}],"replies":[{"embeddable":true,"href":"https:\/\/sites.usp.br\/lepsi\/wp-json\/wp\/v2\/comments?post=838"}],"version-history":[{"count":6,"href":"https:\/\/sites.usp.br\/lepsi\/wp-json\/wp\/v2\/pages\/838\/revisions"}],"predecessor-version":[{"id":1213,"href":"https:\/\/sites.usp.br\/lepsi\/wp-json\/wp\/v2\/pages\/838\/revisions\/1213"}],"wp:attachment":[{"href":"https:\/\/sites.usp.br\/lepsi\/wp-json\/wp\/v2\/media?parent=838"}],"curies":[{"name":"wp","href":"https:\/\/api.w.org\/{rel}","templated":true}]}}