{"id":110,"date":"2016-08-17T12:21:59","date_gmt":"2016-08-17T14:21:59","guid":{"rendered":"http:\/\/sites.usp.br\/lepsis\/?page_id=110"},"modified":"2022-01-03T22:23:05","modified_gmt":"2022-01-04T00:23:05","slug":"doutorandos","status":"publish","type":"page","link":"https:\/\/sites.usp.br\/lepsis\/membros\/doutorandos\/","title":{"rendered":"P\u00f3s-Graduandos"},"content":{"rendered":"<p><strong>\u00a0<\/strong><\/p>\n<p><strong><br \/>\n<a href=\"https:\/\/sites.usp.br\/lepsis\/wp-content\/uploads\/sites\/107\/2021\/06\/WhatsApp-Image-2021-06-02-at-11.12.12.jpeg\"><img loading=\"lazy\" decoding=\"async\" class=\"wp-image-2023 alignleft\" src=\"https:\/\/sites.usp.br\/lepsis\/wp-content\/uploads\/sites\/107\/2021\/06\/WhatsApp-Image-2021-06-02-at-11.12.12-300x258.jpeg\" alt=\"\" width=\"173\" height=\"149\" srcset=\"https:\/\/sites.usp.br\/lepsis\/wp-content\/uploads\/sites\/107\/2021\/06\/WhatsApp-Image-2021-06-02-at-11.12.12-300x258.jpeg 300w, https:\/\/sites.usp.br\/lepsis\/wp-content\/uploads\/sites\/107\/2021\/06\/WhatsApp-Image-2021-06-02-at-11.12.12-1024x880.jpeg 1024w, https:\/\/sites.usp.br\/lepsis\/wp-content\/uploads\/sites\/107\/2021\/06\/WhatsApp-Image-2021-06-02-at-11.12.12-768x660.jpeg 768w, https:\/\/sites.usp.br\/lepsis\/wp-content\/uploads\/sites\/107\/2021\/06\/WhatsApp-Image-2021-06-02-at-11.12.12-400x344.jpeg 400w, https:\/\/sites.usp.br\/lepsis\/wp-content\/uploads\/sites\/107\/2021\/06\/WhatsApp-Image-2021-06-02-at-11.12.12.jpeg 1280w\" sizes=\"auto, (max-width: 173px) 100vw, 173px\" \/><\/a><a href=\"https:\/\/sites.usp.br\/lepsis\/wp-content\/uploads\/sites\/107\/2021\/06\/WhatsApp-Image-2021-06-02-at-11.12.12.jpeg\">\u00a0<\/a><br \/>\nPedro Junior Rodrigues Coutinho<\/strong><\/p>\n<p><em>Doutorando<\/em><\/p>\n<p style=\"text-align: left;\">Doutorando em Psicologia pelo Programa de P\u00f3s-Gradua\u00e7\u00e3o em Psicologia da Faculdade de Filosofia, Ci\u00eancias e Letras de Ribeir\u00e3o Preto da Universidade de S\u00e3o Paulo (FFCLRP-USP), desenvolvendo o projeto de pesquisa \u2018\u2019Implementa\u00e7\u00e3o de um Grupo de Ouvidores de Vozes em servi\u00e7o de sa\u00fade mental comunit\u00e1rio\u2019\u2019. Membro do LePsis &#8211; Laborat\u00f3rio de Ensino e Pesquisa em Psicopatologia, Drogas e Sociedade desde 2021. Professor da Uni\u00e3o das Faculdades dos Grandes Lagos (UNILAGO). Professor convidado na Gradua\u00e7\u00e3o de Psicologia da FAMERP. Psic\u00f3logo hospitalar na \u00e1rea de Cirurgia Geral do Hospital de Base de S\u00e3o Jos\u00e9 do Rio Preto \u2013 SP. Mestrado em Psicologia da Sa\u00fade pela Faculdade de Medicina de S\u00e3o Jos\u00e9 do Rio Preto (FAMERP), com mobilidade estudantil internacional para a Universidade do Porto em Portugal. Aprimoramento em Psicologia da Sa\u00fade no Hospital de Base em S\u00e3o Jos\u00e9 do Rio Preto \u2013 SP. Gradua\u00e7\u00e3o em Psicologia (UFMS \u2013 Universidade Federal de Mato Grosso do Sul, Brasil \u2013 2013). \u00c1reas de atua\u00e7\u00e3o e pesquisa: Sa\u00fade mental, Psicologia e Sa\u00fade, Sexualidade, e Psican\u00e1lise.<br \/>\n<a href=\"http:\/\/lattes.cnpq.br\/4554372766148307\" target=\"_blank\" rel=\"noopener\">Curr\u00edculo Lattes<\/a><\/p>\n<p>&nbsp;<\/p>\n<p><strong><img loading=\"lazy\" decoding=\"async\" class=\"alignleft size-thumbnail wp-image-226\" src=\"http:\/\/sites.usp.br\/lepsis\/wp-content\/uploads\/sites\/107\/2016\/08\/livia-150x150.jpg\" alt=\"\" width=\"150\" height=\"150\" srcset=\"https:\/\/sites.usp.br\/lepsis\/wp-content\/uploads\/sites\/107\/2016\/08\/livia-150x150.jpg 150w, https:\/\/sites.usp.br\/lepsis\/wp-content\/uploads\/sites\/107\/2016\/08\/livia-45x45.jpg 45w, https:\/\/sites.usp.br\/lepsis\/wp-content\/uploads\/sites\/107\/2016\/08\/livia-200x200.jpg 200w\" sizes=\"auto, (max-width: 150px) 100vw, 150px\" \/>L\u00edvia Sicaroni Rufato<\/strong><\/p>\n<p><em>Doutoranda<\/em>.<\/p>\n<p>Doutoranda do Programa de P\u00f3s-Gradua\u00e7\u00e3o em Psicologia, com o projeto &#8220;Contribui\u00e7\u00f5es de um grupo de ouvidores de vozes para a promo\u00e7\u00e3o do <em>recovery<\/em> em sa\u00fade mental&#8221;. Possui gradua\u00e7\u00e3o em Psicologia pelo Centro Universit\u00e1rio de Franca \u2013 Uni-FACEF (2008-2012). \u00c9 Mestra pelo Programa de P\u00f3s-Gradua\u00e7\u00e3o em Psicologia da Faculdade de Filosofia, Ci\u00eancias e Letras de Ribeir\u00e3o Preto (FFCLRP \u2013 USP), com o trabalho intitulado \u201cSignificados atribu\u00eddos ao consumo de maconha por pessoas com diagn\u00f3stico de esquizofrenia\u201d. Tamb\u00e9m \u00e9 aluna do Instituto T\u00e1vola \u2013 Forma\u00e7\u00e3o e Pesquisa em Psican\u00e1lise, no curso de forma\u00e7\u00e3o em Psican\u00e1lise.<span class=\"texto\"> Bolsista CAPES.<\/span><\/p>\n<p><a href=\"http:\/\/buscatextual.cnpq.br\/buscatextual\/visualizacv.do?id=K4369953H3\" target=\"_blank\" rel=\"noopener noreferrer\">Curr\u00edculo Lattes<\/a><\/p>\n<p>&nbsp;<\/p>\n<p><img loading=\"lazy\" decoding=\"async\" class=\"wp-image-1869 alignleft\" src=\"https:\/\/sites.usp.br\/lepsis\/wp-content\/uploads\/sites\/107\/2020\/06\/Screenshot_20200605-182211_WhatsApp-300x273.jpg\" alt=\"\" width=\"158\" height=\"144\" srcset=\"https:\/\/sites.usp.br\/lepsis\/wp-content\/uploads\/sites\/107\/2020\/06\/Screenshot_20200605-182211_WhatsApp-300x273.jpg 300w, https:\/\/sites.usp.br\/lepsis\/wp-content\/uploads\/sites\/107\/2020\/06\/Screenshot_20200605-182211_WhatsApp-400x364.jpg 400w, https:\/\/sites.usp.br\/lepsis\/wp-content\/uploads\/sites\/107\/2020\/06\/Screenshot_20200605-182211_WhatsApp.jpg 707w\" sizes=\"auto, (max-width: 158px) 100vw, 158px\" \/><span style=\"color: #000000;\"><strong>Emanuela Priscila Toledo Arruda<\/strong><\/span><\/p>\n<p><span style=\"color: #000000;\"><em>Doutoranda.\u00a0<\/em><\/span><\/p>\n<p><span style=\"color: #000000;\">Doutoranda do Programa de P\u00f3s-Gradua\u00e7\u00e3o em Psicologia, com o projeto \u201cAs Transversalidades do Cuidado de um Grupo de Maternagem em Paralelo com o Uso de Drogas\u201d. \u00c9 Mestra em Ci\u00eancias pelo Departamento de Ginecologia e Obstetr\u00edcia da FMRP-USP com a pesquisa intitulada \u201cPr\u00e1ticas Sexuais na Adolesc\u00eancia\u201d. Fez parte do Programa de Aprimoramento Profissional em Sa\u00fade Mental e Sa\u00fade P\u00fablica pela DRS IX de Mar\u00edlia (2011). E possui Gradua\u00e7\u00e3o em Psicologia pela Faculdade de Ci\u00eancias e Letras \u2013 UNESP \u2013 campus de Assis-SP (2006-2010).<\/span><\/p>\n<p><a href=\"http:\/\/lattes.cnpq.br\/9846574765697296\" target=\"_blank\" rel=\"noopener noreferrer\">Curr\u00edculo Lattes<\/a><\/p>\n<p><strong><img loading=\"lazy\" decoding=\"async\" class=\"alignleft size-thumbnail wp-image-2079\" src=\"https:\/\/sites.usp.br\/lepsis\/wp-content\/uploads\/sites\/107\/2022\/01\/ana-luzia-150x150.jpg\" alt=\"\" width=\"150\" height=\"150\" srcset=\"https:\/\/sites.usp.br\/lepsis\/wp-content\/uploads\/sites\/107\/2022\/01\/ana-luzia-150x150.jpg 150w, https:\/\/sites.usp.br\/lepsis\/wp-content\/uploads\/sites\/107\/2022\/01\/ana-luzia-300x300.jpg 300w, https:\/\/sites.usp.br\/lepsis\/wp-content\/uploads\/sites\/107\/2022\/01\/ana-luzia-768x768.jpg 768w, https:\/\/sites.usp.br\/lepsis\/wp-content\/uploads\/sites\/107\/2022\/01\/ana-luzia-100x100.jpg 100w, https:\/\/sites.usp.br\/lepsis\/wp-content\/uploads\/sites\/107\/2022\/01\/ana-luzia-45x45.jpg 45w, https:\/\/sites.usp.br\/lepsis\/wp-content\/uploads\/sites\/107\/2022\/01\/ana-luzia-200x200.jpg 200w, https:\/\/sites.usp.br\/lepsis\/wp-content\/uploads\/sites\/107\/2022\/01\/ana-luzia-400x400.jpg 400w, https:\/\/sites.usp.br\/lepsis\/wp-content\/uploads\/sites\/107\/2022\/01\/ana-luzia.jpg 960w\" sizes=\"auto, (max-width: 150px) 100vw, 150px\" \/>Ana Luzia Lemes Pinto<\/strong><\/p>\n<p><em>Mestranda.<\/em><\/p>\n<p>Graduada (2018) em Psicologia pela Universidade de S\u00e3o Paulo (FFCLRP &#8211; USP), com per\u00edodo de interc\u00e2mbio na Universidade do Porto (2016) financiado pela AUCANI &#8211; USP (Modalidade M\u00e9rito Acad\u00eamico). Especialista (2020) em Sa\u00fade Mental (Programa de Resid\u00eancia Multiprofissional da UNICAMP) com atua\u00e7\u00e3o em CAPS-ad e Centro de Conviv\u00eancia. Mestranda no PPG Psicologia &#8211; FFCLRP-USP, com o projeto \u201cO cuidado \u00e0s mulheres em Centro de Aten\u00e7\u00e3o Psicossocial \u00e1lcool e drogas: interfaces com as conjugalidades\u201d.<\/p>\n<p><a href=\"http:\/\/lattes.cnpq.br\/3852843834231648\">Curr\u00edculo lattes<\/a><\/p>\n<p>&nbsp;<\/p>\n","protected":false},"excerpt":{"rendered":"<p>\u00a0 \u00a0 Pedro Junior Rodrigues Coutinho Doutorando Doutorando em Psicologia pelo Programa de P\u00f3s-Gradua\u00e7\u00e3o em Psicologia da Faculdade de Filosofia, Ci\u00eancias e Letras de Ribeir\u00e3o Preto da Universidade de S\u00e3o Paulo (FFCLRP-USP), desenvolvendo o projeto de pesquisa \u2018\u2019Implementa\u00e7\u00e3o de um Grupo de Ouvidores de Vozes em servi\u00e7o de sa\u00fade mental comunit\u00e1rio\u2019\u2019. Membro do LePsis &#8211; &hellip; <\/p>\n<p class=\"link-more\"><a href=\"https:\/\/sites.usp.br\/lepsis\/membros\/doutorandos\/\" class=\"more-link\">Continue lendo<span class=\"screen-reader-text\"> &#8220;P\u00f3s-Graduandos&#8221;<\/span><\/a><\/p>\n","protected":false},"author":187,"featured_media":0,"parent":64,"menu_order":1,"comment_status":"closed","ping_status":"closed","template":"","meta":{"footnotes":"","_links_to":"","_links_to_target":""},"class_list":["post-110","page","type-page","status-publish","hentry"],"_links":{"self":[{"href":"https:\/\/sites.usp.br\/lepsis\/wp-json\/wp\/v2\/pages\/110","targetHints":{"allow":["GET"]}}],"collection":[{"href":"https:\/\/sites.usp.br\/lepsis\/wp-json\/wp\/v2\/pages"}],"about":[{"href":"https:\/\/sites.usp.br\/lepsis\/wp-json\/wp\/v2\/types\/page"}],"author":[{"embeddable":true,"href":"https:\/\/sites.usp.br\/lepsis\/wp-json\/wp\/v2\/users\/187"}],"replies":[{"embeddable":true,"href":"https:\/\/sites.usp.br\/lepsis\/wp-json\/wp\/v2\/comments?post=110"}],"version-history":[{"count":6,"href":"https:\/\/sites.usp.br\/lepsis\/wp-json\/wp\/v2\/pages\/110\/revisions"}],"predecessor-version":[{"id":2080,"href":"https:\/\/sites.usp.br\/lepsis\/wp-json\/wp\/v2\/pages\/110\/revisions\/2080"}],"up":[{"embeddable":true,"href":"https:\/\/sites.usp.br\/lepsis\/wp-json\/wp\/v2\/pages\/64"}],"wp:attachment":[{"href":"https:\/\/sites.usp.br\/lepsis\/wp-json\/wp\/v2\/media?parent=110"}],"curies":[{"name":"wp","href":"https:\/\/api.w.org\/{rel}","templated":true}]}}