{"id":116,"date":"2016-08-17T12:34:17","date_gmt":"2016-08-17T14:34:17","guid":{"rendered":"http:\/\/sites.usp.br\/lepsis\/?page_id=116"},"modified":"2020-03-10T11:29:49","modified_gmt":"2020-03-10T13:29:49","slug":"iniciacao-cientifica","status":"publish","type":"page","link":"https:\/\/sites.usp.br\/lepsis\/membros\/iniciacao-cientifica\/","title":{"rendered":"Inicia\u00e7\u00e3o Cient\u00edfica"},"content":{"rendered":"<p>&nbsp;<\/p>\n<p>&nbsp;<\/p>\n<p><img loading=\"lazy\" decoding=\"async\" class=\"alignleft size-thumbnail wp-image-422\" src=\"http:\/\/sites.usp.br\/lepsis\/wp-content\/uploads\/sites\/107\/2016\/08\/gabriel-150x150.jpg\" alt=\"gabriel\" width=\"150\" height=\"150\" srcset=\"https:\/\/sites.usp.br\/lepsis\/wp-content\/uploads\/sites\/107\/2016\/08\/gabriel-150x150.jpg 150w, https:\/\/sites.usp.br\/lepsis\/wp-content\/uploads\/sites\/107\/2016\/08\/gabriel-45x45.jpg 45w, https:\/\/sites.usp.br\/lepsis\/wp-content\/uploads\/sites\/107\/2016\/08\/gabriel-200x200.jpg 200w\" sizes=\"auto, (max-width: 150px) 100vw, 150px\" \/><strong>Gabriel Oliveira Marrafon<\/strong><\/p>\n<p>Estudante de Psicologia da Universidade de S\u00e3o Paulo. A pesquisa da qual participa busca identificar discursos sobre o uso de drogas entre pessoas em tratamento psiqui\u00e1trico.<\/p>\n<p><a href=\"http:\/\/buscatextual.cnpq.br\/buscatextual\/visualizacv.do?id=K8077557H1\">Curr\u00edculo Lattes<\/a><\/p>\n<p>&nbsp;<\/p>\n<p><img loading=\"lazy\" decoding=\"async\" class=\"alignleft size-thumbnail wp-image-1509\" src=\"https:\/\/sites.usp.br\/lepsis\/wp-content\/uploads\/sites\/107\/2019\/07\/foto-150x150.jpg\" alt=\"\" width=\"150\" height=\"150\" srcset=\"https:\/\/sites.usp.br\/lepsis\/wp-content\/uploads\/sites\/107\/2019\/07\/foto-150x150.jpg 150w, https:\/\/sites.usp.br\/lepsis\/wp-content\/uploads\/sites\/107\/2019\/07\/foto-45x45.jpg 45w, https:\/\/sites.usp.br\/lepsis\/wp-content\/uploads\/sites\/107\/2019\/07\/foto-200x200.jpg 200w\" sizes=\"auto, (max-width: 150px) 100vw, 150px\" \/> \u00a0<strong>Henrique Giazzi Senhorini<\/strong><\/p>\n<p>Estudante de Psicologia da Universidade de S\u00e3o Paulo. A pesquisa da qual participa busca sintetizar quais s\u00e3o os question\u00e1rios de avalia\u00e7\u00e3o psicol\u00f3gica utilizados em pesquisas com psicod\u00e9licos, expondo suas caracter\u00edsticas e \u00edndices de validade.<\/p>\n<p><a href=\"http:\/\/buscatextual.cnpq.br\/buscatextual\/visualizacv.do?id=K2794239P0\">Curr\u00edculo Lattes<\/a><\/p>\n<p>&nbsp;<\/p>\n<p><img loading=\"lazy\" decoding=\"async\" class=\"alignleft size-thumbnail wp-image-1514\" src=\"https:\/\/sites.usp.br\/lepsis\/wp-content\/uploads\/sites\/107\/2019\/07\/foto_natallie1-150x150.jpg\" alt=\"\" width=\"150\" height=\"150\" srcset=\"https:\/\/sites.usp.br\/lepsis\/wp-content\/uploads\/sites\/107\/2019\/07\/foto_natallie1-150x150.jpg 150w, https:\/\/sites.usp.br\/lepsis\/wp-content\/uploads\/sites\/107\/2019\/07\/foto_natallie1-45x45.jpg 45w, https:\/\/sites.usp.br\/lepsis\/wp-content\/uploads\/sites\/107\/2019\/07\/foto_natallie1-200x200.jpg 200w\" sizes=\"auto, (max-width: 150px) 100vw, 150px\" \/><strong>Natalli\u00ea Ma\u00e7an\u00e1rio Neis<\/strong><\/p>\n<p>Estudante de Psicologia da Universidade de S\u00e3o Paulo. A pesquisa da qual participa busca compreender a percep\u00e7\u00e3o de profissionais de uma Unidade de Acolhimento Infanto-Juvenil sobre as pr\u00e1ticas que auxiliam no cuidado de crian\u00e7as e adolescentes acolhidos.<\/p>\n<p>&nbsp;<\/p>\n<p>&nbsp;<\/p>\n<p><img loading=\"lazy\" decoding=\"async\" class=\"alignleft size-thumbnail wp-image-1516\" src=\"https:\/\/sites.usp.br\/lepsis\/wp-content\/uploads\/sites\/107\/2019\/07\/foto_victoria-150x150.jpg\" alt=\"\" width=\"150\" height=\"150\" srcset=\"https:\/\/sites.usp.br\/lepsis\/wp-content\/uploads\/sites\/107\/2019\/07\/foto_victoria-150x150.jpg 150w, https:\/\/sites.usp.br\/lepsis\/wp-content\/uploads\/sites\/107\/2019\/07\/foto_victoria-45x45.jpg 45w, https:\/\/sites.usp.br\/lepsis\/wp-content\/uploads\/sites\/107\/2019\/07\/foto_victoria-200x200.jpg 200w, https:\/\/sites.usp.br\/lepsis\/wp-content\/uploads\/sites\/107\/2019\/07\/foto_victoria.jpg 240w\" sizes=\"auto, (max-width: 150px) 100vw, 150px\" \/><strong>Victoria de Almeida Guimar\u00e3es Solon \u00a0 \u00a0 \u00a0 \u00a0 \u00a0 \u00a0 \u00a0 \u00a0 \u00a0 \u00a0 \u00a0 \u00a0 \u00a0 \u00a0 \u00a0 \u00a0 \u00a0 \u00a0 \u00a0 \u00a0 \u00a0 \u00a0 \u00a0 \u00a0 \u00a0 \u00a0 \u00a0 \u00a0 \u00a0 \u00a0 \u00a0 \u00a0 \u00a0\u00a0<\/strong><\/p>\n<p>Estudante de Psicologia da Universidade de Ribeir\u00e3o Preto UNAERP. A pesquisa da qual participa busca identificar os h\u00e1bitos de sono em estudantes universit\u00e1rios de Psicologia da FFCLRP e sua rela\u00e7\u00e3o com o estresse.<\/p>\n<p><a href=\"http:\/\/lattes.cnpq.br\/8785645915126027\">Curr\u00edculo Lattes<\/a><\/p>\n<p>&nbsp;<\/p>\n<p>&nbsp;<\/p>\n<p><a href=\"https:\/\/sites.usp.br\/lepsis\/wp-content\/uploads\/sites\/107\/2020\/03\/Sem-t\u00edtulo-2.png\"><img loading=\"lazy\" decoding=\"async\" class=\"wp-image-1759 alignleft\" src=\"https:\/\/sites.usp.br\/lepsis\/wp-content\/uploads\/sites\/107\/2020\/03\/Sem-t\u00edtulo-2-286x300.png\" alt=\"\" width=\"152\" height=\"159\" srcset=\"https:\/\/sites.usp.br\/lepsis\/wp-content\/uploads\/sites\/107\/2020\/03\/Sem-t\u00edtulo-2-286x300.png 286w, https:\/\/sites.usp.br\/lepsis\/wp-content\/uploads\/sites\/107\/2020\/03\/Sem-t\u00edtulo-2.png 379w\" sizes=\"auto, (max-width: 152px) 100vw, 152px\" \/><\/a><\/p>\n<p><strong>Dilvan Nunes de Jesus<\/strong><\/p>\n<p>&nbsp;<\/p>\n<p>&nbsp;<\/p>\n<p>&nbsp;<\/p>\n<p>&nbsp;<\/p>\n<p>&nbsp;<\/p>\n<p>&nbsp;<\/p>\n<p>&nbsp;<\/p>\n<p>&nbsp;<\/p>\n<p>&nbsp;<\/p>\n<p>&nbsp;<\/p>\n<p>&nbsp;<\/p>\n<p>&nbsp;<\/p>\n<p>&nbsp;<\/p>\n<p>&nbsp;<\/p>\n<p>&nbsp;<\/p>\n<p>&nbsp;<\/p>\n","protected":false},"excerpt":{"rendered":"<p>&nbsp; &nbsp; Gabriel Oliveira Marrafon Estudante de Psicologia da Universidade de S\u00e3o Paulo. A pesquisa da qual participa busca identificar discursos sobre o uso de drogas entre pessoas em tratamento psiqui\u00e1trico. Curr\u00edculo Lattes &nbsp; \u00a0Henrique Giazzi Senhorini Estudante de Psicologia da Universidade de S\u00e3o Paulo. A pesquisa da qual participa busca sintetizar quais s\u00e3o os &hellip; <\/p>\n<p class=\"link-more\"><a href=\"https:\/\/sites.usp.br\/lepsis\/membros\/iniciacao-cientifica\/\" class=\"more-link\">Continue lendo<span class=\"screen-reader-text\"> &#8220;Inicia\u00e7\u00e3o Cient\u00edfica&#8221;<\/span><\/a><\/p>\n","protected":false},"author":187,"featured_media":0,"parent":64,"menu_order":0,"comment_status":"closed","ping_status":"closed","template":"","meta":{"footnotes":"","_links_to":"","_links_to_target":""},"class_list":["post-116","page","type-page","status-publish","hentry"],"_links":{"self":[{"href":"https:\/\/sites.usp.br\/lepsis\/wp-json\/wp\/v2\/pages\/116","targetHints":{"allow":["GET"]}}],"collection":[{"href":"https:\/\/sites.usp.br\/lepsis\/wp-json\/wp\/v2\/pages"}],"about":[{"href":"https:\/\/sites.usp.br\/lepsis\/wp-json\/wp\/v2\/types\/page"}],"author":[{"embeddable":true,"href":"https:\/\/sites.usp.br\/lepsis\/wp-json\/wp\/v2\/users\/187"}],"replies":[{"embeddable":true,"href":"https:\/\/sites.usp.br\/lepsis\/wp-json\/wp\/v2\/comments?post=116"}],"version-history":[{"count":5,"href":"https:\/\/sites.usp.br\/lepsis\/wp-json\/wp\/v2\/pages\/116\/revisions"}],"predecessor-version":[{"id":1763,"href":"https:\/\/sites.usp.br\/lepsis\/wp-json\/wp\/v2\/pages\/116\/revisions\/1763"}],"up":[{"embeddable":true,"href":"https:\/\/sites.usp.br\/lepsis\/wp-json\/wp\/v2\/pages\/64"}],"wp:attachment":[{"href":"https:\/\/sites.usp.br\/lepsis\/wp-json\/wp\/v2\/media?parent=116"}],"curies":[{"name":"wp","href":"https:\/\/api.w.org\/{rel}","templated":true}]}}