{"id":127,"date":"2016-08-17T12:39:05","date_gmt":"2016-08-17T14:39:05","guid":{"rendered":"http:\/\/sites.usp.br\/lepsis\/?page_id=127"},"modified":"2021-07-30T19:12:20","modified_gmt":"2021-07-30T21:12:20","slug":"egressos","status":"publish","type":"page","link":"https:\/\/sites.usp.br\/lepsis\/membros\/egressos\/","title":{"rendered":"Egressos"},"content":{"rendered":"<p><strong><img loading=\"lazy\" decoding=\"async\" class=\"alignleft size-thumbnail wp-image-256\" src=\"https:\/\/sites.usp.br\/lepsis\/wp-content\/uploads\/sites\/107\/2016\/08\/Foto-Alexandre-150x150.jpg\" alt=\"\" width=\"150\" height=\"150\" srcset=\"https:\/\/sites.usp.br\/lepsis\/wp-content\/uploads\/sites\/107\/2016\/08\/Foto-Alexandre-150x150.jpg 150w, https:\/\/sites.usp.br\/lepsis\/wp-content\/uploads\/sites\/107\/2016\/08\/Foto-Alexandre-45x45.jpg 45w, https:\/\/sites.usp.br\/lepsis\/wp-content\/uploads\/sites\/107\/2016\/08\/Foto-Alexandre-200x200.jpg 200w\" sizes=\"auto, (max-width: 150px) 100vw, 150px\" \/>Alexandre Augusto de Deus Pontual<\/strong><\/p>\n<p>Psic\u00f3logo com gradua\u00e7\u00e3o sandu\u00edche Brasil-Alemanha (UFES\/Universit\u00e4t T\u00fcbingen). Doutor pelo Programa de P\u00f3s-Gradua\u00e7\u00e3o em Psicologia. Desenvolveu um instrumento para avaliar o contexto de uso de ayahuasca (Setting Questionnaire for the Ayahuasca Experience &#8211; SQAE). \u00a0Realizou est\u00e1gio sandu\u00edche na\u00a0Faculty of Psychology and Neuroscience, Maastricht University, com Prof. Johannes G Ramaekers. \u00c9 membro do\u00a0LePsis e do ICARO (Interdisciplinary Cooperation for Ayahuasca Research and Outreach).<\/p>\n<p><strong><img loading=\"lazy\" decoding=\"async\" class=\"alignleft size-thumbnail wp-image-113\" src=\"http:\/\/sites.usp.br\/lepsis\/wp-content\/uploads\/sites\/107\/2016\/08\/fernanda-150x150.jpg\" alt=\"fernanda\" width=\"150\" height=\"150\" srcset=\"https:\/\/sites.usp.br\/lepsis\/wp-content\/uploads\/sites\/107\/2016\/08\/fernanda-150x150.jpg 150w, https:\/\/sites.usp.br\/lepsis\/wp-content\/uploads\/sites\/107\/2016\/08\/fernanda-300x300.jpg 300w, https:\/\/sites.usp.br\/lepsis\/wp-content\/uploads\/sites\/107\/2016\/08\/fernanda-45x45.jpg 45w, https:\/\/sites.usp.br\/lepsis\/wp-content\/uploads\/sites\/107\/2016\/08\/fernanda-200x200.jpg 200w, https:\/\/sites.usp.br\/lepsis\/wp-content\/uploads\/sites\/107\/2016\/08\/fernanda-400x400.jpg 400w, https:\/\/sites.usp.br\/lepsis\/wp-content\/uploads\/sites\/107\/2016\/08\/fernanda.jpg 720w\" sizes=\"auto, (max-width: 150px) 100vw, 150px\" \/>Fernanda de Sousa Vieira<\/strong><\/p>\n<p>Doutora em Psicologia em Sa\u00fade e Desenvolvimento pelo Programa de P\u00f3s-Gradua\u00e7\u00e3o em Psicologia do Departamento de Psicologia (PPG-DP) da Faculdade de Filosofia, Ci\u00eancias e Letras de Ribeir\u00e3o Preto da Universidade de S\u00e3o Paulo (FFCLRP-USP). Seu projeto teve por objetivo conhecer sentidos e significados do consumo de drogas a partir de narrativas de hist\u00f3ria de vida de pessoas descritas com duplo diagn\u00f3stico. Bolsista Capes e de Doutorado Sandu\u00edche da Ag\u00eancia CAPES. Mestre em Psicologia pelo PPG-DP da FFCLRP-USP. Especialista em Sexualidade Humana pelo Programa Sexualidade da Faculdade de Medicina da USP (Prosex-FMUSP). Psic\u00f3loga. Tem experi\u00eancia na \u00e1rea de Psicologia, com \u00eanfase em Psicologia Social e Psicologia da Sa\u00fade, Sa\u00fade Mental. Atua principalmente nos seguintes temas: sa\u00fade mental, metodologias de interven\u00e7\u00e3o, vulnerabilidade social, diversidades sexuais, drogas<\/p>\n<p><a href=\"http:\/\/buscatextual.cnpq.br\/buscatextual\/visualizacv.do?id=K4221974Z7\">Curr\u00edculo Lattes<\/a><\/p>\n<p>&nbsp;<\/p>\n<p><strong><img loading=\"lazy\" decoding=\"async\" class=\"alignleft size-thumbnail wp-image-220\" src=\"http:\/\/sites.usp.br\/lepsis\/wp-content\/uploads\/sites\/107\/2016\/08\/eduardo-150x150.jpg\" alt=\"eduardo\" width=\"150\" height=\"150\" srcset=\"https:\/\/sites.usp.br\/lepsis\/wp-content\/uploads\/sites\/107\/2016\/08\/eduardo-150x150.jpg 150w, https:\/\/sites.usp.br\/lepsis\/wp-content\/uploads\/sites\/107\/2016\/08\/eduardo-45x45.jpg 45w, https:\/\/sites.usp.br\/lepsis\/wp-content\/uploads\/sites\/107\/2016\/08\/eduardo-200x200.jpg 200w\" sizes=\"auto, (max-width: 150px) 100vw, 150px\" \/>\u00a0Eduardo Augusto Le\u00e3o\u00a0<\/strong><\/p>\n<p>Psic\u00f3logo cl\u00ednico e Mestre pelo Programa de P\u00f3s-gradua\u00e7\u00e3o em Psicologia da Faculdade de Filosofia, Ci\u00eancias e Letras de Ribeir\u00e3o Preto, Universidade de S\u00e3o Paulo. Membro do LePsis (Laborat\u00f3rio de Ensino e Pesquisa em Psicopatologia, Drogas e Sociedade). \u00a0Estudou a percep\u00e7\u00e3o de profissionais de servi\u00e7o de sa\u00fade mental a respeito do uso de drogas. Atua como facilitador em grupo de ouvidores de vozes.<\/p>\n<p>E-mail: eduardoleaopsi@hotmail.com<\/p>\n<p><a href=\"http:\/\/buscatextual.cnpq.br\/buscatextual\/visualizacv.do?id=K4266010P2\">Curr\u00edculo Lattes\u00a0<\/a><\/p>\n<p><a href=\"http:\/\/www.teses.usp.br\/teses\/disponiveis\/59\/59137\/tde-28062016-111343\/en.php\">Disserta\u00e7\u00e3o<\/a><\/p>\n<p>&nbsp;<\/p>\n<p><img loading=\"lazy\" decoding=\"async\" class=\"alignleft size-thumbnail wp-image-222\" src=\"http:\/\/sites.usp.br\/lepsis\/wp-content\/uploads\/sites\/107\/2016\/08\/mariane-150x150.jpg\" alt=\"mariane\" width=\"150\" height=\"150\" srcset=\"https:\/\/sites.usp.br\/lepsis\/wp-content\/uploads\/sites\/107\/2016\/08\/mariane-150x150.jpg 150w, https:\/\/sites.usp.br\/lepsis\/wp-content\/uploads\/sites\/107\/2016\/08\/mariane-45x45.jpg 45w, https:\/\/sites.usp.br\/lepsis\/wp-content\/uploads\/sites\/107\/2016\/08\/mariane-200x200.jpg 200w\" sizes=\"auto, (max-width: 150px) 100vw, 150px\" \/><\/p>\n<p><strong>Mariane Capellato Melo<\/strong><\/p>\n<p>Psic\u00f3loga e Mestre pelo Programa de P\u00f3s-gradua\u00e7\u00e3o em Psicologia da Faculdade de Filosofia, Ci\u00eancias e Letras de Ribeir\u00e3o Preto, Universidade de S\u00e3o Paulo. Membro do LePsis (Laborat\u00f3rio de Ensino e Pesquisa em Psicopatologia, Drogas e Sociedade). Realizou pesquisas sobre a maternidade de mulheres usu\u00e1rias de drogas e tamb\u00e9m sobre o cuidado em comunidades terap\u00eauticas.<\/p>\n<p>E-mail: marianecapellato@gmail.com<\/p>\n<p><a href=\"http:\/\/buscatextual.cnpq.br\/buscatextual\/visualizacv.do?id=K4316201A6\">Curr\u00edculo Lattes\u00a0<\/a><\/p>\n<p><strong><a href=\"https:\/\/sites.usp.br\/lepsis\/wp-content\/uploads\/sites\/107\/2016\/08\/foto.jpg\"><img loading=\"lazy\" decoding=\"async\" class=\"wp-image-1009 alignleft\" src=\"https:\/\/sites.usp.br\/lepsis\/wp-content\/uploads\/sites\/107\/2016\/08\/foto-300x300.jpg\" alt=\"\" width=\"148\" height=\"148\" srcset=\"https:\/\/sites.usp.br\/lepsis\/wp-content\/uploads\/sites\/107\/2016\/08\/foto-300x300.jpg 300w, https:\/\/sites.usp.br\/lepsis\/wp-content\/uploads\/sites\/107\/2016\/08\/foto-150x150.jpg 150w, https:\/\/sites.usp.br\/lepsis\/wp-content\/uploads\/sites\/107\/2016\/08\/foto-45x45.jpg 45w, https:\/\/sites.usp.br\/lepsis\/wp-content\/uploads\/sites\/107\/2016\/08\/foto-200x200.jpg 200w, https:\/\/sites.usp.br\/lepsis\/wp-content\/uploads\/sites\/107\/2016\/08\/foto-400x401.jpg 400w, https:\/\/sites.usp.br\/lepsis\/wp-content\/uploads\/sites\/107\/2016\/08\/foto.jpg 464w\" sizes=\"auto, (max-width: 148px) 100vw, 148px\" \/><\/a> J\u00falia C\u00f4rrea Gomes<\/strong><\/p>\n<p>Psic\u00f3loga e Mestre em Ci\u00eancias na \u00e1rea de Psicologia em Sa\u00fade e Desenvolvimento pelo Programa de P\u00f3s-gradua\u00e7\u00e3o em Psicologia da Faculdade de Filosofia, Ci\u00eancias e Letras de Ribeir\u00e3o Preto da Universidade de S\u00e3o Paulo (FFCLRP-USP). Na IC, estudou caracter\u00edsticas da popula\u00e7\u00e3o que buscou atendimento em CAPSiad e no mestrado analisou o cuidado oferecido em uma unidade de acolhimento para crian\u00e7as e adolescentes usu\u00e1rios de drogas. Foi bolsista FAPESP na IC e Mestrado.<\/p>\n<p><a href=\"http:\/\/buscatextual.cnpq.br\/buscatextual\/visualizacv.do?id=K4851531A1\">Curr\u00edculo Lattes<\/a><\/p>\n<p>&nbsp;<\/p>\n<p><strong>Larissa Soares de Melo<\/strong><strong><img loading=\"lazy\" decoding=\"async\" class=\"alignleft size-thumbnail wp-image-1082\" src=\"http:\/\/sites.usp.br\/lepsis\/wp-content\/uploads\/sites\/107\/2016\/08\/larissa-150x150.jpg\" alt=\"\" width=\"150\" height=\"150\" srcset=\"https:\/\/sites.usp.br\/lepsis\/wp-content\/uploads\/sites\/107\/2016\/08\/larissa-150x150.jpg 150w, https:\/\/sites.usp.br\/lepsis\/wp-content\/uploads\/sites\/107\/2016\/08\/larissa-300x300.jpg 300w, https:\/\/sites.usp.br\/lepsis\/wp-content\/uploads\/sites\/107\/2016\/08\/larissa-768x767.jpg 768w, https:\/\/sites.usp.br\/lepsis\/wp-content\/uploads\/sites\/107\/2016\/08\/larissa-45x45.jpg 45w, https:\/\/sites.usp.br\/lepsis\/wp-content\/uploads\/sites\/107\/2016\/08\/larissa-200x200.jpg 200w, https:\/\/sites.usp.br\/lepsis\/wp-content\/uploads\/sites\/107\/2016\/08\/larissa-400x400.jpg 400w, https:\/\/sites.usp.br\/lepsis\/wp-content\/uploads\/sites\/107\/2016\/08\/larissa.jpg 959w\" sizes=\"auto, (max-width: 150px) 100vw, 150px\" \/><\/strong><\/p>\n<p>Terapeuta ocupacional e Mestre em Psicologia pelo Programa de P\u00f3s-Gradua\u00e7\u00e3o em Psicologia da Faculdade de Filosofia, Ci\u00eancias e Letras de Ribeir\u00e3o Preto da Universidade de S\u00e3o Paulo (FFCLRP-USP). Estudou\u00a0a ades\u00e3o ao tratamento nos Centros de Aten\u00e7\u00e3o Psicossocial \u00c1lcool e outras Drogas sob a perspectiva do usu\u00e1rio.<\/p>\n<p><a href=\"http:\/\/buscatextual.cnpq.br\/buscatextual\/visualizacv.do?id=K4406545U0\" target=\"_blank\" rel=\"noopener noreferrer\">Curr\u00edculo Lattes<\/a><\/p>\n<p>&nbsp;<\/p>\n<p><strong><img loading=\"lazy\" decoding=\"async\" class=\"alignleft size-thumbnail wp-image-1081\" src=\"http:\/\/sites.usp.br\/lepsis\/wp-content\/uploads\/sites\/107\/2016\/08\/joao-150x150.jpg\" alt=\"\" width=\"150\" height=\"150\" srcset=\"https:\/\/sites.usp.br\/lepsis\/wp-content\/uploads\/sites\/107\/2016\/08\/joao-150x150.jpg 150w, https:\/\/sites.usp.br\/lepsis\/wp-content\/uploads\/sites\/107\/2016\/08\/joao-45x45.jpg 45w, https:\/\/sites.usp.br\/lepsis\/wp-content\/uploads\/sites\/107\/2016\/08\/joao-200x200.jpg 200w\" sizes=\"auto, (max-width: 150px) 100vw, 150px\" \/>Jo\u00e3o Fillipini<\/strong><\/p>\n<p>Psic\u00f3logo e Mestre em Psicologia pelo Programa de P\u00f3s-Gradua\u00e7\u00e3o em Psicologia da Faculdade de Filosofia, Ci\u00eancias e Letras de Ribeir\u00e3o Preto da Universidade de S\u00e3o Paulo (FFCLRP-USP). Estudou as estrat\u00e9gias de redu\u00e7\u00e3o de danos utilizadas por estudantes universit\u00e1rios que faziam uso de drogas.<\/p>\n<p><a href=\"http:\/\/lattes.cnpq.br\/9625974197928569\" target=\"_blank\" rel=\"noopener noreferrer\">Curr\u00edculo Lattes<\/a><\/p>\n<p>&nbsp;<\/p>\n<p><strong><br \/>\n<a href=\"https:\/\/sites.usp.br\/lepsis\/wp-content\/uploads\/sites\/107\/2016\/08\/andreia.jpg\"><img loading=\"lazy\" decoding=\"async\" class=\"wp-image-1084 alignleft\" src=\"https:\/\/sites.usp.br\/lepsis\/wp-content\/uploads\/sites\/107\/2016\/08\/andreia-300x300.jpg\" alt=\"\" width=\"150\" height=\"150\" srcset=\"https:\/\/sites.usp.br\/lepsis\/wp-content\/uploads\/sites\/107\/2016\/08\/andreia-300x300.jpg 300w, https:\/\/sites.usp.br\/lepsis\/wp-content\/uploads\/sites\/107\/2016\/08\/andreia-150x150.jpg 150w, https:\/\/sites.usp.br\/lepsis\/wp-content\/uploads\/sites\/107\/2016\/08\/andreia-768x768.jpg 768w, https:\/\/sites.usp.br\/lepsis\/wp-content\/uploads\/sites\/107\/2016\/08\/andreia-1024x1024.jpg 1024w, https:\/\/sites.usp.br\/lepsis\/wp-content\/uploads\/sites\/107\/2016\/08\/andreia-45x45.jpg 45w, https:\/\/sites.usp.br\/lepsis\/wp-content\/uploads\/sites\/107\/2016\/08\/andreia-200x200.jpg 200w, https:\/\/sites.usp.br\/lepsis\/wp-content\/uploads\/sites\/107\/2016\/08\/andreia-400x400.jpg 400w, https:\/\/sites.usp.br\/lepsis\/wp-content\/uploads\/sites\/107\/2016\/08\/andreia.jpg 1152w\" sizes=\"auto, (max-width: 150px) 100vw, 150px\" \/><\/a><\/strong><strong> Andr\u00e9ia Cristina Formaggi\u00a0<\/strong><\/p>\n<p>Psic\u00f3loga e Mestre em Enfermagem Psiqui\u00e1trica pelo Programa de P\u00f3s-Gradua\u00e7\u00e3o em Enfermagem Psiqui\u00e1trica da Escola de Enfermagem de Ribeir\u00e3o Preto da Universidade de S\u00e3o Paulo (EERP \u2013 USP). Estudou o perfil das pessoas que buscaram cuidado em uma emerg\u00eancia psiqui\u00e1trica do Paran\u00e1.<\/p>\n<p><a href=\"http:\/\/buscatextual.cnpq.br\/buscatextual\/visualizacv.do?id=K4753600T8\">Curr\u00edculo Lattes<\/a><\/p>\n<p>&nbsp;<\/p>\n<p><a href=\"https:\/\/sites.usp.br\/lepsis\/wp-content\/uploads\/sites\/107\/2021\/06\/8f5ab4b6-486c-4139-bc87-cb3e0caba4f4.jpg\"><img loading=\"lazy\" decoding=\"async\" class=\"wp-image-2028 alignleft\" src=\"https:\/\/sites.usp.br\/lepsis\/wp-content\/uploads\/sites\/107\/2021\/06\/8f5ab4b6-486c-4139-bc87-cb3e0caba4f4-286x300.jpg\" alt=\"\" width=\"148\" height=\"156\" srcset=\"https:\/\/sites.usp.br\/lepsis\/wp-content\/uploads\/sites\/107\/2021\/06\/8f5ab4b6-486c-4139-bc87-cb3e0caba4f4-286x300.jpg 286w, https:\/\/sites.usp.br\/lepsis\/wp-content\/uploads\/sites\/107\/2021\/06\/8f5ab4b6-486c-4139-bc87-cb3e0caba4f4-768x806.jpg 768w, https:\/\/sites.usp.br\/lepsis\/wp-content\/uploads\/sites\/107\/2021\/06\/8f5ab4b6-486c-4139-bc87-cb3e0caba4f4-400x420.jpg 400w, https:\/\/sites.usp.br\/lepsis\/wp-content\/uploads\/sites\/107\/2021\/06\/8f5ab4b6-486c-4139-bc87-cb3e0caba4f4.jpg 959w\" sizes=\"auto, (max-width: 148px) 100vw, 148px\" \/><\/a><\/p>\n<p><strong>Jo\u00e3o Maur\u00edcio Gimenes Pedroso<\/strong><\/p>\n<p>Psic\u00f3logo e Mestre em Psicologia pelo Programa de P\u00f3s-Gradua\u00e7\u00e3o da FFCLRP-USP. Estudou o trabalho de redu\u00e7\u00e3o de danos realizado junto \u00e0 popula\u00e7\u00e3o em vulnerabilidade social. Tem experi\u00eancia com reabilita\u00e7\u00e3o psicossocial e iniciativas de cooperativismo social. Atuou como coordenador de campo no N\u00facleo Multidisciplinar Integrado de Estudos, Forma\u00e7\u00e3o e Interven\u00e7\u00e3o em Economia Solid\u00e1ria, o NuMI-EcoSol.<\/p>\n<p><a href=\"http:\/\/lattes.cnpq.br\/2639398567788050\" target=\"_blank\" rel=\"noopener\">Curr\u00edculo Lattes<\/a><\/p>\n<p>&nbsp;<\/p>\n<p><strong><img loading=\"lazy\" decoding=\"async\" class=\"alignleft size-thumbnail wp-image-2040\" src=\"https:\/\/sites.usp.br\/lepsis\/wp-content\/uploads\/sites\/107\/2021\/07\/matalia-150x150.jpg\" alt=\"\" width=\"150\" height=\"150\" srcset=\"https:\/\/sites.usp.br\/lepsis\/wp-content\/uploads\/sites\/107\/2021\/07\/matalia-150x150.jpg 150w, https:\/\/sites.usp.br\/lepsis\/wp-content\/uploads\/sites\/107\/2021\/07\/matalia-100x100.jpg 100w, https:\/\/sites.usp.br\/lepsis\/wp-content\/uploads\/sites\/107\/2021\/07\/matalia-45x45.jpg 45w, https:\/\/sites.usp.br\/lepsis\/wp-content\/uploads\/sites\/107\/2021\/07\/matalia-200x200.jpg 200w\" sizes=\"auto, (max-width: 150px) 100vw, 150px\" \/>Nat\u00e1lia Feitosa de Oliveira<\/strong><\/p>\n<p>Psic\u00f3loga e Mestre em Psicologia pelo Programa de P\u00f3s-Gradua\u00e7\u00e3o em\u00a0Psicologia da Faculdade de Filosofia, Ci\u00eancias e Letras de Ribeir\u00e3o Preto da Universidade de S\u00e3o Paulo (FFCLRP-USP). Estudou os significados atribu\u00eddos ao consumo ritual\u00edstico da<span style=\"font-size: 1rem;\">\u00a0ayahuasca e<\/span><span style=\"font-size: 1rem;\">m rituais neoxam\u00e2nicos a por pessoas que o buscaram como estrat\u00e9gia para lidar com o uso problem\u00e1tico de drogas.<\/span><\/p>\n<p>&nbsp;<\/p>\n","protected":false},"excerpt":{"rendered":"<p>Alexandre Augusto de Deus Pontual Psic\u00f3logo com gradua\u00e7\u00e3o sandu\u00edche Brasil-Alemanha (UFES\/Universit\u00e4t T\u00fcbingen). Doutor pelo Programa de P\u00f3s-Gradua\u00e7\u00e3o em Psicologia. Desenvolveu um instrumento para avaliar o contexto de uso de ayahuasca (Setting Questionnaire for the Ayahuasca Experience &#8211; SQAE). \u00a0Realizou est\u00e1gio sandu\u00edche na\u00a0Faculty of Psychology and Neuroscience, Maastricht University, com Prof. Johannes G Ramaekers. \u00c9 membro &hellip; <\/p>\n<p class=\"link-more\"><a href=\"https:\/\/sites.usp.br\/lepsis\/membros\/egressos\/\" class=\"more-link\">Continue lendo<span class=\"screen-reader-text\"> &#8220;Egressos&#8221;<\/span><\/a><\/p>\n","protected":false},"author":187,"featured_media":0,"parent":64,"menu_order":0,"comment_status":"closed","ping_status":"closed","template":"","meta":{"footnotes":"","_links_to":"","_links_to_target":""},"class_list":["post-127","page","type-page","status-publish","hentry"],"_links":{"self":[{"href":"https:\/\/sites.usp.br\/lepsis\/wp-json\/wp\/v2\/pages\/127","targetHints":{"allow":["GET"]}}],"collection":[{"href":"https:\/\/sites.usp.br\/lepsis\/wp-json\/wp\/v2\/pages"}],"about":[{"href":"https:\/\/sites.usp.br\/lepsis\/wp-json\/wp\/v2\/types\/page"}],"author":[{"embeddable":true,"href":"https:\/\/sites.usp.br\/lepsis\/wp-json\/wp\/v2\/users\/187"}],"replies":[{"embeddable":true,"href":"https:\/\/sites.usp.br\/lepsis\/wp-json\/wp\/v2\/comments?post=127"}],"version-history":[{"count":4,"href":"https:\/\/sites.usp.br\/lepsis\/wp-json\/wp\/v2\/pages\/127\/revisions"}],"predecessor-version":[{"id":2041,"href":"https:\/\/sites.usp.br\/lepsis\/wp-json\/wp\/v2\/pages\/127\/revisions\/2041"}],"up":[{"embeddable":true,"href":"https:\/\/sites.usp.br\/lepsis\/wp-json\/wp\/v2\/pages\/64"}],"wp:attachment":[{"href":"https:\/\/sites.usp.br\/lepsis\/wp-json\/wp\/v2\/media?parent=127"}],"curies":[{"name":"wp","href":"https:\/\/api.w.org\/{rel}","templated":true}]}}