{"id":1309,"date":"2017-11-16T21:30:07","date_gmt":"2017-11-16T23:30:07","guid":{"rendered":"http:\/\/sites.usp.br\/lepsis\/?page_id=1309"},"modified":"2017-12-30T11:51:50","modified_gmt":"2017-12-30T13:51:50","slug":"2017-2","status":"publish","type":"page","link":"https:\/\/sites.usp.br\/lepsis\/2017-2\/","title":{"rendered":"2017"},"content":{"rendered":"<div class=\"page\" title=\"Page 1\">\n<div class=\"layoutArea\">\n<div class=\"column\">\n<p><strong>British Psychological Society Qualitative Methods in Psychology Section Conference 2017 &#8211; Pa\u00eds de Gales &#8211; Reino Unido\u00a0<\/strong><\/p>\n<\/div>\n<\/div>\n<\/div>\n<p><img loading=\"lazy\" decoding=\"async\" class=\"aligncenter size-full wp-image-1363\" src=\"http:\/\/sites.usp.br\/lepsis\/wp-content\/uploads\/sites\/107\/2017\/11\/quali.png\" alt=\"\" width=\"2508\" height=\"3343\" srcset=\"https:\/\/sites.usp.br\/lepsis\/wp-content\/uploads\/sites\/107\/2017\/11\/quali.png 2508w, https:\/\/sites.usp.br\/lepsis\/wp-content\/uploads\/sites\/107\/2017\/11\/quali-225x300.png 225w, https:\/\/sites.usp.br\/lepsis\/wp-content\/uploads\/sites\/107\/2017\/11\/quali-768x1024.png 768w, https:\/\/sites.usp.br\/lepsis\/wp-content\/uploads\/sites\/107\/2017\/11\/quali-400x533.png 400w\" sizes=\"auto, (max-width: 767px) 89vw, (max-width: 1000px) 54vw, (max-width: 1071px) 543px, 580px\" \/><\/p>\n<p>&nbsp;<\/p>\n<p><strong>6\u00ba Congresso Internacional Associa\u00e7\u00e3o Brasileira Multidisciplinar de Estudos sobre Drogas (Abramd) &#8211; Belo Horizonte\u00a0<\/strong><\/p>\n<p><img loading=\"lazy\" decoding=\"async\" class=\"aligncenter size-large wp-image-1312\" src=\"http:\/\/sites.usp.br\/lepsis\/wp-content\/uploads\/sites\/107\/2017\/11\/abr-768x1024.jpg\" alt=\"\" width=\"604\" height=\"805\" srcset=\"https:\/\/sites.usp.br\/lepsis\/wp-content\/uploads\/sites\/107\/2017\/11\/abr-768x1024.jpg 768w, https:\/\/sites.usp.br\/lepsis\/wp-content\/uploads\/sites\/107\/2017\/11\/abr-225x300.jpg 225w, https:\/\/sites.usp.br\/lepsis\/wp-content\/uploads\/sites\/107\/2017\/11\/abr-400x533.jpg 400w\" sizes=\"auto, (max-width: 604px) 100vw, 604px\" \/><\/p>\n<p><img loading=\"lazy\" decoding=\"async\" class=\"aligncenter size-large wp-image-1311\" src=\"http:\/\/sites.usp.br\/lepsis\/wp-content\/uploads\/sites\/107\/2017\/11\/abramd-892x1024.jpg\" alt=\"\" width=\"604\" height=\"693\" srcset=\"https:\/\/sites.usp.br\/lepsis\/wp-content\/uploads\/sites\/107\/2017\/11\/abramd-892x1024.jpg 892w, https:\/\/sites.usp.br\/lepsis\/wp-content\/uploads\/sites\/107\/2017\/11\/abramd-261x300.jpg 261w, https:\/\/sites.usp.br\/lepsis\/wp-content\/uploads\/sites\/107\/2017\/11\/abramd-768x882.jpg 768w, https:\/\/sites.usp.br\/lepsis\/wp-content\/uploads\/sites\/107\/2017\/11\/abramd-400x459.jpg 400w, https:\/\/sites.usp.br\/lepsis\/wp-content\/uploads\/sites\/107\/2017\/11\/abramd.jpg 1115w\" sizes=\"auto, (max-width: 604px) 100vw, 604px\" \/><\/p>\n<p>&nbsp;<\/p>\n<p><img loading=\"lazy\" decoding=\"async\" class=\"aligncenter size-large wp-image-1313\" src=\"http:\/\/sites.usp.br\/lepsis\/wp-content\/uploads\/sites\/107\/2017\/11\/ale-1024x576.png\" alt=\"\" width=\"604\" height=\"340\" srcset=\"https:\/\/sites.usp.br\/lepsis\/wp-content\/uploads\/sites\/107\/2017\/11\/ale-1024x576.png 1024w, https:\/\/sites.usp.br\/lepsis\/wp-content\/uploads\/sites\/107\/2017\/11\/ale-300x169.png 300w, https:\/\/sites.usp.br\/lepsis\/wp-content\/uploads\/sites\/107\/2017\/11\/ale-768x432.png 768w, https:\/\/sites.usp.br\/lepsis\/wp-content\/uploads\/sites\/107\/2017\/11\/ale-310x174.png 310w, https:\/\/sites.usp.br\/lepsis\/wp-content\/uploads\/sites\/107\/2017\/11\/ale-400x225.png 400w, https:\/\/sites.usp.br\/lepsis\/wp-content\/uploads\/sites\/107\/2017\/11\/ale.png 1334w\" sizes=\"auto, (max-width: 604px) 100vw, 604px\" \/><\/p>\n<p><img loading=\"lazy\" decoding=\"async\" class=\"aligncenter size-large wp-image-1314\" src=\"http:\/\/sites.usp.br\/lepsis\/wp-content\/uploads\/sites\/107\/2017\/11\/ale2-1024x576.png\" alt=\"\" width=\"604\" height=\"340\" srcset=\"https:\/\/sites.usp.br\/lepsis\/wp-content\/uploads\/sites\/107\/2017\/11\/ale2-1024x576.png 1024w, https:\/\/sites.usp.br\/lepsis\/wp-content\/uploads\/sites\/107\/2017\/11\/ale2-300x169.png 300w, https:\/\/sites.usp.br\/lepsis\/wp-content\/uploads\/sites\/107\/2017\/11\/ale2-768x432.png 768w, https:\/\/sites.usp.br\/lepsis\/wp-content\/uploads\/sites\/107\/2017\/11\/ale2-310x174.png 310w, https:\/\/sites.usp.br\/lepsis\/wp-content\/uploads\/sites\/107\/2017\/11\/ale2-400x225.png 400w, https:\/\/sites.usp.br\/lepsis\/wp-content\/uploads\/sites\/107\/2017\/11\/ale2.png 1334w\" sizes=\"auto, (max-width: 604px) 100vw, 604px\" \/><\/p>\n<p>&nbsp;<\/p>\n<p><strong>1\u00ba CONGRESSO REGIONAL DE SA\u00daDE P\u00daBLICA: RUMO AO 15\u00ba CONGRESSO PAULISTA DE SA\u00daDE P\u00daBLICA &#8211; RIBEIR\u00c3O PRETO<\/strong><\/p>\n<p><img loading=\"lazy\" decoding=\"async\" class=\"alignleft size-full wp-image-1365\" src=\"http:\/\/sites.usp.br\/lepsis\/wp-content\/uploads\/sites\/107\/2017\/11\/roda2.jpg\" alt=\"\" width=\"4032\" height=\"3024\" srcset=\"https:\/\/sites.usp.br\/lepsis\/wp-content\/uploads\/sites\/107\/2017\/11\/roda2.jpg 4032w, https:\/\/sites.usp.br\/lepsis\/wp-content\/uploads\/sites\/107\/2017\/11\/roda2-300x225.jpg 300w, https:\/\/sites.usp.br\/lepsis\/wp-content\/uploads\/sites\/107\/2017\/11\/roda2-768x576.jpg 768w, https:\/\/sites.usp.br\/lepsis\/wp-content\/uploads\/sites\/107\/2017\/11\/roda2-1024x768.jpg 1024w, https:\/\/sites.usp.br\/lepsis\/wp-content\/uploads\/sites\/107\/2017\/11\/roda2-80x60.jpg 80w, https:\/\/sites.usp.br\/lepsis\/wp-content\/uploads\/sites\/107\/2017\/11\/roda2-400x300.jpg 400w\" sizes=\"auto, (max-width: 767px) 89vw, (max-width: 1000px) 54vw, (max-width: 1071px) 543px, 580px\" \/><br \/>\n<img loading=\"lazy\" decoding=\"async\" class=\"aligncenter size-full wp-image-1366\" src=\"http:\/\/sites.usp.br\/lepsis\/wp-content\/uploads\/sites\/107\/2017\/11\/roda.jpg\" alt=\"\" width=\"584\" height=\"1040\" srcset=\"https:\/\/sites.usp.br\/lepsis\/wp-content\/uploads\/sites\/107\/2017\/11\/roda.jpg 584w, https:\/\/sites.usp.br\/lepsis\/wp-content\/uploads\/sites\/107\/2017\/11\/roda-168x300.jpg 168w, https:\/\/sites.usp.br\/lepsis\/wp-content\/uploads\/sites\/107\/2017\/11\/roda-575x1024.jpg 575w, https:\/\/sites.usp.br\/lepsis\/wp-content\/uploads\/sites\/107\/2017\/11\/roda-337x600.jpg 337w\" sizes=\"auto, (max-width: 584px) 100vw, 584px\" \/> <img loading=\"lazy\" decoding=\"async\" class=\"aligncenter size-full wp-image-1367\" src=\"http:\/\/sites.usp.br\/lepsis\/wp-content\/uploads\/sites\/107\/2017\/11\/eu-e-gisela.jpg\" alt=\"\" width=\"4032\" height=\"3024\" srcset=\"https:\/\/sites.usp.br\/lepsis\/wp-content\/uploads\/sites\/107\/2017\/11\/eu-e-gisela.jpg 4032w, https:\/\/sites.usp.br\/lepsis\/wp-content\/uploads\/sites\/107\/2017\/11\/eu-e-gisela-300x225.jpg 300w, https:\/\/sites.usp.br\/lepsis\/wp-content\/uploads\/sites\/107\/2017\/11\/eu-e-gisela-768x576.jpg 768w, https:\/\/sites.usp.br\/lepsis\/wp-content\/uploads\/sites\/107\/2017\/11\/eu-e-gisela-1024x768.jpg 1024w, https:\/\/sites.usp.br\/lepsis\/wp-content\/uploads\/sites\/107\/2017\/11\/eu-e-gisela-80x60.jpg 80w, https:\/\/sites.usp.br\/lepsis\/wp-content\/uploads\/sites\/107\/2017\/11\/eu-e-gisela-400x300.jpg 400w\" sizes=\"auto, (max-width: 767px) 89vw, (max-width: 1000px) 54vw, (max-width: 1071px) 543px, 580px\" \/> <img loading=\"lazy\" decoding=\"async\" class=\"aligncenter size-full wp-image-1368\" src=\"http:\/\/sites.usp.br\/lepsis\/wp-content\/uploads\/sites\/107\/2017\/11\/fotos.jpg\" alt=\"\" width=\"1742\" height=\"1306\" srcset=\"https:\/\/sites.usp.br\/lepsis\/wp-content\/uploads\/sites\/107\/2017\/11\/fotos.jpg 1742w, https:\/\/sites.usp.br\/lepsis\/wp-content\/uploads\/sites\/107\/2017\/11\/fotos-300x225.jpg 300w, https:\/\/sites.usp.br\/lepsis\/wp-content\/uploads\/sites\/107\/2017\/11\/fotos-768x576.jpg 768w, https:\/\/sites.usp.br\/lepsis\/wp-content\/uploads\/sites\/107\/2017\/11\/fotos-1024x768.jpg 1024w, https:\/\/sites.usp.br\/lepsis\/wp-content\/uploads\/sites\/107\/2017\/11\/fotos-80x60.jpg 80w, https:\/\/sites.usp.br\/lepsis\/wp-content\/uploads\/sites\/107\/2017\/11\/fotos-400x300.jpg 400w\" sizes=\"auto, (max-width: 767px) 89vw, (max-width: 1000px) 54vw, (max-width: 1071px) 543px, 580px\" \/><\/p>\n<p>&nbsp;<\/p>\n<p><strong>SIICUSP &#8211; RIBEIR\u00c3O PRETO &#8211; 2017<\/strong><\/p>\n<p>&nbsp;<\/p>\n<p><img loading=\"lazy\" decoding=\"async\" class=\"alignright size-medium wp-image-1356\" src=\"http:\/\/sites.usp.br\/lepsis\/wp-content\/uploads\/sites\/107\/2017\/11\/gabriel-e-eu-225x300.jpg\" alt=\"\" width=\"225\" height=\"300\" srcset=\"https:\/\/sites.usp.br\/lepsis\/wp-content\/uploads\/sites\/107\/2017\/11\/gabriel-e-eu-225x300.jpg 225w, https:\/\/sites.usp.br\/lepsis\/wp-content\/uploads\/sites\/107\/2017\/11\/gabriel-e-eu-400x533.jpg 400w, https:\/\/sites.usp.br\/lepsis\/wp-content\/uploads\/sites\/107\/2017\/11\/gabriel-e-eu.jpg 720w\" sizes=\"auto, (max-width: 225px) 100vw, 225px\" \/> <img loading=\"lazy\" decoding=\"async\" class=\"alignright size-medium wp-image-1355\" src=\"http:\/\/sites.usp.br\/lepsis\/wp-content\/uploads\/sites\/107\/2017\/11\/jessica-sic-225x300.jpg\" alt=\"\" width=\"225\" height=\"300\" srcset=\"https:\/\/sites.usp.br\/lepsis\/wp-content\/uploads\/sites\/107\/2017\/11\/jessica-sic-225x300.jpg 225w, https:\/\/sites.usp.br\/lepsis\/wp-content\/uploads\/sites\/107\/2017\/11\/jessica-sic-400x533.jpg 400w, https:\/\/sites.usp.br\/lepsis\/wp-content\/uploads\/sites\/107\/2017\/11\/jessica-sic.jpg 720w\" sizes=\"auto, (max-width: 225px) 100vw, 225px\" \/> <img loading=\"lazy\" decoding=\"async\" class=\"alignright size-medium wp-image-1354\" src=\"http:\/\/sites.usp.br\/lepsis\/wp-content\/uploads\/sites\/107\/2017\/11\/jessica--225x300.jpg\" alt=\"\" width=\"225\" height=\"300\" srcset=\"https:\/\/sites.usp.br\/lepsis\/wp-content\/uploads\/sites\/107\/2017\/11\/jessica--225x300.jpg 225w, https:\/\/sites.usp.br\/lepsis\/wp-content\/uploads\/sites\/107\/2017\/11\/jessica--400x533.jpg 400w, https:\/\/sites.usp.br\/lepsis\/wp-content\/uploads\/sites\/107\/2017\/11\/jessica-.jpg 720w\" sizes=\"auto, (max-width: 225px) 100vw, 225px\" \/> <img loading=\"lazy\" decoding=\"async\" class=\"alignright size-medium wp-image-1353\" src=\"http:\/\/sites.usp.br\/lepsis\/wp-content\/uploads\/sites\/107\/2017\/11\/yi-siicusp-225x300.jpg\" alt=\"\" width=\"225\" height=\"300\" srcset=\"https:\/\/sites.usp.br\/lepsis\/wp-content\/uploads\/sites\/107\/2017\/11\/yi-siicusp-225x300.jpg 225w, https:\/\/sites.usp.br\/lepsis\/wp-content\/uploads\/sites\/107\/2017\/11\/yi-siicusp-400x533.jpg 400w, https:\/\/sites.usp.br\/lepsis\/wp-content\/uploads\/sites\/107\/2017\/11\/yi-siicusp.jpg 720w\" sizes=\"auto, (max-width: 225px) 100vw, 225px\" \/><br \/>\n<img loading=\"lazy\" decoding=\"async\" class=\"wp-image-1351 aligncenter\" src=\"http:\/\/sites.usp.br\/lepsis\/wp-content\/uploads\/sites\/107\/2017\/11\/gabriel-siicusp.jpg\" alt=\"\" width=\"308\" height=\"231\" srcset=\"https:\/\/sites.usp.br\/lepsis\/wp-content\/uploads\/sites\/107\/2017\/11\/gabriel-siicusp.jpg 960w, https:\/\/sites.usp.br\/lepsis\/wp-content\/uploads\/sites\/107\/2017\/11\/gabriel-siicusp-300x225.jpg 300w, https:\/\/sites.usp.br\/lepsis\/wp-content\/uploads\/sites\/107\/2017\/11\/gabriel-siicusp-768x576.jpg 768w, https:\/\/sites.usp.br\/lepsis\/wp-content\/uploads\/sites\/107\/2017\/11\/gabriel-siicusp-80x60.jpg 80w, https:\/\/sites.usp.br\/lepsis\/wp-content\/uploads\/sites\/107\/2017\/11\/gabriel-siicusp-400x300.jpg 400w\" sizes=\"auto, (max-width: 308px) 100vw, 308px\" \/><\/p>\n<p>&nbsp;<\/p>\n<p><strong>SIICUSP &#8211; S\u00c3O PAULO &#8211; 2017<\/strong><\/p>\n<p>&nbsp;<\/p>\n<p><img loading=\"lazy\" decoding=\"async\" class=\"aligncenter size-full wp-image-1360\" src=\"http:\/\/sites.usp.br\/lepsis\/wp-content\/uploads\/sites\/107\/2017\/11\/GABRIEL-SP.jpg\" alt=\"\" width=\"532\" height=\"960\" srcset=\"https:\/\/sites.usp.br\/lepsis\/wp-content\/uploads\/sites\/107\/2017\/11\/GABRIEL-SP.jpg 532w, https:\/\/sites.usp.br\/lepsis\/wp-content\/uploads\/sites\/107\/2017\/11\/GABRIEL-SP-166x300.jpg 166w, https:\/\/sites.usp.br\/lepsis\/wp-content\/uploads\/sites\/107\/2017\/11\/GABRIEL-SP-333x600.jpg 333w\" sizes=\"auto, (max-width: 532px) 100vw, 532px\" \/><\/p>\n<p>&nbsp;<\/p>\n<p><strong>VIII EXPOSA\u00daDE 2017 &#8211; Ribeir\u00e3o Preto\u00a0<\/strong><\/p>\n<p>&nbsp;<\/p>\n<p><img loading=\"lazy\" decoding=\"async\" class=\"aligncenter size-full wp-image-1349\" src=\"http:\/\/sites.usp.br\/lepsis\/wp-content\/uploads\/sites\/107\/2017\/11\/fotoexposaude.jpg\" alt=\"\" width=\"206\" height=\"257\" \/><\/p>\n","protected":false},"excerpt":{"rendered":"<p>British Psychological Society Qualitative Methods in Psychology Section Conference 2017 &#8211; Pa\u00eds de Gales &#8211; Reino Unido\u00a0 &nbsp; 6\u00ba Congresso Internacional Associa\u00e7\u00e3o Brasileira Multidisciplinar de Estudos sobre Drogas (Abramd) &#8211; Belo Horizonte\u00a0 &nbsp; &nbsp; 1\u00ba CONGRESSO REGIONAL DE SA\u00daDE P\u00daBLICA: RUMO AO 15\u00ba CONGRESSO PAULISTA DE SA\u00daDE P\u00daBLICA &#8211; RIBEIR\u00c3O PRETO &nbsp; SIICUSP &#8211; RIBEIR\u00c3O &hellip; <\/p>\n<p class=\"link-more\"><a href=\"https:\/\/sites.usp.br\/lepsis\/2017-2\/\" class=\"more-link\">Continue lendo<span class=\"screen-reader-text\"> &#8220;2017&#8221;<\/span><\/a><\/p>\n","protected":false},"author":187,"featured_media":0,"parent":0,"menu_order":0,"comment_status":"closed","ping_status":"closed","template":"","meta":{"footnotes":"","_links_to":"","_links_to_target":""},"class_list":["post-1309","page","type-page","status-publish","hentry"],"_links":{"self":[{"href":"https:\/\/sites.usp.br\/lepsis\/wp-json\/wp\/v2\/pages\/1309","targetHints":{"allow":["GET"]}}],"collection":[{"href":"https:\/\/sites.usp.br\/lepsis\/wp-json\/wp\/v2\/pages"}],"about":[{"href":"https:\/\/sites.usp.br\/lepsis\/wp-json\/wp\/v2\/types\/page"}],"author":[{"embeddable":true,"href":"https:\/\/sites.usp.br\/lepsis\/wp-json\/wp\/v2\/users\/187"}],"replies":[{"embeddable":true,"href":"https:\/\/sites.usp.br\/lepsis\/wp-json\/wp\/v2\/comments?post=1309"}],"version-history":[{"count":4,"href":"https:\/\/sites.usp.br\/lepsis\/wp-json\/wp\/v2\/pages\/1309\/revisions"}],"predecessor-version":[{"id":1370,"href":"https:\/\/sites.usp.br\/lepsis\/wp-json\/wp\/v2\/pages\/1309\/revisions\/1370"}],"wp:attachment":[{"href":"https:\/\/sites.usp.br\/lepsis\/wp-json\/wp\/v2\/media?parent=1309"}],"curies":[{"name":"wp","href":"https:\/\/api.w.org\/{rel}","templated":true}]}}