{"id":1321,"date":"2017-11-16T22:02:49","date_gmt":"2017-11-17T00:02:49","guid":{"rendered":"http:\/\/sites.usp.br\/lepsis\/?page_id=1321"},"modified":"2017-11-16T22:12:50","modified_gmt":"2017-11-17T00:12:50","slug":"2017-3","status":"publish","type":"page","link":"https:\/\/sites.usp.br\/lepsis\/2017-3\/","title":{"rendered":"2017"},"content":{"rendered":"<p>&nbsp;<\/p>\n<p><strong><img loading=\"lazy\" decoding=\"async\" class=\"alignleft size-thumbnail wp-image-1325\" src=\"http:\/\/sites.usp.br\/lepsis\/wp-content\/uploads\/sites\/107\/2017\/11\/joao-150x150.jpg\" alt=\"\" width=\"150\" height=\"150\" srcset=\"https:\/\/sites.usp.br\/lepsis\/wp-content\/uploads\/sites\/107\/2017\/11\/joao-150x150.jpg 150w, https:\/\/sites.usp.br\/lepsis\/wp-content\/uploads\/sites\/107\/2017\/11\/joao-45x45.jpg 45w, https:\/\/sites.usp.br\/lepsis\/wp-content\/uploads\/sites\/107\/2017\/11\/joao-200x200.jpg 200w\" sizes=\"auto, (max-width: 150px) 100vw, 150px\" \/>Jo\u00e3o Roberto Bizinelli J\u00fanior<\/strong><\/p>\n<p>Estudante do 5o ano de Psicologia. Realiza o est\u00e1gio no CAPS III de Ribeir\u00e3o Preto. Suas atividades \u00a0incluem atendimento psicoterap\u00eautico individual, grupo de ouvidores de vozes e grupo terap\u00eautico.<\/p>\n<p>&nbsp;<\/p>\n<p><strong><img loading=\"lazy\" decoding=\"async\" class=\"alignleft size-thumbnail wp-image-1324\" src=\"http:\/\/sites.usp.br\/lepsis\/wp-content\/uploads\/sites\/107\/2017\/11\/vi-150x150.jpg\" alt=\"\" width=\"150\" height=\"150\" srcset=\"https:\/\/sites.usp.br\/lepsis\/wp-content\/uploads\/sites\/107\/2017\/11\/vi-150x150.jpg 150w, https:\/\/sites.usp.br\/lepsis\/wp-content\/uploads\/sites\/107\/2017\/11\/vi-300x300.jpg 300w, https:\/\/sites.usp.br\/lepsis\/wp-content\/uploads\/sites\/107\/2017\/11\/vi-768x767.jpg 768w, https:\/\/sites.usp.br\/lepsis\/wp-content\/uploads\/sites\/107\/2017\/11\/vi-45x45.jpg 45w, https:\/\/sites.usp.br\/lepsis\/wp-content\/uploads\/sites\/107\/2017\/11\/vi-200x200.jpg 200w, https:\/\/sites.usp.br\/lepsis\/wp-content\/uploads\/sites\/107\/2017\/11\/vi-400x400.jpg 400w, https:\/\/sites.usp.br\/lepsis\/wp-content\/uploads\/sites\/107\/2017\/11\/vi.jpg 902w\" sizes=\"auto, (max-width: 150px) 100vw, 150px\" \/>Viviani Servilha de Souza<\/strong><\/p>\n<p>Realiza o est\u00e1gio no CAPS III de Ribeir\u00e3o Preto atuando junto ao grupo de ouvidores de vozes.<\/p>\n<p>&nbsp;<\/p>\n<p>&nbsp;<\/p>\n<p><strong><img loading=\"lazy\" decoding=\"async\" class=\"alignleft size-thumbnail wp-image-1323\" src=\"http:\/\/sites.usp.br\/lepsis\/wp-content\/uploads\/sites\/107\/2017\/11\/ana-luiza-150x150.jpg\" alt=\"\" width=\"150\" height=\"150\" srcset=\"https:\/\/sites.usp.br\/lepsis\/wp-content\/uploads\/sites\/107\/2017\/11\/ana-luiza-150x150.jpg 150w, https:\/\/sites.usp.br\/lepsis\/wp-content\/uploads\/sites\/107\/2017\/11\/ana-luiza-45x45.jpg 45w, https:\/\/sites.usp.br\/lepsis\/wp-content\/uploads\/sites\/107\/2017\/11\/ana-luiza-200x200.jpg 200w\" sizes=\"auto, (max-width: 150px) 100vw, 150px\" \/>Ana Luiza Prada Roque<\/strong><\/p>\n<p>Estudante do 5o ano de Psicologia. Realiza o est\u00e1gio no CAPS III de Ribeir\u00e3o Preto. Suas atividades \u00a0incluem atendimento psicoterap\u00eautico individual, grupo de ouvidores de vozes e grupo terap\u00eautico.<\/p>\n<p>&nbsp;<\/p>\n<p><strong><img loading=\"lazy\" decoding=\"async\" class=\"alignleft size-thumbnail wp-image-1322\" src=\"http:\/\/sites.usp.br\/lepsis\/wp-content\/uploads\/sites\/107\/2017\/11\/Caio-150x150.jpg\" alt=\"\" width=\"150\" height=\"150\" srcset=\"https:\/\/sites.usp.br\/lepsis\/wp-content\/uploads\/sites\/107\/2017\/11\/Caio-150x150.jpg 150w, https:\/\/sites.usp.br\/lepsis\/wp-content\/uploads\/sites\/107\/2017\/11\/Caio-45x45.jpg 45w, https:\/\/sites.usp.br\/lepsis\/wp-content\/uploads\/sites\/107\/2017\/11\/Caio-200x200.jpg 200w\" sizes=\"auto, (max-width: 150px) 100vw, 150px\" \/>Caio C\u00e9sar Carvalho<\/strong><\/p>\n<p>Estudante do 5o ano de Psicologia. Realiza o est\u00e1gio no CAPS III de Ribeir\u00e3o Preto. Suas atividades \u00a0incluem atendimento psicoterap\u00eautico individual, grupo de ouvidores de vozes e grupo terap\u00eautico.<\/p>\n<p>&nbsp;<\/p>\n<p><strong><img loading=\"lazy\" decoding=\"async\" class=\"alignleft size-thumbnail wp-image-1326\" src=\"http:\/\/sites.usp.br\/lepsis\/wp-content\/uploads\/sites\/107\/2017\/11\/ricardo-150x150.jpg\" alt=\"\" width=\"150\" height=\"150\" srcset=\"https:\/\/sites.usp.br\/lepsis\/wp-content\/uploads\/sites\/107\/2017\/11\/ricardo-150x150.jpg 150w, https:\/\/sites.usp.br\/lepsis\/wp-content\/uploads\/sites\/107\/2017\/11\/ricardo-45x45.jpg 45w, https:\/\/sites.usp.br\/lepsis\/wp-content\/uploads\/sites\/107\/2017\/11\/ricardo-200x200.jpg 200w\" sizes=\"auto, (max-width: 150px) 100vw, 150px\" \/>Ricardo Kimura<\/strong><\/p>\n<p>Estudante do 5o ano de Psicologia. Realiza o est\u00e1gio no CAPS AD de Ribeir\u00e3o Preto. Suas atividades \u00a0incluem atendimento psicoterap\u00eautico individual, grupo de acolhimento geral e acolhimento.<\/p>\n<p>&nbsp;<\/p>\n<p><strong><img loading=\"lazy\" decoding=\"async\" class=\"alignleft size-thumbnail wp-image-1327\" src=\"http:\/\/sites.usp.br\/lepsis\/wp-content\/uploads\/sites\/107\/2017\/11\/ana-luzia-150x150.jpg\" alt=\"\" width=\"150\" height=\"150\" srcset=\"https:\/\/sites.usp.br\/lepsis\/wp-content\/uploads\/sites\/107\/2017\/11\/ana-luzia-150x150.jpg 150w, https:\/\/sites.usp.br\/lepsis\/wp-content\/uploads\/sites\/107\/2017\/11\/ana-luzia-300x300.jpg 300w, https:\/\/sites.usp.br\/lepsis\/wp-content\/uploads\/sites\/107\/2017\/11\/ana-luzia-768x768.jpg 768w, https:\/\/sites.usp.br\/lepsis\/wp-content\/uploads\/sites\/107\/2017\/11\/ana-luzia-45x45.jpg 45w, https:\/\/sites.usp.br\/lepsis\/wp-content\/uploads\/sites\/107\/2017\/11\/ana-luzia-200x200.jpg 200w, https:\/\/sites.usp.br\/lepsis\/wp-content\/uploads\/sites\/107\/2017\/11\/ana-luzia-400x400.jpg 400w, https:\/\/sites.usp.br\/lepsis\/wp-content\/uploads\/sites\/107\/2017\/11\/ana-luzia.jpg 900w\" sizes=\"auto, (max-width: 150px) 100vw, 150px\" \/>Ana Luzia Lemes<\/strong><\/p>\n<p>Estudante do 5o ano de Psicologia. Realiza o est\u00e1gio no CAPS AD de Ribeir\u00e3o Preto. Suas atividades \u00a0incluem atendimento psicoterap\u00eautico individual, grupo de maternagem\u00a0e acolhimento.<\/p>\n<p>&nbsp;<\/p>\n<p><strong><img loading=\"lazy\" decoding=\"async\" class=\"alignleft size-thumbnail wp-image-1328\" src=\"http:\/\/sites.usp.br\/lepsis\/wp-content\/uploads\/sites\/107\/2017\/11\/bruna-150x150.jpg\" alt=\"\" width=\"150\" height=\"150\" srcset=\"https:\/\/sites.usp.br\/lepsis\/wp-content\/uploads\/sites\/107\/2017\/11\/bruna-150x150.jpg 150w, https:\/\/sites.usp.br\/lepsis\/wp-content\/uploads\/sites\/107\/2017\/11\/bruna-300x300.jpg 300w, https:\/\/sites.usp.br\/lepsis\/wp-content\/uploads\/sites\/107\/2017\/11\/bruna-768x768.jpg 768w, https:\/\/sites.usp.br\/lepsis\/wp-content\/uploads\/sites\/107\/2017\/11\/bruna-45x45.jpg 45w, https:\/\/sites.usp.br\/lepsis\/wp-content\/uploads\/sites\/107\/2017\/11\/bruna-200x200.jpg 200w, https:\/\/sites.usp.br\/lepsis\/wp-content\/uploads\/sites\/107\/2017\/11\/bruna-400x400.jpg 400w, https:\/\/sites.usp.br\/lepsis\/wp-content\/uploads\/sites\/107\/2017\/11\/bruna.jpg 853w\" sizes=\"auto, (max-width: 150px) 100vw, 150px\" \/>Bruna Smirne de Mattos<\/strong><\/p>\n<p>Estudante do 5o ano de Psicologia. Realiza o est\u00e1gio no CAPS 2 de Ribeir\u00e3o Preto. Suas atividades \u00a0incluem atendimento psicoterap\u00eautico individual, entrevistas cl\u00ednicas de triagem e oficinas terap\u00eauticas.<\/p>\n<p>&nbsp;<\/p>\n<p><strong>\u00a0<img loading=\"lazy\" decoding=\"async\" class=\"alignleft size-thumbnail wp-image-1330\" src=\"http:\/\/sites.usp.br\/lepsis\/wp-content\/uploads\/sites\/107\/2017\/11\/tati-150x150.jpg\" alt=\"\" width=\"150\" height=\"150\" srcset=\"https:\/\/sites.usp.br\/lepsis\/wp-content\/uploads\/sites\/107\/2017\/11\/tati-150x150.jpg 150w, https:\/\/sites.usp.br\/lepsis\/wp-content\/uploads\/sites\/107\/2017\/11\/tati-300x300.jpg 300w, https:\/\/sites.usp.br\/lepsis\/wp-content\/uploads\/sites\/107\/2017\/11\/tati-768x768.jpg 768w, https:\/\/sites.usp.br\/lepsis\/wp-content\/uploads\/sites\/107\/2017\/11\/tati-45x45.jpg 45w, https:\/\/sites.usp.br\/lepsis\/wp-content\/uploads\/sites\/107\/2017\/11\/tati-200x200.jpg 200w, https:\/\/sites.usp.br\/lepsis\/wp-content\/uploads\/sites\/107\/2017\/11\/tati-400x400.jpg 400w, https:\/\/sites.usp.br\/lepsis\/wp-content\/uploads\/sites\/107\/2017\/11\/tati.jpg 960w\" sizes=\"auto, (max-width: 150px) 100vw, 150px\" \/>Tatiana Guaratini<\/strong><\/p>\n<p>Estudante do 5o ano de Psicologia. Realiza o est\u00e1gio no CAPS AD de Ribeir\u00e3o Preto. Suas atividades \u00a0incluem atendimento psicoterap\u00eautico individual, entrevistas cl\u00ednicas de triagem e\u00a0grupo de mulheres.<\/p>\n<p>&nbsp;<\/p>\n<p><img loading=\"lazy\" decoding=\"async\" class=\"aligncenter size-medium wp-image-1337\" src=\"http:\/\/sites.usp.br\/lepsis\/wp-content\/uploads\/sites\/107\/2017\/11\/nos-225x300.jpg\" alt=\"\" width=\"225\" height=\"300\" srcset=\"https:\/\/sites.usp.br\/lepsis\/wp-content\/uploads\/sites\/107\/2017\/11\/nos-225x300.jpg 225w, https:\/\/sites.usp.br\/lepsis\/wp-content\/uploads\/sites\/107\/2017\/11\/nos-768x1024.jpg 768w, https:\/\/sites.usp.br\/lepsis\/wp-content\/uploads\/sites\/107\/2017\/11\/nos-400x533.jpg 400w, https:\/\/sites.usp.br\/lepsis\/wp-content\/uploads\/sites\/107\/2017\/11\/nos.jpg 1932w\" sizes=\"auto, (max-width: 225px) 100vw, 225px\" \/><\/p>\n<p>&nbsp;<\/p>\n<p><img loading=\"lazy\" decoding=\"async\" class=\"aligncenter size-medium wp-image-1336\" src=\"http:\/\/sites.usp.br\/lepsis\/wp-content\/uploads\/sites\/107\/2017\/11\/nos3-300x225.jpg\" alt=\"\" width=\"300\" height=\"225\" srcset=\"https:\/\/sites.usp.br\/lepsis\/wp-content\/uploads\/sites\/107\/2017\/11\/nos3-300x225.jpg 300w, https:\/\/sites.usp.br\/lepsis\/wp-content\/uploads\/sites\/107\/2017\/11\/nos3-768x576.jpg 768w, https:\/\/sites.usp.br\/lepsis\/wp-content\/uploads\/sites\/107\/2017\/11\/nos3-1024x768.jpg 1024w, https:\/\/sites.usp.br\/lepsis\/wp-content\/uploads\/sites\/107\/2017\/11\/nos3-80x60.jpg 80w, https:\/\/sites.usp.br\/lepsis\/wp-content\/uploads\/sites\/107\/2017\/11\/nos3-400x300.jpg 400w\" sizes=\"auto, (max-width: 300px) 100vw, 300px\" \/><\/p>\n<p>&nbsp;<\/p>\n<p><img loading=\"lazy\" decoding=\"async\" class=\"aligncenter size-medium wp-image-1334\" src=\"http:\/\/sites.usp.br\/lepsis\/wp-content\/uploads\/sites\/107\/2017\/11\/nos2-300x225.jpg\" alt=\"\" width=\"300\" height=\"225\" srcset=\"https:\/\/sites.usp.br\/lepsis\/wp-content\/uploads\/sites\/107\/2017\/11\/nos2-300x225.jpg 300w, https:\/\/sites.usp.br\/lepsis\/wp-content\/uploads\/sites\/107\/2017\/11\/nos2-768x576.jpg 768w, https:\/\/sites.usp.br\/lepsis\/wp-content\/uploads\/sites\/107\/2017\/11\/nos2-1024x768.jpg 1024w, https:\/\/sites.usp.br\/lepsis\/wp-content\/uploads\/sites\/107\/2017\/11\/nos2-80x60.jpg 80w, https:\/\/sites.usp.br\/lepsis\/wp-content\/uploads\/sites\/107\/2017\/11\/nos2-400x300.jpg 400w\" sizes=\"auto, (max-width: 300px) 100vw, 300px\" \/><\/p>\n<p>&nbsp;<\/p>\n<p><img loading=\"lazy\" decoding=\"async\" class=\"aligncenter size-medium wp-image-1340\" src=\"http:\/\/sites.usp.br\/lepsis\/wp-content\/uploads\/sites\/107\/2017\/11\/noser-300x183.jpg\" alt=\"\" width=\"300\" height=\"183\" srcset=\"https:\/\/sites.usp.br\/lepsis\/wp-content\/uploads\/sites\/107\/2017\/11\/noser-300x183.jpg 300w, https:\/\/sites.usp.br\/lepsis\/wp-content\/uploads\/sites\/107\/2017\/11\/noser-768x469.jpg 768w, https:\/\/sites.usp.br\/lepsis\/wp-content\/uploads\/sites\/107\/2017\/11\/noser-400x244.jpg 400w, https:\/\/sites.usp.br\/lepsis\/wp-content\/uploads\/sites\/107\/2017\/11\/noser.jpg 960w\" sizes=\"auto, (max-width: 300px) 100vw, 300px\" \/><\/p>\n<p>&nbsp;<\/p>\n<p><img loading=\"lazy\" decoding=\"async\" class=\"aligncenter size-medium wp-image-1339\" src=\"http:\/\/sites.usp.br\/lepsis\/wp-content\/uploads\/sites\/107\/2017\/11\/noert-225x300.jpg\" alt=\"\" width=\"225\" height=\"300\" srcset=\"https:\/\/sites.usp.br\/lepsis\/wp-content\/uploads\/sites\/107\/2017\/11\/noert-225x300.jpg 225w, https:\/\/sites.usp.br\/lepsis\/wp-content\/uploads\/sites\/107\/2017\/11\/noert-400x533.jpg 400w, https:\/\/sites.usp.br\/lepsis\/wp-content\/uploads\/sites\/107\/2017\/11\/noert.jpg 720w\" sizes=\"auto, (max-width: 225px) 100vw, 225px\" \/><\/p>\n<p>&nbsp;<\/p>\n<p><img loading=\"lazy\" decoding=\"async\" class=\"aligncenter size-medium wp-image-1338\" src=\"http:\/\/sites.usp.br\/lepsis\/wp-content\/uploads\/sites\/107\/2017\/11\/nose-300x225.jpg\" alt=\"\" width=\"300\" height=\"225\" srcset=\"https:\/\/sites.usp.br\/lepsis\/wp-content\/uploads\/sites\/107\/2017\/11\/nose-300x225.jpg 300w, https:\/\/sites.usp.br\/lepsis\/wp-content\/uploads\/sites\/107\/2017\/11\/nose-768x576.jpg 768w, https:\/\/sites.usp.br\/lepsis\/wp-content\/uploads\/sites\/107\/2017\/11\/nose-80x60.jpg 80w, https:\/\/sites.usp.br\/lepsis\/wp-content\/uploads\/sites\/107\/2017\/11\/nose-400x300.jpg 400w, https:\/\/sites.usp.br\/lepsis\/wp-content\/uploads\/sites\/107\/2017\/11\/nose.jpg 960w\" sizes=\"auto, (max-width: 300px) 100vw, 300px\" \/><\/p>\n","protected":false},"excerpt":{"rendered":"<p>&nbsp; Jo\u00e3o Roberto Bizinelli J\u00fanior Estudante do 5o ano de Psicologia. Realiza o est\u00e1gio no CAPS III de Ribeir\u00e3o Preto. Suas atividades \u00a0incluem atendimento psicoterap\u00eautico individual, grupo de ouvidores de vozes e grupo terap\u00eautico. &nbsp; Viviani Servilha de Souza Realiza o est\u00e1gio no CAPS III de Ribeir\u00e3o Preto atuando junto ao grupo de ouvidores de &hellip; <\/p>\n<p class=\"link-more\"><a href=\"https:\/\/sites.usp.br\/lepsis\/2017-3\/\" class=\"more-link\">Continue lendo<span class=\"screen-reader-text\"> &#8220;2017&#8221;<\/span><\/a><\/p>\n","protected":false},"author":187,"featured_media":0,"parent":0,"menu_order":0,"comment_status":"closed","ping_status":"closed","template":"","meta":{"footnotes":"","_links_to":"","_links_to_target":""},"class_list":["post-1321","page","type-page","status-publish","hentry"],"_links":{"self":[{"href":"https:\/\/sites.usp.br\/lepsis\/wp-json\/wp\/v2\/pages\/1321","targetHints":{"allow":["GET"]}}],"collection":[{"href":"https:\/\/sites.usp.br\/lepsis\/wp-json\/wp\/v2\/pages"}],"about":[{"href":"https:\/\/sites.usp.br\/lepsis\/wp-json\/wp\/v2\/types\/page"}],"author":[{"embeddable":true,"href":"https:\/\/sites.usp.br\/lepsis\/wp-json\/wp\/v2\/users\/187"}],"replies":[{"embeddable":true,"href":"https:\/\/sites.usp.br\/lepsis\/wp-json\/wp\/v2\/comments?post=1321"}],"version-history":[{"count":4,"href":"https:\/\/sites.usp.br\/lepsis\/wp-json\/wp\/v2\/pages\/1321\/revisions"}],"predecessor-version":[{"id":1341,"href":"https:\/\/sites.usp.br\/lepsis\/wp-json\/wp\/v2\/pages\/1321\/revisions\/1341"}],"wp:attachment":[{"href":"https:\/\/sites.usp.br\/lepsis\/wp-json\/wp\/v2\/media?parent=1321"}],"curies":[{"name":"wp","href":"https:\/\/api.w.org\/{rel}","templated":true}]}}