{"id":138,"date":"2016-08-17T12:47:02","date_gmt":"2016-08-17T14:47:02","guid":{"rendered":"http:\/\/sites.usp.br\/lepsis\/?page_id=138"},"modified":"2021-07-30T19:48:51","modified_gmt":"2021-07-30T21:48:51","slug":"livros","status":"publish","type":"page","link":"https:\/\/sites.usp.br\/lepsis\/livros\/","title":{"rendered":"Livros"},"content":{"rendered":"<h6><\/h6>\n<h6 class=\"nova-e-text nova-e-text--size-xl nova-e-text--family-sans-serif nova-e-text--spacing-none nova-e-text--color-grey-900 research-detail-header-section__title\"><a href=\"https:\/\/sites.usp.br\/lepsis\/wp-content\/uploads\/sites\/107\/2020\/06\/31c4ace75a06b7137594b218b1e8fbf1-1.jpg\"> <img loading=\"lazy\" decoding=\"async\" class=\"size-medium wp-image-1879 aligncenter\" src=\"https:\/\/sites.usp.br\/lepsis\/wp-content\/uploads\/sites\/107\/2020\/06\/31c4ace75a06b7137594b218b1e8fbf1-1-200x300.jpg\" alt=\"\" width=\"200\" height=\"300\" srcset=\"https:\/\/sites.usp.br\/lepsis\/wp-content\/uploads\/sites\/107\/2020\/06\/31c4ace75a06b7137594b218b1e8fbf1-1-200x300.jpg 200w, https:\/\/sites.usp.br\/lepsis\/wp-content\/uploads\/sites\/107\/2020\/06\/31c4ace75a06b7137594b218b1e8fbf1-1-400x600.jpg 400w, https:\/\/sites.usp.br\/lepsis\/wp-content\/uploads\/sites\/107\/2020\/06\/31c4ace75a06b7137594b218b1e8fbf1-1.jpg 490w\" sizes=\"auto, (max-width: 200px) 100vw, 200px\" \/><\/a><\/h6>\n<h3 class=\"nova-e-text nova-e-text--size-xl nova-e-text--family-sans-serif nova-e-text--spacing-none nova-e-text--color-grey-900 research-detail-header-section__title\" style=\"text-align: center;\">IDENTIDADE E VULNERABILIDADE HUMANA EM DIFERENTES CONTEXTOS: contribui\u00e7\u00f5es da Psicologia<\/h3>\n<p><strong>Organizadores:<\/strong><br \/>\n<strong>Sonia Regina Passian<br \/>\n<\/strong><strong>Ana Paula Soares da Silva<br \/>\nClarissa Mendon\u00e7a Corradi-Webster<br \/>\n<\/strong><strong>Marina Greghi Sticca<br \/>\n<\/strong><strong>Daniela Sacramento Janini<br \/>\n<\/strong><strong>Sonia Grubits<\/strong><\/p>\n<p><a href=\"https:\/\/sistemas.ffclrp.usp.br\/down.php?id=4573&amp;fbclid=IwAR3SeLYUTZx9Mbv72zxbLzdudhwBcwhhAcbjBSGUzjw6k9GiezRu6SLEPPQ\">Livro<\/a><\/p>\n<p>&nbsp;<\/p>\n<p><a href=\"https:\/\/sites.usp.br\/lepsis\/wp-content\/uploads\/sites\/107\/2020\/02\/capa-do-livro2-1-scaled.jpg\"><img loading=\"lazy\" decoding=\"async\" class=\"size-medium wp-image-1649 aligncenter\" src=\"https:\/\/sites.usp.br\/lepsis\/wp-content\/uploads\/sites\/107\/2020\/02\/capa-do-livro2-1-212x300.jpg\" alt=\"\" width=\"212\" height=\"300\" srcset=\"https:\/\/sites.usp.br\/lepsis\/wp-content\/uploads\/sites\/107\/2020\/02\/capa-do-livro2-1-212x300.jpg 212w, https:\/\/sites.usp.br\/lepsis\/wp-content\/uploads\/sites\/107\/2020\/02\/capa-do-livro2-1-724x1024.jpg 724w, https:\/\/sites.usp.br\/lepsis\/wp-content\/uploads\/sites\/107\/2020\/02\/capa-do-livro2-1-768x1086.jpg 768w, https:\/\/sites.usp.br\/lepsis\/wp-content\/uploads\/sites\/107\/2020\/02\/capa-do-livro2-1-1086x1536.jpg 1086w, https:\/\/sites.usp.br\/lepsis\/wp-content\/uploads\/sites\/107\/2020\/02\/capa-do-livro2-1-1448x2048.jpg 1448w, https:\/\/sites.usp.br\/lepsis\/wp-content\/uploads\/sites\/107\/2020\/02\/capa-do-livro2-1-400x566.jpg 400w, https:\/\/sites.usp.br\/lepsis\/wp-content\/uploads\/sites\/107\/2020\/02\/capa-do-livro2-1-scaled.jpg 1810w\" sizes=\"auto, (max-width: 212px) 100vw, 212px\" \/><\/a><\/p>\n<h3 style=\"text-align: center;\"><strong>Forma\u00e7\u00e3o Profissional em Psicologia: 50 anos de Pr\u00e1ticas Comprometidas com a Comunidade. 1. ed. Ribeir\u00e3o Preto: Sociedade Brasileira de Psicologia, 2018. 554p.<\/strong><\/h3>\n<p><strong>Organizadores:<\/strong><\/p>\n<p><strong>Luciana Carla dos Santos Elias<\/strong><br \/>\n<strong>Clarissa Mendon\u00e7a Corradi-Webster<\/strong><br \/>\n<strong>Erika Arantes de Oliveira &#8211; Cardoso<\/strong><br \/>\n<strong>Sylvia Domingos Barrera<\/strong><br \/>\n<strong>Manoel Antonio dos Santos<\/strong><\/p>\n<p><a href=\"https:\/\/www.ffclrp.usp.br\/imagens_noticias\/24_09_2018__08_21_34__60.pdf\">Livro <\/a><\/p>\n<hr \/>\n<p><img loading=\"lazy\" decoding=\"async\" class=\"aligncenter wp-image-215\" src=\"http:\/\/sites.usp.br\/lepsis\/wp-content\/uploads\/sites\/107\/2016\/08\/AF_Construcionismo_capa_final_v-lida-206x326-190x300.jpg\" alt=\"AF_Construcionismo_capa_final_v--lida-206x326\" width=\"202\" height=\"319\" srcset=\"https:\/\/sites.usp.br\/lepsis\/wp-content\/uploads\/sites\/107\/2016\/08\/AF_Construcionismo_capa_final_v-lida-206x326-190x300.jpg 190w, https:\/\/sites.usp.br\/lepsis\/wp-content\/uploads\/sites\/107\/2016\/08\/AF_Construcionismo_capa_final_v-lida-206x326.jpg 206w\" sizes=\"auto, (max-width: 202px) 100vw, 202px\" \/><\/p>\n<p>&nbsp;<\/p>\n<h3 class=\"product-title\" style=\"text-align: center;\">Construcionismo social: discurso, pr\u00e1tica e produ\u00e7\u00e3o do conhecimento<\/h3>\n<div class=\"layout-cell layout-cell-1 text-align-right\"><strong>Organizadores:<\/strong><\/div>\n<div class=\"layout-cell layout-cell-1 text-align-right\"><\/div>\n<div class=\"layout-cell layout-cell-1 text-align-right\"><strong>Carla Guanaes-Lorenzi<\/strong><\/div>\n<div class=\"layout-cell layout-cell-1 text-align-right\"><strong>Murilo Moscheta<\/strong><\/div>\n<div class=\"layout-cell layout-cell-1 text-align-right\"><strong>Clarissa Mendon\u00e7a Corradi-Webster<\/strong><\/div>\n<div class=\"layout-cell layout-cell-1 text-align-right\"><strong>Laura Vilela e Souza<\/strong><\/div>\n<div class=\"layout-cell layout-cell-1 text-align-right\"><\/div>\n<div class=\"layout-cell layout-cell-1 text-align-right\"><\/div>\n<div class=\"layout-cell layout-cell-1 text-align-right\"><\/div>\n<p><a href=\"https:\/\/www.amazon.com.br\/Construcionismo-Social-Discurso-Produ\u00e7\u00e3o-Conhecimento\/dp\/8586132217\/ref=sr_1_1?dchild=1&amp;qid=1627681702&amp;refinements=p_27%3ACarla+Guanaes&amp;s=books&amp;sr=1-1\">Comprar<\/a><\/p>\n","protected":false},"excerpt":{"rendered":"<p>IDENTIDADE E VULNERABILIDADE HUMANA EM DIFERENTES CONTEXTOS: contribui\u00e7\u00f5es da Psicologia Organizadores: Sonia Regina Passian Ana Paula Soares da Silva Clarissa Mendon\u00e7a Corradi-Webster Marina Greghi Sticca Daniela Sacramento Janini Sonia Grubits Livro &nbsp; Forma\u00e7\u00e3o Profissional em Psicologia: 50 anos de Pr\u00e1ticas Comprometidas com a Comunidade. 1. ed. Ribeir\u00e3o Preto: Sociedade Brasileira de Psicologia, 2018. 554p. Organizadores: &hellip; <\/p>\n<p class=\"link-more\"><a href=\"https:\/\/sites.usp.br\/lepsis\/livros\/\" class=\"more-link\">Continue lendo<span class=\"screen-reader-text\"> &#8220;Livros&#8221;<\/span><\/a><\/p>\n","protected":false},"author":187,"featured_media":0,"parent":0,"menu_order":0,"comment_status":"closed","ping_status":"closed","template":"","meta":{"footnotes":"","_links_to":"","_links_to_target":""},"class_list":["post-138","page","type-page","status-publish","hentry"],"_links":{"self":[{"href":"https:\/\/sites.usp.br\/lepsis\/wp-json\/wp\/v2\/pages\/138","targetHints":{"allow":["GET"]}}],"collection":[{"href":"https:\/\/sites.usp.br\/lepsis\/wp-json\/wp\/v2\/pages"}],"about":[{"href":"https:\/\/sites.usp.br\/lepsis\/wp-json\/wp\/v2\/types\/page"}],"author":[{"embeddable":true,"href":"https:\/\/sites.usp.br\/lepsis\/wp-json\/wp\/v2\/users\/187"}],"replies":[{"embeddable":true,"href":"https:\/\/sites.usp.br\/lepsis\/wp-json\/wp\/v2\/comments?post=138"}],"version-history":[{"count":5,"href":"https:\/\/sites.usp.br\/lepsis\/wp-json\/wp\/v2\/pages\/138\/revisions"}],"predecessor-version":[{"id":2049,"href":"https:\/\/sites.usp.br\/lepsis\/wp-json\/wp\/v2\/pages\/138\/revisions\/2049"}],"wp:attachment":[{"href":"https:\/\/sites.usp.br\/lepsis\/wp-json\/wp\/v2\/media?parent=138"}],"curies":[{"name":"wp","href":"https:\/\/api.w.org\/{rel}","templated":true}]}}