{"id":140,"date":"2016-08-17T12:47:16","date_gmt":"2016-08-17T14:47:16","guid":{"rendered":"http:\/\/sites.usp.br\/lepsis\/?page_id=140"},"modified":"2021-12-30T12:10:44","modified_gmt":"2021-12-30T14:10:44","slug":"capitulos-de-livros","status":"publish","type":"page","link":"https:\/\/sites.usp.br\/lepsis\/capitulos-de-livros\/","title":{"rendered":"Cap\u00edtulos de livros"},"content":{"rendered":"<div>\n<div class=\"layout-cell layout-cell-11\">\n<p>&nbsp;<\/p>\n<p><strong>No olho do furac\u00e3o: enfrentando o c\u00e2ncer em tempos de pandemia de covid-19<\/strong><\/p>\n<p>SANTOS, M. A. ; OLIVEIRA, WANDERLEI ABADIO DE ; NASCIMENTO, L. C. ; RISK, EDUARDO NAME ; CORRADI-WEBSTER, C.M. ; PILLON, S. C. ; PERES, R. S. ; CARDOSO, E. A. O. \u00a0In: \u00c9rika Arantes de Oliveira-Cardoso; Jorge Henrique Correa dos Santos; Lucas dos Santos Lot\u00e9rio; Manoel Antonio dos Santos. (Org.). Lutos na pandemia: Conhecer, compreender e atuar\u2009. 1ed.Ribeir\u00e3o Preto: Espa\u00e7o Psi, 2021, v. 1, p. 237-254.<\/p>\n<p><a href=\"https:\/\/www.livrariadopsicologo.com.br\/produto\/lutos-na-pandemia-conhecer-9786500290172,rik001.html\">Comprar livro\u00a0<\/a><\/p>\n<hr \/>\n<div><strong>Vulnerabilidades sociais de adolescentes encaminhados para unidades de acolhimento<\/strong><\/div>\n<div><\/div>\n<div class=\"layout-cell-pad-5\">GOMES, J. C. ; CORRADI-WEBSTER, C.M.\u00a0In: Sonia Regina Pasian, Ana Paula Soares da Silva, Clarissa Mendon\u00e7a Corradi-Webster, Marina Greghi Sticca, Daniela Sacramento Zanini, Sonia Grubits. (Org.). Identidade e vulnerabilidade humana em diferentes contextos: contribui\u00e7\u00f5es da Psicologia. 1ed.Curitiba: CRV, 2020, v. 1, p. 31-46.<\/div>\n<div><\/div>\n<div>Cap\u00edtulo<\/div>\n<\/div>\n<hr \/>\n<p><strong>Grupo de maternagem: estrat\u00e9gia de cuidado para mulheres<\/strong><\/p>\n<p>SOLA, P. P. ; CORRADI-WEBSTER, C.M. In: Sonia Regina Pasian, Ana Paula Soares da Silva, Clarissa Mendon\u00e7a Corradi-Webster, Marina Greghi Sticca, Daniela Sacramento Zanini, Sonia Grubits. (Org.). Identidade e vulnerabilidade humana em diferentes contextos: contribui\u00e7\u00f5es da Psicologia. 1ed.Curitiba: CRV, 2020, v. , p. 161-176.<\/p>\n<p>Cap\u00edtulo<\/p>\n<hr \/>\n<\/div>\n<div><strong>Pol\u00edticas p\u00fablicas voltadas para o consumo de maconha<\/strong><\/div>\n<div><\/div>\n<div>SOUZA, J. ; ALMEIDA, L. Y. ; CORRADI-WEBSTER, C.M.\u00a0 In: Alessandra Diehl; Sandra Cristina Pillon. (Org.). Maconha: preven\u00e7\u00e3o, tratamento e pol\u00edticas p\u00fablicas. 1ed.Porto Alegre: Artmed, 2020, v. 01, p. 205-212.<\/div>\n<div><\/div>\n<div><a href=\"https:\/\/www.amazon.com.br\/Maconha-Preven\u00e7\u00e3o-Tratamento-Pol%C3%ADticas-P\u00fablicas\/dp\/6581335223\">Comprar livro<\/a><\/div>\n<div>\n<hr \/>\n<\/div>\n<div class=\"artigo-completo\">\n<div><strong>Porque n\u00e3o buscamos o CAPS? Relatos de familiares que optaram pela interna\u00e7\u00e3o involunt\u00e1ria e\/ou compuls\u00f3ria de seus filhos<\/strong><\/div>\n<div><\/div>\n<div>ARAUJO, C. N. P. ;\u00a0<b>CORRADI-WEBSTER, C.M.<\/b> In: Flavia Cristina Silveira Lemos; et al. (Org.). Cl\u00ednica Pol\u00edtica, Arte e Cultura: subjetividades e produ\u00e7\u00e3o dos fascismos no contempor\u00e2neo. 1ed.Curitiba: CRV, 2020, v. 01, p. 57-74.<\/div>\n<\/div>\n<div><\/div>\n<div><a href=\"https:\/\/www.editoracrv.com.br\/produtos\/detalhes\/34664-clinica-politica-arte-e-culturabr-subjetividades-e-a-producao-dos-fascismos-no-contemporaneo-brcolecao-transversalidade-e-criacao-etica-estetica-e-politica-brvolume-8\">Comprar livro<\/a><\/div>\n<div class=\"artigo-completo\">\n<div>\n<hr \/>\n<\/div>\n<div><\/div>\n<div><strong>Por uma democracia participativa: uma entrevista com John Shotter<\/strong><\/div>\n<div><\/div>\n<div>LORENZI, C. G. ; MARTINS, P. P. S.\u00a0;\u00a0CORRADI-WEBSTER, C.M.\u00a0;\u00a0AMORIM, K. S.\u00a0;\u00a0RASERA, E. F.\u00a0;\u00a0MOSCHETA, M. S.<br \/>\nIn: Marilene Grandesso. (Org.). Colabora\u00e7\u00e3o e di\u00e1logo: aportes te\u00f3ricos e possibilidades pr\u00e1ticas. 1ed.Curitiba: CRV, 2018, v. 1, p. 105-116.<\/div>\n<\/div>\n<div><\/div>\n<div><a href=\"https:\/\/www.amazon.com.br\/Colabora\u00e7\u00e3o-Di\u00e1logo-Marilene-Grandesso\/dp\/8544422977\">Comprar livro<\/a><\/div>\n<div class=\"artigo-completo\">\n<div>\n<hr \/>\n<\/div>\n<div><\/div>\n<div><strong>Psicopatologia e sa\u00fade mental: pr\u00e1ticas psicol\u00f3gicas no contexto da sa\u00fade p\u00fablica e da reforma psiqui\u00e1trica<\/strong><\/div>\n<div><\/div>\n<div>CORRADI-WEBSTER, C.M; SANTOS V. M.; ARAUJO, C. N. P.; LE\u00c3O, E. A.<br \/>\nIn: \u00a0Forma\u00e7\u00e3o profissional em psicologia: 50 anos de pr\u00e1ticas comprometidas com a comunidade. 1. ed. Ribeir\u00e3o Preto: Sociedade Brasileira de Psicologia, 2018. 554p.<\/div>\n<div><a href=\"https:\/\/www.ffclrp.usp.br\/imagens_noticias\/24_09_2018__08_21_34__60.pdf\">Livro na \u00edntegra<\/a><\/div>\n<div><\/div>\n<div>\n<hr \/>\n<\/div>\n<div><\/div>\n<div><strong>Aten\u00e7\u00e3o a usu\u00e1rios de drogas em servi\u00e7o comunit\u00e1rio: a psicologia e a cl\u00ednica ampliada<\/strong><\/div>\n<div><\/div>\n<div>CORRADI-WEBSTER, C.M; OLIVEIRA, N. F; MARCHINI, G. P. O.<br \/>\nIn: \u00a0Forma\u00e7\u00e3o profissional em psicologia: 50 anos de pr\u00e1ticas comprometidas com a comunidade. 1. ed. Ribeir\u00e3o Preto: Sociedade Brasileira de Psicologia, 2018. 554p.<\/div>\n<div><a href=\"https:\/\/www.ffclrp.usp.br\/imagens_noticias\/24_09_2018__08_21_34__60.pdf\">Livro na \u00edntegra<\/a><\/div>\n<div><\/div>\n<\/div>\n<div class=\"artigo-completo\">\n<div class=\"layout-cell layout-cell-1 text-align-right\">\n<hr \/>\n<p><strong>Redes de aten\u00e7\u00e3o psicossocial e a forma\u00e7\u00e3o em Psicologia<\/strong><\/p>\n<\/div>\n<div class=\"layout-cell layout-cell-11\">\n<div class=\"layout-cell-pad-5\">BERTAGNOLI, M. S. F. F. ; CORRADI-WEBSTER, C.M. ; PINTO, A. L. L. .<\/div>\n<div class=\"layout-cell-pad-5\">In: Fl\u00e1via Cristina Silveira Lemos, et al.. (Org.). Conversas transversalizantes entre psicologia pol\u00edtica, social-comunit\u00e1ria e institucional com os campos da educa\u00e7\u00e3o, sa\u00fade e direitos. 1ed.Curitiba: CRV, 2017, v. 7, p. 156-166.<\/div>\n<\/div>\n<\/div>\n<div class=\"layout-cell-pad-5\"><\/div>\n<div>[download id=&#8221;2056&#8243;]<\/div>\n<div class=\"artigo-completo\">\n<hr \/>\n<\/div>\n<div><\/div>\n<div class=\"artigo-completo\"><span style=\"color: #000000;\"><strong>Construindo novos sentidos e posicionamentos em sa\u00fade mental: Grupo de Ouvidores de Vozes<\/strong><\/span><\/div>\n<div class=\"artigo-completo\"><\/div>\n<div class=\"artigo-completo\">CORRADI-WEBSTER, C.M.; SANTOS, M. V. ; LEAO, E. A.<\/div>\n<div class=\"artigo-completo\">In: Emerson F. Rasera, Karin Taverniers y Oriana Vilches-\u00c1lvarez. (Org.). Construccionismo Social en acci\u00f3n: Pr\u00e1cticas inspiradoras en diferentes contextos. 1ed.Chagrin Falls: Taos Institute Publications, 2017, v. 1, p. 167-193.<\/div>\n<div class=\"artigo-completo\"><\/div>\n<div>[download id=&#8221;2051&#8243;]<\/div>\n<div><\/div>\n<div class=\"artigo-completo\">\n<hr \/>\n<\/div>\n<p><strong>Sa\u00fade mental e uso de drogas: possibilidades para o cuidado<\/strong><\/p>\n<p>CORRADI-WEBSTER, C.M<a class=\"tooltip\" href=\"http:\/\/lattes.cnpq.br\/2858608341497072\" target=\"_blank\" rel=\"noopener noreferrer\">.<\/a>; MELO, M. C. ; LEAO, E. A. ; VIEIRA, F. S.<br \/>\nIn: Rossana Maria Seabra Sade. (Org.). Boas pr\u00e1ticas: caminhos e descaminhos no processo de desinstitucionaliza\u00e7\u00e3o. 1ed.S\u00e3o Paulo: Cultura Acad\u00eamica &#8211; UNESP, 2017, v. 1, p. 181-207.<\/p>\n<p><a href=\"http:\/\/ebooks.marilia.unesp.br\/index.php\/lab_editorial\/catalog\/view\/105\/301\/339-1\">Baixar livro <\/a><\/p>\n<hr \/>\n<p><span style=\"color: #000000;\"><a style=\"color: #000000;\" href=\"http:\/\/www.travessa.com.br\/dichavando-o-poder-drogas-e-autonomia\/artigo\/a11cc1ce-9c0d-409a-8e9c-38a2f5540ded\"><strong>A Psicologia, as drogas e quest\u00f5es sobre estigma e exclus\u00e3o<\/strong><\/a><\/span><\/p>\n<p>GOMES, B. R. ; CORRADI-WEBSTER, C.M. ; MOUNTIAN, I. ; MOREIRA, J. P. A. ; CAPPONI, M. ; SANTINELLI, M. ; PRADO, A. L. S.<br \/>\nIn: Dichavando o poder: drogas e autonomia. Coletivo DAR, 2016.<\/p>\n<p><a href=\"http:\/\/www.travessa.com.br\/dichavando-o-poder-drogas-e-autonomia\/artigo\/a11cc1ce-9c0d-409a-8e9c-38a2f5540ded\">Comprar livro<\/a><\/p>\n<hr \/>\n<p><a href=\"https:\/\/www.amazon.com\/Social-Constructionist-Perspectives-Group-Work\/dp\/1938552318\"><strong><span style=\"color: #000000;\">Social constructionists resources for investigating and working with group in health<\/span> <span style=\"color: #000000;\">care<\/span><\/strong><\/a><\/p>\n<div class=\"layout-cell layout-cell-1 text-align-right\"><\/div>\n<div class=\"layout-cell layout-cell-11\">\n<div class=\"layout-cell-pad-5\">MOSCHETA, M. S. ; CORRADI-WEBSTER, C.M. ; SOUZA, L. V. E<\/div>\n<div class=\"layout-cell-pad-5\">In: Social constructionist perspective in group work. Emerson Fernando Rasera. (Org.)<\/div>\n<div class=\"layout-cell-pad-5\"><\/div>\n<div class=\"layout-cell-pad-5\"><a href=\"https:\/\/www.amazon.com\/Social-Constructionist-Perspectives-Group-Work\/dp\/1938552318\">Comprar livro<\/a><\/div>\n<\/div>\n<hr \/>\n<p><span style=\"color: #000000;\"><a style=\"color: #000000;\" href=\"https:\/\/institutonoos.commercesuite.com.br\/livros\/construcionismo-social-discurso-pratica-e-producao-do-conhecimento\"><strong>Ferramentas te\u00f3rico-conceituais do discurso construcionista<\/strong><\/a><\/span><\/p>\n<div class=\"layout-cell layout-cell-11\">\n<div class=\"layout-cell-pad-5\">CORRADI-WEBSTER, C.M.<\/div>\n<div class=\"layout-cell-pad-5\">In: Construcionismo social: discurso, pr\u00e1ticas e produ\u00e7\u00e3o do conhecimento. Carla Guanaes-Lorenzi; Murilo Moscheta; Clarissa M. Corradi-Webster; Laura Vilela-Souza. (Org.).<\/div>\n<\/div>\n<div class=\"layout-cell-pad-5\"><\/div>\n<div class=\"layout-cell-pad-5\"><a href=\"https:\/\/institutonoos.commercesuite.com.br\/livros\/construcionismo-social-discurso-pratica-e-producao-do-conhecimento\">Comprar livro<\/a><\/div>\n<div class=\"layout-cell-pad-5\">\n<hr \/>\n<\/div>\n<div class=\"layout-cell-pad-5\"><span style=\"color: #000000;\"><a style=\"color: #000000;\" href=\"https:\/\/www.researchgate.net\/publication\/264550710_Gestacao_e_consumo_de_substancias_psicoativas\"><strong>Gesta\u00e7\u00e3o e consumo de subst\u00e2ncias psicoativas<\/strong><\/a><\/span><\/div>\n<div class=\"layout-cell-pad-5\"><\/div>\n<div class=\"layout-cell-pad-5\">POZO, G. B. ; MELO, M. C. ; VIEIRA, F. S. ; CORRADI-WEBSTER, C.M.<\/div>\n<div class=\"layout-cell-pad-5\">In: Margarita A.V. Luis; Paulina C. Arruda V. Duarte; Carla Aparecida Arena Ventura; Jaqueline Queiroz de Macedo. (Org.). Experiencias de formaci\u00f3n en investigaci\u00f3n con el tema sust\u00e2ncias psicoativas. 1ed.Ribeir\u00e3o Preto: FIERP, 2013, v. 1, p. 77-91.<\/div>\n<div class=\"layout-cell-pad-5\"><\/div>\n<div class=\"layout-cell-pad-5\">\n<div class=\"layout-cell-pad-5\">\n<hr \/>\n<\/div>\n<\/div>\n<div class=\"layout-cell-pad-5\"><a href=\"https:\/\/www.researchgate.net\/publication\/264741792_Anestesiando_a_vida_consumo_de_benzodiazepinicos_em_mulheres_atendidas_em_servico_ambulatorial_de_um_hospital_geral_em_Lima_Peru\"><strong><span style=\"color: #000000;\">Anestesiando<\/span> <span style=\"color: #000000;\">a vida: consumo de benzodiazep\u00ednicos em mulheres atendidas em servi\u00e7o ambulatorial de um hospital geral em Lima, Peru<\/span><\/strong><\/a><\/div>\n<div class=\"layout-cell-pad-5\"><\/div>\n<div class=\"layout-cell-pad-5\">GARCIA, M. C. S. ; BRAGA, C. M. S. ; SCHEZZI, D. H. T. ; CORRADI-WEBSTER, C.M. . \u00a0In: Luis, MAV; Maxiliano, VAZ; Macedo, JQ. (Org.). Experiencias de formaci\u00f3n en investigaci\u00f3n con el tema sustancias psicoactivas. 1ed.Ribeir\u00e3o Preto: Editora Legis Summa, 2013, v. 1, p. 89-100.<\/div>\n<div class=\"layout-cell-pad-5\"><\/div>\n<div class=\"layout-cell-pad-5\">\n<div class=\"layout-cell-pad-5\">\n<div class=\"layout-cell-pad-5\">\n<hr \/>\n<\/div>\n<\/div>\n<\/div>\n<div class=\"layout-cell-pad-5\"><span style=\"color: #000000;\"><a style=\"color: #000000;\" href=\"https:\/\/www.researchgate.net\/publication\/264741829_O_trabalho_de_prevencao_ao_consumo_de_drogas_por_profissionais_que_atuam_em_uma_unidade_de_internacao_paa_adolescentes_em_conflito_com_a_lei\"><strong>\u00a0O trabalho de preven\u00e7\u00e3o ao consumo de drogas por profissionais que atuam em uma unidade de interna\u00e7\u00e3o paa adolescentes em conflito com a lei<\/strong><\/a><\/span><\/div>\n<div class=\"layout-cell-pad-5\"><\/div>\n<div class=\"layout-cell-pad-5\">ROCHA, W. S. ; CORRADI-WEBSTER, C.M.<\/div>\n<div class=\"layout-cell-pad-5\">In: Luis, MAV; Maxiliano, VAZ; Macedo, JQ. (Org.). Experiencias de formaci\u00f3n en investigaci\u00f3n con el tema sustancias psicoactivas. 1ed.Ribeir\u00e3o Preto: Editora Legis Summa, 2013, v. 1, p. 29-38.<\/div>\n<div class=\"layout-cell-pad-5\"><\/div>\n<div class=\"layout-cell-pad-5\">\n<div class=\"layout-cell-pad-5\">\n<div class=\"layout-cell-pad-5\">\n<div class=\"layout-cell-pad-5\">\n<hr \/>\n<\/div>\n<\/div>\n<\/div>\n<\/div>\n<div class=\"layout-cell-pad-5\"><span style=\"color: #000000;\"><a style=\"color: #000000;\" href=\"https:\/\/books.google.com.br\/books?id=_wEoDwAAQBAJ&amp;pg=PA43&amp;lpg=PA43&amp;dq=The+Relationship+between+Stress,+Alcohol+Use,+and+Work+Information+Age+Publishing&amp;source=bl&amp;ots=Os22tOvVGr&amp;sig=Dke6poFrvd1e3g661Z5mzWVH9ls&amp;hl=pt-BR&amp;sa=X&amp;ved=0ahUKEwiuorOzj7DWAhUHF5AKHf34CpYQ6AEIOTAD#v=onepage&amp;q=The%20Relationship%20between%20Stress%2C%20Alcohol%20Use%2C%20and%20Work%20Information%20Age%20Publishing&amp;f=false\"><strong>The Relationship between Stress, Alcohol Use, and Work<\/strong><\/a><\/span><\/div>\n<div class=\"layout-cell-pad-5\"><\/div>\n<div class=\"layout-cell-pad-5\">GHERARDI-DONATO, E. C. S. ; LUIS, M. A. V. ; CORRADI-WEBSTER, C.M.<\/div>\n<div class=\"layout-cell-pad-5\">In: Rossi, A.M.; Perrew\u00e9, P.L.; Meurs, J.A.. (Org.). Coping and Prevention. 1ed.Chalotte: Information Age Publishing, 2012, v. 1, p. 43-52.<\/div>\n<div class=\"layout-cell-pad-5\">\n<div class=\"layout-cell-pad-5\">\n<div class=\"layout-cell-pad-5\">\n<div class=\"layout-cell-pad-5\">\n<div class=\"layout-cell-pad-5\">\n<hr \/>\n<\/div>\n<\/div>\n<\/div>\n<\/div>\n<\/div>\n<div class=\"layout-cell-pad-5\"><span style=\"color: #000000;\"><a style=\"color: #000000;\" href=\"https:\/\/www.researchgate.net\/publication\/264545137_Percepcoes_de_profissionaisde_um_servico_aberto_para_alcool_e_outras_drogas_sobre_a_assistencia_oferecida\"><strong>Percep\u00e7\u00f5es de profissionais de um servi\u00e7o aberto para \u00e1lcool e outras drogas sobre a assist\u00eancia oferecida<\/strong><\/a><\/span><\/div>\n<div class=\"layout-cell-pad-5\"><\/div>\n<div class=\"layout-cell-pad-5\">SOUZA, D. P. O. E. ; CORRADI-WEBSTER, C.M.<\/div>\n<div class=\"layout-cell-pad-5\">In: Lenir Vaz Guimar\u00e3es, Marta Gislene Pignatti, Delma Perp\u00e9tua Oliveira de Souza. (Org.). Sa\u00fade coletiva: m\u00faltiplos olhares em pesquisa. 1ed.Cuiab\u00e1: Edufmt, 2012, v. 1, p. 353-387.ng, 2012, v. 1, p. 43-52.<\/div>\n<div class=\"layout-cell-pad-5\"><\/div>\n<div class=\"layout-cell-pad-5\">\n<div class=\"layout-cell-pad-5\">\n<div class=\"layout-cell-pad-5\">\n<div class=\"layout-cell-pad-5\">\n<div class=\"layout-cell-pad-5\">\n<div class=\"layout-cell-pad-5\">\n<hr \/>\n<\/div>\n<\/div>\n<\/div>\n<\/div>\n<\/div>\n<\/div>\n<div class=\"layout-cell-pad-5\"><span style=\"color: #000000;\"><strong><a style=\"color: #000000;\" href=\"https:\/\/www.estantevirtual.com.br\/b\/ana-maria-rossi-e-outros\/stress-e-qualidade-de-vida-no-trabalho\/2799166457\">A rela\u00e7\u00e3o estresse, uso de \u00e1lcool e trabalho<\/a><\/strong><\/span><\/div>\n<div class=\"layout-cell-pad-5\"><\/div>\n<div class=\"layout-cell-pad-5\">GHERARDI-DONATO, E. C. S. ; LUIS, M. A. V. ; CORRADI-WEBSTER, C.M.<\/div>\n<div class=\"layout-cell-pad-5\">In: Rossi, A.M.; Perrew\u00e9, P.L.; Meurs, J.A.. (Org.). Stress e qualidade de vida no trabalho. 1ed.S\u00e3o Paulo: Ed. Atlas, 2011, v. 1, p. 42-51.<\/div>\n<div class=\"layout-cell-pad-5\"><\/div>\n<div class=\"layout-cell-pad-5\">\n<div class=\"layout-cell-pad-5\">\n<div class=\"layout-cell-pad-5\">\n<div class=\"layout-cell-pad-5\">\n<div class=\"layout-cell-pad-5\">\n<div class=\"layout-cell-pad-5\">\n<div class=\"layout-cell-pad-5\">\n<hr \/>\n<\/div>\n<\/div>\n<\/div>\n<\/div>\n<\/div>\n<\/div>\n<\/div>\n<div class=\"layout-cell-pad-5\"><span style=\"color: #000000;\"><a style=\"color: #000000;\" href=\"https:\/\/www.researchgate.net\/publication\/264741780_Abordagens_motivacionais_para_tratamento_de_usuarios_de_substancias_psicoativas\"><strong>Abordagens motivacionais para tratamento de usu\u00e1rios de subst\u00e2ncias psicoativas<\/strong><\/a><\/span><\/div>\n<div class=\"layout-cell-pad-5\"><\/div>\n<div class=\"layout-cell-pad-5\">CORRADI-WEBSTER, C.M.; FERREIRA, P. S. ; PILLON, S. C. .<\/div>\n<div class=\"layout-cell-pad-5\">In: Margarita Ant\u00f4nia Villar Luis; Sandra Cristina Pillon. (Org.). Os novos velhos desafios da sa\u00fade mental. Ribeir\u00e3o Preto: FIERP, 2006, v. 01, p. 207-217.<\/div>\n<div class=\"layout-cell-pad-5\"><\/div>\n<div class=\"layout-cell-pad-5\">\n<div class=\"layout-cell-pad-5\">\n<div class=\"layout-cell-pad-5\">\n<div class=\"layout-cell-pad-5\">\n<div class=\"layout-cell-pad-5\">\n<hr \/>\n<\/div>\n<p>&nbsp;<\/p>\n<\/div>\n<\/div>\n<\/div>\n<\/div>\n","protected":false},"excerpt":{"rendered":"<p>&nbsp; No olho do furac\u00e3o: enfrentando o c\u00e2ncer em tempos de pandemia de covid-19 SANTOS, M. A. ; OLIVEIRA, WANDERLEI ABADIO DE ; NASCIMENTO, L. C. ; RISK, EDUARDO NAME ; CORRADI-WEBSTER, C.M. ; PILLON, S. C. ; PERES, R. S. ; CARDOSO, E. A. O. \u00a0In: \u00c9rika Arantes de Oliveira-Cardoso; Jorge Henrique Correa dos &hellip; <\/p>\n<p class=\"link-more\"><a href=\"https:\/\/sites.usp.br\/lepsis\/capitulos-de-livros\/\" class=\"more-link\">Continue lendo<span class=\"screen-reader-text\"> &#8220;Cap\u00edtulos de livros&#8221;<\/span><\/a><\/p>\n","protected":false},"author":187,"featured_media":0,"parent":0,"menu_order":0,"comment_status":"closed","ping_status":"closed","template":"","meta":{"footnotes":"","_links_to":"","_links_to_target":""},"class_list":["post-140","page","type-page","status-publish","hentry"],"_links":{"self":[{"href":"https:\/\/sites.usp.br\/lepsis\/wp-json\/wp\/v2\/pages\/140","targetHints":{"allow":["GET"]}}],"collection":[{"href":"https:\/\/sites.usp.br\/lepsis\/wp-json\/wp\/v2\/pages"}],"about":[{"href":"https:\/\/sites.usp.br\/lepsis\/wp-json\/wp\/v2\/types\/page"}],"author":[{"embeddable":true,"href":"https:\/\/sites.usp.br\/lepsis\/wp-json\/wp\/v2\/users\/187"}],"replies":[{"embeddable":true,"href":"https:\/\/sites.usp.br\/lepsis\/wp-json\/wp\/v2\/comments?post=140"}],"version-history":[{"count":6,"href":"https:\/\/sites.usp.br\/lepsis\/wp-json\/wp\/v2\/pages\/140\/revisions"}],"predecessor-version":[{"id":2073,"href":"https:\/\/sites.usp.br\/lepsis\/wp-json\/wp\/v2\/pages\/140\/revisions\/2073"}],"wp:attachment":[{"href":"https:\/\/sites.usp.br\/lepsis\/wp-json\/wp\/v2\/media?parent=140"}],"curies":[{"name":"wp","href":"https:\/\/api.w.org\/{rel}","templated":true}]}}