{"id":1490,"date":"2019-05-16T13:12:37","date_gmt":"2019-05-16T15:12:37","guid":{"rendered":"http:\/\/sites.usp.br\/lepsis\/?page_id=1490"},"modified":"2022-01-03T22:13:30","modified_gmt":"2022-01-04T00:13:30","slug":"pesquisadores","status":"publish","type":"page","link":"https:\/\/sites.usp.br\/lepsis\/pesquisadores\/","title":{"rendered":"Pesquisadores"},"content":{"rendered":"<p style=\"text-align: center;\"><strong>\u00a0 \u00a0 \u00a0 \u00a0 \u00a0 \u00a0 \u00a0 \u00a0 \u00a0 \u00a0 \u00a0 \u00a0 \u00a0 \u00a0 \u00a0 \u00a0 \u00a0 \u00a0 \u00a0 \u00a0 Rossana Maria Seabra Sade\u00a0<\/strong><\/p>\n<p><strong><img loading=\"lazy\" decoding=\"async\" class=\"aligncenter wp-image-2038 size-medium\" src=\"https:\/\/sites.usp.br\/lepsis\/wp-content\/uploads\/sites\/107\/2021\/07\/rossana-300x293.jpg\" alt=\"\" width=\"300\" height=\"293\" srcset=\"https:\/\/sites.usp.br\/lepsis\/wp-content\/uploads\/sites\/107\/2021\/07\/rossana-300x293.jpg 300w, https:\/\/sites.usp.br\/lepsis\/wp-content\/uploads\/sites\/107\/2021\/07\/rossana-45x45.jpg 45w, https:\/\/sites.usp.br\/lepsis\/wp-content\/uploads\/sites\/107\/2021\/07\/rossana-400x390.jpg 400w, https:\/\/sites.usp.br\/lepsis\/wp-content\/uploads\/sites\/107\/2021\/07\/rossana.jpg 629w\" sizes=\"auto, (max-width: 300px) 100vw, 300px\" \/><\/strong><\/p>\n<p>Psic\u00f3loga (Universidade Federal do Paran\u00e1), \u00a0Especializa\u00e7\u00e3o em Educa\u00e7\u00e3o Especial pela Universidade Federal do Paran\u00e1, Mestrado em Educa\u00e7\u00e3o pela Universidade Federal de S\u00e3o Carlos, Doutorado em Educa\u00e7\u00e3o pela Universidade estadualPaulista Julio de Mesquita Filho e P\u00f3s doutorado em Desinstitucionaliza\u00e7\u00e3o realizado em Trieste-It\u00e1lia . P<span style=\"font-size: 1rem;\">esquisadora visitante no Grupo Equipe de Crise, equipe territorial de Sa\u00fade Mental de Trieste, It\u00e1lia, atuando como instrumento de suporte domiciliar intensivo (2018).<\/span><span style=\"font-size: 1rem;\">\u00a0<\/span><\/p>\n<p>Professora Doutora da Universidade Estadual Paulista J\u00falio de Mesquita Filho (UNESP\/Mar\u00edlia). Tem experi\u00eancia na \u00e1rea da Sa\u00fade mental, Desinstitucionaliza\u00e7\u00e3o e Educa\u00e7\u00e3o Especial. Atuando principalmente nos seguintes temas: Sa\u00fade Mental da Crian\u00e7a e Adolescente. Desinstitucionaliza\u00e7\u00e3o. Educa\u00e7\u00e3o Especial. Coordena projetos de pesquisa com foco na qualidade dos servi\u00e7os de sa\u00fade mental, moradia e sa\u00fade mental e equipes de crise em sa\u00fade mental.<\/p>\n<p style=\"text-align: center;\"><strong>\u00a0 \u00a0 \u00a0 \u00a0 \u00a0 \u00a0 \u00a0 \u00a0 \u00a0 \u00a0 \u00a0Andrea Ruzzi Pereira<\/strong><\/p>\n<p><strong><img loading=\"lazy\" decoding=\"async\" class=\"aligncenter wp-image-1604 size-medium\" src=\"https:\/\/sites.usp.br\/lepsis\/wp-content\/uploads\/sites\/107\/2019\/07\/servletrecuperafoto-300x281.jpg\" alt=\"\" width=\"300\" height=\"281\" srcset=\"https:\/\/sites.usp.br\/lepsis\/wp-content\/uploads\/sites\/107\/2019\/07\/servletrecuperafoto-300x281.jpg 300w, https:\/\/sites.usp.br\/lepsis\/wp-content\/uploads\/sites\/107\/2019\/07\/servletrecuperafoto-400x375.jpg 400w, https:\/\/sites.usp.br\/lepsis\/wp-content\/uploads\/sites\/107\/2019\/07\/servletrecuperafoto.jpg 410w\" sizes=\"auto, (max-width: 300px) 100vw, 300px\" \/><\/strong><\/p>\n<p><strong>\u00a0 \u00a0 \u00a0 \u00a0 \u00a0 \u00a0 \u00a0 \u00a0 \u00a0 \u00a0 \u00a0 \u00a0 \u00a0 \u00a0 \u00a0 \u00a0\u00a0<\/strong><\/p>\n<p>Terapeuta Ocupacional graduada pela Universidade Federal de S\u00e3o Carlos, mestre e doutora em Ci\u00eancias M\u00e9dicas pelo Programa Sa\u00fade na Comunidade,\u00a0 da FMRP-USP e P\u00f3s-doutoranda em Psicologia, pela Universidade de S\u00e3o Paulo.<\/p>\n<p>Professora Adjunta do Departamento de Terapia Ocupacional da Universidade Federal do Tri\u00e2ngulo Mineiro &#8211; UFTM. \u00a0Coordena projetos de pesquisa com foco no cuidado oferecido pela RAPS e \u00a0uso de drogas entre estudantes universit\u00e1rios.<\/p>\n<p><a href=\"http:\/\/lattes.cnpq.br\/2764871991850142\">Curr\u00edculo Lattes<\/a><\/p>\n<p style=\"text-align: center;\"><strong>Alexandre Augusto de Deus Pontual<\/strong><\/p>\n<p><strong><img loading=\"lazy\" decoding=\"async\" class=\"aligncenter wp-image-256 size-medium\" src=\"https:\/\/sites.usp.br\/lepsis\/wp-content\/uploads\/sites\/107\/2016\/08\/Foto-Alexandre-238x300.jpg\" alt=\"\" width=\"238\" height=\"300\" srcset=\"https:\/\/sites.usp.br\/lepsis\/wp-content\/uploads\/sites\/107\/2016\/08\/Foto-Alexandre-238x300.jpg 238w, https:\/\/sites.usp.br\/lepsis\/wp-content\/uploads\/sites\/107\/2016\/08\/Foto-Alexandre-813x1024.jpg 813w, https:\/\/sites.usp.br\/lepsis\/wp-content\/uploads\/sites\/107\/2016\/08\/Foto-Alexandre-400x504.jpg 400w, https:\/\/sites.usp.br\/lepsis\/wp-content\/uploads\/sites\/107\/2016\/08\/Foto-Alexandre.jpg 1452w\" sizes=\"auto, (max-width: 238px) 100vw, 238px\" \/><\/strong><\/p>\n<p>&nbsp;<\/p>\n<p>Psic\u00f3logo com gradua\u00e7\u00e3o sandu\u00edche Brasil-Alemanha (UFES\/Universit\u00e4t T\u00fcbingen). Doutor pelo Programa de P\u00f3s-Gradua\u00e7\u00e3o em Psicologia. Desenvolveu um instrumento para avaliar o contexto de uso de ayahuasca (Setting Questionnaire for the Ayahuasca Experience &#8211; SQAE). \u00a0Realizou est\u00e1gio sandu\u00edche na\u00a0Faculty of Psychology and Neuroscience, Maastricht University, com Prof. Johannes G Ramaekers.<\/p>\n<p>\u00c9 membro do\u00a0LePsis e do ICARO (Interdisciplinary Cooperation for Ayahuasca Research and Outreach &#8211; UNICAMP). No LePsis, orienta projeto que trata sobre experi\u00eancias m\u00edsticas, experi\u00eancias desafiadoras e contexto de uso de ayahuasca.<\/p>\n<p style=\"text-align: center;\"><strong>Cristiana Nelise de Paula Ara\u00fajo\u00a0<\/strong><\/p>\n<p><img loading=\"lazy\" decoding=\"async\" class=\"aligncenter size-medium wp-image-2076\" src=\"https:\/\/sites.usp.br\/lepsis\/wp-content\/uploads\/sites\/107\/2022\/01\/servletrecuperafoto-200x300.jpg\" alt=\"\" width=\"200\" height=\"300\" srcset=\"https:\/\/sites.usp.br\/lepsis\/wp-content\/uploads\/sites\/107\/2022\/01\/servletrecuperafoto-200x300.jpg 200w, https:\/\/sites.usp.br\/lepsis\/wp-content\/uploads\/sites\/107\/2022\/01\/servletrecuperafoto-683x1024.jpg 683w, https:\/\/sites.usp.br\/lepsis\/wp-content\/uploads\/sites\/107\/2022\/01\/servletrecuperafoto-768x1152.jpg 768w, https:\/\/sites.usp.br\/lepsis\/wp-content\/uploads\/sites\/107\/2022\/01\/servletrecuperafoto-1024x1536.jpg 1024w, https:\/\/sites.usp.br\/lepsis\/wp-content\/uploads\/sites\/107\/2022\/01\/servletrecuperafoto-1365x2048.jpg 1365w, https:\/\/sites.usp.br\/lepsis\/wp-content\/uploads\/sites\/107\/2022\/01\/servletrecuperafoto-400x600.jpg 400w, https:\/\/sites.usp.br\/lepsis\/wp-content\/uploads\/sites\/107\/2022\/01\/servletrecuperafoto-scaled.jpg 1707w\" sizes=\"auto, (max-width: 200px) 100vw, 200px\" \/><\/p>\n<p>Mestre e Doutora \u00a0em Psicologia pelo Programa de P\u00f3s-Gradua\u00e7\u00e3o em Psicologia da Faculdade de Filosofia, Ci\u00eancias e Letras de Ribeir\u00e3o Preto da Universidade de S\u00e3o Paulo (FFCLRP-USP). Realizou est\u00e1gio de pesquisa na University of New Hampshire, sob supervis\u00e3o da Profa. Sheila McNamee e bolsa da BEPE da \u00a0FAPESP. Seu projeto de mestrado teve como objetivo compreender os sentidos constru\u00eddos com familiares sobre a interna\u00e7\u00e3o involunt\u00e1ria ou compuls\u00f3ria do sujeito que usa \u00e1lcool e outras drogas. \u00a0Seu projeto de doutorado teve como objetivo avaliar a efetividade da sess\u00e3o \u00fanica da terapia breve focada na solu\u00e7\u00e3o na ades\u00e3o ao tratamento em CAPS-ad. \u00a0Atuou como psic\u00f3loga social do Centro de Refer\u00eancia em Assist\u00eancia Social (CRAS) e como psic\u00f3loga cl\u00ednica em Ambulat\u00f3rio de Sa\u00fade Mental no Munic\u00edpio de Sert\u00e3ozinho-SP. Especialista em Psicologia Cl\u00ednica &#8211; Psican\u00e1lise pela UNIARA. Psic\u00f3loga graduada pela Universidade Federal de Uberl\u00e2ndia &#8211; UFU (2011).<\/p>\n<p><a href=\"http:\/\/buscatextual.cnpq.br\/buscatextual\/visualizacv.do?id=K4431906E6\" target=\"_blank\" rel=\"noopener noreferrer\">Curr\u00edculo Lattes\u00a0<\/a><\/p>\n<p>&nbsp;<\/p>\n","protected":false},"excerpt":{"rendered":"<p>\u00a0 \u00a0 \u00a0 \u00a0 \u00a0 \u00a0 \u00a0 \u00a0 \u00a0 \u00a0 \u00a0 \u00a0 \u00a0 \u00a0 \u00a0 \u00a0 \u00a0 \u00a0 \u00a0 \u00a0 Rossana Maria Seabra Sade\u00a0 Psic\u00f3loga (Universidade Federal do Paran\u00e1), \u00a0Especializa\u00e7\u00e3o em Educa\u00e7\u00e3o Especial pela Universidade Federal do Paran\u00e1, Mestrado em Educa\u00e7\u00e3o pela Universidade Federal de S\u00e3o Carlos, Doutorado em Educa\u00e7\u00e3o pela Universidade estadualPaulista Julio de &hellip; <\/p>\n<p class=\"link-more\"><a href=\"https:\/\/sites.usp.br\/lepsis\/pesquisadores\/\" class=\"more-link\">Continue lendo<span class=\"screen-reader-text\"> &#8220;Pesquisadores&#8221;<\/span><\/a><\/p>\n","protected":false},"author":187,"featured_media":0,"parent":0,"menu_order":0,"comment_status":"closed","ping_status":"closed","template":"","meta":{"footnotes":"","_links_to":"","_links_to_target":""},"class_list":["post-1490","page","type-page","status-publish","hentry"],"_links":{"self":[{"href":"https:\/\/sites.usp.br\/lepsis\/wp-json\/wp\/v2\/pages\/1490","targetHints":{"allow":["GET"]}}],"collection":[{"href":"https:\/\/sites.usp.br\/lepsis\/wp-json\/wp\/v2\/pages"}],"about":[{"href":"https:\/\/sites.usp.br\/lepsis\/wp-json\/wp\/v2\/types\/page"}],"author":[{"embeddable":true,"href":"https:\/\/sites.usp.br\/lepsis\/wp-json\/wp\/v2\/users\/187"}],"replies":[{"embeddable":true,"href":"https:\/\/sites.usp.br\/lepsis\/wp-json\/wp\/v2\/comments?post=1490"}],"version-history":[{"count":5,"href":"https:\/\/sites.usp.br\/lepsis\/wp-json\/wp\/v2\/pages\/1490\/revisions"}],"predecessor-version":[{"id":2078,"href":"https:\/\/sites.usp.br\/lepsis\/wp-json\/wp\/v2\/pages\/1490\/revisions\/2078"}],"wp:attachment":[{"href":"https:\/\/sites.usp.br\/lepsis\/wp-json\/wp\/v2\/media?parent=1490"}],"curies":[{"name":"wp","href":"https:\/\/api.w.org\/{rel}","templated":true}]}}