{"id":1495,"date":"2019-05-16T13:15:29","date_gmt":"2019-05-16T15:15:29","guid":{"rendered":"http:\/\/sites.usp.br\/lepsis\/?page_id=1495"},"modified":"2019-07-30T23:33:03","modified_gmt":"2019-07-31T01:33:03","slug":"2019-2","status":"publish","type":"page","link":"https:\/\/sites.usp.br\/lepsis\/2019-2\/","title":{"rendered":"2019"},"content":{"rendered":"<p><strong><img loading=\"lazy\" decoding=\"async\" class=\"alignleft size-thumbnail wp-image-1502\" src=\"https:\/\/sites.usp.br\/lepsis\/wp-content\/uploads\/sites\/107\/2019\/05\/jessica-150x150.jpg\" alt=\"\" width=\"150\" height=\"150\" srcset=\"https:\/\/sites.usp.br\/lepsis\/wp-content\/uploads\/sites\/107\/2019\/05\/jessica-150x150.jpg 150w, https:\/\/sites.usp.br\/lepsis\/wp-content\/uploads\/sites\/107\/2019\/05\/jessica-300x300.jpg 300w, https:\/\/sites.usp.br\/lepsis\/wp-content\/uploads\/sites\/107\/2019\/05\/jessica-45x45.jpg 45w, https:\/\/sites.usp.br\/lepsis\/wp-content\/uploads\/sites\/107\/2019\/05\/jessica-200x200.jpg 200w, https:\/\/sites.usp.br\/lepsis\/wp-content\/uploads\/sites\/107\/2019\/05\/jessica-400x400.jpg 400w, https:\/\/sites.usp.br\/lepsis\/wp-content\/uploads\/sites\/107\/2019\/05\/jessica.jpg 720w\" sizes=\"auto, (max-width: 150px) 100vw, 150px\" \/>J\u00e9ssica Merighe Godoi<\/strong><\/p>\n<p>Estudante do 5o ano de Psicologia. Realiza o est\u00e1gio no CAPS AD de Ribeir\u00e3o Preto. Suas atividades incluem atendimento psicoterap\u00eautico individual, grupo de acolhimento geral e acolhimento.<\/p>\n<p>&nbsp;<\/p>\n<p>&nbsp;<\/p>\n<p><img loading=\"lazy\" decoding=\"async\" class=\"alignleft size-thumbnail wp-image-1611\" src=\"https:\/\/sites.usp.br\/lepsis\/wp-content\/uploads\/sites\/107\/2019\/07\/WhatsApp-Image-2019-07-27-at-11.34.50-150x150.jpeg\" alt=\"\" width=\"150\" height=\"150\" srcset=\"https:\/\/sites.usp.br\/lepsis\/wp-content\/uploads\/sites\/107\/2019\/07\/WhatsApp-Image-2019-07-27-at-11.34.50-150x150.jpeg 150w, https:\/\/sites.usp.br\/lepsis\/wp-content\/uploads\/sites\/107\/2019\/07\/WhatsApp-Image-2019-07-27-at-11.34.50-300x300.jpeg 300w, https:\/\/sites.usp.br\/lepsis\/wp-content\/uploads\/sites\/107\/2019\/07\/WhatsApp-Image-2019-07-27-at-11.34.50-768x768.jpeg 768w, https:\/\/sites.usp.br\/lepsis\/wp-content\/uploads\/sites\/107\/2019\/07\/WhatsApp-Image-2019-07-27-at-11.34.50-45x45.jpeg 45w, https:\/\/sites.usp.br\/lepsis\/wp-content\/uploads\/sites\/107\/2019\/07\/WhatsApp-Image-2019-07-27-at-11.34.50-200x200.jpeg 200w, https:\/\/sites.usp.br\/lepsis\/wp-content\/uploads\/sites\/107\/2019\/07\/WhatsApp-Image-2019-07-27-at-11.34.50-400x400.jpeg 400w, https:\/\/sites.usp.br\/lepsis\/wp-content\/uploads\/sites\/107\/2019\/07\/WhatsApp-Image-2019-07-27-at-11.34.50.jpeg 1024w\" sizes=\"auto, (max-width: 150px) 100vw, 150px\" \/>\u00a0<strong>J\u00falia Noronha Ferraz de Arruda<\/strong><\/p>\n","protected":false},"excerpt":{"rendered":"<p>J\u00e9ssica Merighe Godoi Estudante do 5o ano de Psicologia. Realiza o est\u00e1gio no CAPS AD de Ribeir\u00e3o Preto. Suas atividades incluem atendimento psicoterap\u00eautico individual, grupo de acolhimento geral e acolhimento. &nbsp; &nbsp; \u00a0J\u00falia Noronha Ferraz de Arruda<\/p>\n","protected":false},"author":187,"featured_media":0,"parent":0,"menu_order":0,"comment_status":"closed","ping_status":"closed","template":"","meta":{"footnotes":"","_links_to":"","_links_to_target":""},"class_list":["post-1495","page","type-page","status-publish","hentry"],"_links":{"self":[{"href":"https:\/\/sites.usp.br\/lepsis\/wp-json\/wp\/v2\/pages\/1495","targetHints":{"allow":["GET"]}}],"collection":[{"href":"https:\/\/sites.usp.br\/lepsis\/wp-json\/wp\/v2\/pages"}],"about":[{"href":"https:\/\/sites.usp.br\/lepsis\/wp-json\/wp\/v2\/types\/page"}],"author":[{"embeddable":true,"href":"https:\/\/sites.usp.br\/lepsis\/wp-json\/wp\/v2\/users\/187"}],"replies":[{"embeddable":true,"href":"https:\/\/sites.usp.br\/lepsis\/wp-json\/wp\/v2\/comments?post=1495"}],"version-history":[{"count":4,"href":"https:\/\/sites.usp.br\/lepsis\/wp-json\/wp\/v2\/pages\/1495\/revisions"}],"predecessor-version":[{"id":1619,"href":"https:\/\/sites.usp.br\/lepsis\/wp-json\/wp\/v2\/pages\/1495\/revisions\/1619"}],"wp:attachment":[{"href":"https:\/\/sites.usp.br\/lepsis\/wp-json\/wp\/v2\/media?parent=1495"}],"curies":[{"name":"wp","href":"https:\/\/api.w.org\/{rel}","templated":true}]}}