{"id":1540,"date":"2019-07-26T15:02:57","date_gmt":"2019-07-26T17:02:57","guid":{"rendered":"http:\/\/sites.usp.br\/lepsis\/?page_id=1540"},"modified":"2019-07-26T17:55:49","modified_gmt":"2019-07-26T19:55:49","slug":"2018-3","status":"publish","type":"page","link":"https:\/\/sites.usp.br\/lepsis\/2018-3\/","title":{"rendered":"2018"},"content":{"rendered":"<p>&nbsp;<\/p>\n<p><strong>\u00a0 \u00a0 \u00a0XV Encontro de Sa\u00fade Mental e Especialistas em Enfermagem Psiqui\u00e1trica<\/strong><strong>\u00a0 \u00a0 \u00a0 \u00a0 \u00a0 \u00a0 \u00a0 \u00a0 \u00a0 \u00a0 \u00a0\u00a0<\/strong><\/p>\n<p><strong>\u00a0 \u00a0 \u00a0 \u00a0 \u00a0 \u00a0 \u00a0 \u00a0<img loading=\"lazy\" decoding=\"async\" class=\"wp-image-1546 alignnone\" src=\"https:\/\/sites.usp.br\/lepsis\/wp-content\/uploads\/sites\/107\/2019\/07\/XV-Encontro-de-Sa\u00fade-Mental-e-Especialistas-em-Enfermagem-Psiqui\u00e1trica-4-150x150.jpeg\" alt=\"\" width=\"205\" height=\"205\" srcset=\"https:\/\/sites.usp.br\/lepsis\/wp-content\/uploads\/sites\/107\/2019\/07\/XV-Encontro-de-Sa\u00fade-Mental-e-Especialistas-em-Enfermagem-Psiqui\u00e1trica-4-150x150.jpeg 150w, https:\/\/sites.usp.br\/lepsis\/wp-content\/uploads\/sites\/107\/2019\/07\/XV-Encontro-de-Sa\u00fade-Mental-e-Especialistas-em-Enfermagem-Psiqui\u00e1trica-4-45x45.jpeg 45w, https:\/\/sites.usp.br\/lepsis\/wp-content\/uploads\/sites\/107\/2019\/07\/XV-Encontro-de-Sa\u00fade-Mental-e-Especialistas-em-Enfermagem-Psiqui\u00e1trica-4-200x200.jpeg 200w\" sizes=\"auto, (max-width: 205px) 100vw, 205px\" \/>\u00a0 \u00a0 \u00a0 \u00a0 \u00a0 \u00a0 \u00a0\u00a0<img loading=\"lazy\" decoding=\"async\" class=\"alignleft wp-image-1545\" src=\"https:\/\/sites.usp.br\/lepsis\/wp-content\/uploads\/sites\/107\/2019\/07\/XV-Encontro-de-Sa\u00fade-Mental-e-Especialistas-em-Enfermagem-Psiqui\u00e1trica-3-150x150.jpeg\" alt=\"\" width=\"203\" height=\"203\" srcset=\"https:\/\/sites.usp.br\/lepsis\/wp-content\/uploads\/sites\/107\/2019\/07\/XV-Encontro-de-Sa\u00fade-Mental-e-Especialistas-em-Enfermagem-Psiqui\u00e1trica-3-150x150.jpeg 150w, https:\/\/sites.usp.br\/lepsis\/wp-content\/uploads\/sites\/107\/2019\/07\/XV-Encontro-de-Sa\u00fade-Mental-e-Especialistas-em-Enfermagem-Psiqui\u00e1trica-3-45x45.jpeg 45w, https:\/\/sites.usp.br\/lepsis\/wp-content\/uploads\/sites\/107\/2019\/07\/XV-Encontro-de-Sa\u00fade-Mental-e-Especialistas-em-Enfermagem-Psiqui\u00e1trica-3-200x200.jpeg 200w\" sizes=\"auto, (max-width: 203px) 100vw, 203px\" \/>\u00a0\u00a0<img loading=\"lazy\" decoding=\"async\" class=\"alignleft wp-image-1547\" src=\"https:\/\/sites.usp.br\/lepsis\/wp-content\/uploads\/sites\/107\/2019\/07\/XV-Encontro-de-Sa\u00fade-Mental-e-Especialistas-em-Enfermagem-Psiqui\u00e1trica-150x150.jpeg\" alt=\"\" width=\"205\" height=\"205\" srcset=\"https:\/\/sites.usp.br\/lepsis\/wp-content\/uploads\/sites\/107\/2019\/07\/XV-Encontro-de-Sa\u00fade-Mental-e-Especialistas-em-Enfermagem-Psiqui\u00e1trica-150x150.jpeg 150w, https:\/\/sites.usp.br\/lepsis\/wp-content\/uploads\/sites\/107\/2019\/07\/XV-Encontro-de-Sa\u00fade-Mental-e-Especialistas-em-Enfermagem-Psiqui\u00e1trica-300x300.jpeg 300w, https:\/\/sites.usp.br\/lepsis\/wp-content\/uploads\/sites\/107\/2019\/07\/XV-Encontro-de-Sa\u00fade-Mental-e-Especialistas-em-Enfermagem-Psiqui\u00e1trica-768x768.jpeg 768w, https:\/\/sites.usp.br\/lepsis\/wp-content\/uploads\/sites\/107\/2019\/07\/XV-Encontro-de-Sa\u00fade-Mental-e-Especialistas-em-Enfermagem-Psiqui\u00e1trica-45x45.jpeg 45w, https:\/\/sites.usp.br\/lepsis\/wp-content\/uploads\/sites\/107\/2019\/07\/XV-Encontro-de-Sa\u00fade-Mental-e-Especialistas-em-Enfermagem-Psiqui\u00e1trica-200x200.jpeg 200w, https:\/\/sites.usp.br\/lepsis\/wp-content\/uploads\/sites\/107\/2019\/07\/XV-Encontro-de-Sa\u00fade-Mental-e-Especialistas-em-Enfermagem-Psiqui\u00e1trica-400x400.jpeg 400w, https:\/\/sites.usp.br\/lepsis\/wp-content\/uploads\/sites\/107\/2019\/07\/XV-Encontro-de-Sa\u00fade-Mental-e-Especialistas-em-Enfermagem-Psiqui\u00e1trica.jpeg 1024w\" sizes=\"auto, (max-width: 205px) 100vw, 205px\" \/><\/strong><\/p>\n<p>&nbsp;<\/p>\n<p>L\u00edvia Rufato<\/p>\n<p><img loading=\"lazy\" decoding=\"async\" class=\"wp-image-1549 alignnone\" src=\"https:\/\/sites.usp.br\/lepsis\/wp-content\/uploads\/sites\/107\/2019\/07\/XV-Encontro-de-Sa\u00fade-Mental-e-Especialistas-em-Enfermagem-Psiqui\u00e1trica-L\u00edvia-Rufato-2-150x150.jpeg\" alt=\"\" width=\"172\" height=\"172\" srcset=\"https:\/\/sites.usp.br\/lepsis\/wp-content\/uploads\/sites\/107\/2019\/07\/XV-Encontro-de-Sa\u00fade-Mental-e-Especialistas-em-Enfermagem-Psiqui\u00e1trica-L\u00edvia-Rufato-2-150x150.jpeg 150w, https:\/\/sites.usp.br\/lepsis\/wp-content\/uploads\/sites\/107\/2019\/07\/XV-Encontro-de-Sa\u00fade-Mental-e-Especialistas-em-Enfermagem-Psiqui\u00e1trica-L\u00edvia-Rufato-2-45x45.jpeg 45w, https:\/\/sites.usp.br\/lepsis\/wp-content\/uploads\/sites\/107\/2019\/07\/XV-Encontro-de-Sa\u00fade-Mental-e-Especialistas-em-Enfermagem-Psiqui\u00e1trica-L\u00edvia-Rufato-2-200x200.jpeg 200w\" sizes=\"auto, (max-width: 172px) 100vw, 172px\" \/>\u00a0 \u00a0 \u00a0<img loading=\"lazy\" decoding=\"async\" class=\"wp-image-1550 alignnone\" src=\"https:\/\/sites.usp.br\/lepsis\/wp-content\/uploads\/sites\/107\/2019\/07\/XV-Encontro-de-Sa\u00fade-Mental-e-Especialistas-em-Enfermagem-Psiqui\u00e1trica-L\u00edvia-Rufato-3-150x150.jpeg\" alt=\"\" width=\"170\" height=\"170\" srcset=\"https:\/\/sites.usp.br\/lepsis\/wp-content\/uploads\/sites\/107\/2019\/07\/XV-Encontro-de-Sa\u00fade-Mental-e-Especialistas-em-Enfermagem-Psiqui\u00e1trica-L\u00edvia-Rufato-3-150x150.jpeg 150w, https:\/\/sites.usp.br\/lepsis\/wp-content\/uploads\/sites\/107\/2019\/07\/XV-Encontro-de-Sa\u00fade-Mental-e-Especialistas-em-Enfermagem-Psiqui\u00e1trica-L\u00edvia-Rufato-3-300x300.jpeg 300w, https:\/\/sites.usp.br\/lepsis\/wp-content\/uploads\/sites\/107\/2019\/07\/XV-Encontro-de-Sa\u00fade-Mental-e-Especialistas-em-Enfermagem-Psiqui\u00e1trica-L\u00edvia-Rufato-3-768x767.jpeg 768w, https:\/\/sites.usp.br\/lepsis\/wp-content\/uploads\/sites\/107\/2019\/07\/XV-Encontro-de-Sa\u00fade-Mental-e-Especialistas-em-Enfermagem-Psiqui\u00e1trica-L\u00edvia-Rufato-3.jpeg 1024w, https:\/\/sites.usp.br\/lepsis\/wp-content\/uploads\/sites\/107\/2019\/07\/XV-Encontro-de-Sa\u00fade-Mental-e-Especialistas-em-Enfermagem-Psiqui\u00e1trica-L\u00edvia-Rufato-3-45x45.jpeg 45w, https:\/\/sites.usp.br\/lepsis\/wp-content\/uploads\/sites\/107\/2019\/07\/XV-Encontro-de-Sa\u00fade-Mental-e-Especialistas-em-Enfermagem-Psiqui\u00e1trica-L\u00edvia-Rufato-3-200x200.jpeg 200w, https:\/\/sites.usp.br\/lepsis\/wp-content\/uploads\/sites\/107\/2019\/07\/XV-Encontro-de-Sa\u00fade-Mental-e-Especialistas-em-Enfermagem-Psiqui\u00e1trica-L\u00edvia-Rufato-3-400x399.jpeg 400w\" sizes=\"auto, (max-width: 170px) 100vw, 170px\" \/><\/p>\n<p>&nbsp;<\/p>\n<p>Andrea Formaggi<\/p>\n<p><img loading=\"lazy\" decoding=\"async\" class=\" wp-image-1551 alignnone\" src=\"https:\/\/sites.usp.br\/lepsis\/wp-content\/uploads\/sites\/107\/2019\/07\/XV-Encontro-de-Sa\u00fade-Mental-e-Especialistas-em-Enfermagem-Psiqui\u00e1trica-Andrea-Formaggi-150x150.jpeg\" alt=\"\" width=\"184\" height=\"184\" srcset=\"https:\/\/sites.usp.br\/lepsis\/wp-content\/uploads\/sites\/107\/2019\/07\/XV-Encontro-de-Sa\u00fade-Mental-e-Especialistas-em-Enfermagem-Psiqui\u00e1trica-Andrea-Formaggi-150x150.jpeg 150w, https:\/\/sites.usp.br\/lepsis\/wp-content\/uploads\/sites\/107\/2019\/07\/XV-Encontro-de-Sa\u00fade-Mental-e-Especialistas-em-Enfermagem-Psiqui\u00e1trica-Andrea-Formaggi-45x45.jpeg 45w, https:\/\/sites.usp.br\/lepsis\/wp-content\/uploads\/sites\/107\/2019\/07\/XV-Encontro-de-Sa\u00fade-Mental-e-Especialistas-em-Enfermagem-Psiqui\u00e1trica-Andrea-Formaggi-200x200.jpeg 200w\" sizes=\"auto, (max-width: 184px) 100vw, 184px\" \/> <img loading=\"lazy\" decoding=\"async\" class=\" wp-image-1552 alignnone\" src=\"https:\/\/sites.usp.br\/lepsis\/wp-content\/uploads\/sites\/107\/2019\/07\/XV-Encontro-de-Sa\u00fade-Mental-e-Especialistas-em-Enfermagem-Psiqui\u00e1trica-2-150x150.jpeg\" alt=\"\" width=\"186\" height=\"186\" srcset=\"https:\/\/sites.usp.br\/lepsis\/wp-content\/uploads\/sites\/107\/2019\/07\/XV-Encontro-de-Sa\u00fade-Mental-e-Especialistas-em-Enfermagem-Psiqui\u00e1trica-2-150x150.jpeg 150w, https:\/\/sites.usp.br\/lepsis\/wp-content\/uploads\/sites\/107\/2019\/07\/XV-Encontro-de-Sa\u00fade-Mental-e-Especialistas-em-Enfermagem-Psiqui\u00e1trica-2-45x45.jpeg 45w, https:\/\/sites.usp.br\/lepsis\/wp-content\/uploads\/sites\/107\/2019\/07\/XV-Encontro-de-Sa\u00fade-Mental-e-Especialistas-em-Enfermagem-Psiqui\u00e1trica-2-200x200.jpeg 200w\" sizes=\"auto, (max-width: 186px) 100vw, 186px\" \/><\/p>\n<p>&nbsp;<\/p>\n<p>&nbsp;<\/p>\n<p><strong>VI Construcionando: pr\u00e1ticas dial\u00f3gicas em situa\u00e7\u00f5es desafiadoras<\/strong><\/p>\n<p><strong>\u00a0 \u00a0 \u00a0 \u00a0 \u00a0 \u00a0 \u00a0\u00a0<img loading=\"lazy\" decoding=\"async\" class=\"wp-image-1578 alignnone\" src=\"https:\/\/sites.usp.br\/lepsis\/wp-content\/uploads\/sites\/107\/2019\/07\/WhatsApp-Image-2019-07-25-at-16.57.57-150x150.jpeg\" alt=\"\" width=\"202\" height=\"202\" srcset=\"https:\/\/sites.usp.br\/lepsis\/wp-content\/uploads\/sites\/107\/2019\/07\/WhatsApp-Image-2019-07-25-at-16.57.57-150x150.jpeg 150w, https:\/\/sites.usp.br\/lepsis\/wp-content\/uploads\/sites\/107\/2019\/07\/WhatsApp-Image-2019-07-25-at-16.57.57-45x45.jpeg 45w, https:\/\/sites.usp.br\/lepsis\/wp-content\/uploads\/sites\/107\/2019\/07\/WhatsApp-Image-2019-07-25-at-16.57.57-200x200.jpeg 200w\" sizes=\"auto, (max-width: 202px) 100vw, 202px\" \/>\u00a0 \u00a0\u00a0<\/strong><img loading=\"lazy\" decoding=\"async\" class=\"wp-image-1580 alignnone\" src=\"https:\/\/sites.usp.br\/lepsis\/wp-content\/uploads\/sites\/107\/2019\/07\/WhatsApp-Image-2019-07-25-at-16.57.57-1-150x150.jpeg\" alt=\"\" width=\"206\" height=\"206\" srcset=\"https:\/\/sites.usp.br\/lepsis\/wp-content\/uploads\/sites\/107\/2019\/07\/WhatsApp-Image-2019-07-25-at-16.57.57-1-150x150.jpeg 150w, https:\/\/sites.usp.br\/lepsis\/wp-content\/uploads\/sites\/107\/2019\/07\/WhatsApp-Image-2019-07-25-at-16.57.57-1-45x45.jpeg 45w, https:\/\/sites.usp.br\/lepsis\/wp-content\/uploads\/sites\/107\/2019\/07\/WhatsApp-Image-2019-07-25-at-16.57.57-1-200x200.jpeg 200w\" sizes=\"auto, (max-width: 206px) 100vw, 206px\" \/><\/p>\n<p>&nbsp;<\/p>\n<p><strong>\u00a0VI Encontro internacional sobre drogas<\/strong><\/p>\n<p>J\u00falia Corr\u00eaa<\/p>\n<p><img loading=\"lazy\" decoding=\"async\" class=\"alignleft wp-image-1577\" src=\"https:\/\/sites.usp.br\/lepsis\/wp-content\/uploads\/sites\/107\/2019\/07\/WhatsApp-Image-2019-07-25-at-16.51.08-150x150.jpeg\" alt=\"\" width=\"194\" height=\"194\" srcset=\"https:\/\/sites.usp.br\/lepsis\/wp-content\/uploads\/sites\/107\/2019\/07\/WhatsApp-Image-2019-07-25-at-16.51.08-150x150.jpeg 150w, https:\/\/sites.usp.br\/lepsis\/wp-content\/uploads\/sites\/107\/2019\/07\/WhatsApp-Image-2019-07-25-at-16.51.08-45x45.jpeg 45w, https:\/\/sites.usp.br\/lepsis\/wp-content\/uploads\/sites\/107\/2019\/07\/WhatsApp-Image-2019-07-25-at-16.51.08-200x200.jpeg 200w\" sizes=\"auto, (max-width: 194px) 100vw, 194px\" \/><\/p>\n<p>&nbsp;<\/p>\n<p>&nbsp;<\/p>\n<p>&nbsp;<\/p>\n<p>&nbsp;<\/p>\n<p>&nbsp;<\/p>\n<p>&nbsp;<\/p>\n<p><strong>XVI Jornada anual biol\u00f3gica da UNESP (JABU)<\/strong><\/p>\n<p><img loading=\"lazy\" decoding=\"async\" class=\"alignnone wp-image-1570\" src=\"https:\/\/sites.usp.br\/lepsis\/wp-content\/uploads\/sites\/107\/2019\/07\/Interven\u00e7\u00f5es-multiprofissionais-no-uso-problem\u00e1tico-de-drogas..-facilita\u00e7\u00f5es-de-di\u00e1logo-4-150x150.jpeg\" alt=\"\" width=\"165\" height=\"165\" srcset=\"https:\/\/sites.usp.br\/lepsis\/wp-content\/uploads\/sites\/107\/2019\/07\/Interven\u00e7\u00f5es-multiprofissionais-no-uso-problem\u00e1tico-de-drogas..-facilita\u00e7\u00f5es-de-di\u00e1logo-4-150x150.jpeg 150w, https:\/\/sites.usp.br\/lepsis\/wp-content\/uploads\/sites\/107\/2019\/07\/Interven\u00e7\u00f5es-multiprofissionais-no-uso-problem\u00e1tico-de-drogas..-facilita\u00e7\u00f5es-de-di\u00e1logo-4-45x45.jpeg 45w, https:\/\/sites.usp.br\/lepsis\/wp-content\/uploads\/sites\/107\/2019\/07\/Interven\u00e7\u00f5es-multiprofissionais-no-uso-problem\u00e1tico-de-drogas..-facilita\u00e7\u00f5es-de-di\u00e1logo-4-200x200.jpeg 200w\" sizes=\"auto, (max-width: 165px) 100vw, 165px\" \/><\/p>\n<p>Jo\u00e3o Filippini<\/p>\n<p><img loading=\"lazy\" decoding=\"async\" class=\"alignleft wp-image-1569\" src=\"https:\/\/sites.usp.br\/lepsis\/wp-content\/uploads\/sites\/107\/2019\/07\/Interven\u00e7\u00f5es-multiprofissionais-no-uso-problem\u00e1tico-de-drogas..-facilita\u00e7\u00f5es-de-di\u00e1logo-3-150x150.jpeg\" alt=\"\" width=\"172\" height=\"172\" srcset=\"https:\/\/sites.usp.br\/lepsis\/wp-content\/uploads\/sites\/107\/2019\/07\/Interven\u00e7\u00f5es-multiprofissionais-no-uso-problem\u00e1tico-de-drogas..-facilita\u00e7\u00f5es-de-di\u00e1logo-3-150x150.jpeg 150w, https:\/\/sites.usp.br\/lepsis\/wp-content\/uploads\/sites\/107\/2019\/07\/Interven\u00e7\u00f5es-multiprofissionais-no-uso-problem\u00e1tico-de-drogas..-facilita\u00e7\u00f5es-de-di\u00e1logo-3-45x45.jpeg 45w, https:\/\/sites.usp.br\/lepsis\/wp-content\/uploads\/sites\/107\/2019\/07\/Interven\u00e7\u00f5es-multiprofissionais-no-uso-problem\u00e1tico-de-drogas..-facilita\u00e7\u00f5es-de-di\u00e1logo-3-200x200.jpeg 200w\" sizes=\"auto, (max-width: 172px) 100vw, 172px\" \/><\/p>\n<p><img loading=\"lazy\" decoding=\"async\" class=\"alignleft wp-image-1568\" src=\"https:\/\/sites.usp.br\/lepsis\/wp-content\/uploads\/sites\/107\/2019\/07\/Interven\u00e7\u00f5es-multiprofissionais-no-uso-problem\u00e1tico-de-drogas..-facilita\u00e7\u00f5es-de-di\u00e1logo-2-150x150.jpeg\" alt=\"\" width=\"172\" height=\"172\" srcset=\"https:\/\/sites.usp.br\/lepsis\/wp-content\/uploads\/sites\/107\/2019\/07\/Interven\u00e7\u00f5es-multiprofissionais-no-uso-problem\u00e1tico-de-drogas..-facilita\u00e7\u00f5es-de-di\u00e1logo-2-150x150.jpeg 150w, https:\/\/sites.usp.br\/lepsis\/wp-content\/uploads\/sites\/107\/2019\/07\/Interven\u00e7\u00f5es-multiprofissionais-no-uso-problem\u00e1tico-de-drogas..-facilita\u00e7\u00f5es-de-di\u00e1logo-2-45x45.jpeg 45w, https:\/\/sites.usp.br\/lepsis\/wp-content\/uploads\/sites\/107\/2019\/07\/Interven\u00e7\u00f5es-multiprofissionais-no-uso-problem\u00e1tico-de-drogas..-facilita\u00e7\u00f5es-de-di\u00e1logo-2-200x200.jpeg 200w\" sizes=\"auto, (max-width: 172px) 100vw, 172px\" \/><\/p>\n<p>&nbsp;<\/p>\n<p>&nbsp;<\/p>\n<p>&nbsp;<\/p>\n<p>&nbsp;<\/p>\n<p>&nbsp;<\/p>\n<p><strong>IX Exposa\u00fade de Ribeir\u00e3o Preto<\/strong><\/p>\n<p><img loading=\"lazy\" decoding=\"async\" class=\"alignleft wp-image-1588\" src=\"https:\/\/sites.usp.br\/lepsis\/wp-content\/uploads\/sites\/107\/2019\/07\/WhatsApp-Image-2019-07-25-at-16.51.08-2-150x150.jpeg\" alt=\"\" width=\"167\" height=\"167\" srcset=\"https:\/\/sites.usp.br\/lepsis\/wp-content\/uploads\/sites\/107\/2019\/07\/WhatsApp-Image-2019-07-25-at-16.51.08-2-150x150.jpeg 150w, https:\/\/sites.usp.br\/lepsis\/wp-content\/uploads\/sites\/107\/2019\/07\/WhatsApp-Image-2019-07-25-at-16.51.08-2-45x45.jpeg 45w, https:\/\/sites.usp.br\/lepsis\/wp-content\/uploads\/sites\/107\/2019\/07\/WhatsApp-Image-2019-07-25-at-16.51.08-2-200x200.jpeg 200w\" sizes=\"auto, (max-width: 167px) 100vw, 167px\" \/> <img loading=\"lazy\" decoding=\"async\" class=\"alignleft wp-image-1589\" src=\"https:\/\/sites.usp.br\/lepsis\/wp-content\/uploads\/sites\/107\/2019\/07\/WhatsApp-Image-2019-07-25-at-16.51.09-1-150x150.jpeg\" alt=\"\" width=\"168\" height=\"168\" srcset=\"https:\/\/sites.usp.br\/lepsis\/wp-content\/uploads\/sites\/107\/2019\/07\/WhatsApp-Image-2019-07-25-at-16.51.09-1-150x150.jpeg 150w, https:\/\/sites.usp.br\/lepsis\/wp-content\/uploads\/sites\/107\/2019\/07\/WhatsApp-Image-2019-07-25-at-16.51.09-1-45x45.jpeg 45w, https:\/\/sites.usp.br\/lepsis\/wp-content\/uploads\/sites\/107\/2019\/07\/WhatsApp-Image-2019-07-25-at-16.51.09-1-200x200.jpeg 200w\" sizes=\"auto, (max-width: 168px) 100vw, 168px\" \/> <img loading=\"lazy\" decoding=\"async\" class=\"alignleft wp-image-1590\" src=\"https:\/\/sites.usp.br\/lepsis\/wp-content\/uploads\/sites\/107\/2019\/07\/WhatsApp-Image-2019-07-25-at-16.51.09-2-150x150.jpeg\" alt=\"\" width=\"168\" height=\"168\" srcset=\"https:\/\/sites.usp.br\/lepsis\/wp-content\/uploads\/sites\/107\/2019\/07\/WhatsApp-Image-2019-07-25-at-16.51.09-2-150x150.jpeg 150w, https:\/\/sites.usp.br\/lepsis\/wp-content\/uploads\/sites\/107\/2019\/07\/WhatsApp-Image-2019-07-25-at-16.51.09-2-45x45.jpeg 45w, https:\/\/sites.usp.br\/lepsis\/wp-content\/uploads\/sites\/107\/2019\/07\/WhatsApp-Image-2019-07-25-at-16.51.09-2-200x200.jpeg 200w\" sizes=\"auto, (max-width: 168px) 100vw, 168px\" \/> <img loading=\"lazy\" decoding=\"async\" class=\"alignleft wp-image-1591\" src=\"https:\/\/sites.usp.br\/lepsis\/wp-content\/uploads\/sites\/107\/2019\/07\/WhatsApp-Image-2019-07-25-at-16.51.09-3-150x150.jpeg\" alt=\"\" width=\"166\" height=\"166\" srcset=\"https:\/\/sites.usp.br\/lepsis\/wp-content\/uploads\/sites\/107\/2019\/07\/WhatsApp-Image-2019-07-25-at-16.51.09-3-150x150.jpeg 150w, https:\/\/sites.usp.br\/lepsis\/wp-content\/uploads\/sites\/107\/2019\/07\/WhatsApp-Image-2019-07-25-at-16.51.09-3-45x45.jpeg 45w, https:\/\/sites.usp.br\/lepsis\/wp-content\/uploads\/sites\/107\/2019\/07\/WhatsApp-Image-2019-07-25-at-16.51.09-3-200x200.jpeg 200w\" sizes=\"auto, (max-width: 166px) 100vw, 166px\" \/> <img loading=\"lazy\" decoding=\"async\" class=\"alignleft wp-image-1592\" src=\"https:\/\/sites.usp.br\/lepsis\/wp-content\/uploads\/sites\/107\/2019\/07\/WhatsApp-Image-2019-07-25-at-16.51.09-150x150.jpeg\" alt=\"\" width=\"169\" height=\"169\" srcset=\"https:\/\/sites.usp.br\/lepsis\/wp-content\/uploads\/sites\/107\/2019\/07\/WhatsApp-Image-2019-07-25-at-16.51.09-150x150.jpeg 150w, https:\/\/sites.usp.br\/lepsis\/wp-content\/uploads\/sites\/107\/2019\/07\/WhatsApp-Image-2019-07-25-at-16.51.09-300x300.jpeg 300w, https:\/\/sites.usp.br\/lepsis\/wp-content\/uploads\/sites\/107\/2019\/07\/WhatsApp-Image-2019-07-25-at-16.51.09-768x768.jpeg 768w, https:\/\/sites.usp.br\/lepsis\/wp-content\/uploads\/sites\/107\/2019\/07\/WhatsApp-Image-2019-07-25-at-16.51.09-45x45.jpeg 45w, https:\/\/sites.usp.br\/lepsis\/wp-content\/uploads\/sites\/107\/2019\/07\/WhatsApp-Image-2019-07-25-at-16.51.09-200x200.jpeg 200w, https:\/\/sites.usp.br\/lepsis\/wp-content\/uploads\/sites\/107\/2019\/07\/WhatsApp-Image-2019-07-25-at-16.51.09-400x400.jpeg 400w, https:\/\/sites.usp.br\/lepsis\/wp-content\/uploads\/sites\/107\/2019\/07\/WhatsApp-Image-2019-07-25-at-16.51.09.jpeg 1024w\" sizes=\"auto, (max-width: 169px) 100vw, 169px\" \/><\/p>\n<p>&nbsp;<\/p>\n<p>&nbsp;<\/p>\n<p>&nbsp;<\/p>\n<p>&nbsp;<\/p>\n<p>&nbsp;<\/p>\n<p>&nbsp;<\/p>\n<p>&nbsp;<\/p>\n<p>&nbsp;<\/p>\n<p>&nbsp;<\/p>\n<p>&nbsp;<\/p>\n<p>&nbsp;<\/p>\n<p>&nbsp;<\/p>\n","protected":false},"excerpt":{"rendered":"<p>&nbsp; \u00a0 \u00a0 \u00a0XV Encontro de Sa\u00fade Mental e Especialistas em Enfermagem Psiqui\u00e1trica\u00a0 \u00a0 \u00a0 \u00a0 \u00a0 \u00a0 \u00a0 \u00a0 \u00a0 \u00a0 \u00a0\u00a0 \u00a0 \u00a0 \u00a0 \u00a0 \u00a0 \u00a0 \u00a0 \u00a0\u00a0 \u00a0 \u00a0 \u00a0 \u00a0 \u00a0 \u00a0\u00a0\u00a0\u00a0 &nbsp; L\u00edvia Rufato \u00a0 \u00a0 \u00a0 &nbsp; Andrea Formaggi &nbsp; &nbsp; VI Construcionando: pr\u00e1ticas dial\u00f3gicas em situa\u00e7\u00f5es desafiadoras &hellip; <\/p>\n<p class=\"link-more\"><a href=\"https:\/\/sites.usp.br\/lepsis\/2018-3\/\" class=\"more-link\">Continue lendo<span class=\"screen-reader-text\"> &#8220;2018&#8221;<\/span><\/a><\/p>\n","protected":false},"author":187,"featured_media":0,"parent":0,"menu_order":0,"comment_status":"closed","ping_status":"closed","template":"","meta":{"footnotes":"","_links_to":"","_links_to_target":""},"class_list":["post-1540","page","type-page","status-publish","hentry"],"_links":{"self":[{"href":"https:\/\/sites.usp.br\/lepsis\/wp-json\/wp\/v2\/pages\/1540","targetHints":{"allow":["GET"]}}],"collection":[{"href":"https:\/\/sites.usp.br\/lepsis\/wp-json\/wp\/v2\/pages"}],"about":[{"href":"https:\/\/sites.usp.br\/lepsis\/wp-json\/wp\/v2\/types\/page"}],"author":[{"embeddable":true,"href":"https:\/\/sites.usp.br\/lepsis\/wp-json\/wp\/v2\/users\/187"}],"replies":[{"embeddable":true,"href":"https:\/\/sites.usp.br\/lepsis\/wp-json\/wp\/v2\/comments?post=1540"}],"version-history":[{"count":4,"href":"https:\/\/sites.usp.br\/lepsis\/wp-json\/wp\/v2\/pages\/1540\/revisions"}],"predecessor-version":[{"id":1594,"href":"https:\/\/sites.usp.br\/lepsis\/wp-json\/wp\/v2\/pages\/1540\/revisions\/1594"}],"wp:attachment":[{"href":"https:\/\/sites.usp.br\/lepsis\/wp-json\/wp\/v2\/media?parent=1540"}],"curies":[{"name":"wp","href":"https:\/\/api.w.org\/{rel}","templated":true}]}}