{"id":168,"date":"2016-08-17T16:43:44","date_gmt":"2016-08-17T18:43:44","guid":{"rendered":"http:\/\/sites.usp.br\/lepsis\/?page_id=168"},"modified":"2016-08-30T10:06:54","modified_gmt":"2016-08-30T12:06:54","slug":"pesquisa","status":"publish","type":"page","link":"https:\/\/sites.usp.br\/lepsis\/membros\/pesquisa\/","title":{"rendered":"Pesquisa"},"content":{"rendered":"<p>As linhas de pesquisa do <strong>LePsis<\/strong> tem como objeto de estudo <strong>o uso de drogas<\/strong>. Os estudos realizados baseiam-se nos princ\u00edpios do <strong>Sistema \u00danico de Sa\u00fade<\/strong>, da <strong>Reforma Psiqui\u00e1trica<\/strong> e da <strong>Redu\u00e7\u00e3o de Danos<\/strong>.<\/p>\n<p>&nbsp;<\/p>\n<p><strong>CONSUMO DE DROGAS POR PESSOAS COM DIAGN\u00d3STICOS PSIQUI\u00c1TRICOS: CONSTRUINDO SENTIDOS E POSSIBILIDADES DE A\u00c7\u00c3O<\/strong><\/p>\n<p>&nbsp;<\/p>\n<p>O objetivo desta linha de pesquisa \u00e9 identificar caracter\u00edsticas relacionadas e compreender o consumo de subst\u00e2ncias psicoativas entre pessoas com diagn\u00f3sticos psiqui\u00e1tricos, situa\u00e7\u00f5es conhecidas na literatura biom\u00e9dica como comorbidades. Quantitativamente, trabalha-se com os seguintes construtos: rede de apoio social, padr\u00f5es de consumo de subst\u00e2ncias psicoativas n\u00e3o prescritas, impulsividade, eventos estressores e caracter\u00edsticas sociodemogr\u00e1ficas. Qualitalitativamente, busca-se compreender os sentidos constru\u00eddos por estas pessoas sobre o consumo de subst\u00e2ncias, assim como os sentidos e pr\u00e1ticas produzidos por profissionais de sa\u00fade mental a respeito deste consumo.<\/p>\n<p>&nbsp;<\/p>\n<p>&nbsp;<\/p>\n<p><strong>SENTIDOS CONSTRU\u00cdDOS A RESPEITO DA EXPERI\u00caNCIA DE INTERNA\u00c7\u00c3O DEVIDO AO USO PROBLEM\u00c1TICO DE DROGAS POR INDIV\u00cdDUOS QUE PASSARAM POR ESTA MODALIDADE DE \u201cCUIDADO\u201d E POR SEUS FAMILIARES<\/strong><\/p>\n<p>&nbsp;<\/p>\n<p>A assist\u00eancia em sa\u00fade mental e, mais especificamente, os cuidados a pessoas que fazem uso problem\u00e1tico de \u00e1lcool e outras drogas, foram por muito tempo descuidadas pelo Estado. Atualmente, existem diferentes formas de tratamento para a depend\u00eancia, contudo, as pol\u00edticas p\u00fablicas atuais tem aumentado o financiamento para interna\u00e7\u00f5es em comunidades terap\u00eauticas, cl\u00ednicas e hospitais gerais. O objetivo desta linha de pesquisa \u00e9 compreender os sentidos constru\u00eddos a respeito das interna\u00e7\u00f5es em comunidades terap\u00eauticas, cl\u00ednicas e hospitais gerais por indiv\u00edduos que passaram por estas institui\u00e7\u00f5es, por seus familiares e por trabalhadores destas. Para atingir estes objetivos tem sido realizados diferentes projetos qualitativos que com uso de entrevistas semi-estruturadas e anota\u00e7\u00f5es de caderno de campo vem buscando compreender como se d\u00e1 o tratamento nestas institui\u00e7\u00f5es e os sentidos dados por esta modalidade de \u201ctratamento\u201d aos atores envolvidos neste.<\/p>\n<p>&nbsp;<\/p>\n<p>&nbsp;<\/p>\n<p><strong>MULHERES E O CONSUMO DE SUBST\u00c2NCIAS PSICOATIVAS<\/strong><\/p>\n<p>&nbsp;<\/p>\n<p>O campo de estudos sobre o consumo de subst\u00e2ncias psicoativas por mulheres necessita de estudos que tenham sensibilidade para as quest\u00f5es de g\u00eanero e que se comprometam a produzir um conhecimento que seja \u00fatil \u00e0s mulheres, contribuindo para a diminui\u00e7\u00e3o dos estigmas e ajudando no empoderamento destas. Neste sentido, esta linha de pesquisa busca ampliar os sentidos sobre o consumo de subst\u00e2ncias entre mulheres, abordando o tema de diferentes modos: identificando caracter\u00edsticas cl\u00ednicas e sociodemogr\u00e1ficas de mulheres em tratamento para depend\u00eancia de \u00e1lcool; conhecendo como estas mulheres constroem sentido sobre o consumo e tratamento; identificando caracter\u00edsticas relacionadas ao consumo de subst\u00e2ncias entre gestantes; conhecendo como mulheres em tratamento para depend\u00eancia lidam com a maternagem; identificando sentidos sobre o tabagismo para mulheres em tratamento; identificando caracter\u00edsticas relacionadas ao consumo de subst\u00e2ncias entre mulheres em tratamento psiqui\u00e1trico; identificando caracter\u00edsticas relacionadas ao consumo de benzodiazep\u00ednicos entre mulheres.<\/p>\n<p>&nbsp;<\/p>\n<p>&nbsp;<\/p>\n<p><strong>USO DE SUBST\u00c2NCIAS PSICOATIVAS E SETTING<\/strong><\/p>\n<p><strong>\u00a0<\/strong><\/p>\n<p>A literatura da \u00e1rea define<em> setting<\/em> como os controles sociais que influenciam na experi\u00eancia do consumo de uma subst\u00e2ncia. Este seria composto por san\u00e7\u00f5es sociais e ritos sociais. O modo como o usu\u00e1rio lida com estes controles estaria relacionado com a experi\u00eancia que tem com a subst\u00e2ncia. Assim, para se trabalhar na perspecitva de redu\u00e7\u00e3o de danos, faz-se importante conhecer caracter\u00edstica do <em>setting<\/em> que auxiliam o usu\u00e1rio a ter uma experi\u00eancia positiva com o uso de subst\u00e2ncias. Esta linha de pesquisa busca conhecer caracter\u00edsticas do <em>setting<\/em> em diferentes contextos de consumo, tanto em usos de psicod\u00e9licos, como a ayahuasca; como em consumos de drogas l\u00edcitas e il\u00edcitas feito por estudantes universit\u00e1rios.<\/p>\n","protected":false},"excerpt":{"rendered":"<p>As linhas de pesquisa do LePsis tem como objeto de estudo o uso de drogas. Os estudos realizados baseiam-se nos princ\u00edpios do Sistema \u00danico de Sa\u00fade, da Reforma Psiqui\u00e1trica e da Redu\u00e7\u00e3o de Danos. &nbsp; CONSUMO DE DROGAS POR PESSOAS COM DIAGN\u00d3STICOS PSIQUI\u00c1TRICOS: CONSTRUINDO SENTIDOS E POSSIBILIDADES DE A\u00c7\u00c3O &nbsp; O objetivo desta linha de &hellip; <\/p>\n<p class=\"link-more\"><a href=\"https:\/\/sites.usp.br\/lepsis\/membros\/pesquisa\/\" class=\"more-link\">Continue lendo<span class=\"screen-reader-text\"> &#8220;Pesquisa&#8221;<\/span><\/a><\/p>\n","protected":false},"author":187,"featured_media":0,"parent":64,"menu_order":0,"comment_status":"closed","ping_status":"closed","template":"","meta":{"footnotes":"","_links_to":"","_links_to_target":""},"class_list":["post-168","page","type-page","status-publish","hentry"],"_links":{"self":[{"href":"https:\/\/sites.usp.br\/lepsis\/wp-json\/wp\/v2\/pages\/168","targetHints":{"allow":["GET"]}}],"collection":[{"href":"https:\/\/sites.usp.br\/lepsis\/wp-json\/wp\/v2\/pages"}],"about":[{"href":"https:\/\/sites.usp.br\/lepsis\/wp-json\/wp\/v2\/types\/page"}],"author":[{"embeddable":true,"href":"https:\/\/sites.usp.br\/lepsis\/wp-json\/wp\/v2\/users\/187"}],"replies":[{"embeddable":true,"href":"https:\/\/sites.usp.br\/lepsis\/wp-json\/wp\/v2\/comments?post=168"}],"version-history":[{"count":6,"href":"https:\/\/sites.usp.br\/lepsis\/wp-json\/wp\/v2\/pages\/168\/revisions"}],"predecessor-version":[{"id":278,"href":"https:\/\/sites.usp.br\/lepsis\/wp-json\/wp\/v2\/pages\/168\/revisions\/278"}],"up":[{"embeddable":true,"href":"https:\/\/sites.usp.br\/lepsis\/wp-json\/wp\/v2\/pages\/64"}],"wp:attachment":[{"href":"https:\/\/sites.usp.br\/lepsis\/wp-json\/wp\/v2\/media?parent=168"}],"curies":[{"name":"wp","href":"https:\/\/api.w.org\/{rel}","templated":true}]}}