{"id":1704,"date":"2020-03-06T11:06:07","date_gmt":"2020-03-06T13:06:07","guid":{"rendered":"http:\/\/sites.usp.br\/lepsis\/?page_id=1704"},"modified":"2020-03-06T11:33:53","modified_gmt":"2020-03-06T13:33:53","slug":"2020-2","status":"publish","type":"page","link":"https:\/\/sites.usp.br\/lepsis\/2019-3\/2019-2\/2020-2\/","title":{"rendered":"2020"},"content":{"rendered":"<p><strong>Conversando sobre uso de drogas com os calouros, na semana da calourada &#8211; FFCLRP &#8211; USP. Di\u00e1logo, respeito, informa\u00e7\u00e3o!<\/strong><br \/>\n<strong>LePsis &amp; Acalma &amp; COC Psicologia<\/strong><\/p>\n<p><a href=\"https:\/\/sites.usp.br\/lepsis\/wp-content\/uploads\/sites\/107\/2020\/03\/2fcb88b5-d39e-43cd-a6c1-3114d17a1a34.jpg\"><img loading=\"lazy\" decoding=\"async\" class=\"alignnone size-medium wp-image-1707\" src=\"https:\/\/sites.usp.br\/lepsis\/wp-content\/uploads\/sites\/107\/2020\/03\/2fcb88b5-d39e-43cd-a6c1-3114d17a1a34-300x225.jpg\" alt=\"\" width=\"300\" height=\"225\" srcset=\"https:\/\/sites.usp.br\/lepsis\/wp-content\/uploads\/sites\/107\/2020\/03\/2fcb88b5-d39e-43cd-a6c1-3114d17a1a34-300x225.jpg 300w, https:\/\/sites.usp.br\/lepsis\/wp-content\/uploads\/sites\/107\/2020\/03\/2fcb88b5-d39e-43cd-a6c1-3114d17a1a34-768x576.jpg 768w, https:\/\/sites.usp.br\/lepsis\/wp-content\/uploads\/sites\/107\/2020\/03\/2fcb88b5-d39e-43cd-a6c1-3114d17a1a34-80x60.jpg 80w, https:\/\/sites.usp.br\/lepsis\/wp-content\/uploads\/sites\/107\/2020\/03\/2fcb88b5-d39e-43cd-a6c1-3114d17a1a34-400x300.jpg 400w, https:\/\/sites.usp.br\/lepsis\/wp-content\/uploads\/sites\/107\/2020\/03\/2fcb88b5-d39e-43cd-a6c1-3114d17a1a34.jpg 1024w\" sizes=\"auto, (max-width: 300px) 100vw, 300px\" \/><\/a><\/p>\n<p><a href=\"https:\/\/sites.usp.br\/lepsis\/wp-content\/uploads\/sites\/107\/2020\/03\/3b2b955c-62f2-4bb6-b646-1912284fe141.jpg\"><img loading=\"lazy\" decoding=\"async\" class=\"alignnone size-medium wp-image-1708\" src=\"https:\/\/sites.usp.br\/lepsis\/wp-content\/uploads\/sites\/107\/2020\/03\/3b2b955c-62f2-4bb6-b646-1912284fe141-300x225.jpg\" alt=\"\" width=\"300\" height=\"225\" srcset=\"https:\/\/sites.usp.br\/lepsis\/wp-content\/uploads\/sites\/107\/2020\/03\/3b2b955c-62f2-4bb6-b646-1912284fe141-300x225.jpg 300w, https:\/\/sites.usp.br\/lepsis\/wp-content\/uploads\/sites\/107\/2020\/03\/3b2b955c-62f2-4bb6-b646-1912284fe141-768x576.jpg 768w, https:\/\/sites.usp.br\/lepsis\/wp-content\/uploads\/sites\/107\/2020\/03\/3b2b955c-62f2-4bb6-b646-1912284fe141-80x60.jpg 80w, https:\/\/sites.usp.br\/lepsis\/wp-content\/uploads\/sites\/107\/2020\/03\/3b2b955c-62f2-4bb6-b646-1912284fe141-400x300.jpg 400w, https:\/\/sites.usp.br\/lepsis\/wp-content\/uploads\/sites\/107\/2020\/03\/3b2b955c-62f2-4bb6-b646-1912284fe141.jpg 1024w\" sizes=\"auto, (max-width: 300px) 100vw, 300px\" \/><\/a><\/p>\n<p><a href=\"https:\/\/sites.usp.br\/lepsis\/wp-content\/uploads\/sites\/107\/2020\/03\/d3d7409a-8587-4d98-97ec-4587dc8e58ca.jpg\"><img loading=\"lazy\" decoding=\"async\" class=\"alignnone size-medium wp-image-1709\" src=\"https:\/\/sites.usp.br\/lepsis\/wp-content\/uploads\/sites\/107\/2020\/03\/d3d7409a-8587-4d98-97ec-4587dc8e58ca-300x225.jpg\" alt=\"\" width=\"300\" height=\"225\" srcset=\"https:\/\/sites.usp.br\/lepsis\/wp-content\/uploads\/sites\/107\/2020\/03\/d3d7409a-8587-4d98-97ec-4587dc8e58ca-300x225.jpg 300w, https:\/\/sites.usp.br\/lepsis\/wp-content\/uploads\/sites\/107\/2020\/03\/d3d7409a-8587-4d98-97ec-4587dc8e58ca-768x576.jpg 768w, https:\/\/sites.usp.br\/lepsis\/wp-content\/uploads\/sites\/107\/2020\/03\/d3d7409a-8587-4d98-97ec-4587dc8e58ca-80x60.jpg 80w, https:\/\/sites.usp.br\/lepsis\/wp-content\/uploads\/sites\/107\/2020\/03\/d3d7409a-8587-4d98-97ec-4587dc8e58ca-400x300.jpg 400w, https:\/\/sites.usp.br\/lepsis\/wp-content\/uploads\/sites\/107\/2020\/03\/d3d7409a-8587-4d98-97ec-4587dc8e58ca.jpg 1024w\" sizes=\"auto, (max-width: 300px) 100vw, 300px\" \/><\/a><\/p>\n<p><a href=\"https:\/\/sites.usp.br\/lepsis\/wp-content\/uploads\/sites\/107\/2020\/03\/e4f5dc21-6207-4f62-9c38-39dfc9f89613.jpg\"><img loading=\"lazy\" decoding=\"async\" class=\"alignnone size-medium wp-image-1710\" src=\"https:\/\/sites.usp.br\/lepsis\/wp-content\/uploads\/sites\/107\/2020\/03\/e4f5dc21-6207-4f62-9c38-39dfc9f89613-300x225.jpg\" alt=\"\" width=\"300\" height=\"225\" srcset=\"https:\/\/sites.usp.br\/lepsis\/wp-content\/uploads\/sites\/107\/2020\/03\/e4f5dc21-6207-4f62-9c38-39dfc9f89613-300x225.jpg 300w, https:\/\/sites.usp.br\/lepsis\/wp-content\/uploads\/sites\/107\/2020\/03\/e4f5dc21-6207-4f62-9c38-39dfc9f89613-768x576.jpg 768w, https:\/\/sites.usp.br\/lepsis\/wp-content\/uploads\/sites\/107\/2020\/03\/e4f5dc21-6207-4f62-9c38-39dfc9f89613-80x60.jpg 80w, https:\/\/sites.usp.br\/lepsis\/wp-content\/uploads\/sites\/107\/2020\/03\/e4f5dc21-6207-4f62-9c38-39dfc9f89613-400x300.jpg 400w, https:\/\/sites.usp.br\/lepsis\/wp-content\/uploads\/sites\/107\/2020\/03\/e4f5dc21-6207-4f62-9c38-39dfc9f89613.jpg 1024w\" sizes=\"auto, (max-width: 300px) 100vw, 300px\" \/><\/a><\/p>\n<p>&nbsp;<\/p>\n","protected":false},"excerpt":{"rendered":"<p>Conversando sobre uso de drogas com os calouros, na semana da calourada &#8211; FFCLRP &#8211; USP. Di\u00e1logo, respeito, informa\u00e7\u00e3o! LePsis &amp; Acalma &amp; COC Psicologia &nbsp;<\/p>\n","protected":false},"author":1340,"featured_media":0,"parent":193,"menu_order":0,"comment_status":"closed","ping_status":"closed","template":"","meta":{"footnotes":"","_links_to":"","_links_to_target":""},"class_list":["post-1704","page","type-page","status-publish","hentry"],"_links":{"self":[{"href":"https:\/\/sites.usp.br\/lepsis\/wp-json\/wp\/v2\/pages\/1704","targetHints":{"allow":["GET"]}}],"collection":[{"href":"https:\/\/sites.usp.br\/lepsis\/wp-json\/wp\/v2\/pages"}],"about":[{"href":"https:\/\/sites.usp.br\/lepsis\/wp-json\/wp\/v2\/types\/page"}],"author":[{"embeddable":true,"href":"https:\/\/sites.usp.br\/lepsis\/wp-json\/wp\/v2\/users\/1340"}],"replies":[{"embeddable":true,"href":"https:\/\/sites.usp.br\/lepsis\/wp-json\/wp\/v2\/comments?post=1704"}],"version-history":[{"count":4,"href":"https:\/\/sites.usp.br\/lepsis\/wp-json\/wp\/v2\/pages\/1704\/revisions"}],"predecessor-version":[{"id":1713,"href":"https:\/\/sites.usp.br\/lepsis\/wp-json\/wp\/v2\/pages\/1704\/revisions\/1713"}],"up":[{"embeddable":true,"href":"https:\/\/sites.usp.br\/lepsis\/wp-json\/wp\/v2\/pages\/193"}],"wp:attachment":[{"href":"https:\/\/sites.usp.br\/lepsis\/wp-json\/wp\/v2\/media?parent=1704"}],"curies":[{"name":"wp","href":"https:\/\/api.w.org\/{rel}","templated":true}]}}