{"id":176,"date":"2016-08-17T16:47:41","date_gmt":"2016-08-17T18:47:41","guid":{"rendered":"http:\/\/sites.usp.br\/lepsis\/?page_id=176"},"modified":"2017-09-21T00:05:12","modified_gmt":"2017-09-21T02:05:12","slug":"teses-e-dissertacoes","status":"publish","type":"page","link":"https:\/\/sites.usp.br\/lepsis\/membros\/teses-e-dissertacoes\/","title":{"rendered":"Teses e disserta\u00e7\u00f5es"},"content":{"rendered":"<p><a href=\"http:\/\/www.teses.usp.br\/teses\/disponiveis\/59\/59141\/tde-20092017-142456\/pt-br.php\">Consumo de drogas entre pessoas em sofrimento ps\u00edquico: sentidos, significados e percursos<\/a><\/p>\n<p><strong>Fernanda de Sousa Vieira<\/strong><\/p>\n<p>&#8212;&#8212;&#8212;&#8212;&#8212;&#8212;&#8212;&#8212;&#8212;&#8212;&#8212;&#8212;&#8212;&#8212;&#8212;&#8212;&#8212;&#8212;&#8212;&#8212;&#8212;&#8212;&#8212;&#8212;&#8212;&#8212;&#8212;&#8212;&#8212;&#8212;&#8212;&#8212;&#8212;&#8212;&#8212;&#8212;&#8212;&#8212;&#8212;<\/p>\n<p><a href=\"http:\/\/www.teses.usp.br\/teses\/disponiveis\/59\/59141\/tde-10112016-133000\/es.php\">Significados atribu\u00eddos ao consumo de maconha por pessoas com diagn\u00f3stico de esquizofrenia<\/a><\/p>\n<p><strong>L\u00edvia Sicaroni Rufato<\/strong><\/p>\n<p>&#8212;&#8212;&#8212;&#8212;&#8212;&#8212;&#8212;&#8212;&#8212;&#8212;&#8212;&#8212;&#8212;&#8212;&#8212;&#8212;&#8212;&#8212;&#8212;&#8212;&#8212;&#8212;&#8212;&#8212;&#8212;&#8212;&#8212;&#8212;&#8212;&#8212;&#8212;&#8212;&#8212;&#8212;&#8212;&#8212;&#8212;&#8212;&#8212;<\/p>\n<p><a href=\"http:\/\/www.teses.usp.br\/teses\/disponiveis\/59\/59141\/tde-01082016-110208\/pt-br.php\">Sentidos constru\u00eddos sobre a interna\u00e7\u00e3o em comunidades terap\u00eauticas com pessoas em tratamento por uso de drogas<\/a><\/p>\n<p><strong>Mariane Capellato Melo<\/strong><\/p>\n<p>&#8212;&#8212;&#8212;&#8212;&#8212;&#8212;&#8212;&#8212;&#8212;&#8212;&#8212;&#8212;&#8212;&#8212;&#8212;&#8212;&#8212;&#8212;&#8212;&#8212;&#8212;&#8212;&#8212;&#8212;&#8212;&#8212;&#8212;&#8212;&#8212;&#8212;&#8212;&#8212;&#8212;&#8212;&#8212;&#8212;&#8212;&#8212;&#8212;<\/p>\n<p><a href=\"http:\/\/www.teses.usp.br\/teses\/disponiveis\/59\/59137\/tde-28062016-111343\/en.php\">Uso de drogas por indiv\u00edduos em tratamento psiqui\u00e1trico sob a perspectiva de profissionais de um servi\u00e7o de sa\u00fade mental<\/a><\/p>\n<p><strong>Eduardo Augusto Le\u00e3o<\/strong><\/p>\n<p>&nbsp;<\/p>\n<p>&nbsp;<\/p>\n","protected":false},"excerpt":{"rendered":"<p>Consumo de drogas entre pessoas em sofrimento ps\u00edquico: sentidos, significados e percursos Fernanda de Sousa Vieira &#8212;&#8212;&#8212;&#8212;&#8212;&#8212;&#8212;&#8212;&#8212;&#8212;&#8212;&#8212;&#8212;&#8212;&#8212;&#8212;&#8212;&#8212;&#8212;&#8212;&#8212;&#8212;&#8212;&#8212;&#8212;&#8212;&#8212;&#8212;&#8212;&#8212;&#8212;&#8212;&#8212;&#8212;&#8212;&#8212;&#8212;&#8212;&#8212; Significados atribu\u00eddos ao consumo de maconha por pessoas com diagn\u00f3stico de esquizofrenia L\u00edvia Sicaroni Rufato &#8212;&#8212;&#8212;&#8212;&#8212;&#8212;&#8212;&#8212;&#8212;&#8212;&#8212;&#8212;&#8212;&#8212;&#8212;&#8212;&#8212;&#8212;&#8212;&#8212;&#8212;&#8212;&#8212;&#8212;&#8212;&#8212;&#8212;&#8212;&#8212;&#8212;&#8212;&#8212;&#8212;&#8212;&#8212;&#8212;&#8212;&#8212;&#8212; Sentidos constru\u00eddos sobre a interna\u00e7\u00e3o em comunidades terap\u00eauticas com pessoas em tratamento por uso de drogas Mariane Capellato Melo &#8212;&#8212;&#8212;&#8212;&#8212;&#8212;&#8212;&#8212;&#8212;&#8212;&#8212;&#8212;&#8212;&#8212;&#8212;&#8212;&#8212;&#8212;&#8212;&#8212;&#8212;&#8212;&#8212;&#8212;&#8212;&#8212;&#8212;&#8212;&#8212;&#8212;&#8212;&#8212;&#8212;&#8212;&#8212;&#8212;&#8212;&#8212;&#8212; Uso de &hellip; <\/p>\n<p class=\"link-more\"><a href=\"https:\/\/sites.usp.br\/lepsis\/membros\/teses-e-dissertacoes\/\" class=\"more-link\">Continue lendo<span class=\"screen-reader-text\"> &#8220;Teses e disserta\u00e7\u00f5es&#8221;<\/span><\/a><\/p>\n","protected":false},"author":187,"featured_media":0,"parent":64,"menu_order":0,"comment_status":"closed","ping_status":"closed","template":"","meta":{"footnotes":"","_links_to":"","_links_to_target":""},"class_list":["post-176","page","type-page","status-publish","hentry"],"_links":{"self":[{"href":"https:\/\/sites.usp.br\/lepsis\/wp-json\/wp\/v2\/pages\/176","targetHints":{"allow":["GET"]}}],"collection":[{"href":"https:\/\/sites.usp.br\/lepsis\/wp-json\/wp\/v2\/pages"}],"about":[{"href":"https:\/\/sites.usp.br\/lepsis\/wp-json\/wp\/v2\/types\/page"}],"author":[{"embeddable":true,"href":"https:\/\/sites.usp.br\/lepsis\/wp-json\/wp\/v2\/users\/187"}],"replies":[{"embeddable":true,"href":"https:\/\/sites.usp.br\/lepsis\/wp-json\/wp\/v2\/comments?post=176"}],"version-history":[{"count":5,"href":"https:\/\/sites.usp.br\/lepsis\/wp-json\/wp\/v2\/pages\/176\/revisions"}],"predecessor-version":[{"id":1098,"href":"https:\/\/sites.usp.br\/lepsis\/wp-json\/wp\/v2\/pages\/176\/revisions\/1098"}],"up":[{"embeddable":true,"href":"https:\/\/sites.usp.br\/lepsis\/wp-json\/wp\/v2\/pages\/64"}],"wp:attachment":[{"href":"https:\/\/sites.usp.br\/lepsis\/wp-json\/wp\/v2\/media?parent=176"}],"curies":[{"name":"wp","href":"https:\/\/api.w.org\/{rel}","templated":true}]}}