{"id":62,"date":"2014-02-12T11:28:30","date_gmt":"2014-02-12T13:28:30","guid":{"rendered":"http:\/\/sites.usp.br\/\u200blepsis\/?page_id=62"},"modified":"2017-12-30T14:20:54","modified_gmt":"2017-12-30T16:20:54","slug":"apresentacao","status":"publish","type":"page","link":"https:\/\/sites.usp.br\/lepsis\/apresentacao\/","title":{"rendered":"Apresenta\u00e7\u00e3o"},"content":{"rendered":"<p>O Laborat\u00f3rio de Ensino e Pesquisa em Psicopatologia, Drogas e Sociedade vem desenvolvendo atividades de pesquisa, ensino e extens\u00e3o em sa\u00fade mental e drogas. Vem buscando discutir estes temas considerando suas caracter\u00edsticas cl\u00ednicas, relacionais, sociais, econ\u00f4micas e pol\u00edticas. Baseia-se em uma compreens\u00e3o p\u00f3s-moderna de ci\u00eancia e utiliza diferentes delineamentos de pesquisa, empregando m\u00e9todos quanti e qualitativos.<\/p>\n<p>Tem projetos em andamento financiados pela FAPESP\u00a0(Linha Regular), CNPQ\u00a0(Edital Universal) e OPAS (Organiza\u00e7\u00e3o Pan-Americana de Sa\u00fade). Os membros do LePsis contam tamb\u00e9m com financiamento por meio de \u00a0bolsas de p\u00f3s-gradua\u00e7\u00e3o \u00a0e gradua\u00e7\u00e3o da\u00a0FAPESP, \u00a0CNPQ e USP.<\/p>\n<p>Trabalha em parceria com outros grupos de pesquisa cadastrados no CNPQ.<\/p>\n<p>Tem diversos artigos publicados em peri\u00f3dicos nacionais e internacionais e cap\u00edtulos de livros nacionais e internacionais. Al\u00e9m disto, vem colaborando com discuss\u00f5es a respeito da organiza\u00e7\u00e3o da rede de aten\u00e7\u00e3o a sa\u00fade mental e com o treinamento de profissionais de sa\u00fade e da assist\u00eancia social para atua\u00e7\u00e3o no campo de \u00e1lcool e outras drogas.<\/p>\n<p><a href=\"http:\/\/sites.usp.br\/lepsis\/wp-content\/uploads\/sites\/107\/2014\/02\/DSC_4090.jpg\"><img loading=\"lazy\" decoding=\"async\" class=\" wp-image-920 aligncenter\" src=\"http:\/\/sites.usp.br\/lepsis\/wp-content\/uploads\/sites\/107\/2014\/02\/DSC_4090.jpg\" alt=\"DSC_4090\" width=\"440\" height=\"294\" srcset=\"https:\/\/sites.usp.br\/lepsis\/wp-content\/uploads\/sites\/107\/2014\/02\/DSC_4090.jpg 2992w, https:\/\/sites.usp.br\/lepsis\/wp-content\/uploads\/sites\/107\/2014\/02\/DSC_4090-300x201.jpg 300w, https:\/\/sites.usp.br\/lepsis\/wp-content\/uploads\/sites\/107\/2014\/02\/DSC_4090-1024x684.jpg 1024w, https:\/\/sites.usp.br\/lepsis\/wp-content\/uploads\/sites\/107\/2014\/02\/DSC_4090-400x267.jpg 400w\" sizes=\"auto, (max-width: 440px) 100vw, 440px\" \/><\/a><\/p>\n<p><img loading=\"lazy\" decoding=\"async\" class=\"aligncenter wp-image-880\" src=\"http:\/\/sites.usp.br\/lepsis\/wp-content\/uploads\/sites\/107\/2014\/02\/lepsisgrupo.jpg\" alt=\"lepsisgrupo\" width=\"444\" height=\"200\" srcset=\"https:\/\/sites.usp.br\/lepsis\/wp-content\/uploads\/sites\/107\/2014\/02\/lepsisgrupo.jpg 953w, https:\/\/sites.usp.br\/lepsis\/wp-content\/uploads\/sites\/107\/2014\/02\/lepsisgrupo-300x135.jpg 300w, https:\/\/sites.usp.br\/lepsis\/wp-content\/uploads\/sites\/107\/2014\/02\/lepsisgrupo-400x180.jpg 400w\" sizes=\"auto, (max-width: 444px) 100vw, 444px\" \/><\/p>\n","protected":false},"excerpt":{"rendered":"<p>O Laborat\u00f3rio de Ensino e Pesquisa em Psicopatologia, Drogas e Sociedade vem desenvolvendo atividades de pesquisa, ensino e extens\u00e3o em sa\u00fade mental e drogas. Vem buscando discutir estes temas considerando suas caracter\u00edsticas cl\u00ednicas, relacionais, sociais, econ\u00f4micas e pol\u00edticas. Baseia-se em uma compreens\u00e3o p\u00f3s-moderna de ci\u00eancia e utiliza diferentes delineamentos de pesquisa, empregando m\u00e9todos quanti e &hellip; <\/p>\n<p class=\"link-more\"><a href=\"https:\/\/sites.usp.br\/lepsis\/apresentacao\/\" class=\"more-link\">Continue lendo<span class=\"screen-reader-text\"> &#8220;Apresenta\u00e7\u00e3o&#8221;<\/span><\/a><\/p>\n","protected":false},"author":1,"featured_media":0,"parent":0,"menu_order":0,"comment_status":"closed","ping_status":"closed","template":"","meta":{"footnotes":"","_links_to":"","_links_to_target":""},"class_list":["post-62","page","type-page","status-publish","hentry"],"_links":{"self":[{"href":"https:\/\/sites.usp.br\/lepsis\/wp-json\/wp\/v2\/pages\/62","targetHints":{"allow":["GET"]}}],"collection":[{"href":"https:\/\/sites.usp.br\/lepsis\/wp-json\/wp\/v2\/pages"}],"about":[{"href":"https:\/\/sites.usp.br\/lepsis\/wp-json\/wp\/v2\/types\/page"}],"author":[{"embeddable":true,"href":"https:\/\/sites.usp.br\/lepsis\/wp-json\/wp\/v2\/users\/1"}],"replies":[{"embeddable":true,"href":"https:\/\/sites.usp.br\/lepsis\/wp-json\/wp\/v2\/comments?post=62"}],"version-history":[{"count":5,"href":"https:\/\/sites.usp.br\/lepsis\/wp-json\/wp\/v2\/pages\/62\/revisions"}],"predecessor-version":[{"id":1400,"href":"https:\/\/sites.usp.br\/lepsis\/wp-json\/wp\/v2\/pages\/62\/revisions\/1400"}],"wp:attachment":[{"href":"https:\/\/sites.usp.br\/lepsis\/wp-json\/wp\/v2\/media?parent=62"}],"curies":[{"name":"wp","href":"https:\/\/api.w.org\/{rel}","templated":true}]}}