{"id":694,"date":"2016-09-06T09:39:39","date_gmt":"2016-09-06T11:39:39","guid":{"rendered":"http:\/\/sites.usp.br\/lepsis\/?page_id=694"},"modified":"2020-08-07T16:32:36","modified_gmt":"2020-08-07T18:32:36","slug":"mestrado","status":"publish","type":"page","link":"https:\/\/sites.usp.br\/lepsis\/mestrado\/","title":{"rendered":"Mestrado"},"content":{"rendered":"<p><strong>J\u00falia Corr\u00eaa Gomes\u00a0<\/strong><\/p>\n<p><em>Articula\u00e7\u00e3o do cuidado a crian\u00e7as e adolescentes usu\u00e1rias de drogas: estudo de caso em uma unidade de acolhimento\u00a0<\/em><\/p>\n<p>Defesa em 2019. Bolsista FAPESP.<\/p>\n<p><a href=\"https:\/\/sites.usp.br\/lepsis\/wp-content\/uploads\/sites\/107\/2020\/08\/IMG-20200807-WA0005.jpg\"><img loading=\"lazy\" decoding=\"async\" class=\"alignnone size-medium wp-image-2001\" src=\"https:\/\/sites.usp.br\/lepsis\/wp-content\/uploads\/sites\/107\/2020\/08\/IMG-20200807-WA0005-225x300.jpg\" alt=\"\" width=\"225\" height=\"300\" srcset=\"https:\/\/sites.usp.br\/lepsis\/wp-content\/uploads\/sites\/107\/2020\/08\/IMG-20200807-WA0005-225x300.jpg 225w, https:\/\/sites.usp.br\/lepsis\/wp-content\/uploads\/sites\/107\/2020\/08\/IMG-20200807-WA0005-768x1024.jpg 768w, https:\/\/sites.usp.br\/lepsis\/wp-content\/uploads\/sites\/107\/2020\/08\/IMG-20200807-WA0005-400x533.jpg 400w, https:\/\/sites.usp.br\/lepsis\/wp-content\/uploads\/sites\/107\/2020\/08\/IMG-20200807-WA0005.jpg 960w\" sizes=\"auto, (max-width: 225px) 100vw, 225px\" \/><\/a><a href=\"https:\/\/sites.usp.br\/lepsis\/wp-content\/uploads\/sites\/107\/2020\/08\/IMG-20200807-WA0007.jpg\"><img loading=\"lazy\" decoding=\"async\" class=\"alignnone size-medium wp-image-2003\" src=\"https:\/\/sites.usp.br\/lepsis\/wp-content\/uploads\/sites\/107\/2020\/08\/IMG-20200807-WA0007-225x300.jpg\" alt=\"\" width=\"225\" height=\"300\" srcset=\"https:\/\/sites.usp.br\/lepsis\/wp-content\/uploads\/sites\/107\/2020\/08\/IMG-20200807-WA0007-225x300.jpg 225w, https:\/\/sites.usp.br\/lepsis\/wp-content\/uploads\/sites\/107\/2020\/08\/IMG-20200807-WA0007-767x1024.jpg 767w, https:\/\/sites.usp.br\/lepsis\/wp-content\/uploads\/sites\/107\/2020\/08\/IMG-20200807-WA0007-768x1025.jpg 768w, https:\/\/sites.usp.br\/lepsis\/wp-content\/uploads\/sites\/107\/2020\/08\/IMG-20200807-WA0007-400x534.jpg 400w, https:\/\/sites.usp.br\/lepsis\/wp-content\/uploads\/sites\/107\/2020\/08\/IMG-20200807-WA0007.jpg 959w\" sizes=\"auto, (max-width: 225px) 100vw, 225px\" \/><\/a><\/p>\n<p><a href=\"https:\/\/sites.usp.br\/lepsis\/wp-content\/uploads\/sites\/107\/2020\/08\/IMG-20200807-WA0006.jpg\"><img loading=\"lazy\" decoding=\"async\" class=\"alignnone size-medium wp-image-2002\" src=\"https:\/\/sites.usp.br\/lepsis\/wp-content\/uploads\/sites\/107\/2020\/08\/IMG-20200807-WA0006-300x225.jpg\" alt=\"\" width=\"300\" height=\"225\" srcset=\"https:\/\/sites.usp.br\/lepsis\/wp-content\/uploads\/sites\/107\/2020\/08\/IMG-20200807-WA0006-300x225.jpg 300w, https:\/\/sites.usp.br\/lepsis\/wp-content\/uploads\/sites\/107\/2020\/08\/IMG-20200807-WA0006-1024x768.jpg 1024w, https:\/\/sites.usp.br\/lepsis\/wp-content\/uploads\/sites\/107\/2020\/08\/IMG-20200807-WA0006-768x576.jpg 768w, https:\/\/sites.usp.br\/lepsis\/wp-content\/uploads\/sites\/107\/2020\/08\/IMG-20200807-WA0006-80x60.jpg 80w, https:\/\/sites.usp.br\/lepsis\/wp-content\/uploads\/sites\/107\/2020\/08\/IMG-20200807-WA0006-400x300.jpg 400w, https:\/\/sites.usp.br\/lepsis\/wp-content\/uploads\/sites\/107\/2020\/08\/IMG-20200807-WA0006.jpg 1280w\" sizes=\"auto, (max-width: 300px) 100vw, 300px\" \/><\/a><\/p>\n<p>&nbsp;<\/p>\n<p><strong>L\u00edvia Sicaroni Rufato<\/strong><\/p>\n<p><em>Significados atribu\u00eddos ao consumo de maconha por pessoas com diagn\u00f3stico de esquizofrenia.<\/em><\/p>\n<p>Defesa em 2016. Bolsista CAPES.<\/p>\n<p><img loading=\"lazy\" decoding=\"async\" class=\"alignleft size-thumbnail wp-image-888\" src=\"http:\/\/sites.usp.br\/lepsis\/wp-content\/uploads\/sites\/107\/2016\/09\/IMG_4167-150x150.jpg\" alt=\"IMG_4167\" width=\"150\" height=\"150\" srcset=\"https:\/\/sites.usp.br\/lepsis\/wp-content\/uploads\/sites\/107\/2016\/09\/IMG_4167-150x150.jpg 150w, https:\/\/sites.usp.br\/lepsis\/wp-content\/uploads\/sites\/107\/2016\/09\/IMG_4167-45x45.jpg 45w, https:\/\/sites.usp.br\/lepsis\/wp-content\/uploads\/sites\/107\/2016\/09\/IMG_4167-200x200.jpg 200w\" sizes=\"auto, (max-width: 150px) 100vw, 150px\" \/> <a href=\"http:\/\/sites.usp.br\/lepsis\/wp-content\/uploads\/sites\/107\/2016\/09\/IMG_4168.jpg\"><img loading=\"lazy\" decoding=\"async\" class=\"alignleft size-thumbnail wp-image-889\" src=\"http:\/\/sites.usp.br\/lepsis\/wp-content\/uploads\/sites\/107\/2016\/09\/IMG_4168-150x150.jpg\" alt=\"IMG_4168\" width=\"150\" height=\"150\" srcset=\"https:\/\/sites.usp.br\/lepsis\/wp-content\/uploads\/sites\/107\/2016\/09\/IMG_4168-150x150.jpg 150w, https:\/\/sites.usp.br\/lepsis\/wp-content\/uploads\/sites\/107\/2016\/09\/IMG_4168-45x45.jpg 45w, https:\/\/sites.usp.br\/lepsis\/wp-content\/uploads\/sites\/107\/2016\/09\/IMG_4168-200x200.jpg 200w\" sizes=\"auto, (max-width: 150px) 100vw, 150px\" \/><\/a> <a href=\"http:\/\/sites.usp.br\/lepsis\/wp-content\/uploads\/sites\/107\/2016\/09\/IMG_4103.jpg\"><img loading=\"lazy\" decoding=\"async\" class=\"alignleft size-thumbnail wp-image-890\" src=\"http:\/\/sites.usp.br\/lepsis\/wp-content\/uploads\/sites\/107\/2016\/09\/IMG_4103-150x150.jpg\" alt=\"IMG_4103\" width=\"150\" height=\"150\" srcset=\"https:\/\/sites.usp.br\/lepsis\/wp-content\/uploads\/sites\/107\/2016\/09\/IMG_4103-150x150.jpg 150w, https:\/\/sites.usp.br\/lepsis\/wp-content\/uploads\/sites\/107\/2016\/09\/IMG_4103-45x45.jpg 45w, https:\/\/sites.usp.br\/lepsis\/wp-content\/uploads\/sites\/107\/2016\/09\/IMG_4103-200x200.jpg 200w\" sizes=\"auto, (max-width: 150px) 100vw, 150px\" \/><\/a> <a href=\"http:\/\/sites.usp.br\/lepsis\/wp-content\/uploads\/sites\/107\/2016\/09\/IMG_4104.jpg\"><img loading=\"lazy\" decoding=\"async\" class=\"alignleft size-thumbnail wp-image-891\" src=\"http:\/\/sites.usp.br\/lepsis\/wp-content\/uploads\/sites\/107\/2016\/09\/IMG_4104-150x150.jpg\" alt=\"IMG_4104\" width=\"150\" height=\"150\" srcset=\"https:\/\/sites.usp.br\/lepsis\/wp-content\/uploads\/sites\/107\/2016\/09\/IMG_4104-150x150.jpg 150w, https:\/\/sites.usp.br\/lepsis\/wp-content\/uploads\/sites\/107\/2016\/09\/IMG_4104-45x45.jpg 45w, https:\/\/sites.usp.br\/lepsis\/wp-content\/uploads\/sites\/107\/2016\/09\/IMG_4104-200x200.jpg 200w\" sizes=\"auto, (max-width: 150px) 100vw, 150px\" \/><\/a> <a href=\"http:\/\/sites.usp.br\/lepsis\/wp-content\/uploads\/sites\/107\/2016\/09\/IMG_4106.jpg\"><img loading=\"lazy\" decoding=\"async\" class=\"alignleft size-thumbnail wp-image-892\" src=\"http:\/\/sites.usp.br\/lepsis\/wp-content\/uploads\/sites\/107\/2016\/09\/IMG_4106-150x150.jpg\" alt=\"IMG_4106\" width=\"150\" height=\"150\" srcset=\"https:\/\/sites.usp.br\/lepsis\/wp-content\/uploads\/sites\/107\/2016\/09\/IMG_4106-150x150.jpg 150w, https:\/\/sites.usp.br\/lepsis\/wp-content\/uploads\/sites\/107\/2016\/09\/IMG_4106-45x45.jpg 45w, https:\/\/sites.usp.br\/lepsis\/wp-content\/uploads\/sites\/107\/2016\/09\/IMG_4106-200x200.jpg 200w\" sizes=\"auto, (max-width: 150px) 100vw, 150px\" \/><\/a> <a href=\"http:\/\/sites.usp.br\/lepsis\/wp-content\/uploads\/sites\/107\/2016\/09\/IMG_4109.jpg\"><img loading=\"lazy\" decoding=\"async\" class=\"alignleft size-thumbnail wp-image-893\" src=\"http:\/\/sites.usp.br\/lepsis\/wp-content\/uploads\/sites\/107\/2016\/09\/IMG_4109-150x150.jpg\" alt=\"IMG_4109\" width=\"150\" height=\"150\" srcset=\"https:\/\/sites.usp.br\/lepsis\/wp-content\/uploads\/sites\/107\/2016\/09\/IMG_4109-150x150.jpg 150w, https:\/\/sites.usp.br\/lepsis\/wp-content\/uploads\/sites\/107\/2016\/09\/IMG_4109-45x45.jpg 45w, https:\/\/sites.usp.br\/lepsis\/wp-content\/uploads\/sites\/107\/2016\/09\/IMG_4109-200x200.jpg 200w\" sizes=\"auto, (max-width: 150px) 100vw, 150px\" \/><\/a><\/p>\n<p>&nbsp;<\/p>\n<p>&nbsp;<\/p>\n<p>&nbsp;<\/p>\n<p>&nbsp;<\/p>\n<p>&nbsp;<\/p>\n<p>&nbsp;<\/p>\n<p>&nbsp;<\/p>\n<p>&nbsp;<\/p>\n<p>&nbsp;<\/p>\n<p><strong>Mariane Capellato Melo<\/strong><\/p>\n<p><em>Sentidos constru\u00eddos sobre a interna\u00e7\u00e3o em comunidades terap\u00eauticas com pessoas em tratamento por uso de drogas<\/em><\/p>\n<p>Defesa em 2016. Bolsista FAPESP.<\/p>\n<p><img loading=\"lazy\" decoding=\"async\" class=\"alignleft size-thumbnail wp-image-210\" src=\"http:\/\/sites.usp.br\/lepsis\/wp-content\/uploads\/sites\/107\/2016\/08\/defesa-mari-150x150.jpg\" alt=\"defesa mari\" width=\"150\" height=\"150\" srcset=\"https:\/\/sites.usp.br\/lepsis\/wp-content\/uploads\/sites\/107\/2016\/08\/defesa-mari-150x150.jpg 150w, https:\/\/sites.usp.br\/lepsis\/wp-content\/uploads\/sites\/107\/2016\/08\/defesa-mari-45x45.jpg 45w, https:\/\/sites.usp.br\/lepsis\/wp-content\/uploads\/sites\/107\/2016\/08\/defesa-mari-200x200.jpg 200w\" sizes=\"auto, (max-width: 150px) 100vw, 150px\" \/><\/p>\n<p>&nbsp;<\/p>\n<p>&nbsp;<\/p>\n<p>&nbsp;<\/p>\n<p>&nbsp;<\/p>\n<p>&nbsp;<\/p>\n<p><strong>Eduardo Augusto Le\u00e3o<\/strong><\/p>\n<p><em>Uso de drogas por indiv\u00edduos em tratamento psiqui\u00e1trico sob a perspectiva de profissionais de um servi\u00e7o de sa\u00fade mental.<\/em><\/p>\n<p>Defesa em 2016. Bolsista CAPES.<\/p>\n<p><a href=\"http:\/\/www.teses.usp.br\/teses\/disponiveis\/59\/59137\/tde-28062016-111343\/en.php\">Disserta\u00e7\u00e3o<\/a><\/p>\n<p><a href=\"http:\/\/sites.usp.br\/lepsis\/wp-content\/uploads\/sites\/107\/2016\/08\/defesa-eduardo2.jpg\"><img loading=\"lazy\" decoding=\"async\" class=\"alignleft size-thumbnail wp-image-206\" src=\"http:\/\/sites.usp.br\/lepsis\/wp-content\/uploads\/sites\/107\/2016\/08\/defesa-eduardo2-150x150.jpg\" alt=\"defesa eduardo2\" width=\"150\" height=\"150\" srcset=\"https:\/\/sites.usp.br\/lepsis\/wp-content\/uploads\/sites\/107\/2016\/08\/defesa-eduardo2-150x150.jpg 150w, https:\/\/sites.usp.br\/lepsis\/wp-content\/uploads\/sites\/107\/2016\/08\/defesa-eduardo2-45x45.jpg 45w, https:\/\/sites.usp.br\/lepsis\/wp-content\/uploads\/sites\/107\/2016\/08\/defesa-eduardo2-200x200.jpg 200w\" sizes=\"auto, (max-width: 150px) 100vw, 150px\" \/><\/a> <img loading=\"lazy\" decoding=\"async\" class=\"alignleft size-thumbnail wp-image-207\" src=\"http:\/\/sites.usp.br\/lepsis\/wp-content\/uploads\/sites\/107\/2016\/08\/defesa-eduardo-150x150.jpg\" alt=\"defesa eduardo\" width=\"150\" height=\"150\" srcset=\"https:\/\/sites.usp.br\/lepsis\/wp-content\/uploads\/sites\/107\/2016\/08\/defesa-eduardo-150x150.jpg 150w, https:\/\/sites.usp.br\/lepsis\/wp-content\/uploads\/sites\/107\/2016\/08\/defesa-eduardo-45x45.jpg 45w, https:\/\/sites.usp.br\/lepsis\/wp-content\/uploads\/sites\/107\/2016\/08\/defesa-eduardo-200x200.jpg 200w\" sizes=\"auto, (max-width: 150px) 100vw, 150px\" \/><\/p>\n","protected":false},"excerpt":{"rendered":"<p>J\u00falia Corr\u00eaa Gomes\u00a0 Articula\u00e7\u00e3o do cuidado a crian\u00e7as e adolescentes usu\u00e1rias de drogas: estudo de caso em uma unidade de acolhimento\u00a0 Defesa em 2019. Bolsista FAPESP. &nbsp; L\u00edvia Sicaroni Rufato Significados atribu\u00eddos ao consumo de maconha por pessoas com diagn\u00f3stico de esquizofrenia. Defesa em 2016. Bolsista CAPES. &nbsp; &nbsp; &nbsp; &nbsp; &nbsp; &nbsp; &nbsp; &nbsp; &hellip; <\/p>\n<p class=\"link-more\"><a href=\"https:\/\/sites.usp.br\/lepsis\/mestrado\/\" class=\"more-link\">Continue lendo<span class=\"screen-reader-text\"> &#8220;Mestrado&#8221;<\/span><\/a><\/p>\n","protected":false},"author":187,"featured_media":0,"parent":0,"menu_order":0,"comment_status":"closed","ping_status":"closed","template":"","meta":{"footnotes":"","_links_to":"","_links_to_target":""},"class_list":["post-694","page","type-page","status-publish","hentry"],"_links":{"self":[{"href":"https:\/\/sites.usp.br\/lepsis\/wp-json\/wp\/v2\/pages\/694","targetHints":{"allow":["GET"]}}],"collection":[{"href":"https:\/\/sites.usp.br\/lepsis\/wp-json\/wp\/v2\/pages"}],"about":[{"href":"https:\/\/sites.usp.br\/lepsis\/wp-json\/wp\/v2\/types\/page"}],"author":[{"embeddable":true,"href":"https:\/\/sites.usp.br\/lepsis\/wp-json\/wp\/v2\/users\/187"}],"replies":[{"embeddable":true,"href":"https:\/\/sites.usp.br\/lepsis\/wp-json\/wp\/v2\/comments?post=694"}],"version-history":[{"count":5,"href":"https:\/\/sites.usp.br\/lepsis\/wp-json\/wp\/v2\/pages\/694\/revisions"}],"predecessor-version":[{"id":2000,"href":"https:\/\/sites.usp.br\/lepsis\/wp-json\/wp\/v2\/pages\/694\/revisions\/2000"}],"wp:attachment":[{"href":"https:\/\/sites.usp.br\/lepsis\/wp-json\/wp\/v2\/media?parent=694"}],"curies":[{"name":"wp","href":"https:\/\/api.w.org\/{rel}","templated":true}]}}