{"id":700,"date":"2016-09-06T09:44:11","date_gmt":"2016-09-06T11:44:11","guid":{"rendered":"http:\/\/sites.usp.br\/lepsis\/?page_id=700"},"modified":"2020-03-10T11:51:17","modified_gmt":"2020-03-10T13:51:17","slug":"monografias","status":"publish","type":"page","link":"https:\/\/sites.usp.br\/lepsis\/monografias\/","title":{"rendered":"Monografias"},"content":{"rendered":"<p><strong>Gabriel Oliveira Marrafon\u00a0<\/strong><\/p>\n<p><a href=\"https:\/\/sites.usp.br\/lepsis\/wp-content\/uploads\/sites\/107\/2020\/03\/cd4925df-23c7-437c-9f6d-205b89b34b62.jpg\"><img loading=\"lazy\" decoding=\"async\" class=\"alignnone size-medium wp-image-1765\" src=\"https:\/\/sites.usp.br\/lepsis\/wp-content\/uploads\/sites\/107\/2020\/03\/cd4925df-23c7-437c-9f6d-205b89b34b62-300x225.jpg\" alt=\"\" width=\"300\" height=\"225\" srcset=\"https:\/\/sites.usp.br\/lepsis\/wp-content\/uploads\/sites\/107\/2020\/03\/cd4925df-23c7-437c-9f6d-205b89b34b62-300x225.jpg 300w, https:\/\/sites.usp.br\/lepsis\/wp-content\/uploads\/sites\/107\/2020\/03\/cd4925df-23c7-437c-9f6d-205b89b34b62-768x576.jpg 768w, https:\/\/sites.usp.br\/lepsis\/wp-content\/uploads\/sites\/107\/2020\/03\/cd4925df-23c7-437c-9f6d-205b89b34b62-80x60.jpg 80w, https:\/\/sites.usp.br\/lepsis\/wp-content\/uploads\/sites\/107\/2020\/03\/cd4925df-23c7-437c-9f6d-205b89b34b62-400x300.jpg 400w, https:\/\/sites.usp.br\/lepsis\/wp-content\/uploads\/sites\/107\/2020\/03\/cd4925df-23c7-437c-9f6d-205b89b34b62.jpg 1024w\" sizes=\"auto, (max-width: 300px) 100vw, 300px\" \/><\/a><\/p>\n<p><a href=\"https:\/\/sites.usp.br\/lepsis\/wp-content\/uploads\/sites\/107\/2020\/03\/0eaf1bb5-b64a-4ea5-845a-1934e84e0149.jpg\"><img loading=\"lazy\" decoding=\"async\" class=\"alignnone size-medium wp-image-1764\" src=\"https:\/\/sites.usp.br\/lepsis\/wp-content\/uploads\/sites\/107\/2020\/03\/0eaf1bb5-b64a-4ea5-845a-1934e84e0149-300x225.jpg\" alt=\"\" width=\"300\" height=\"225\" srcset=\"https:\/\/sites.usp.br\/lepsis\/wp-content\/uploads\/sites\/107\/2020\/03\/0eaf1bb5-b64a-4ea5-845a-1934e84e0149-300x225.jpg 300w, https:\/\/sites.usp.br\/lepsis\/wp-content\/uploads\/sites\/107\/2020\/03\/0eaf1bb5-b64a-4ea5-845a-1934e84e0149-768x576.jpg 768w, https:\/\/sites.usp.br\/lepsis\/wp-content\/uploads\/sites\/107\/2020\/03\/0eaf1bb5-b64a-4ea5-845a-1934e84e0149-80x60.jpg 80w, https:\/\/sites.usp.br\/lepsis\/wp-content\/uploads\/sites\/107\/2020\/03\/0eaf1bb5-b64a-4ea5-845a-1934e84e0149-400x300.jpg 400w, https:\/\/sites.usp.br\/lepsis\/wp-content\/uploads\/sites\/107\/2020\/03\/0eaf1bb5-b64a-4ea5-845a-1934e84e0149.jpg 1024w\" sizes=\"auto, (max-width: 300px) 100vw, 300px\" \/><\/a>\u00a0<a href=\"https:\/\/sites.usp.br\/lepsis\/wp-content\/uploads\/sites\/107\/2020\/03\/d50be4ef-0adb-4e88-956d-486dc9acf7d0.jpg\"><img loading=\"lazy\" decoding=\"async\" class=\"alignnone size-medium wp-image-1766\" src=\"https:\/\/sites.usp.br\/lepsis\/wp-content\/uploads\/sites\/107\/2020\/03\/d50be4ef-0adb-4e88-956d-486dc9acf7d0-300x225.jpg\" alt=\"\" width=\"300\" height=\"225\" srcset=\"https:\/\/sites.usp.br\/lepsis\/wp-content\/uploads\/sites\/107\/2020\/03\/d50be4ef-0adb-4e88-956d-486dc9acf7d0-300x225.jpg 300w, https:\/\/sites.usp.br\/lepsis\/wp-content\/uploads\/sites\/107\/2020\/03\/d50be4ef-0adb-4e88-956d-486dc9acf7d0-768x576.jpg 768w, https:\/\/sites.usp.br\/lepsis\/wp-content\/uploads\/sites\/107\/2020\/03\/d50be4ef-0adb-4e88-956d-486dc9acf7d0-80x60.jpg 80w, https:\/\/sites.usp.br\/lepsis\/wp-content\/uploads\/sites\/107\/2020\/03\/d50be4ef-0adb-4e88-956d-486dc9acf7d0-400x300.jpg 400w, https:\/\/sites.usp.br\/lepsis\/wp-content\/uploads\/sites\/107\/2020\/03\/d50be4ef-0adb-4e88-956d-486dc9acf7d0.jpg 1024w\" sizes=\"auto, (max-width: 300px) 100vw, 300px\" \/><\/a><\/p>\n<p>&nbsp;<\/p>\n<p><strong>Jo\u00e3o Diogo Filippini Fernandes<\/strong><\/p>\n<p><em>\u201cConsumo n\u00e3o prescrito de subst\u00e2ncias psicoativas entre pessoas com diagn\u00f3stico de ansiedade.\u201d<\/em><\/p>\n<p>Defesa em 2016. Bolsista PIBIC\/CNPQ<\/p>\n<p><a href=\"http:\/\/sites.usp.br\/lepsis\/wp-content\/uploads\/sites\/107\/2016\/09\/13516511_10155029437709126_6046840160938013690_n.jpg\"><img loading=\"lazy\" decoding=\"async\" class=\"alignleft size-thumbnail wp-image-749\" src=\"http:\/\/sites.usp.br\/lepsis\/wp-content\/uploads\/sites\/107\/2016\/09\/13516511_10155029437709126_6046840160938013690_n-150x150.jpg\" alt=\"13516511_10155029437709126_6046840160938013690_n\" width=\"150\" height=\"150\" srcset=\"https:\/\/sites.usp.br\/lepsis\/wp-content\/uploads\/sites\/107\/2016\/09\/13516511_10155029437709126_6046840160938013690_n-150x150.jpg 150w, https:\/\/sites.usp.br\/lepsis\/wp-content\/uploads\/sites\/107\/2016\/09\/13516511_10155029437709126_6046840160938013690_n-45x45.jpg 45w, https:\/\/sites.usp.br\/lepsis\/wp-content\/uploads\/sites\/107\/2016\/09\/13516511_10155029437709126_6046840160938013690_n-200x200.jpg 200w\" sizes=\"auto, (max-width: 150px) 100vw, 150px\" \/><\/a> <img loading=\"lazy\" decoding=\"async\" class=\"alignleft size-thumbnail wp-image-750\" src=\"http:\/\/sites.usp.br\/lepsis\/wp-content\/uploads\/sites\/107\/2016\/09\/13537648_10155029437724126_2812138615473422986_n-150x150.jpg\" alt=\"13537648_10155029437724126_2812138615473422986_n\" width=\"150\" height=\"150\" srcset=\"https:\/\/sites.usp.br\/lepsis\/wp-content\/uploads\/sites\/107\/2016\/09\/13537648_10155029437724126_2812138615473422986_n-150x150.jpg 150w, https:\/\/sites.usp.br\/lepsis\/wp-content\/uploads\/sites\/107\/2016\/09\/13537648_10155029437724126_2812138615473422986_n-45x45.jpg 45w, https:\/\/sites.usp.br\/lepsis\/wp-content\/uploads\/sites\/107\/2016\/09\/13537648_10155029437724126_2812138615473422986_n-200x200.jpg 200w\" sizes=\"auto, (max-width: 150px) 100vw, 150px\" \/><\/p>\n<p>&nbsp;<\/p>\n<p>&nbsp;<\/p>\n<p>&nbsp;<\/p>\n<p>&nbsp;<\/p>\n<div class=\"layout-cell-pad-5\">\n<div class=\"layout-cell layout-cell-1 text-align-right\">\n<div class=\"layout-cell layout-cell-11\">\n<div class=\"layout-cell-pad-5\"><strong>Julia Corr\u00eaa Gomes<\/strong><\/div>\n<\/div>\n<div class=\"layout-cell-pad-5\"><\/div>\n<div class=\"layout-cell-pad-5\"><\/div>\n<div class=\"layout-cell-pad-5\"><em> &#8220;Demanda de atendimentos para crian\u00e7as e adolescentes em um Centro de Aten\u00e7\u00e3o Psicossocial Infantil (CAPS-I) do interior de S\u00e3o Paulo&#8221;<\/em><\/div>\n<div class=\"layout-cell-pad-5\"><\/div>\n<div class=\"layout-cell-pad-5\"><\/div>\n<div class=\"layout-cell-pad-5\">\u00a0Defesa em 2015. Bolsista FAPESP.<\/div>\n<div class=\"layout-cell-pad-5\"><\/div>\n<\/div>\n<div class=\"layout-cell-pad-5\"><a href=\"http:\/\/sites.usp.br\/lepsis\/wp-content\/uploads\/sites\/107\/2016\/09\/12615224_10153857682354289_5095041320190032866_o.jpg\"><img loading=\"lazy\" decoding=\"async\" class=\"alignleft size-thumbnail wp-image-740\" src=\"http:\/\/sites.usp.br\/lepsis\/wp-content\/uploads\/sites\/107\/2016\/09\/12615224_10153857682354289_5095041320190032866_o-150x150.jpg\" alt=\"12615224_10153857682354289_5095041320190032866_o\" width=\"150\" height=\"150\" srcset=\"https:\/\/sites.usp.br\/lepsis\/wp-content\/uploads\/sites\/107\/2016\/09\/12615224_10153857682354289_5095041320190032866_o-150x150.jpg 150w, https:\/\/sites.usp.br\/lepsis\/wp-content\/uploads\/sites\/107\/2016\/09\/12615224_10153857682354289_5095041320190032866_o-45x45.jpg 45w, https:\/\/sites.usp.br\/lepsis\/wp-content\/uploads\/sites\/107\/2016\/09\/12615224_10153857682354289_5095041320190032866_o-200x200.jpg 200w\" sizes=\"auto, (max-width: 150px) 100vw, 150px\" \/><\/a> <img loading=\"lazy\" decoding=\"async\" class=\"alignleft size-thumbnail wp-image-739\" src=\"http:\/\/sites.usp.br\/lepsis\/wp-content\/uploads\/sites\/107\/2016\/09\/12605307_10153857681944289_4993713333972568392_o-150x150.jpg\" alt=\"12605307_10153857681944289_4993713333972568392_o\" width=\"150\" height=\"150\" srcset=\"https:\/\/sites.usp.br\/lepsis\/wp-content\/uploads\/sites\/107\/2016\/09\/12605307_10153857681944289_4993713333972568392_o-150x150.jpg 150w, https:\/\/sites.usp.br\/lepsis\/wp-content\/uploads\/sites\/107\/2016\/09\/12605307_10153857681944289_4993713333972568392_o-45x45.jpg 45w, https:\/\/sites.usp.br\/lepsis\/wp-content\/uploads\/sites\/107\/2016\/09\/12605307_10153857681944289_4993713333972568392_o-200x200.jpg 200w\" sizes=\"auto, (max-width: 150px) 100vw, 150px\" \/><\/div>\n<\/div>\n<div class=\"layout-cell-pad-5\"><\/div>\n<div class=\"layout-cell-pad-5\"><\/div>\n<div class=\"layout-cell-pad-5\"><\/div>\n<div class=\"layout-cell-pad-5\"><\/div>\n<div class=\"layout-cell-pad-5\"><\/div>\n<div class=\"layout-cell-pad-5\"><\/div>\n<div class=\"layout-cell-pad-5\"><\/div>\n<div class=\"layout-cell-pad-5\"><\/div>\n<p>&nbsp;<\/p>\n<p>&nbsp;<\/p>\n<p>&nbsp;<\/p>\n<p>&nbsp;<\/p>\n<p><strong>Mayara Rodrigues Contin<\/strong><\/p>\n<p><em> &#8220;Identifica\u00e7\u00e3o do consumo de subst\u00e2ncias psicoativas entre pacientes com diagn\u00f3stico de esquizofrenia&#8221;<\/em><\/p>\n<p>Defesa em 2015. Bolsista RUSP.<\/p>\n<p><img loading=\"lazy\" decoding=\"async\" class=\"alignleft size-thumbnail wp-image-737\" src=\"http:\/\/sites.usp.br\/lepsis\/wp-content\/uploads\/sites\/107\/2016\/09\/12553020_962814763792665_6440142160096600795_n-150x150.jpg\" alt=\"12553020_962814763792665_6440142160096600795_n\" width=\"150\" height=\"150\" srcset=\"https:\/\/sites.usp.br\/lepsis\/wp-content\/uploads\/sites\/107\/2016\/09\/12553020_962814763792665_6440142160096600795_n-150x150.jpg 150w, https:\/\/sites.usp.br\/lepsis\/wp-content\/uploads\/sites\/107\/2016\/09\/12553020_962814763792665_6440142160096600795_n-300x300.jpg 300w, https:\/\/sites.usp.br\/lepsis\/wp-content\/uploads\/sites\/107\/2016\/09\/12553020_962814763792665_6440142160096600795_n-45x45.jpg 45w, https:\/\/sites.usp.br\/lepsis\/wp-content\/uploads\/sites\/107\/2016\/09\/12553020_962814763792665_6440142160096600795_n-200x200.jpg 200w, https:\/\/sites.usp.br\/lepsis\/wp-content\/uploads\/sites\/107\/2016\/09\/12553020_962814763792665_6440142160096600795_n-400x400.jpg 400w, https:\/\/sites.usp.br\/lepsis\/wp-content\/uploads\/sites\/107\/2016\/09\/12553020_962814763792665_6440142160096600795_n.jpg 960w\" sizes=\"auto, (max-width: 150px) 100vw, 150px\" \/><\/p>\n<p>&nbsp;<\/p>\n<p>&nbsp;<\/p>\n<p>&nbsp;<\/p>\n<p>&nbsp;<\/p>\n<p>&nbsp;<\/p>\n<p><strong>Carolina Magro de Santana Braga<\/strong><\/p>\n<p><em>&#8220;Consumo de drogas, rede e apoio social entre pacientes psiqui\u00e1tricos&#8221;<\/em><\/p>\n<p>Defesa em 2013. Bolsista FAPESP.<\/p>\n<p><img loading=\"lazy\" decoding=\"async\" class=\"alignleft size-thumbnail wp-image-703\" src=\"http:\/\/sites.usp.br\/lepsis\/wp-content\/uploads\/sites\/107\/2016\/09\/carol-150x150.jpg\" alt=\"carol\" width=\"150\" height=\"150\" srcset=\"https:\/\/sites.usp.br\/lepsis\/wp-content\/uploads\/sites\/107\/2016\/09\/carol-150x150.jpg 150w, https:\/\/sites.usp.br\/lepsis\/wp-content\/uploads\/sites\/107\/2016\/09\/carol-45x45.jpg 45w, https:\/\/sites.usp.br\/lepsis\/wp-content\/uploads\/sites\/107\/2016\/09\/carol-200x200.jpg 200w\" sizes=\"auto, (max-width: 150px) 100vw, 150px\" \/> <a href=\"http:\/\/sites.usp.br\/lepsis\/wp-content\/uploads\/sites\/107\/2016\/09\/carol1.jpg\"><img loading=\"lazy\" decoding=\"async\" class=\"alignleft size-thumbnail wp-image-704\" src=\"http:\/\/sites.usp.br\/lepsis\/wp-content\/uploads\/sites\/107\/2016\/09\/carol1-150x150.jpg\" alt=\"carol1\" width=\"150\" height=\"150\" srcset=\"https:\/\/sites.usp.br\/lepsis\/wp-content\/uploads\/sites\/107\/2016\/09\/carol1-150x150.jpg 150w, https:\/\/sites.usp.br\/lepsis\/wp-content\/uploads\/sites\/107\/2016\/09\/carol1-45x45.jpg 45w, https:\/\/sites.usp.br\/lepsis\/wp-content\/uploads\/sites\/107\/2016\/09\/carol1-200x200.jpg 200w\" sizes=\"auto, (max-width: 150px) 100vw, 150px\" \/><\/a> <a href=\"http:\/\/sites.usp.br\/lepsis\/wp-content\/uploads\/sites\/107\/2016\/09\/carol2.jpg\"><img loading=\"lazy\" decoding=\"async\" class=\"alignleft size-thumbnail wp-image-705\" src=\"http:\/\/sites.usp.br\/lepsis\/wp-content\/uploads\/sites\/107\/2016\/09\/carol2-150x150.jpg\" alt=\"carol2\" width=\"150\" height=\"150\" srcset=\"https:\/\/sites.usp.br\/lepsis\/wp-content\/uploads\/sites\/107\/2016\/09\/carol2-150x150.jpg 150w, https:\/\/sites.usp.br\/lepsis\/wp-content\/uploads\/sites\/107\/2016\/09\/carol2-45x45.jpg 45w, https:\/\/sites.usp.br\/lepsis\/wp-content\/uploads\/sites\/107\/2016\/09\/carol2-200x200.jpg 200w\" sizes=\"auto, (max-width: 150px) 100vw, 150px\" \/><\/a> <a href=\"http:\/\/sites.usp.br\/lepsis\/wp-content\/uploads\/sites\/107\/2016\/09\/carol3.jpg\"><img loading=\"lazy\" decoding=\"async\" class=\"alignleft size-thumbnail wp-image-706\" src=\"http:\/\/sites.usp.br\/lepsis\/wp-content\/uploads\/sites\/107\/2016\/09\/carol3-150x150.jpg\" alt=\"carol3\" width=\"150\" height=\"150\" srcset=\"https:\/\/sites.usp.br\/lepsis\/wp-content\/uploads\/sites\/107\/2016\/09\/carol3-150x150.jpg 150w, https:\/\/sites.usp.br\/lepsis\/wp-content\/uploads\/sites\/107\/2016\/09\/carol3-45x45.jpg 45w, https:\/\/sites.usp.br\/lepsis\/wp-content\/uploads\/sites\/107\/2016\/09\/carol3-200x200.jpg 200w\" sizes=\"auto, (max-width: 150px) 100vw, 150px\" \/><\/a> <a href=\"http:\/\/sites.usp.br\/lepsis\/wp-content\/uploads\/sites\/107\/2016\/09\/carol4.jpg\"><img loading=\"lazy\" decoding=\"async\" class=\"alignleft size-thumbnail wp-image-707\" src=\"http:\/\/sites.usp.br\/lepsis\/wp-content\/uploads\/sites\/107\/2016\/09\/carol4-150x150.jpg\" alt=\"carol4\" width=\"150\" height=\"150\" srcset=\"https:\/\/sites.usp.br\/lepsis\/wp-content\/uploads\/sites\/107\/2016\/09\/carol4-150x150.jpg 150w, https:\/\/sites.usp.br\/lepsis\/wp-content\/uploads\/sites\/107\/2016\/09\/carol4-45x45.jpg 45w, https:\/\/sites.usp.br\/lepsis\/wp-content\/uploads\/sites\/107\/2016\/09\/carol4-200x200.jpg 200w\" sizes=\"auto, (max-width: 150px) 100vw, 150px\" \/><\/a> <a href=\"http:\/\/sites.usp.br\/lepsis\/wp-content\/uploads\/sites\/107\/2016\/09\/carol5.jpg\"><img loading=\"lazy\" decoding=\"async\" class=\"alignleft size-thumbnail wp-image-708\" src=\"http:\/\/sites.usp.br\/lepsis\/wp-content\/uploads\/sites\/107\/2016\/09\/carol5-150x150.jpg\" alt=\"carol5\" width=\"150\" height=\"150\" srcset=\"https:\/\/sites.usp.br\/lepsis\/wp-content\/uploads\/sites\/107\/2016\/09\/carol5-150x150.jpg 150w, https:\/\/sites.usp.br\/lepsis\/wp-content\/uploads\/sites\/107\/2016\/09\/carol5-45x45.jpg 45w, https:\/\/sites.usp.br\/lepsis\/wp-content\/uploads\/sites\/107\/2016\/09\/carol5-200x200.jpg 200w\" sizes=\"auto, (max-width: 150px) 100vw, 150px\" \/><\/a> <a href=\"http:\/\/sites.usp.br\/lepsis\/wp-content\/uploads\/sites\/107\/2016\/09\/carol6.jpg\"><img loading=\"lazy\" decoding=\"async\" class=\"alignleft size-thumbnail wp-image-709\" src=\"http:\/\/sites.usp.br\/lepsis\/wp-content\/uploads\/sites\/107\/2016\/09\/carol6-150x150.jpg\" alt=\"carol6\" width=\"150\" height=\"150\" srcset=\"https:\/\/sites.usp.br\/lepsis\/wp-content\/uploads\/sites\/107\/2016\/09\/carol6-150x150.jpg 150w, https:\/\/sites.usp.br\/lepsis\/wp-content\/uploads\/sites\/107\/2016\/09\/carol6-45x45.jpg 45w, https:\/\/sites.usp.br\/lepsis\/wp-content\/uploads\/sites\/107\/2016\/09\/carol6-200x200.jpg 200w\" sizes=\"auto, (max-width: 150px) 100vw, 150px\" \/><\/a><\/p>\n","protected":false},"excerpt":{"rendered":"<p>Gabriel Oliveira Marrafon\u00a0 \u00a0 &nbsp; Jo\u00e3o Diogo Filippini Fernandes \u201cConsumo n\u00e3o prescrito de subst\u00e2ncias psicoativas entre pessoas com diagn\u00f3stico de ansiedade.\u201d Defesa em 2016. Bolsista PIBIC\/CNPQ &nbsp; &nbsp; &nbsp; &nbsp; Julia Corr\u00eaa Gomes &#8220;Demanda de atendimentos para crian\u00e7as e adolescentes em um Centro de Aten\u00e7\u00e3o Psicossocial Infantil (CAPS-I) do interior de S\u00e3o Paulo&#8221; \u00a0Defesa em &hellip; <\/p>\n<p class=\"link-more\"><a href=\"https:\/\/sites.usp.br\/lepsis\/monografias\/\" class=\"more-link\">Continue lendo<span class=\"screen-reader-text\"> &#8220;Monografias&#8221;<\/span><\/a><\/p>\n","protected":false},"author":187,"featured_media":0,"parent":0,"menu_order":0,"comment_status":"closed","ping_status":"closed","template":"","meta":{"footnotes":"","_links_to":"","_links_to_target":""},"class_list":["post-700","page","type-page","status-publish","hentry"],"_links":{"self":[{"href":"https:\/\/sites.usp.br\/lepsis\/wp-json\/wp\/v2\/pages\/700","targetHints":{"allow":["GET"]}}],"collection":[{"href":"https:\/\/sites.usp.br\/lepsis\/wp-json\/wp\/v2\/pages"}],"about":[{"href":"https:\/\/sites.usp.br\/lepsis\/wp-json\/wp\/v2\/types\/page"}],"author":[{"embeddable":true,"href":"https:\/\/sites.usp.br\/lepsis\/wp-json\/wp\/v2\/users\/187"}],"replies":[{"embeddable":true,"href":"https:\/\/sites.usp.br\/lepsis\/wp-json\/wp\/v2\/comments?post=700"}],"version-history":[{"count":5,"href":"https:\/\/sites.usp.br\/lepsis\/wp-json\/wp\/v2\/pages\/700\/revisions"}],"predecessor-version":[{"id":1768,"href":"https:\/\/sites.usp.br\/lepsis\/wp-json\/wp\/v2\/pages\/700\/revisions\/1768"}],"wp:attachment":[{"href":"https:\/\/sites.usp.br\/lepsis\/wp-json\/wp\/v2\/media?parent=700"}],"curies":[{"name":"wp","href":"https:\/\/api.w.org\/{rel}","templated":true}]}}