{"id":788,"date":"2016-09-06T10:16:09","date_gmt":"2016-09-06T12:16:09","guid":{"rendered":"http:\/\/sites.usp.br\/lepsis\/?page_id=788"},"modified":"2016-09-06T10:34:51","modified_gmt":"2016-09-06T12:34:51","slug":"2013-2","status":"publish","type":"page","link":"https:\/\/sites.usp.br\/lepsis\/2013-2\/","title":{"rendered":"2013"},"content":{"rendered":"<p>&nbsp;<\/p>\n<p><strong>Exposa\u00fade 2013 (Men\u00e7\u00e3o Honrosa)<\/strong><\/p>\n<p><em>Bruno Tarpani<\/em><\/p>\n<p>Ribeir\u00e3o Preto, SP.<\/p>\n<p><a href=\"http:\/\/sites.usp.br\/lepsis\/wp-content\/uploads\/sites\/107\/2016\/09\/exposaude.jpg\"><img loading=\"lazy\" decoding=\"async\" class=\"alignleft size-thumbnail wp-image-826\" src=\"http:\/\/sites.usp.br\/lepsis\/wp-content\/uploads\/sites\/107\/2016\/09\/exposaude-150x150.jpg\" alt=\"exposaude\" width=\"150\" height=\"150\" srcset=\"https:\/\/sites.usp.br\/lepsis\/wp-content\/uploads\/sites\/107\/2016\/09\/exposaude-150x150.jpg 150w, https:\/\/sites.usp.br\/lepsis\/wp-content\/uploads\/sites\/107\/2016\/09\/exposaude-45x45.jpg 45w, https:\/\/sites.usp.br\/lepsis\/wp-content\/uploads\/sites\/107\/2016\/09\/exposaude-200x200.jpg 200w\" sizes=\"auto, (max-width: 150px) 100vw, 150px\" \/><\/a><\/p>\n<p><img loading=\"lazy\" decoding=\"async\" class=\"alignleft size-thumbnail wp-image-823\" src=\"http:\/\/sites.usp.br\/lepsis\/wp-content\/uploads\/sites\/107\/2016\/09\/brunon-exposaude-150x150.jpg\" alt=\"brunon exposaude\" width=\"150\" height=\"150\" srcset=\"https:\/\/sites.usp.br\/lepsis\/wp-content\/uploads\/sites\/107\/2016\/09\/brunon-exposaude-150x150.jpg 150w, https:\/\/sites.usp.br\/lepsis\/wp-content\/uploads\/sites\/107\/2016\/09\/brunon-exposaude-45x45.jpg 45w, https:\/\/sites.usp.br\/lepsis\/wp-content\/uploads\/sites\/107\/2016\/09\/brunon-exposaude-200x200.jpg 200w\" sizes=\"auto, (max-width: 150px) 100vw, 150px\" \/><\/p>\n<p>&nbsp;<\/p>\n<p>&nbsp;<\/p>\n<p>&nbsp;<\/p>\n<p>&nbsp;<\/p>\n<p>&nbsp;<\/p>\n<p><span id=\"fbPhotoSnowliftCaption\" class=\"fbPhotosPhotoCaption\"><span class=\"hasCaption\"><strong>3\u00ba Simp\u00f3sio Aprender com Cultura e Extens\u00e3o-\u00a0 Projeto fotogr\u00e1fico Territ\u00f3rios no CAPS II<\/strong><br \/>\n<\/span><\/span><\/p>\n<p><em>Bruno Tarpani.<\/em><\/p>\n<p>Ribeir\u00e3o Preto, SP.<\/p>\n<p>&nbsp;<\/p>\n<p><img loading=\"lazy\" decoding=\"async\" class=\"alignleft size-thumbnail wp-image-815\" src=\"http:\/\/sites.usp.br\/lepsis\/wp-content\/uploads\/sites\/107\/2016\/09\/bruno-150x150.jpg\" alt=\"bruno\" width=\"150\" height=\"150\" srcset=\"https:\/\/sites.usp.br\/lepsis\/wp-content\/uploads\/sites\/107\/2016\/09\/bruno-150x150.jpg 150w, https:\/\/sites.usp.br\/lepsis\/wp-content\/uploads\/sites\/107\/2016\/09\/bruno-45x45.jpg 45w, https:\/\/sites.usp.br\/lepsis\/wp-content\/uploads\/sites\/107\/2016\/09\/bruno-200x200.jpg 200w\" sizes=\"auto, (max-width: 150px) 100vw, 150px\" \/><\/p>\n<p>&nbsp;<\/p>\n<p>&nbsp;<\/p>\n<p>&nbsp;<\/p>\n<p>&nbsp;<\/p>\n<p>&nbsp;<\/p>\n<p><strong>Entretantos<\/strong><\/p>\n<p><em>Clarissa Corradi-Webster.<\/em><\/p>\n<p>Ribeir\u00e3o Preto, SP.<\/p>\n<p><img loading=\"lazy\" decoding=\"async\" class=\"alignleft size-thumbnail wp-image-812\" src=\"http:\/\/sites.usp.br\/lepsis\/wp-content\/uploads\/sites\/107\/2016\/09\/entretanto-150x150.jpg\" alt=\"entretanto\" width=\"150\" height=\"150\" srcset=\"https:\/\/sites.usp.br\/lepsis\/wp-content\/uploads\/sites\/107\/2016\/09\/entretanto-150x150.jpg 150w, https:\/\/sites.usp.br\/lepsis\/wp-content\/uploads\/sites\/107\/2016\/09\/entretanto-45x45.jpg 45w, https:\/\/sites.usp.br\/lepsis\/wp-content\/uploads\/sites\/107\/2016\/09\/entretanto-200x200.jpg 200w\" sizes=\"auto, (max-width: 150px) 100vw, 150px\" \/><\/p>\n<p>&nbsp;<\/p>\n<p>&nbsp;<\/p>\n<p>&nbsp;<\/p>\n<p>&nbsp;<\/p>\n<p>&nbsp;<\/p>\n<p>&nbsp;<\/p>\n<p><span id=\"fbPhotoSnowliftCaption\" class=\"fbPhotosPhotoCaption\"><span class=\"hasCaption\"><strong>World Mental Health Congress \u201cSocial Inclusion through Interdisciplinary Interventions\u201d<\/strong><\/span><\/span><\/p>\n<p><span id=\"fbPhotoSnowliftCaption\" class=\"fbPhotosPhotoCaption\"><span class=\"hasCaption\"><em> Carolina M. S. Braga.<\/em> <\/span><\/span><\/p>\n<p><span id=\"fbPhotoSnowliftCaption\" class=\"fbPhotosPhotoCaption\"><span class=\"hasCaption\">Buenos Aires, Argentina<\/span><\/span><\/p>\n<p><img loading=\"lazy\" decoding=\"async\" class=\"alignleft size-thumbnail wp-image-800\" src=\"http:\/\/sites.usp.br\/lepsis\/wp-content\/uploads\/sites\/107\/2016\/09\/carole-e-thais-150x150.jpg\" alt=\"carole e thais\" width=\"150\" height=\"150\" srcset=\"https:\/\/sites.usp.br\/lepsis\/wp-content\/uploads\/sites\/107\/2016\/09\/carole-e-thais-150x150.jpg 150w, https:\/\/sites.usp.br\/lepsis\/wp-content\/uploads\/sites\/107\/2016\/09\/carole-e-thais-45x45.jpg 45w, https:\/\/sites.usp.br\/lepsis\/wp-content\/uploads\/sites\/107\/2016\/09\/carole-e-thais-200x200.jpg 200w\" sizes=\"auto, (max-width: 150px) 100vw, 150px\" \/><\/p>\n","protected":false},"excerpt":{"rendered":"<p>&nbsp; Exposa\u00fade 2013 (Men\u00e7\u00e3o Honrosa) Bruno Tarpani Ribeir\u00e3o Preto, SP. &nbsp; &nbsp; &nbsp; &nbsp; &nbsp; 3\u00ba Simp\u00f3sio Aprender com Cultura e Extens\u00e3o-\u00a0 Projeto fotogr\u00e1fico Territ\u00f3rios no CAPS II Bruno Tarpani. Ribeir\u00e3o Preto, SP. &nbsp; &nbsp; &nbsp; &nbsp; &nbsp; &nbsp; Entretantos Clarissa Corradi-Webster. Ribeir\u00e3o Preto, SP. &nbsp; &nbsp; &nbsp; &nbsp; &nbsp; &nbsp; World Mental Health Congress &hellip; <\/p>\n<p class=\"link-more\"><a href=\"https:\/\/sites.usp.br\/lepsis\/2013-2\/\" class=\"more-link\">Continue lendo<span class=\"screen-reader-text\"> &#8220;2013&#8221;<\/span><\/a><\/p>\n","protected":false},"author":187,"featured_media":0,"parent":0,"menu_order":0,"comment_status":"closed","ping_status":"closed","template":"","meta":{"footnotes":"","_links_to":"","_links_to_target":""},"class_list":["post-788","page","type-page","status-publish","hentry"],"_links":{"self":[{"href":"https:\/\/sites.usp.br\/lepsis\/wp-json\/wp\/v2\/pages\/788","targetHints":{"allow":["GET"]}}],"collection":[{"href":"https:\/\/sites.usp.br\/lepsis\/wp-json\/wp\/v2\/pages"}],"about":[{"href":"https:\/\/sites.usp.br\/lepsis\/wp-json\/wp\/v2\/types\/page"}],"author":[{"embeddable":true,"href":"https:\/\/sites.usp.br\/lepsis\/wp-json\/wp\/v2\/users\/187"}],"replies":[{"embeddable":true,"href":"https:\/\/sites.usp.br\/lepsis\/wp-json\/wp\/v2\/comments?post=788"}],"version-history":[{"count":6,"href":"https:\/\/sites.usp.br\/lepsis\/wp-json\/wp\/v2\/pages\/788\/revisions"}],"predecessor-version":[{"id":827,"href":"https:\/\/sites.usp.br\/lepsis\/wp-json\/wp\/v2\/pages\/788\/revisions\/827"}],"wp:attachment":[{"href":"https:\/\/sites.usp.br\/lepsis\/wp-json\/wp\/v2\/media?parent=788"}],"curies":[{"name":"wp","href":"https:\/\/api.w.org\/{rel}","templated":true}]}}