{"id":79,"date":"2014-02-24T16:51:20","date_gmt":"2014-02-24T18:51:20","guid":{"rendered":"http:\/\/sites.usp.br\/\u200blepsis\/?page_id=79"},"modified":"2020-04-05T21:37:25","modified_gmt":"2020-04-05T23:37:25","slug":"pagina-inicial","status":"publish","type":"page","link":"https:\/\/sites.usp.br\/lepsis\/","title":{"rendered":""},"content":{"rendered":"<h2 style=\"text-align: center;\">MATERIAL DE AJUDA PARA O CUIDADO DA POPULA\u00c7\u00c3O EM SITUA\u00c7\u00c3O DE RUA DURANTE A PANDEMIA DE COVID-19<\/h2>\n<p>&nbsp;<\/p>\n<p><a href=\"https:\/\/sites.usp.br\/lepsis\/wp-content\/uploads\/sites\/107\/2020\/04\/C%C3%B3pia-de-ABORDAGEM-DA-PESSOA-EM-SITUA%C3%87%C3%83O-DE-RUA-PARA-PREVEN%C3%87%C3%83O-DA-DISSEMINA%C3%87%C3%83O-DE-COVID-19-7-2-2.pdf\"><img loading=\"lazy\" decoding=\"async\" class=\"aligncenter wp-image-1843\" src=\"https:\/\/sites.usp.br\/lepsis\/wp-content\/uploads\/sites\/107\/2020\/04\/92363394_2333870596912078_4096216185434013696_n-300x300.jpg\" alt=\"Cartilha\" width=\"700\" height=\"700\" srcset=\"https:\/\/sites.usp.br\/lepsis\/wp-content\/uploads\/sites\/107\/2020\/04\/92363394_2333870596912078_4096216185434013696_n-300x300.jpg 300w, https:\/\/sites.usp.br\/lepsis\/wp-content\/uploads\/sites\/107\/2020\/04\/92363394_2333870596912078_4096216185434013696_n-150x150.jpg 150w, https:\/\/sites.usp.br\/lepsis\/wp-content\/uploads\/sites\/107\/2020\/04\/92363394_2333870596912078_4096216185434013696_n-768x768.jpg 768w, https:\/\/sites.usp.br\/lepsis\/wp-content\/uploads\/sites\/107\/2020\/04\/92363394_2333870596912078_4096216185434013696_n-45x45.jpg 45w, https:\/\/sites.usp.br\/lepsis\/wp-content\/uploads\/sites\/107\/2020\/04\/92363394_2333870596912078_4096216185434013696_n-200x200.jpg 200w, https:\/\/sites.usp.br\/lepsis\/wp-content\/uploads\/sites\/107\/2020\/04\/92363394_2333870596912078_4096216185434013696_n-400x400.jpg 400w, https:\/\/sites.usp.br\/lepsis\/wp-content\/uploads\/sites\/107\/2020\/04\/92363394_2333870596912078_4096216185434013696_n.jpg 945w\" sizes=\"auto, (max-width: 700px) 100vw, 700px\" \/><\/a><\/p>\n<p>&nbsp;<\/p>\n<p><a href=\"https:\/\/sites.usp.br\/lepsis\/wp-content\/uploads\/sites\/107\/2020\/04\/COVID19-ORIENTA%C3%87%C3%95ES-PARA-SERVI%C3%87OS-QUE-TRABALHAM-COM-PESSOAS-EM-SITUA%C3%87%C3%83O-DE-RUA-1-2.pdf\"><img loading=\"lazy\" decoding=\"async\" class=\"aligncenter wp-image-1845\" src=\"https:\/\/sites.usp.br\/lepsis\/wp-content\/uploads\/sites\/107\/2020\/04\/92330700_236379030843904_5144942861476691968_n-1-300x300.jpg\" alt=\"\" width=\"700\" height=\"700\" srcset=\"https:\/\/sites.usp.br\/lepsis\/wp-content\/uploads\/sites\/107\/2020\/04\/92330700_236379030843904_5144942861476691968_n-1-300x300.jpg 300w, https:\/\/sites.usp.br\/lepsis\/wp-content\/uploads\/sites\/107\/2020\/04\/92330700_236379030843904_5144942861476691968_n-1-150x150.jpg 150w, https:\/\/sites.usp.br\/lepsis\/wp-content\/uploads\/sites\/107\/2020\/04\/92330700_236379030843904_5144942861476691968_n-1-768x768.jpg 768w, https:\/\/sites.usp.br\/lepsis\/wp-content\/uploads\/sites\/107\/2020\/04\/92330700_236379030843904_5144942861476691968_n-1-45x45.jpg 45w, https:\/\/sites.usp.br\/lepsis\/wp-content\/uploads\/sites\/107\/2020\/04\/92330700_236379030843904_5144942861476691968_n-1-200x200.jpg 200w, https:\/\/sites.usp.br\/lepsis\/wp-content\/uploads\/sites\/107\/2020\/04\/92330700_236379030843904_5144942861476691968_n-1-400x400.jpg 400w, https:\/\/sites.usp.br\/lepsis\/wp-content\/uploads\/sites\/107\/2020\/04\/92330700_236379030843904_5144942861476691968_n-1.jpg 945w\" sizes=\"auto, (max-width: 700px) 100vw, 700px\" \/><\/a><\/p>\n","protected":false},"excerpt":{"rendered":"<p>MATERIAL DE AJUDA PARA O CUIDADO DA POPULA\u00c7\u00c3O EM SITUA\u00c7\u00c3O DE RUA DURANTE A PANDEMIA DE COVID-19 &nbsp; &nbsp;<\/p>\n","protected":false},"author":1,"featured_media":0,"parent":0,"menu_order":0,"comment_status":"closed","ping_status":"closed","template":"","meta":{"footnotes":"","_links_to":"","_links_to_target":""},"class_list":["post-79","page","type-page","status-publish","hentry"],"_links":{"self":[{"href":"https:\/\/sites.usp.br\/lepsis\/wp-json\/wp\/v2\/pages\/79","targetHints":{"allow":["GET"]}}],"collection":[{"href":"https:\/\/sites.usp.br\/lepsis\/wp-json\/wp\/v2\/pages"}],"about":[{"href":"https:\/\/sites.usp.br\/lepsis\/wp-json\/wp\/v2\/types\/page"}],"author":[{"embeddable":true,"href":"https:\/\/sites.usp.br\/lepsis\/wp-json\/wp\/v2\/users\/1"}],"replies":[{"embeddable":true,"href":"https:\/\/sites.usp.br\/lepsis\/wp-json\/wp\/v2\/comments?post=79"}],"version-history":[{"count":7,"href":"https:\/\/sites.usp.br\/lepsis\/wp-json\/wp\/v2\/pages\/79\/revisions"}],"predecessor-version":[{"id":99,"href":"https:\/\/sites.usp.br\/lepsis\/wp-json\/wp\/v2\/pages\/79\/revisions\/99"}],"wp:attachment":[{"href":"https:\/\/sites.usp.br\/lepsis\/wp-json\/wp\/v2\/media?parent=79"}],"curies":[{"name":"wp","href":"https:\/\/api.w.org\/{rel}","templated":true}]}}